{"id":1015,"date":"2021-10-27T12:14:03","date_gmt":"2021-10-27T12:14:03","guid":{"rendered":"http:\/\/bsmthemes.com\/electra\/?post_type=product&#038;p=1015"},"modified":"2023-05-06T03:34:19","modified_gmt":"2023-05-06T03:34:19","slug":"solar-module","status":"publish","type":"product","link":"https:\/\/solarbatterymanufacturer.com\/de\/amp-nova-12.8v-100ah-lead-acid-replacement-battery","title":{"rendered":"Amp Nova 12,8 V 100 Ah Blei-S\u00e4ure-Ersatzbatterie"},"content":{"rendered":"<div data-elementor-type=\"product-post\" data-elementor-id=\"1015\" class=\"elementor elementor-1015\">\n\t\t\t\t\t\t\t\t\t<section class=\"elementor-section elementor-top-section elementor-element elementor-element-5c873225 elementor-section-boxed elementor-section-height-default elementor-section-height-default\" data-id=\"5c873225\" data-element_type=\"section\">\n\t\t\t\t\t\t<div class=\"elementor-container elementor-column-gap-default\">\n\t\t\t\t\t<div class=\"elementor-column elementor-col-100 elementor-top-column elementor-element elementor-element-121529e3\" data-id=\"121529e3\" data-element_type=\"column\">\n\t\t\t<div class=\"elementor-widget-wrap elementor-element-populated\">\n\t\t\t\t\t\t\t\t<div class=\"elementor-element elementor-element-12fe4546 elementor-widget elementor-widget-text-editor\" data-id=\"12fe4546\" data-element_type=\"widget\" data-widget_type=\"text-editor.default\">\n\t\t\t\t<div class=\"elementor-widget-container\">\n\t\t\t<style>\/*! elementor - v3.12.1 - 02-04-2023 *\/\n.elementor-widget-text-editor.elementor-drop-cap-view-stacked .elementor-drop-cap{background-color:#69727d;color:#fff}.elementor-widget-text-editor.elementor-drop-cap-view-framed .elementor-drop-cap{color:#69727d;border:3px solid;background-color:transparent}.elementor-widget-text-editor:not(.elementor-drop-cap-view-default) .elementor-drop-cap{margin-top:8px}.elementor-widget-text-editor:not(.elementor-drop-cap-view-default) .elementor-drop-cap-letter{width:1em;height:1em}.elementor-widget-text-editor .elementor-drop-cap{float:left;text-align:center;line-height:1;font-size:50px}.elementor-widget-text-editor .elementor-drop-cap-letter{display:inline-block}<\/style>\t\t\t\t<h2>Beschreibungen:<\/h2><p>12V100Ah Lithium-Eisenphosphat (LFP)-Batteriemodule wurden von Amp Nova speziell f\u00fcr Mehrfachanwendungen entwickelt. Diese Batteriemodule haben ein ABS-Geh\u00e4usedesign und k\u00f6nnen rund um die Uhr verwendet werden. Batteriemodule verf\u00fcgen \u00fcber ein integriertes intelligentes BMS, das gro\u00dfe Vorteile hinsichtlich Sicherheit, Zyklenlebensdauer, Energiedichte und Temperaturbereich bietet.<\/p><h2>Merkmale:<\/h2><ul><li><p style=\"-webkit-font-smoothing: antialiased; --tw-border-spacing-x: 0; --tw-border-spacing-y: 0; --tw-translate-x: 0; --tw-translate-y: 0; --tw-rotate: 0; --tw-skew-x: 0; --tw-skew-y: 0; --tw-scale-x: 1; --tw-scale-y: 1; --tw-scroll-snap-strictness: proximity; --tw-ring-offset-width: 0px; --tw-ring-offset-color: #fff; --tw-ring-color: rgb(59 130 246 \/ 0.5); --tw-ring-offset-shadow: 0 0 #0000; --tw-ring-shadow: 0 0 #0000; --tw-shadow: 0 0 #0000; --tw-shadow-colored: 0 0 #0000; margin-top: 24px; color: #282828; font-family: 'Ridley Grotesk Medium'; font-size: 14px;\"><strong><span style=\"-webkit-font-smoothing: antialiased; --tw-border-spacing-x: 0; --tw-border-spacing-y: 0; --tw-translate-x: 0; --tw-translate-y: 0; --tw-rotate: 0; --tw-skew-x: 0; --tw-skew-y: 0; --tw-scale-x: 1; --tw-scale-y: 1; --tw-scroll-snap-strictness: proximity; --tw-ring-offset-width: 0px; --tw-ring-offset-color: #fff; --tw-ring-color: rgb(59 130 246 \/ 0.5); --tw-ring-offset-shadow: 0 0 #0000; --tw-ring-shadow: 0 0 #0000; --tw-shadow: 0 0 #0000; --tw-shadow-colored: 0 0 #0000;\" data-mce-fragment=\"1\">[Heizung bei niedriger Temperatur] <\/span><\/strong>Bei Anschluss an eine externe Stromversorgung k\u00f6nnen alle unsere Mehrzweckbatterien erw\u00e4rmt werden, um einen normalen Betrieb und das Laden bei Temperaturen von bis zu \u2013 zu gew\u00e4hrleisten.\u00a0<span style=\"-webkit-font-smoothing: antialiased; --tw-border-spacing-x: 0; --tw-border-spacing-y: 0; --tw-translate-x: 0; --tw-translate-y: 0; --tw-rotate: 0; --tw-skew-x: 0; --tw-skew-y: 0; --tw-scale-x: 1; --tw-scale-y: 1; --tw-scroll-snap-strictness: proximity; --tw-ring-offset-width: 0px; --tw-ring-offset-color: #fff; --tw-ring-color: rgb(59 130 246 \/ 0.5); --tw-ring-offset-shadow: 0 0 #0000; --tw-ring-shadow: 0 0 #0000; --tw-shadow: 0 0 #0000; --tw-shadow-colored: 0 0 #0000;\" data-mce-fragment=\"1\">20\u00b0C (-5\u00b0F)<\/span>.<\/p><p style=\"-webkit-font-smoothing: antialiased; --tw-border-spacing-x: 0; --tw-border-spacing-y: 0; --tw-translate-x: 0; --tw-translate-y: 0; --tw-rotate: 0; --tw-skew-x: 0; --tw-skew-y: 0; --tw-scale-x: 1; --tw-scale-y: 1; --tw-scroll-snap-strictness: proximity; --tw-ring-offset-width: 0px; --tw-ring-offset-color: #fff; --tw-ring-color: rgb(59 130 246 \/ 0.5); --tw-ring-offset-shadow: 0 0 #0000; --tw-ring-shadow: 0 0 #0000; --tw-shadow: 0 0 #0000; --tw-shadow-colored: 0 0 #0000; margin-top: 24px; color: #282828; font-family: 'Ridley Grotesk Medium'; font-size: 14px;\"><strong><span style=\"-webkit-font-smoothing: antialiased; --tw-border-spacing-x: 0; --tw-border-spacing-y: 0; --tw-translate-x: 0; --tw-translate-y: 0; --tw-rotate: 0; --tw-skew-x: 0; --tw-skew-y: 0; --tw-scale-x: 1; --tw-scale-y: 1; --tw-scroll-snap-strictness: proximity; --tw-ring-offset-width: 0px; --tw-ring-offset-color: #fff; --tw-ring-color: rgb(59 130 246 \/ 0.5); --tw-ring-offset-shadow: 0 0 #0000; --tw-ring-shadow: 0 0 #0000; --tw-shadow: 0 0 #0000; --tw-shadow-colored: 0 0 #0000;\" data-mce-fragment=\"1\">[Bluetooth]<\/span><\/strong>\u00a0Stellen Sie \u00fcber unsere mobile App \u00fcber Bluetooth eine Verbindung zu Ihrem Akku her, um den Ladestatus, die Temperatur und den Zustand Ihres Akkus kontinuierlich und in Echtzeit zu \u00fcberwachen.<\/p><p>\u00a0<\/p><p class=\"ace-line ace-line old-record-id-doxcnyygeqa2i20q84BXrkmJ9tb\" style=\"-webkit-font-smoothing: antialiased; --tw-border-spacing-x: 0; --tw-border-spacing-y: 0; --tw-translate-x: 0; --tw-translate-y: 0; --tw-rotate: 0; --tw-skew-x: 0; --tw-skew-y: 0; --tw-scale-x: 1; --tw-scale-y: 1; --tw-scroll-snap-strictness: proximity; --tw-ring-offset-width: 0px; --tw-ring-offset-color: #fff; --tw-ring-color: rgb(59 130 246 \/ 0.5); --tw-ring-offset-shadow: 0 0 #0000; --tw-ring-shadow: 0 0 #0000; --tw-shadow: 0 0 #0000; --tw-shadow-colored: 0 0 #0000;\" data-mce-fragment=\"1\"><strong><span style=\"-webkit-font-smoothing: antialiased; --tw-border-spacing-x: 0; --tw-border-spacing-y: 0; --tw-translate-x: 0; --tw-translate-y: 0; --tw-rotate: 0; --tw-skew-x: 0; --tw-skew-y: 0; --tw-scale-x: 1; --tw-scale-y: 1; --tw-scroll-snap-strictness: proximity; --tw-ring-offset-width: 0px; --tw-ring-offset-color: #fff; --tw-ring-color: rgb(59 130 246 \/ 0.5); --tw-ring-offset-shadow: 0 0 #0000; --tw-ring-shadow: 0 0 #0000; --tw-shadow: 0 0 #0000; --tw-shadow-colored: 0 0 #0000;\" data-mce-fragment=\"1\">[IP65]<\/span><\/strong>\u00a0<span style=\"-webkit-font-smoothing: antialiased; --tw-border-spacing-x: 0; --tw-border-spacing-y: 0; --tw-translate-x: 0; --tw-translate-y: 0; --tw-rotate: 0; --tw-skew-x: 0; --tw-skew-y: 0; --tw-scale-x: 1; --tw-scale-y: 1; --tw-scroll-snap-strictness: proximity; --tw-ring-offset-width: 0px; --tw-ring-offset-color: #fff; --tw-ring-color: rgb(59 130 246 \/ 0.5); --tw-ring-offset-shadow: 0 0 #0000; --tw-ring-shadow: 0 0 #0000; --tw-shadow: 0 0 #0000; --tw-shadow-colored: 0 0 #0000;\" data-mce-fragment=\"1\">Sorgen Sie bei Ihrem n\u00e4chsten Angel- oder Wassersportabenteuer f\u00fcr Sicherheit. Unsere Akkus sind vollst\u00e4ndig nach IP65 gegen Staub gesch\u00fctzt und bieten einen erheblichen Schutz gegen Spritz- und Spritzwasser, wodurch sie f\u00fcr nahezu jede Anwendung geeignet sind.<\/span><\/p><p class=\"ace-line ace-line old-record-id-doxcnyygeqa2i20q84BXrkmJ9tb\" style=\"-webkit-font-smoothing: antialiased; --tw-border-spacing-x: 0; --tw-border-spacing-y: 0; --tw-translate-x: 0; --tw-translate-y: 0; --tw-rotate: 0; --tw-skew-x: 0; --tw-skew-y: 0; --tw-scale-x: 1; --tw-scale-y: 1; --tw-scroll-snap-strictness: proximity; --tw-ring-offset-width: 0px; --tw-ring-offset-color: #fff; --tw-ring-color: rgb(59 130 246 \/ 0.5); --tw-ring-offset-shadow: 0 0 #0000; --tw-ring-shadow: 0 0 #0000; --tw-shadow: 0 0 #0000; --tw-shadow-colored: 0 0 #0000; margin-top: 24px;\" data-mce-fragment=\"1\"><span style=\"-webkit-font-smoothing: antialiased; --tw-border-spacing-x: 0; --tw-border-spacing-y: 0; --tw-translate-x: 0; --tw-translate-y: 0; --tw-rotate: 0; --tw-skew-x: 0; --tw-skew-y: 0; --tw-scale-x: 1; --tw-scale-y: 1; --tw-scroll-snap-strictness: proximity; --tw-ring-offset-width: 0px; --tw-ring-offset-color: #fff; --tw-ring-color: rgb(59 130 246 \/ 0.5); --tw-ring-offset-shadow: 0 0 #0000; --tw-ring-shadow: 0 0 #0000; --tw-shadow: 0 0 #0000; --tw-shadow-colored: 0 0 #0000;\" data-mce-fragment=\"1\"><strong><span style=\"-webkit-font-smoothing: antialiased; --tw-border-spacing-x: 0; --tw-border-spacing-y: 0; --tw-translate-x: 0; --tw-translate-y: 0; --tw-rotate: 0; --tw-skew-x: 0; --tw-skew-y: 0; --tw-scale-x: 1; --tw-scale-y: 1; --tw-scroll-snap-strictness: proximity; --tw-ring-offset-width: 0px; --tw-ring-offset-color: #fff; --tw-ring-color: rgb(59 130 246 \/ 0.5); --tw-ring-offset-shadow: 0 0 #0000; --tw-ring-shadow: 0 0 #0000; --tw-shadow: 0 0 #0000; --tw-shadow-colored: 0 0 #0000;\" data-mce-fragment=\"1\">[Abnehmbares Design]<\/span><\/strong> Das abnehmbare Design gew\u00e4hrleistet eine gute Wartbarkeit des Akkus und vermeidet Sch\u00e4den am Geh\u00e4use bei eventuellen Reparaturen. (F\u00fcr die Reparatur sind geschulte Ingenieure und professionelle Ausr\u00fcstung erforderlich. Eine nicht fachm\u00e4nnische Bedienung kann zu einer geringeren IP-Schutzart f\u00fchren, was letztendlich Auswirkungen auf Ihre Produktgarantie hat.)<\/span><\/p><p class=\"ace-line ace-line old-record-id-doxcn80cGMMqK4Kig0WiWDlgBDc\" style=\"-webkit-font-smoothing: antialiased; --tw-border-spacing-x: 0; --tw-border-spacing-y: 0; --tw-translate-x: 0; --tw-translate-y: 0; --tw-rotate: 0; --tw-skew-x: 0; --tw-skew-y: 0; --tw-scale-x: 1; --tw-scale-y: 1; --tw-scroll-snap-strictness: proximity; --tw-ring-offset-width: 0px; --tw-ring-offset-color: #fff; --tw-ring-color: rgb(59 130 246 \/ 0.5); --tw-ring-offset-shadow: 0 0 #0000; --tw-ring-shadow: 0 0 #0000; --tw-shadow: 0 0 #0000; --tw-shadow-colored: 0 0 #0000; margin-top: 24px;\" data-mce-fragment=\"1\"><strong><span style=\"-webkit-font-smoothing: antialiased; --tw-border-spacing-x: 0; --tw-border-spacing-y: 0; --tw-translate-x: 0; --tw-translate-y: 0; --tw-rotate: 0; --tw-skew-x: 0; --tw-skew-y: 0; --tw-scale-x: 1; --tw-scale-y: 1; --tw-scroll-snap-strictness: proximity; --tw-ring-offset-width: 0px; --tw-ring-offset-color: #fff; --tw-ring-color: rgb(59 130 246 \/ 0.5); --tw-ring-offset-shadow: 0 0 #0000; --tw-ring-shadow: 0 0 #0000; --tw-shadow: 0 0 #0000; --tw-shadow-colored: 0 0 #0000;\">[Zuverl\u00e4ssiges BMS]<\/span><\/strong>\u00a0Unser intelligentes BMS (Batteriemanagementsystem) sorgt f\u00fcr einen permanenten Kurzschluss- und \u00dcber-\/Unterspannungsschutz sowie eine Temperatur\u00fcberwachung.<\/p><p class=\"ace-line ace-line old-record-id-doxcn80cGMMqK4Kig0WiWDlgBDc\" style=\"-webkit-font-smoothing: antialiased; --tw-border-spacing-x: 0; --tw-border-spacing-y: 0; --tw-translate-x: 0; --tw-translate-y: 0; --tw-rotate: 0; --tw-skew-x: 0; --tw-skew-y: 0; --tw-scale-x: 1; --tw-scale-y: 1; --tw-scroll-snap-strictness: proximity; --tw-ring-offset-width: 0px; --tw-ring-offset-color: #fff; --tw-ring-color: rgb(59 130 246 \/ 0.5); --tw-ring-offset-shadow: 0 0 #0000; --tw-ring-shadow: 0 0 #0000; --tw-shadow: 0 0 #0000; --tw-shadow-colored: 0 0 #0000; margin-top: 24px; margin-bottom: 0px !important;\" data-mce-fragment=\"1\"><strong><span style=\"-webkit-font-smoothing: antialiased; --tw-border-spacing-x: 0; --tw-border-spacing-y: 0; --tw-translate-x: 0; --tw-translate-y: 0; --tw-rotate: 0; --tw-skew-x: 0; --tw-skew-y: 0; --tw-scale-x: 1; --tw-scale-y: 1; --tw-scroll-snap-strictness: proximity; --tw-ring-offset-width: 0px; --tw-ring-offset-color: #fff; --tw-ring-color: rgb(59 130 246 \/ 0.5); --tw-ring-offset-shadow: 0 0 #0000; --tw-ring-shadow: 0 0 #0000; --tw-shadow: 0 0 #0000; --tw-shadow-colored: 0 0 #0000;\">[Intelligentes Ausbalancieren]<\/span><\/strong>\u00a0Unsere integrierten Ausgleichsschaltungen verl\u00e4ngern die Betriebslebensdauer Ihrer Batterie, indem sie sicherstellen, dass alle Batteriezellen gleicherma\u00dfen genutzt werden.<\/p><p>\u00a0<\/p><\/li><\/ul><h2>Spezifikationen<\/h2><div><table style=\"width: 745px; height: 1327px;\" border=\"0\" width=\"645\" cellspacing=\"0\" cellpadding=\"0\"><colgroup><col style=\"width: 251.40pt;\" width=\"419\" \/> <col style=\"width: 135.60pt;\" width=\"226\" \/> <\/colgroup><tbody><tr style=\"height: 30.00pt;\"><td class=\"et3\" style=\"height: 30.00pt; width: 387.00pt;\" colspan=\"2\" width=\"645\" height=\"50\"><h4>Grundlegende Spezifikationen<\/h4><\/td><\/tr><tr style=\"height: 30.00pt;\"><td class=\"et4\" style=\"height: 30.00pt; width: 251.40pt;\" width=\"419\" height=\"50\">\u2022 Nennspannung<\/td><td class=\"et4\" style=\"width: 135.60pt;\" width=\"226\">12,8 V<\/td><\/tr><tr style=\"height: 30.00pt;\"><td class=\"et5\" style=\"height: 30.00pt; width: 251.40pt;\" width=\"419\" height=\"50\">\u2022 Nennleistung<\/td><td class=\"et5\" style=\"width: 135.60pt;\" width=\"226\">100 Ah<\/td><\/tr><tr style=\"height: 30.00pt;\"><td class=\"et4\" style=\"height: 30.00pt; width: 251.40pt;\" width=\"419\" height=\"50\">\u2022 Nennenergie<\/td><td class=\"et4\" style=\"width: 135.60pt;\" width=\"226\">1280 Wh<\/td><\/tr><tr style=\"height: 30.00pt;\"><td class=\"et5\" style=\"height: 30.00pt; width: 251.40pt;\" width=\"419\" height=\"50\">\u2022 Lebensdauer<\/td><td class=\"et5\" style=\"width: 135.60pt;\" width=\"226\">6000 (0,5 \u00b0C bei 25 \u00b0C, 80% DOD)<\/td><\/tr><tr style=\"height: 30.00pt;\"><td class=\"et4\" style=\"height: 30.00pt; width: 251.40pt;\" width=\"419\" height=\"50\">\u2022 Design-Lebensdauer<\/td><td class=\"et4\" style=\"width: 135.60pt;\" width=\"226\">15 Jahre<\/td><\/tr><tr style=\"height: 46.00pt;\"><td class=\"et3\" style=\"height: 46.00pt; width: 387.00pt;\" colspan=\"2\" width=\"645\" height=\"76\"><h4>Physikalische Spezifikationen<\/h4><\/td><\/tr><tr style=\"height: 30.00pt;\"><td class=\"et4\" style=\"height: 30.00pt; width: 251.40pt;\" width=\"419\" height=\"50\">\u2022 Abmessungen (L x B x H)<\/td><td class=\"et4\" style=\"width: 135.60pt;\" width=\"226\">12,99 x 6,77 x 8,66 Zoll \/ 330 x 172 x 220 mm<\/td><\/tr><tr style=\"height: 30.00pt;\"><td class=\"et5\" style=\"height: 30.00pt; width: 251.40pt;\" width=\"419\" height=\"50\">\u2022 Gewicht<\/td><td class=\"et5\" style=\"width: 135.60pt;\" width=\"226\">24,64 Pfund \/ 11,2 kg<\/td><\/tr><tr style=\"height: 30.00pt;\"><td class=\"et4\" style=\"height: 30.00pt; width: 251.40pt;\" width=\"419\" height=\"50\">\u2022 Kathodenmaterial<\/td><td class=\"et4\" style=\"width: 135.60pt;\" width=\"226\">Lithiumeisenphosphat (LiFePo\u2084)<\/td><\/tr><tr style=\"height: 30.00pt;\"><td class=\"et5\" style=\"height: 30.00pt; width: 251.40pt;\" width=\"419\" height=\"50\">\u2022 Geh\u00e4usematerial<\/td><td class=\"et5\" style=\"width: 135.60pt;\" width=\"226\">ABS (Acrylnitril-Butadien-Styrol)<\/td><\/tr><tr style=\"height: 30.00pt;\"><td class=\"et4\" style=\"height: 30.00pt; width: 251.40pt;\" width=\"419\" height=\"50\">\u2022 Geh\u00e4usefarbe<\/td><td class=\"et4\" style=\"width: 135.60pt;\" width=\"226\">Schwarz<\/td><\/tr><tr style=\"height: 30.00pt;\"><td class=\"et5\" style=\"height: 30.00pt; width: 251.40pt;\" width=\"419\" height=\"50\">\u2022 Konnektivit\u00e4t<\/td><td class=\"et5\" style=\"width: 135.60pt;\" width=\"226\">Bluetooth<\/td><\/tr><tr style=\"height: 30.00pt;\"><td class=\"et3\" style=\"height: 30.00pt; width: 387.00pt;\" colspan=\"2\" width=\"645\" height=\"50\"><strong>Betriebsspezifikationen<\/strong><\/td><\/tr><tr style=\"height: 30.00pt;\"><td class=\"et5\" style=\"height: 30.00pt; width: 251.40pt;\" width=\"419\" height=\"50\">\u2022 Spannungsbereich<\/td><td class=\"et5\" style=\"width: 135.60pt;\" width=\"226\">10-14 V<\/td><\/tr><tr style=\"height: 30.00pt;\"><td class=\"et4\" style=\"height: 30.00pt; width: 251.40pt;\" width=\"419\" height=\"50\">\u2022 Abschaltspannung<\/td><td class=\"et4\" style=\"width: 135.60pt;\" width=\"226\">10 V<\/td><\/tr><tr style=\"height: 30.00pt;\"><td class=\"et5\" style=\"height: 30.00pt; width: 251.40pt;\" width=\"419\" height=\"50\">\u2022 Empfohlener Ladestrom<\/td><td class=\"et5\" style=\"width: 135.60pt;\" width=\"226\">\u226430 A<\/td><\/tr><tr style=\"height: 30.00pt;\"><td class=\"et4\" style=\"height: 30.00pt; width: 251.40pt;\" width=\"419\" height=\"50\">\u2022 Maximaler Ladestrom<\/td><td class=\"et4\" style=\"width: 135.60pt;\" width=\"226\">100 A<\/td><\/tr><tr style=\"height: 30.00pt;\"><td class=\"et5\" style=\"height: 30.00pt; width: 251.40pt;\" width=\"419\" height=\"50\">\u2022 Maximaler Entladestrom<\/td><td class=\"et5\" style=\"width: 135.60pt;\" width=\"226\">100 A (konstant), 150 A (30s Impuls)<\/td><\/tr><tr style=\"height: 30.00pt;\"><td class=\"et3\" style=\"height: 30.00pt; width: 387.00pt;\" colspan=\"2\" width=\"645\" height=\"50\"><h4>Umweltspezifikationen<\/h4><\/td><\/tr><tr style=\"height: 30.00pt;\"><td class=\"et5\" style=\"height: 30.00pt; width: 251.40pt;\" width=\"419\" height=\"50\">\u2022 Relative Luftfeuchtigkeit<\/td><td class=\"et5\" style=\"width: 135.60pt;\" width=\"226\">5-95%<\/td><\/tr><tr style=\"height: 30.00pt;\"><td class=\"et4\" style=\"height: 30.00pt; width: 251.40pt;\" width=\"419\" height=\"50\">\u2022 Ladetemperatur<\/td><td class=\"et4\" style=\"width: 135.60pt;\" width=\"226\">-20 bis 45 \u00b0C \/ -4 bis 113 \u00b0F (Heizung aktiv, wenn unter 0 \u00b0C \/ 32 \u00b0F)<\/td><\/tr><tr style=\"height: 30.00pt;\"><td class=\"et5\" style=\"height: 30.00pt; width: 251.40pt;\" width=\"419\" height=\"50\">\u2022 Entladungstemperaturbereich<\/td><td class=\"et5\" style=\"width: 135.60pt;\" width=\"226\">-20 bis 55 \u00b0C \/ -4 bis 131 \u00b0F<\/td><\/tr><tr style=\"height: 30.00pt;\"><td class=\"et4\" style=\"height: 30.00pt; width: 251.40pt;\" width=\"419\" height=\"50\">\u2022 Lagertemperaturbereich<\/td><td class=\"et4\" style=\"width: 135.60pt;\" width=\"226\">-20 bis 55 \u00b0C \/ -4 bis 131 \u00b0F<\/td><\/tr><tr style=\"height: 30.00pt;\"><td class=\"et3\" style=\"height: 30.00pt; width: 387.00pt;\" colspan=\"2\" width=\"645\" height=\"50\"><h4>Zertifizierungen<\/h4><\/td><\/tr><tr style=\"height: 30.00pt;\"><td class=\"et4\" style=\"height: 30.00pt; width: 251.40pt;\" width=\"419\" height=\"50\">\u2022 Sicherheit<\/td><td class=\"et4\" style=\"width: 135.60pt;\" width=\"226\">UL1973<\/td><\/tr><tr style=\"height: 30.00pt;\"><td class=\"et6\" style=\"height: 30.00pt; width: 251.40pt;\" width=\"419\" height=\"50\">\u2022 Transport<\/td><td class=\"et6\" style=\"width: 135.60pt;\" width=\"226\">UN38.3<\/td><\/tr><\/tbody><\/table><\/div><div>\u00a0<\/div>\t\t\t\t\t\t<\/div>\n\t\t\t\t<\/div>\n\t\t\t\t\t<\/div>\n\t\t<\/div>\n\t\t\t\t\t\t\t<\/div>\n\t\t<\/section>\n\t\t\t\t\t\t\t<\/div>","protected":false},"excerpt":{"rendered":"<p>12V100Ah Lithium-Eisenphosphat (LFP)-Batteriemodule wurden von Amp Nova speziell f\u00fcr Mehrfachanwendungen entwickelt. Diese Batteriemodule haben ein ABS-Geh\u00e4usedesign und k\u00f6nnen rund um die Uhr verwendet werden. Batteriemodule verf\u00fcgen \u00fcber ein integriertes intelligentes BMS, das gro\u00dfe Vorteile hinsichtlich Sicherheit, Zyklenlebensdauer, Energiedichte und Temperaturbereich bietet.<\/p>","protected":false},"featured_media":2159,"comment_status":"open","ping_status":"closed","template":"","meta":[],"product_cat":[65],"product_tag":[],"class_list":["post-1015","product","type-product","status-publish","has-post-thumbnail","hentry","product_cat-lead-acid-replacement-battery"],"acf":[],"_links":{"self":[{"href":"https:\/\/solarbatterymanufacturer.com\/de\/wp-json\/wp\/v2\/product\/1015","targetHints":{"allow":["GET"]}}],"collection":[{"href":"https:\/\/solarbatterymanufacturer.com\/de\/wp-json\/wp\/v2\/product"}],"about":[{"href":"https:\/\/solarbatterymanufacturer.com\/de\/wp-json\/wp\/v2\/types\/product"}],"replies":[{"embeddable":true,"href":"https:\/\/solarbatterymanufacturer.com\/de\/wp-json\/wp\/v2\/comments?post=1015"}],"version-history":[{"count":0,"href":"https:\/\/solarbatterymanufacturer.com\/de\/wp-json\/wp\/v2\/product\/1015\/revisions"}],"wp:featuredmedia":[{"embeddable":true,"href":"https:\/\/solarbatterymanufacturer.com\/de\/wp-json\/wp\/v2\/media\/2159"}],"wp:attachment":[{"href":"https:\/\/solarbatterymanufacturer.com\/de\/wp-json\/wp\/v2\/media?parent=1015"}],"wp:term":[{"taxonomy":"product_cat","embeddable":true,"href":"https:\/\/solarbatterymanufacturer.com\/de\/wp-json\/wp\/v2\/product_cat?post=1015"},{"taxonomy":"product_tag","embeddable":true,"href":"https:\/\/solarbatterymanufacturer.com\/de\/wp-json\/wp\/v2\/product_tag?post=1015"}],"curies":[{"name":"wp","href":"https:\/\/api.w.org\/{rel}","templated":true}]}}