{"id":1016,"date":"2021-10-27T12:14:03","date_gmt":"2021-10-27T12:14:03","guid":{"rendered":"http:\/\/bsmthemes.com\/electra\/?post_type=product&#038;p=1016"},"modified":"2023-10-10T03:45:55","modified_gmt":"2023-10-10T03:45:55","slug":"low-voltage-stackable-battery-storage","status":"publish","type":"product","link":"https:\/\/solarbatterymanufacturer.com\/de\/stackable-battery-storage","title":{"rendered":"Stapelbarer Niederspannungsbatteriespeicher von Amp Nova"},"content":{"rendered":"<h2>Beschreibungen:<\/h2>\n<p>Der stapelbare Niederspannungsbatteriespeicher Amp Nova wurde von Amp Nova speziell f\u00fcr kleine und mittlere Wohnanwendungen entwickelt. Jedes Modul verf\u00fcgt \u00fcber ein intelligentes BMS, das Schutz vor \u00dcberspannung, Unterspannung, \u00dcberstrom, Kurzschluss, \u00dcbertemperatur und Untertemperatur bietet. Gleichzeitig wird ein mehrschichtiges Sicherheitsdesign (Material, Zelle, Struktur, Brandaerosol usw.) auch die Sicherheitsleistung des Produkts erheblich verbessern. Dar\u00fcber hinaus verf\u00fcgt es \u00fcber ein elegantes Design und ein cleveres Strukturdesign, ist einfach zu installieren und kann je nach Bedarf flexibel erweitert werden.<\/p>\n<h2>Merkmale:<\/h2>\n<p class=\"ace-line ace-line old-record-id-doxcn80cGMMqK4Kig0WiWDlgBDc\"><strong>[Einfache Installation]<\/strong>\u00a0 Stapelmontage im Lego-Stil und Schnellverriegelungsdesign zwischen den Modulen, einfache und effiziente Installation.<\/p>\n<p class=\"ace-line ace-line old-record-id-doxcn80cGMMqK4Kig0WiWDlgBDc\"><strong>[Flexible Erweiterung]<\/strong> Der stapelbare Batteriespeicher kann flexibel entsprechend konfiguriert werden<br \/>\nauf tats\u00e4chliche Bed\u00fcrfnisse. Das System unterst\u00fctzt bis zu 16 Module parallel (80 kWh), und ein Combiner ist erforderlich, wenn der Systemstrom 100 A \u00fcberschreitet.<\/p>\n<p class=\"ace-line ace-line old-record-id-doxcn2YCu2wEgSsM842tJEuIXjd\"><strong>[Sicherheitsdesign f\u00fcr LFP-Zellen und -Systeme]<\/strong>\u00a0Mehrstufiges Sicherheitsdesign (Material-, Zellen-, Halterungs- und Systemsicherheitsdesign).<\/p>\n<p class=\"ace-line ace-line old-record-id-doxcneQCUO2ieceggcz84YcjwFg\"><strong>[Intelligentes Balancieren] Das <\/strong>Der eingebaute Balance-Schaltkreis l\u00f6st automatisch aus, wenn bestimmte Bedingungen erreicht werden, was die Konsistenz der Batterie erheblich verbessert und Ihre Lebensdauer verl\u00e4ngert.<\/p>\n<p class=\"ace-line ace-line old-record-id-doxcn80cGMMqK4Kig0WiWDlgBDc\"><span class=\"ace-line ace-line old-record-id-doxcnmsSiYWg8wQyyaSi970mLrd\"><strong>[Intelligentes BMS]<\/strong> Das Batteriemanagementsystem (BMS) bietet Schutz vor Kurzschl\u00fcssen, \u00dcberspannung, Unterspannung, \u00dcbertemperatur und Untertemperatur.<\/span><span class=\"ace-line ace-line old-record-id-doxcnmsSiYWg8wQyyaSi970mLrd\"><br \/>\n<\/span><\/p>\n<p class=\"ace-line ace-line old-record-id-doxcnmsSiYWg8wQyyaSi970mLrd\"><strong>[IP55]<\/strong> IP55 ist f\u00fcr die meisten Anwendungsszenarien ausgelegt.<\/p>\n<p class=\"ace-line ace-line old-record-id-doxcnmsSiYWg8wQyyaSi970mLrd\"><strong>[Echtzeit\u00fcberwachung und -steuerung]\u00a0<\/strong>\u00dcberwachung des Batteriebetriebsstatus (Spannung, aktuelle Temperatur, Ladezustand usw.) in Echtzeit.<\/p>\n<p class=\"ace-line ace-line old-record-id-doxcnmsSiYWg8wQyyaSi970mLrd\"><strong>[Wartungsfrei]\u00a0<\/strong>15 Jahre Lebensdauer und 6000 Zyklen (0,5 \u00b0C, 80% DOD bei 25 \u00b0C), wartungsfrei w\u00e4hrend der gesamten Lebensdauer und ein gro\u00dfer Betriebstemperaturbereich.<\/p>\n<p>&nbsp;<\/p>\n<h2>Spezifikationen<\/h2>\n<table style=\"border-collapse: collapse; width: 694px; height: 949px;\" border=\"0\" width=\"927\" cellspacing=\"0\" cellpadding=\"0\">\n<tbody>\n<tr style=\"height: 30.00pt;\">\n<td class=\"et3\" style=\"height: 30pt; width: 130.2pt;\" width=\"217\" height=\"50\">Typ\/Parameter<\/td>\n<td class=\"et4\" style=\"width: 85.2pt;\" width=\"142\">ANZ-51100S2<\/td>\n<td class=\"et4\" style=\"width: 85.2pt;\" width=\"142\">ANZ-51100S3<\/td>\n<td class=\"et4\" style=\"width: 85.2pt;\" width=\"142\">ANZ-51100S4<\/td>\n<td class=\"et4\" style=\"width: 85.2pt;\" width=\"142\">ANZ-51100S5<\/td>\n<td class=\"et5\" style=\"width: 85.2pt;\" width=\"142\">ANZ-51100S6<\/td>\n<\/tr>\n<tr style=\"height: 30.00pt;\">\n<td class=\"et6\" style=\"height: 30.00pt; width: 130.20pt;\" width=\"217\" height=\"50\">Batteriemodultyp<\/td>\n<td class=\"et7\" style=\"width: 426pt; text-align: center;\" colspan=\"5\" width=\"710\">ANZ-51100S<\/td>\n<\/tr>\n<tr style=\"height: 30.00pt;\">\n<td class=\"et6\" style=\"height: 30.00pt; width: 130.20pt;\" width=\"217\" height=\"50\">Modulnummer<\/td>\n<td class=\"et9\" style=\"width: 85.2pt; text-align: left;\" width=\"142\">2<\/td>\n<td class=\"et9\" style=\"width: 85.20pt;\" width=\"142\">3<\/td>\n<td class=\"et9\" style=\"width: 85.20pt;\" width=\"142\">4<\/td>\n<td class=\"et9\" style=\"width: 85.20pt;\" width=\"142\">5<\/td>\n<td class=\"et10\" style=\"width: 85.20pt;\" width=\"142\">6<\/td>\n<\/tr>\n<tr style=\"height: 30.00pt;\">\n<td class=\"et6\" style=\"height: 30.00pt; width: 130.20pt;\" width=\"217\" height=\"50\">Nennspannung<span class=\"font5\">\uff08<\/span><span class=\"font0\">V<\/span><span class=\"font5\">\uff09<\/span><\/td>\n<td class=\"et11\" style=\"width: 426.00pt;\" colspan=\"5\" width=\"710\">51.2<\/td>\n<\/tr>\n<tr style=\"height: 30.00pt;\">\n<td class=\"et6\" style=\"height: 30.00pt; width: 130.20pt;\" width=\"217\" height=\"50\">Spannungsbereich<span class=\"font5\">\uff08<\/span><span class=\"font0\">V<\/span><span class=\"font5\">\uff09<\/span><\/td>\n<td class=\"et12\" style=\"width: 426.00pt;\" colspan=\"5\" width=\"710\">44.8~56<\/td>\n<\/tr>\n<tr style=\"height: 30.00pt;\">\n<td class=\"et6\" style=\"height: 30.00pt; width: 130.20pt;\" width=\"217\" height=\"50\">Nennenergie<span class=\"font5\">\uff08<\/span><span class=\"font0\">W.<\/span><span class=\"font5\">\uff09<\/span><\/td>\n<td class=\"et13\" style=\"width: 85.20pt;\" width=\"142\">10240<\/td>\n<td class=\"et13\" style=\"width: 85.20pt;\" width=\"142\">15360<\/td>\n<td class=\"et13\" style=\"width: 85.20pt;\" width=\"142\">20240<\/td>\n<td class=\"et13\" style=\"width: 85.20pt;\" width=\"142\">25600<\/td>\n<td class=\"et14\" style=\"width: 85.20pt;\" width=\"142\">30720<\/td>\n<\/tr>\n<tr style=\"height: 30.00pt;\">\n<td class=\"et6\" style=\"height: 30.00pt; width: 130.20pt;\" width=\"217\" height=\"50\">Max. Entladestrom<span class=\"font5\">\uff08<\/span><span class=\"font0\">A<\/span><span class=\"font5\">\uff09<\/span><\/td>\n<td class=\"et14\" style=\"width: 426.00pt;\" colspan=\"5\" width=\"710\">200<\/td>\n<\/tr>\n<tr style=\"height: 30.00pt;\">\n<td class=\"et6\" style=\"height: 30.00pt; width: 130.20pt;\" width=\"217\" height=\"50\">Abmessungen: B*H*T (mm)<\/td>\n<td class=\"et15\" style=\"width: 85.20pt;\" width=\"142\">674*170*1100<\/td>\n<td class=\"et15\" style=\"width: 85.20pt;\" width=\"142\">674*170*1520<\/td>\n<td class=\"et15\" style=\"width: 85.20pt;\" width=\"142\">1348*1170*1310<\/td>\n<td class=\"et15\" style=\"width: 85.20pt;\" width=\"142\">1348*170*1520<\/td>\n<td class=\"et12\" style=\"width: 85.20pt;\" width=\"142\">1348*170*1520<\/td>\n<\/tr>\n<tr style=\"height: 30.00pt;\">\n<td class=\"et6\" style=\"height: 30.00pt; width: 130.20pt;\" width=\"217\" height=\"50\">Gewicht<span class=\"font5\">\uff08<\/span><span class=\"font0\">kg<\/span><span class=\"font5\">\uff09<\/span><\/td>\n<td class=\"et13\" style=\"width: 85.20pt;\" width=\"142\">124<\/td>\n<td class=\"et13\" style=\"width: 85.20pt;\" width=\"142\">176<\/td>\n<td class=\"et13\" style=\"width: 85.20pt;\" width=\"142\">233<\/td>\n<td class=\"et13\" style=\"width: 85.20pt;\" width=\"142\">290<\/td>\n<td class=\"et14\" style=\"width: 85.20pt;\" width=\"142\">343<\/td>\n<\/tr>\n<tr style=\"height: 30.00pt;\">\n<td class=\"et3\" style=\"height: 30.00pt; width: 556.20pt;\" colspan=\"6\" width=\"927\" height=\"50\">Umgebungsparameter<\/td>\n<\/tr>\n<tr style=\"height: 30.00pt;\">\n<td class=\"et6\" style=\"height: 30.00pt; width: 130.20pt;\" width=\"217\" height=\"50\">IP<\/td>\n<td class=\"et12\" style=\"width: 426.00pt;\" colspan=\"5\" width=\"710\">IP55<\/td>\n<\/tr>\n<tr style=\"height: 30.00pt;\">\n<td class=\"et6\" style=\"height: 30.00pt; width: 130.20pt;\" width=\"217\" height=\"50\">Ladetemperaturbereich(<span class=\"font5\">\u2103<\/span><span class=\"font0\">)<\/span><\/td>\n<td class=\"et12\" style=\"width: 426.00pt;\" colspan=\"5\" width=\"710\">0~45<\/td>\n<\/tr>\n<tr style=\"height: 30.00pt;\">\n<td class=\"et6\" style=\"height: 30.00pt; width: 130.20pt;\" width=\"217\" height=\"50\">Entladungstemperaturbereich(<span class=\"font5\">\u2103<\/span><span class=\"font0\">)<\/span><\/td>\n<td class=\"et17\" style=\"width: 426.00pt;\" colspan=\"5\" width=\"710\">-20~60<\/td>\n<\/tr>\n<tr style=\"height: 30.00pt;\">\n<td class=\"et6\" style=\"height: 30.00pt; width: 130.20pt;\" width=\"217\" height=\"50\">Installationsmethode<\/td>\n<td class=\"et12\" style=\"width: 426.00pt;\" colspan=\"5\" width=\"710\">Bodenmontiert<\/td>\n<\/tr>\n<tr style=\"height: 30.00pt;\">\n<td class=\"et3\" style=\"height: 30.00pt; width: 556.20pt;\" colspan=\"6\" width=\"927\" height=\"50\">Lebensdauer<\/td>\n<\/tr>\n<tr style=\"height: 30.00pt;\">\n<td class=\"et6\" style=\"height: 30.00pt; width: 130.20pt;\" width=\"217\" height=\"50\">Zyklusleben (Zeit)<\/td>\n<td class=\"et12\" style=\"width: 426.00pt;\" colspan=\"5\" width=\"710\">&gt; 6000<span class=\"font5\">\uff08<\/span><span class=\"font0\">0,5 \u00b0C bei 25 \u00b0C<\/span><span class=\"font5\">\u2103<\/span><span class=\"font0\">,80% DOD<\/span><span class=\"font5\">\uff09<\/span><\/td>\n<\/tr>\n<tr style=\"height: 30.00pt;\">\n<td class=\"et6\" style=\"height: 30.00pt; width: 130.20pt;\" width=\"217\" height=\"50\">Design-Lebensdauer (Jahr)<\/td>\n<td class=\"et14\" style=\"width: 426.00pt;\" colspan=\"5\" width=\"710\">15<\/td>\n<\/tr>\n<tr style=\"height: 30.00pt;\">\n<td class=\"et3\" style=\"height: 30.00pt; width: 556.20pt;\" colspan=\"6\" width=\"927\" height=\"50\">Zertifizierung<\/td>\n<\/tr>\n<tr style=\"height: 30.00pt;\">\n<td class=\"et6\" style=\"height: 30.00pt; width: 130.20pt;\" width=\"217\" height=\"50\">Sicherheit und Zertifizierung<\/td>\n<td class=\"et12\" style=\"width: 426.00pt;\" colspan=\"5\" width=\"710\">UL1973 (CE, IEC62619 in K\u00fcrze verf\u00fcgbar)<\/td>\n<\/tr>\n<tr style=\"height: 30.00pt;\">\n<td class=\"et6\" style=\"height: 30.00pt; width: 130.20pt;\" width=\"217\" height=\"50\">Transport<\/td>\n<td class=\"et12\" style=\"width: 426.00pt;\" colspan=\"5\" width=\"710\">UN38.3<\/td>\n<\/tr>\n<\/tbody>\n<\/table>","protected":false},"excerpt":{"rendered":"<p>Der stapelbare Niederspannungs-Heimbatteriespeicher Amp Nova wurde von Amp Nova speziell f\u00fcr kleine und mittlere Wohnanwendungen entwickelt. Jedes Modul verf\u00fcgt \u00fcber ein intelligentes BMS, das Schutz vor \u00dcberspannung, Unterspannung, \u00dcberstrom, Kurzschluss, \u00dcbertemperatur und Untertemperatur bietet. Gleichzeitig wird ein mehrschichtiges Sicherheitsdesign (Material, Zelle, Struktur, Brandaerosol usw.) auch die Sicherheitsleistung des Produkts erheblich verbessern. Dar\u00fcber hinaus verf\u00fcgt es \u00fcber ein elegantes Design und ein cleveres Strukturdesign, ist einfach zu installieren und kann je nach Bedarf flexibel erweitert werden.<\/p>","protected":false},"featured_media":2287,"comment_status":"open","ping_status":"closed","template":"","meta":[],"product_cat":[86],"product_tag":[],"class_list":["post-1016","product","type-product","status-publish","has-post-thumbnail","hentry","product_cat-stackable-lifepo4-battery"],"acf":[],"_links":{"self":[{"href":"https:\/\/solarbatterymanufacturer.com\/de\/wp-json\/wp\/v2\/product\/1016","targetHints":{"allow":["GET"]}}],"collection":[{"href":"https:\/\/solarbatterymanufacturer.com\/de\/wp-json\/wp\/v2\/product"}],"about":[{"href":"https:\/\/solarbatterymanufacturer.com\/de\/wp-json\/wp\/v2\/types\/product"}],"replies":[{"embeddable":true,"href":"https:\/\/solarbatterymanufacturer.com\/de\/wp-json\/wp\/v2\/comments?post=1016"}],"version-history":[{"count":4,"href":"https:\/\/solarbatterymanufacturer.com\/de\/wp-json\/wp\/v2\/product\/1016\/revisions"}],"predecessor-version":[{"id":4057,"href":"https:\/\/solarbatterymanufacturer.com\/de\/wp-json\/wp\/v2\/product\/1016\/revisions\/4057"}],"wp:featuredmedia":[{"embeddable":true,"href":"https:\/\/solarbatterymanufacturer.com\/de\/wp-json\/wp\/v2\/media\/2287"}],"wp:attachment":[{"href":"https:\/\/solarbatterymanufacturer.com\/de\/wp-json\/wp\/v2\/media?parent=1016"}],"wp:term":[{"taxonomy":"product_cat","embeddable":true,"href":"https:\/\/solarbatterymanufacturer.com\/de\/wp-json\/wp\/v2\/product_cat?post=1016"},{"taxonomy":"product_tag","embeddable":true,"href":"https:\/\/solarbatterymanufacturer.com\/de\/wp-json\/wp\/v2\/product_tag?post=1016"}],"curies":[{"name":"wp","href":"https:\/\/api.w.org\/{rel}","templated":true}]}}