{"id":1731,"date":"2023-04-05T15:10:23","date_gmt":"2023-04-05T15:10:23","guid":{"rendered":"https:\/\/solarbatterymanufacturer.com\/?post_type=product&#038;p=1731"},"modified":"2026-04-07T22:02:33","modified_gmt":"2026-04-07T22:02:33","slug":"commercial-energy-storage-systems","status":"publish","type":"product","link":"https:\/\/solarbatterymanufacturer.com\/de\/commercial-energy-storage-systems-ac","title":{"rendered":"Kommerzielle Energiespeichersysteme (AC) von Amp Nova Battery"},"content":{"rendered":"<h2>Beschreibungen:<\/h2>\n<p>Amp Nova Battery Commercial Energy Storage Systems (AC) ist ein Stromspeichersystem, das speziell f\u00fcr regionale Mikronetze wie kleine CBDs, Bauernh\u00f6fe, Inseln, Photovoltaik-Au\u00dfenkraftwerke usw. entwickelt wurde und den Strombedarf und die Energiesicherheit in diesen Szenarien vollst\u00e4ndig gew\u00e4hrleisten kann .<\/p>\n<h2>Merkmale:<\/h2>\n<p style=\"-webkit-font-smoothing: antialiased; --tw-border-spacing-x: 0; --tw-border-spacing-y: 0; --tw-translate-x: 0; --tw-translate-y: 0; --tw-rotate: 0; --tw-skew-x: 0; --tw-skew-y: 0; --tw-scale-x: 1; --tw-scale-y: 1; --tw-scroll-snap-strictness: proximity; --tw-ring-offset-width: 0px; --tw-ring-offset-color: #fff; --tw-ring-color: rgb(59 130 246 \/ 0.5); --tw-ring-offset-shadow: 0 0 #0000; --tw-ring-shadow: 0 0 #0000; --tw-shadow: 0 0 #0000; --tw-shadow-colored: 0 0 #0000; margin-top: 24px; color: #282828; font-family: 'Ridley Grotesk Medium'; font-size: 14px;\"><strong>[Flexible Erweiterung]<\/strong>\u00a0Modulares und flexibel erweiterbares Batteriespeichersystem am<br style=\"-webkit-font-smoothing: antialiased; --tw-border-spacing-x: 0; --tw-border-spacing-y: 0; --tw-translate-x: 0; --tw-translate-y: 0; --tw-rotate: 0; --tw-skew-x: 0; --tw-skew-y: 0; --tw-scale-x: 1; --tw-scale-y: 1; --tw-scroll-snap-strictness: proximity; --tw-ring-offset-width: 0px; --tw-ring-offset-color: #fff; --tw-ring-color: rgb(59 130 246 \/ 0.5); --tw-ring-offset-shadow: 0 0 #0000; --tw-ring-shadow: 0 0 #0000; --tw-shadow: 0 0 #0000; --tw-shadow-colored: 0 0 #0000;\" \/>Leistungs- und Kapazit\u00e4tsniveau.<\/p>\n<p style=\"-webkit-font-smoothing: antialiased; --tw-border-spacing-x: 0; --tw-border-spacing-y: 0; --tw-translate-x: 0; --tw-translate-y: 0; --tw-rotate: 0; --tw-skew-x: 0; --tw-skew-y: 0; --tw-scale-x: 1; --tw-scale-y: 1; --tw-scroll-snap-strictness: proximity; --tw-ring-offset-width: 0px; --tw-ring-offset-color: #fff; --tw-ring-color: rgb(59 130 246 \/ 0.5); --tw-ring-offset-shadow: 0 0 #0000; --tw-ring-shadow: 0 0 #0000; --tw-shadow: 0 0 #0000; --tw-shadow-colored: 0 0 #0000; margin-top: 24px; color: #282828; font-family: 'Ridley Grotesk Medium'; font-size: 14px;\"><strong>[Vereinfachen Sie Ihre Systemkonfiguration]<\/strong>\u00a0All-in-One-Design, AC-gekoppelte L\u00f6sung.<\/p>\n<p style=\"-webkit-font-smoothing: antialiased; --tw-border-spacing-x: 0; --tw-border-spacing-y: 0; --tw-translate-x: 0; --tw-translate-y: 0; --tw-rotate: 0; --tw-skew-x: 0; --tw-skew-y: 0; --tw-scale-x: 1; --tw-scale-y: 1; --tw-scroll-snap-strictness: proximity; --tw-ring-offset-width: 0px; --tw-ring-offset-color: #fff; --tw-ring-color: rgb(59 130 246 \/ 0.5); --tw-ring-offset-shadow: 0 0 #0000; --tw-ring-shadow: 0 0 #0000; --tw-shadow: 0 0 #0000; --tw-shadow-colored: 0 0 #0000; margin-top: 24px; color: #282828; font-family: 'Ridley Grotesk Medium'; font-size: 14px;\"><strong>[Au\u00dfendesign]\u00a0<\/strong>Outdoor-Geh\u00e4use f\u00fcr jeden Installationsort.<\/p>\n<p style=\"-webkit-font-smoothing: antialiased; --tw-border-spacing-x: 0; --tw-border-spacing-y: 0; --tw-translate-x: 0; --tw-translate-y: 0; --tw-rotate: 0; --tw-skew-x: 0; --tw-skew-y: 0; --tw-scale-x: 1; --tw-scale-y: 1; --tw-scroll-snap-strictness: proximity; --tw-ring-offset-width: 0px; --tw-ring-offset-color: #fff; --tw-ring-color: rgb(59 130 246 \/ 0.5); --tw-ring-offset-shadow: 0 0 #0000; --tw-ring-shadow: 0 0 #0000; --tw-shadow: 0 0 #0000; --tw-shadow-colored: 0 0 #0000; margin-top: 24px; color: #282828; font-family: 'Ridley Grotesk Medium'; font-size: 14px;\"><strong>[Einfache Wartung]\u00a0<\/strong>Einfache Wartung durch modularen Aufbau (Batteriemodule, BMS, Steuerungsdesign).<\/p>\n<p style=\"-webkit-font-smoothing: antialiased; --tw-border-spacing-x: 0; --tw-border-spacing-y: 0; --tw-translate-x: 0; --tw-translate-y: 0; --tw-rotate: 0; --tw-skew-x: 0; --tw-skew-y: 0; --tw-scale-x: 1; --tw-scale-y: 1; --tw-scroll-snap-strictness: proximity; --tw-ring-offset-width: 0px; --tw-ring-offset-color: #fff; --tw-ring-color: rgb(59 130 246 \/ 0.5); --tw-ring-offset-shadow: 0 0 #0000; --tw-ring-shadow: 0 0 #0000; --tw-shadow: 0 0 #0000; --tw-shadow-colored: 0 0 #0000; margin-bottom: 0px; margin-top: 24px; color: #282828; font-family: 'Ridley Grotesk Medium'; font-size: 14px;\"><strong>[Wartungsfrei]\u00a0<\/strong>10 Jahre Lebensdauer, stabile Leistung w\u00e4hrend der gesamten Lebensdauer.<\/p>\n<h2>Spezifikationen:<\/h2>\n<table style=\"border-collapse: collapse; width: 584px; height: 1202px;\" border=\"0\" width=\"729\" cellspacing=\"0\" cellpadding=\"0\">\n<tbody>\n<tr style=\"height: 25.00pt;\">\n<td style=\"height: 25.00pt; width: 159.00pt;\" width=\"265\" height=\"41\">Typ<\/td>\n<td style=\"width: 139.20pt;\" width=\"232\">Speicher (DC)<\/td>\n<td style=\"width: 139.20pt;\" width=\"232\">Solar + Speicher (AC)<\/td>\n<\/tr>\n<tr style=\"height: 34.00pt;\">\n<td style=\"height: 34.00pt; width: 437.40pt;\" colspan=\"3\" width=\"729\" height=\"56\">Batterieparameter<\/td>\n<\/tr>\n<tr style=\"height: 25.00pt;\">\n<td style=\"height: 25.00pt; width: 159.00pt;\" width=\"265\" height=\"41\">Zelltyp<\/td>\n<td style=\"width: 278.40pt;\" colspan=\"2\" width=\"464\">LFP-Prismentyp<\/td>\n<\/tr>\n<tr style=\"height: 25.00pt;\">\n<td style=\"height: 25.00pt; width: 159.00pt;\" width=\"265\" height=\"41\">Batteriekapazit\u00e4t<\/td>\n<td style=\"width: 139.20pt;\" width=\"232\">50kWh~200kWh<\/td>\n<td style=\"width: 139.20pt;\" width=\"232\">50kWh~200kWh<\/td>\n<\/tr>\n<tr style=\"height: 25.00pt;\">\n<td style=\"height: 25.00pt; width: 159.00pt;\" width=\"265\" height=\"41\">Spannungsbereich (V)<\/td>\n<td style=\"width: 139.20pt;\" width=\"232\">250~800<\/td>\n<td style=\"width: 139.20pt;\" width=\"232\">320~800<\/td>\n<\/tr>\n<tr style=\"height: 25.00pt;\">\n<td style=\"height: 25.00pt; width: 159.00pt;\" width=\"265\" height=\"41\">Max. Ladeleistung (kW)<\/td>\n<td style=\"width: 139.20pt;\" width=\"232\">50\/150<\/td>\n<td style=\"width: 139.20pt;\" width=\"232\">30\/100<\/td>\n<\/tr>\n<tr style=\"height: 25.00pt;\">\n<td style=\"height: 25.00pt; width: 437.40pt;\" colspan=\"3\" width=\"729\" height=\"41\">AC-On-Grid-Parameter<\/td>\n<\/tr>\n<tr style=\"height: 25.00pt;\">\n<td style=\"height: 25.00pt; width: 159.00pt;\" width=\"265\" height=\"41\">Gittertyp<\/td>\n<td style=\"width: 278.40pt;\" colspan=\"2\" width=\"464\">3W+N+PE<\/td>\n<\/tr>\n<tr style=\"height: 25.00pt;\">\n<td style=\"height: 25.00pt; width: 159.00pt;\" width=\"265\" height=\"41\">Input-Output<\/td>\n<td style=\"width: 139.20pt;\" width=\"232\">50~150 kW<\/td>\n<td style=\"width: 139.20pt;\" width=\"232\">50 kW<\/td>\n<\/tr>\n<tr style=\"height: 25.00pt;\">\n<td style=\"height: 25.00pt; width: 159.00pt;\" width=\"265\" height=\"41\">Wechselstrom Spannung<\/td>\n<td style=\"width: 278.40pt;\" colspan=\"2\" width=\"464\">320 V ~ 460 V<\/td>\n<\/tr>\n<tr style=\"height: 25.00pt;\">\n<td style=\"height: 25.00pt; width: 159.00pt;\" width=\"265\" height=\"41\">Anwendbare Netzfrequenz<\/td>\n<td style=\"width: 278.40pt;\" colspan=\"2\" width=\"464\">45~55Hz\/55~65Hz<\/td>\n<\/tr>\n<tr style=\"height: 25.00pt;\">\n<td style=\"height: 25.00pt; width: 159.00pt;\" width=\"265\" height=\"41\">THDi<\/td>\n<td style=\"width: 278.40pt;\" colspan=\"2\" width=\"464\">&lt;3% (100% Last)<\/td>\n<\/tr>\n<tr style=\"height: 25.00pt;\">\n<td style=\"height: 25.00pt; width: 159.00pt;\" width=\"265\" height=\"41\">Leistungsfaktor<\/td>\n<td style=\"width: 278.40pt;\" colspan=\"2\" width=\"464\">1 (Voreilend) ~ 1 (Nacheilend)<\/td>\n<\/tr>\n<tr style=\"height: 25.00pt;\">\n<td style=\"height: 25.00pt; width: 437.40pt;\" colspan=\"3\" width=\"729\" height=\"41\">AC-Off-Grid-Parameter<\/td>\n<\/tr>\n<tr style=\"height: 25.00pt;\">\n<td style=\"height: 25.00pt; width: 159.00pt;\" width=\"265\" height=\"41\">Nennlade-\/Entladeleistung<\/td>\n<td style=\"width: 139.20pt;\" width=\"232\">50~150 kW<\/td>\n<td style=\"width: 139.20pt;\" width=\"232\">50 kW<\/td>\n<\/tr>\n<tr style=\"height: 25.00pt;\">\n<td style=\"height: 25.00pt; width: 159.00pt;\" width=\"265\" height=\"41\">Maximale Ausgangsleistung<\/td>\n<td style=\"width: 139.20pt;\" width=\"232\">50~150kVA<\/td>\n<td style=\"width: 139.20pt;\" width=\"232\">55KVA<\/td>\n<\/tr>\n<tr style=\"height: 25.00pt;\">\n<td style=\"height: 25.00pt; width: 159.00pt;\" width=\"265\" height=\"41\">Nenn-Wechselspannung<\/td>\n<td style=\"width: 278.40pt;\" colspan=\"2\" width=\"464\">400V<\/td>\n<\/tr>\n<tr style=\"height: 25.00pt;\">\n<td style=\"height: 25.00pt; width: 159.00pt;\" width=\"265\" height=\"41\">Nennfrequenz<\/td>\n<td style=\"width: 278.40pt;\" colspan=\"2\" width=\"464\">50\/60Hz<\/td>\n<\/tr>\n<tr style=\"height: 25.00pt;\">\n<td style=\"height: 25.00pt; width: 159.00pt;\" width=\"265\" height=\"41\">THDu<\/td>\n<td style=\"width: 278.40pt;\" colspan=\"2\" width=\"464\">\u2264 1% linear; oder \u2264 5% nichtlinear<\/td>\n<\/tr>\n<tr style=\"height: 25.00pt;\">\n<td style=\"height: 25.00pt; width: 437.40pt;\" colspan=\"3\" width=\"729\" height=\"41\">Photovoltaik-Eingang<\/td>\n<\/tr>\n<tr style=\"height: 25.00pt;\">\n<td style=\"height: 25.00pt; width: 159.00pt;\" width=\"265\" height=\"41\">Maximale Eingangsleistung<\/td>\n<td style=\"width: 139.20pt;\" width=\"232\">&#8212;<\/td>\n<td style=\"width: 139.20pt;\" width=\"232\">50\/100 kW<\/td>\n<\/tr>\n<tr style=\"height: 25.00pt;\">\n<td style=\"height: 25.00pt; width: 159.00pt;\" width=\"265\" height=\"41\">MPPT-Spannungsbereich<\/td>\n<td style=\"width: 139.20pt;\" width=\"232\">&#8212;<\/td>\n<td style=\"width: 139.20pt;\" width=\"232\">250~850V<\/td>\n<\/tr>\n<tr style=\"height: 25.00pt;\">\n<td style=\"height: 25.00pt; width: 437.40pt;\" colspan=\"3\" width=\"729\" height=\"41\">Allgemeiner Parameter<\/td>\n<\/tr>\n<tr style=\"height: 25.00pt;\">\n<td style=\"height: 25.00pt; width: 159.00pt;\" width=\"265\" height=\"41\">Abmessungen: B*T*H (mm)<\/td>\n<td style=\"width: 278.40pt;\" colspan=\"2\" width=\"464\">2200*1100*2340<\/td>\n<\/tr>\n<tr style=\"height: 25.00pt;\">\n<td style=\"height: 25.00pt; width: 159.00pt;\" width=\"265\" height=\"41\">Max. Gewicht<\/td>\n<td style=\"width: 278.40pt;\" colspan=\"2\" width=\"464\">3200kg<\/td>\n<\/tr>\n<tr style=\"height: 25.00pt;\">\n<td style=\"height: 25.00pt; width: 159.00pt;\" width=\"265\" height=\"41\">IP-Verschlechterung<\/td>\n<td style=\"width: 278.40pt;\" colspan=\"2\" width=\"464\">IP54<\/td>\n<\/tr>\n<tr style=\"height: 25.00pt;\">\n<td style=\"height: 25.00pt; width: 159.00pt;\" width=\"265\" height=\"41\">Betriebstemperaturbereich<\/td>\n<td style=\"width: 278.40pt;\" colspan=\"2\" width=\"464\">-20~50\u2103<\/td>\n<\/tr>\n<tr style=\"height: 25.00pt;\">\n<td style=\"height: 25.00pt; width: 159.00pt;\" width=\"265\" height=\"41\">Relative Luftfeuchtigkeit<\/td>\n<td style=\"width: 278.40pt;\" colspan=\"2\" width=\"464\">0~95% (Keine Kondensation)<\/td>\n<\/tr>\n<tr style=\"height: 25.00pt;\">\n<td style=\"height: 25.00pt; width: 159.00pt;\" width=\"265\" height=\"41\">Attit\u00fcde<\/td>\n<td style=\"width: 278.40pt;\" colspan=\"2\" width=\"464\">&lt;2000m<\/td>\n<\/tr>\n<tr style=\"height: 25.00pt;\">\n<td style=\"height: 25.00pt; width: 159.00pt;\" width=\"265\" height=\"41\">K\u00fchlungsmethode<\/td>\n<td style=\"width: 278.40pt;\" colspan=\"2\" width=\"464\">W\u00e4rme-L\u00fcftungs-Klimaanlage<\/td>\n<\/tr>\n<tr style=\"height: 25.00pt;\">\n<td style=\"height: 25.00pt; width: 159.00pt;\" width=\"265\" height=\"41\">L\u00e4rm<\/td>\n<td style=\"width: 278.40pt;\" colspan=\"2\" width=\"464\">\u2264 75 dB<\/td>\n<\/tr>\n<tr style=\"height: 25.00pt;\">\n<td style=\"height: 25.00pt; width: 159.00pt;\" width=\"265\" height=\"41\">Systemeffizienz<\/td>\n<td style=\"width: 278.40pt;\" colspan=\"2\" width=\"464\">\u2265 85%<\/td>\n<\/tr>\n<tr style=\"height: 25.00pt;\">\n<td style=\"height: 25.00pt; width: 159.00pt;\" width=\"265\" height=\"41\">Feuerl\u00f6schanlage<\/td>\n<td style=\"width: 278.40pt;\" colspan=\"2\" width=\"464\">Integriert<\/td>\n<\/tr>\n<tr style=\"height: 25.00pt;\">\n<td style=\"height: 25.00pt; width: 159.00pt;\" width=\"265\" height=\"41\">Kommunikation<\/td>\n<td style=\"width: 278.40pt;\" colspan=\"2\" width=\"464\">Ethernet, Modbus TCP\/IP<\/td>\n<\/tr>\n<\/tbody>\n<\/table>\n<h1 id=\"benefits-of-commercial-energy-storage-systems-improving-energy-efficiency-and-cost-savings\">Vorteile kommerzieller Energiespeichersysteme: Verbesserung der Energieeffizienz und Kosteneinsparungen<\/h1>\n<p>Kommerzielle Energiespeichersysteme haben in den letzten Jahren gro\u00dfe Aufmerksamkeit erlangt, da Unternehmen bestrebt sind, ihre Energieeffizienz zu steigern, Stromkosten zu senken und Nachhaltigkeit zu f\u00f6rdern. Diese Systeme bieten eine Reihe von Vorteilen, die Unternehmen dabei helfen, ihren Energieverbrauch effektiv zu verwalten. In diesem Artikel untersuchen wir die verschiedenen Vorteile kommerzieller Energiespeichersysteme und wie sie die Energieeffizienz und Kosteneinsparungen verbessern k\u00f6nnen.<\/p>\n<h2 id=\"reducing-electricity-costs\">Stromkosten senken<\/h2>\n<p>Einer der Hauptvorteile kommerzieller Energiespeichersysteme ist ihre F\u00e4higkeit, die Stromkosten f\u00fcr Unternehmen zu senken. Mit diesen Systemen k\u00f6nnen Unternehmen \u00fcbersch\u00fcssige Energie au\u00dferhalb der Spitzenzeiten speichern, wenn die Stromtarife niedriger sind, und diese gespeicherte Energie dann in Spitzenlastzeiten nutzen, wenn die Stromtarife h\u00f6her sind. Durch die Vermeidung des Stromverbrauchs zu Spitzenzeiten k\u00f6nnen Unternehmen ihre Stromrechnungen erheblich senken und langfristig eine erhebliche Menge Geld sparen.<\/p>\n<h2 id=\"enhancing-energy-efficiency\">Steigerung der Energieeffizienz<\/h2>\n<p>Kommerzielle Energiespeichersysteme tragen auch zur Steigerung der Energieeffizienz innerhalb eines Unternehmens bei. Mit diesen Systemen k\u00f6nnen Unternehmen ihren Energieverbrauch optimieren, indem sie \u00fcbersch\u00fcssige Energie speichern und bei Bedarf nutzen. Dies tr\u00e4gt dazu bei, Lasten in Spitzenlastzeiten auszugleichen und so die Belastung des Stromnetzes zu verringern. Durch eine effiziente Verwaltung des Energieverbrauchs k\u00f6nnen Unternehmen Abfall minimieren und ihre Gesamtenergieeffizienz verbessern.<\/p>\n<h2 id=\"ensuring-reliable-power-supply\">Sicherstellung einer zuverl\u00e4ssigen Stromversorgung<\/h2>\n<p>Ein weiterer entscheidender Vorteil kommerzieller Energiespeichersysteme ist ihre F\u00e4higkeit, eine zuverl\u00e4ssige Stromversorgung bereitzustellen. Eine unzuverl\u00e4ssige Stromversorgung kann zu St\u00f6rungen im Gesch\u00e4ftsbetrieb und damit zu Produktivit\u00e4tsverlusten und potenziellen Umsatzeinbu\u00dfen f\u00fchren. Energiespeichersysteme fungieren als Notstromquelle, die bei Stromausf\u00e4llen oder -schwankungen eingreift und so einen unterbrechungsfreien Betrieb gew\u00e4hrleistet. Diese Zuverl\u00e4ssigkeit gibt Unternehmen Sicherheit und reduziert die potenziellen finanziellen Auswirkungen von Stromausf\u00e4llen.<\/p>\n<h2 id=\"promoting-sustainability\">Nachhaltigkeit f\u00f6rdern<\/h2>\n<p>Nachhaltigkeit ist zu einem zentralen Schwerpunkt f\u00fcr Unternehmen aller Branchen geworden. Kommerzielle Energiespeichersysteme spielen eine entscheidende Rolle bei der F\u00f6rderung der Nachhaltigkeit, indem sie es Unternehmen erm\u00f6glichen, sich weniger auf herk\u00f6mmliche, auf fossilen Brennstoffen basierende Energiequellen zu verlassen. Durch die Speicherung und Nutzung erneuerbarer Energiequellen wie Solar- oder Windkraft k\u00f6nnen Unternehmen ihren CO2-Fu\u00dfabdruck deutlich reduzieren. Dies kommt nicht nur der Umwelt zugute, sondern st\u00e4rkt auch den Ruf der Organisation als umweltbewusstes Unternehmen.<\/p>\n<h2 id=\"unlocking-the-potential-for-renewable-energy\">Das Potenzial erneuerbarer Energien erschlie\u00dfen<\/h2>\n<p>Kommerzielle Energiespeichersysteme tragen dazu bei, das wahre Potenzial erneuerbarer Energiequellen auszusch\u00f6pfen. Die Erzeugung erneuerbarer Energien wie Sonne und Wind ist von den Wetterbedingungen abh\u00e4ngig und von Natur aus unregelm\u00e4\u00dfig. Mit der Energiespeicherung k\u00f6nnen Unternehmen \u00fcbersch\u00fcssige erneuerbare Energie speichern, die bei g\u00fcnstigen Bedingungen erzeugt wird, und sie in Zeiten nutzen, in denen die Erzeugung erneuerbarer Energien gering ist. Dies erm\u00f6glicht eine konsistentere und zuverl\u00e4ssigere Versorgung mit erneuerbaren Energien und macht die Abh\u00e4ngigkeit von traditionellen Energiequellen \u00fcberfl\u00fcssig.<\/p>\n<h2 id=\"conclusion\">Abschluss<\/h2>\n<p>Kommerzielle Energiespeichersysteme bieten Unternehmen zahlreiche Vorteile, die von reduzierten Stromkosten und erh\u00f6hter Energieeffizienz bis hin zur Gew\u00e4hrleistung einer zuverl\u00e4ssigen Stromversorgung und der F\u00f6rderung der Nachhaltigkeit reichen. Durch die Investition in diese Systeme k\u00f6nnen Unternehmen proaktive Schritte zur Erreichung ihrer Energieziele unternehmen, ihre Auswirkungen auf die Umwelt verringern und ihr Endergebnis verbessern. Da die Technologie immer weiter voranschreitet, werden Energiespeichersysteme immer zug\u00e4nglicher und kosteng\u00fcnstiger, was sie zu einer lohnenden Investition f\u00fcr Unternehmen jeder Gr\u00f6\u00dfe macht.<\/p>","protected":false},"excerpt":{"rendered":"<p>Amp Nova Commercial Solar Battery Storage ist ein Stromspeichersystem, das speziell f\u00fcr regionale Mikronetze wie kleine CBDs, Bauernh\u00f6fe, Inseln, Photovoltaik-Au\u00dfenkraftwerke usw. entwickelt wurde und den Strombedarf und die Energiesicherheit in diesen Szenarien vollst\u00e4ndig gew\u00e4hrleisten kann.<\/p>","protected":false},"featured_media":2436,"comment_status":"open","ping_status":"closed","template":"","meta":[],"product_cat":[74],"product_tag":[],"class_list":["post-1731","product","type-product","status-publish","has-post-thumbnail","hentry","product_cat-commercial-and-industrial-ci-storage-systems"],"acf":[],"_links":{"self":[{"href":"https:\/\/solarbatterymanufacturer.com\/de\/wp-json\/wp\/v2\/product\/1731","targetHints":{"allow":["GET"]}}],"collection":[{"href":"https:\/\/solarbatterymanufacturer.com\/de\/wp-json\/wp\/v2\/product"}],"about":[{"href":"https:\/\/solarbatterymanufacturer.com\/de\/wp-json\/wp\/v2\/types\/product"}],"replies":[{"embeddable":true,"href":"https:\/\/solarbatterymanufacturer.com\/de\/wp-json\/wp\/v2\/comments?post=1731"}],"version-history":[{"count":4,"href":"https:\/\/solarbatterymanufacturer.com\/de\/wp-json\/wp\/v2\/product\/1731\/revisions"}],"predecessor-version":[{"id":4206,"href":"https:\/\/solarbatterymanufacturer.com\/de\/wp-json\/wp\/v2\/product\/1731\/revisions\/4206"}],"wp:featuredmedia":[{"embeddable":true,"href":"https:\/\/solarbatterymanufacturer.com\/de\/wp-json\/wp\/v2\/media\/2436"}],"wp:attachment":[{"href":"https:\/\/solarbatterymanufacturer.com\/de\/wp-json\/wp\/v2\/media?parent=1731"}],"wp:term":[{"taxonomy":"product_cat","embeddable":true,"href":"https:\/\/solarbatterymanufacturer.com\/de\/wp-json\/wp\/v2\/product_cat?post=1731"},{"taxonomy":"product_tag","embeddable":true,"href":"https:\/\/solarbatterymanufacturer.com\/de\/wp-json\/wp\/v2\/product_tag?post=1731"}],"curies":[{"name":"wp","href":"https:\/\/api.w.org\/{rel}","templated":true}]}}