{"id":2298,"date":"2023-05-06T04:50:13","date_gmt":"2023-05-06T04:50:13","guid":{"rendered":"https:\/\/solarbatterymanufacturer.com\/?post_type=product&#038;p=2298"},"modified":"2023-10-10T03:28:10","modified_gmt":"2023-10-10T03:28:10","slug":"stackable-high-voltage-battery","status":"publish","type":"product","link":"https:\/\/solarbatterymanufacturer.com\/de\/high-voltage-battery","title":{"rendered":"Amp Nova LiFePO4 Hochspannungsbatterie"},"content":{"rendered":"<h2>Beschreibungen:<\/h2>\n<p>Die stapelbare Hochspannungsbatterie wurde von Amp Nova speziell f\u00fcr mittlere und gro\u00dfe private und regionale Mikronetzanwendungen entwickelt. Jede Form verf\u00fcgt \u00fcber mehrere Batteriemodule und jedes Hochspannungssystem besteht aus mehrstufigen BMS (HVB+BMU), Batteriemodulen, und ein Batterieschrank. Durch das integrierte intelligente und hochpr\u00e4zise BMS in Kombination mit LFP-Batterien bietet das System gro\u00dfe Vorteile in Bezug auf Sicherheit, Lebensdauer, Energiedichte und gro\u00dfen Temperaturbereich.<\/p>\n<h2>Merkmale:<\/h2>\n<p><strong>[Einfache Installation]<\/strong>\u00a0 Stapelmontage im Lego-Stil und Schnellverriegelungsdesign zwischen den Modulen, einfache und effiziente Installation.<\/p>\n<p><strong>[Flexible Erweiterung]<\/strong> Die Batteriemodule k\u00f6nnen je nach tats\u00e4chlichem Bedarf flexibel konfiguriert werden.<\/p>\n<p><strong>[Sicherheitsdesign f\u00fcr LFP-Zellen und -Systeme]<\/strong>\u00a0Mehrstufiges Sicherheitsdesign (Material-, Zellen-, Halterungs- und Systemsicherheitsdesign).<\/p>\n<p><strong>[Intelligentes Ausbalancieren]<\/strong>Der eingebaute Balance-Schaltkreis l\u00f6st automatisch aus, wenn bestimmte Bedingungen erreicht werden, was die Konsistenz der Batterie erheblich verbessert und Ihre Lebensdauer verl\u00e4ngert.<\/p>\n<p><strong>[Intelligentes BMS]<\/strong> Das Batteriemanagementsystem (BMS) bietet Schutz vor Kurzschl\u00fcssen, \u00dcberspannung, Unterspannung, \u00dcbertemperatur und Untertemperatur.<\/p>\n<p><strong>[IP65]<\/strong> IP65 ist f\u00fcr die meisten Anwendungsszenarien ausgelegt.<\/p>\n<p><strong>[Echtzeit\u00fcberwachung und -steuerung]\u00a0<\/strong>\u00dcberwachung des Batteriebetriebsstatus (Spannung, aktuelle Temperatur, Ladezustand usw.) in Echtzeit.<\/p>\n<p><strong>[Wartungsfrei]\u00a0<\/strong>15 Jahre Lebensdauer und 6000 Zyklen (0,5 \u00b0C, 80% DOD bei 25 \u00b0C), wartungsfrei w\u00e4hrend der gesamten Lebensdauer und ein gro\u00dfer Betriebstemperaturbereich.<\/p>\n<h2>Spezifikationen<\/h2>\n<table style=\"border-collapse: collapse; width: 696px; height: 873px;\" border=\"0\" width=\"766\" cellspacing=\"0\" cellpadding=\"0\">\n<tbody>\n<tr style=\"height: 30.00pt;\">\n<td style=\"height: 30.00pt; width: 118.80pt;\" width=\"198\" height=\"50\">Typ\/Parameter<\/td>\n<td style=\"width: 85.20pt;\" width=\"142\">ANZ-10230R2<\/td>\n<td style=\"width: 85.20pt;\" width=\"142\">ANZ-10230R3<\/td>\n<td style=\"width: 85.20pt;\" width=\"142\">ANZ-10230R4<\/td>\n<td style=\"width: 85.20pt;\" width=\"142\">ANZ-10230R5<\/td>\n<\/tr>\n<tr style=\"height: 30.00pt;\">\n<td style=\"height: 30.00pt; width: 118.80pt;\" width=\"198\" height=\"50\">Batteriemodultyp<\/td>\n<td style=\"width: 340.8pt; text-align: center;\" colspan=\"4\" width=\"568\">ANZ-10230R<\/td>\n<\/tr>\n<tr style=\"height: 30.00pt;\">\n<td style=\"height: 30.00pt; width: 118.80pt;\" width=\"198\" height=\"50\">Modulnummer<\/td>\n<td style=\"width: 85.20pt;\" width=\"142\">2<\/td>\n<td style=\"width: 85.20pt;\" width=\"142\">3<\/td>\n<td style=\"width: 85.20pt;\" width=\"142\">4<\/td>\n<td style=\"width: 85.20pt;\" width=\"142\">5<\/td>\n<\/tr>\n<tr style=\"height: 30.00pt;\">\n<td style=\"height: 30.00pt; width: 118.80pt;\" width=\"198\" height=\"50\">Nennspannung (V)<\/td>\n<td style=\"width: 85.20pt;\" width=\"142\">204.8<\/td>\n<td style=\"width: 85.20pt;\" width=\"142\">307.2<\/td>\n<td style=\"width: 85.20pt;\" width=\"142\">409.6<\/td>\n<td style=\"width: 85.20pt;\" width=\"142\">512<\/td>\n<\/tr>\n<tr style=\"height: 30.00pt;\">\n<td style=\"height: 30.00pt; width: 118.80pt;\" width=\"198\" height=\"50\">Spannungsbereich (V)<\/td>\n<td style=\"width: 85.20pt;\" width=\"142\">179.2~224<\/td>\n<td style=\"width: 85.20pt;\" width=\"142\">268.8~336<\/td>\n<td style=\"width: 85.20pt;\" width=\"142\">358.4~448<\/td>\n<td style=\"width: 85.20pt;\" width=\"142\">448~560<\/td>\n<\/tr>\n<tr style=\"height: 30.00pt;\">\n<td style=\"height: 30.00pt; width: 118.80pt;\" width=\"198\" height=\"50\">Nennenergie (Wh)<\/td>\n<td style=\"width: 85.20pt;\" width=\"142\">6144<\/td>\n<td style=\"width: 85.20pt;\" width=\"142\">9216<\/td>\n<td style=\"width: 85.20pt;\" width=\"142\">12288<\/td>\n<td style=\"width: 85.20pt;\" width=\"142\">15360<\/td>\n<\/tr>\n<tr style=\"height: 30.00pt;\">\n<td style=\"height: 30.00pt; width: 118.80pt;\" width=\"198\" height=\"50\">Standard-Entladestrom (A)<\/td>\n<td style=\"width: 340.80pt;\" colspan=\"4\" width=\"568\">30<\/td>\n<\/tr>\n<tr style=\"height: 30.00pt;\">\n<td style=\"height: 30.00pt; width: 118.80pt;\" width=\"198\" height=\"50\">Abmessung: B*H*T (mm)<\/td>\n<td style=\"width: 85.20pt;\" width=\"142\">698*1140*130<\/td>\n<td style=\"width: 85.20pt;\" width=\"142\">698*1530*130<\/td>\n<td style=\"width: 85.20pt;\" width=\"142\">1596*1200*130<\/td>\n<td style=\"width: 85.20pt;\" width=\"142\">1596*1530*130<\/td>\n<\/tr>\n<tr style=\"height: 30.00pt;\">\n<td style=\"height: 30.00pt; width: 118.80pt;\" width=\"198\" height=\"50\">Gewicht (kg)<\/td>\n<td style=\"width: 85.20pt;\" width=\"142\">88<\/td>\n<td style=\"width: 85.20pt;\" width=\"142\">122<\/td>\n<td style=\"width: 85.20pt;\" width=\"142\">156<\/td>\n<td style=\"width: 85.20pt;\" width=\"142\">190<\/td>\n<\/tr>\n<tr style=\"height: 30.00pt;\">\n<td style=\"height: 30.00pt; width: 459.60pt;\" colspan=\"5\" width=\"766\" height=\"50\">Umgebungsparameter<\/td>\n<\/tr>\n<tr style=\"height: 30.00pt;\">\n<td style=\"height: 30.00pt; width: 118.80pt;\" width=\"198\" height=\"50\">IP<\/td>\n<td style=\"width: 340.80pt;\" colspan=\"4\" width=\"568\">IP65<\/td>\n<\/tr>\n<tr style=\"height: 30.00pt;\">\n<td style=\"height: 30.00pt; width: 118.80pt;\" width=\"198\" height=\"50\">Ladetemperaturbereich (\u2103)<\/td>\n<td style=\"width: 340.80pt;\" colspan=\"4\" width=\"568\">0~45<\/td>\n<\/tr>\n<tr style=\"height: 30.00pt;\">\n<td style=\"height: 30.00pt; width: 118.80pt;\" width=\"198\" height=\"50\">Entladungstemperaturbereich (\u2103)<\/td>\n<td style=\"width: 340.80pt;\" colspan=\"4\" width=\"568\">-20~60<\/td>\n<\/tr>\n<tr style=\"height: 30.00pt;\">\n<td style=\"height: 30.00pt; width: 118.80pt;\" width=\"198\" height=\"50\">Installationsmethode<\/td>\n<td style=\"width: 340.80pt;\" colspan=\"4\" width=\"568\">Bodenmontiert<\/td>\n<\/tr>\n<tr style=\"height: 30.00pt;\">\n<td style=\"height: 30.00pt; width: 459.60pt;\" colspan=\"5\" width=\"766\" height=\"50\">Lebensdauer<\/td>\n<\/tr>\n<tr style=\"height: 30.00pt;\">\n<td style=\"height: 30.00pt; width: 118.80pt;\" width=\"198\" height=\"50\">Zyklusleben (Zeit)<\/td>\n<td style=\"width: 340.80pt;\" colspan=\"4\" width=\"568\">&gt; 6000 (0,5 \u00b0C bei 25 \u00b0C, 80% DOD)<\/td>\n<\/tr>\n<tr style=\"height: 30.00pt;\">\n<td style=\"height: 30.00pt; width: 118.80pt;\" width=\"198\" height=\"50\">Design-Lebensdauer (Jahr)<\/td>\n<td style=\"width: 340.80pt;\" colspan=\"4\" width=\"568\">15<\/td>\n<\/tr>\n<tr style=\"height: 30.00pt;\">\n<td style=\"height: 30.00pt; width: 459.60pt;\" colspan=\"5\" width=\"766\" height=\"50\">Zertifizierung<\/td>\n<\/tr>\n<tr style=\"height: 30.00pt;\">\n<td style=\"height: 30.00pt; width: 118.80pt;\" width=\"198\" height=\"50\">Sicherheit und Zertifizierung<\/td>\n<td style=\"width: 340.80pt;\" colspan=\"4\" width=\"568\">CE, IEC62619<\/td>\n<\/tr>\n<tr style=\"height: 30.00pt;\">\n<td style=\"height: 30.00pt; width: 118.80pt;\" width=\"198\" height=\"50\">Transport<\/td>\n<td style=\"width: 340.80pt;\" colspan=\"4\" width=\"568\">UN38.3<\/td>\n<\/tr>\n<\/tbody>\n<\/table>","protected":false},"excerpt":{"rendered":"<p>Die stapelbaren Hochspannungsbatterien wurden von Amp Nova speziell f\u00fcr kleine und mittlere Wohnanwendungen entwickelt. Jedes Modul verf\u00fcgt \u00fcber ein intelligentes BMS, das Schutz vor \u00dcberspannung, Unterspannung, \u00dcberstrom, Kurzschluss, \u00dcbertemperatur und Untertemperatur bietet. Gleichzeitig wird ein mehrschichtiges Sicherheitsdesign (Material, Zelle, Struktur, Brandaerosol usw.) auch die Sicherheitsleistung des Produkts erheblich verbessern. Dar\u00fcber hinaus verf\u00fcgt es \u00fcber ein elegantes Design und ein cleveres Strukturdesign, ist einfach zu installieren und kann je nach Bedarf flexibel erweitert werden.<\/p>","protected":false},"featured_media":2287,"comment_status":"open","ping_status":"closed","template":"","meta":[],"product_cat":[86],"product_tag":[],"class_list":["post-2298","product","type-product","status-publish","has-post-thumbnail","hentry","product_cat-stackable-lifepo4-battery"],"acf":[],"_links":{"self":[{"href":"https:\/\/solarbatterymanufacturer.com\/de\/wp-json\/wp\/v2\/product\/2298","targetHints":{"allow":["GET"]}}],"collection":[{"href":"https:\/\/solarbatterymanufacturer.com\/de\/wp-json\/wp\/v2\/product"}],"about":[{"href":"https:\/\/solarbatterymanufacturer.com\/de\/wp-json\/wp\/v2\/types\/product"}],"replies":[{"embeddable":true,"href":"https:\/\/solarbatterymanufacturer.com\/de\/wp-json\/wp\/v2\/comments?post=2298"}],"version-history":[{"count":3,"href":"https:\/\/solarbatterymanufacturer.com\/de\/wp-json\/wp\/v2\/product\/2298\/revisions"}],"predecessor-version":[{"id":4053,"href":"https:\/\/solarbatterymanufacturer.com\/de\/wp-json\/wp\/v2\/product\/2298\/revisions\/4053"}],"wp:featuredmedia":[{"embeddable":true,"href":"https:\/\/solarbatterymanufacturer.com\/de\/wp-json\/wp\/v2\/media\/2287"}],"wp:attachment":[{"href":"https:\/\/solarbatterymanufacturer.com\/de\/wp-json\/wp\/v2\/media?parent=2298"}],"wp:term":[{"taxonomy":"product_cat","embeddable":true,"href":"https:\/\/solarbatterymanufacturer.com\/de\/wp-json\/wp\/v2\/product_cat?post=2298"},{"taxonomy":"product_tag","embeddable":true,"href":"https:\/\/solarbatterymanufacturer.com\/de\/wp-json\/wp\/v2\/product_tag?post=2298"}],"curies":[{"name":"wp","href":"https:\/\/api.w.org\/{rel}","templated":true}]}}