{"id":5014,"date":"2025-09-28T01:53:42","date_gmt":"2025-09-28T01:53:42","guid":{"rendered":"https:\/\/solarbatterymanufacturer.com\/?post_type=product&#038;p=5014"},"modified":"2025-09-28T01:59:19","modified_gmt":"2025-09-28T01:59:19","slug":"amp-nova-51-2v-200ah-lithium-battery","status":"publish","type":"product","link":"https:\/\/solarbatterymanufacturer.com\/de\/51.2v-200ah-lithium-battery","title":{"rendered":"Amp Nova 51,2 V 200 Ah Lithiumbatterie"},"content":{"rendered":"<h2>Beschreibungen:<\/h2>\n<p>Die Amp Nova 51,2V 200Ah Lithium-Batterie ist eine leistungsstarke Energiespeicherl\u00f6sung speziell f\u00fcr den privaten Gebrauch. Dieses Batteriemodul mit integriertem intelligentem Batteriemanagementsystem (BMS) zeichnet sich durch hohe Sicherheit, lange Lebensdauer, hohe Energiedichte, schnelles Laden, einen breiten Temperaturbereich und Umweltschutz aus. Sein elegantes und modernes Design erg\u00e4nzt die funktionalen Vorteile um eine ansprechende \u00c4sthetik. Amp Nova hat sich der sicheren und stabilen Stromversorgung von Energiespeichersystemen f\u00fcr Privathaushalte verschrieben, und dieses 200Ah-Serverrack-Batteriemodul ist ein Beweis f\u00fcr dieses Engagement.<\/p>\n<h2>Merkmale:<\/h2>\n<ul>\n<li><strong>LFP-Einzelzellen<\/strong>: Gew\u00e4hrleistet lange Lebensdauer, Sicherheit und einen gro\u00dfen Temperaturbereich.<\/li>\n<li><strong>Hohe Energiedichte<\/strong>: Bietet hohe Leistung in einem kleinen, leichten Design ohne Umweltverschmutzung.<\/li>\n<li><strong>Schnelles Aufladen<\/strong>: Hoher Wirkungsgrad f\u00fcr schnelle Energieauff\u00fcllung.<\/li>\n<li><strong>Integriertes BMS<\/strong>: Sch\u00fctzt Spannung, Strom und Temperatur \u00fcber die gesamte Lebensdauer.<\/li>\n<li><strong>Integrierte Kommunikationsschnittstelle<\/strong>: Erm\u00f6glicht nahtlose Kommunikation mit der Wechselrichtersteuerung.<\/li>\n<li><strong>LED-Anzeige<\/strong>: Zeigt den Ladezustand (SOC) und den Betriebsstatus an.<\/li>\n<li><strong>Standardisiertes Modul<\/strong>: Unterst\u00fctzt paralleles Design und Kompatibilit\u00e4t mit einer Vielzahl von Wechselrichtern.<\/li>\n<li><strong>Lange Designlebensdauer<\/strong>: Bietet 15 Jahre stabile Leistung und ist wartungsfrei.<\/li>\n<\/ul>\n<h2>Spezifikationen:<\/h2>\n<table style=\"border-collapse: collapse; width: 548.42pt;\" border=\"0\" width=\"914\" cellspacing=\"0\" cellpadding=\"0\">\n<tbody>\n<tr style=\"height: 50.00pt;\">\n<td class=\"et4\" style=\"height: 50.00pt; width: 548.40pt;\" colspan=\"2\" width=\"914\" height=\"83\">Grundlegende Spezifikationen<\/td>\n<\/tr>\n<tr style=\"height: 30.00pt;\">\n<td class=\"et5\" style=\"height: 30.00pt; width: 228.00pt;\" width=\"380\" height=\"50\">\u2022 Nennspannung<\/td>\n<td class=\"et5\" style=\"width: 320.40pt;\" width=\"534\">51,2 V (16S)<\/td>\n<\/tr>\n<tr style=\"height: 30.00pt;\">\n<td class=\"et6\" style=\"height: 30.00pt; width: 228.00pt;\" width=\"380\" height=\"50\">\u2022 Nennleistung<\/td>\n<td class=\"et6\" style=\"width: 320.40pt;\" width=\"534\">200 Ah<\/td>\n<\/tr>\n<tr style=\"height: 30.00pt;\">\n<td class=\"et5\" style=\"height: 30.00pt; width: 228.00pt;\" width=\"380\" height=\"50\">\u2022 Nennenergie<\/td>\n<td class=\"et5\" style=\"width: 320.40pt;\" width=\"534\">10240 Wh<\/td>\n<\/tr>\n<tr style=\"height: 30.00pt;\">\n<td class=\"et6\" style=\"height: 30.00pt; width: 228.00pt;\" width=\"380\" height=\"50\">\u2022 Lebensdauer<\/td>\n<td class=\"et6\" style=\"width: 320.40pt;\" width=\"534\">6000 (0,5 \u00b0C bei 25 \u00b0C, 80% DOD)<\/td>\n<\/tr>\n<tr style=\"height: 30.00pt;\">\n<td class=\"et5\" style=\"height: 30.00pt; width: 228.00pt;\" width=\"380\" height=\"50\">\u2022 Design-Lebensdauer<\/td>\n<td class=\"et5\" style=\"width: 320.40pt;\" width=\"534\">15 Jahre<\/td>\n<\/tr>\n<tr style=\"height: 50.00pt;\">\n<td class=\"et7\" style=\"height: 50.00pt; width: 228.00pt;\" width=\"380\" height=\"83\">Physikalische Spezifikationen<\/td>\n<td class=\"et6\" style=\"width: 320.40pt;\" width=\"534\"><\/td>\n<\/tr>\n<tr style=\"height: 30.00pt;\">\n<td class=\"et5\" style=\"height: 30.00pt; width: 228.00pt;\" width=\"380\" height=\"50\">\u2022 Abmessungen (L x B x H)<\/td>\n<td class=\"et5\" style=\"width: 320.40pt;\" width=\"534\">460*442*250 mm<\/td>\n<\/tr>\n<tr style=\"height: 30.00pt;\">\n<td class=\"et6\" style=\"height: 30.00pt; width: 228.00pt;\" width=\"380\" height=\"50\">\u2022 Gewicht<\/td>\n<td class=\"et6\" style=\"width: 320.40pt;\" width=\"534\">85 kg<\/td>\n<\/tr>\n<tr style=\"height: 30.00pt;\">\n<td class=\"et5\" style=\"height: 30.00pt; width: 228.00pt;\" width=\"380\" height=\"50\">\u2022 Kathodenmaterial<\/td>\n<td class=\"et5\" style=\"width: 320.40pt;\" width=\"534\">Lithiumeisenphosphat (LiFePo\u2084)<\/td>\n<\/tr>\n<tr style=\"height: 30.00pt;\">\n<td class=\"et6\" style=\"height: 30.00pt; width: 228.00pt;\" width=\"380\" height=\"50\">\u2022 Geh\u00e4usematerial<\/td>\n<td class=\"et6\" style=\"width: 320.40pt;\" width=\"534\">Metall<\/td>\n<\/tr>\n<tr style=\"height: 30.00pt;\">\n<td class=\"et5\" style=\"height: 30.00pt; width: 228.00pt;\" width=\"380\" height=\"50\">\u2022 Geh\u00e4usefarbe<\/td>\n<td class=\"et5\" style=\"width: 320.40pt;\" width=\"534\">Schwarz<\/td>\n<\/tr>\n<tr style=\"height: 30.00pt;\">\n<td class=\"et6\" style=\"height: 30.00pt; width: 228.00pt;\" width=\"380\" height=\"50\">\u2022 Anzeigemethode<\/td>\n<td class=\"et6\" style=\"width: 320.40pt;\" width=\"534\">LED + LCD-Bildschirm<\/td>\n<\/tr>\n<tr style=\"height: 50.00pt;\">\n<td class=\"et8\" style=\"height: 50.00pt; width: 548.40pt;\" colspan=\"2\" width=\"914\" height=\"83\">Betriebsspezifikationen<\/td>\n<\/tr>\n<tr style=\"height: 30.00pt;\">\n<td class=\"et6\" style=\"height: 30.00pt; width: 228.00pt;\" width=\"380\" height=\"50\">\u2022 Spannungsbereich<\/td>\n<td class=\"et6\" style=\"width: 320.40pt;\" width=\"534\">44,8-56 V<\/td>\n<\/tr>\n<tr style=\"height: 30.00pt;\">\n<td class=\"et5\" style=\"height: 30.00pt; width: 228.00pt;\" width=\"380\" height=\"50\">\u2022 Abschaltspannung<\/td>\n<td class=\"et5\" style=\"width: 320.40pt;\" width=\"534\">44,8 V<\/td>\n<\/tr>\n<tr style=\"height: 30.00pt;\">\n<td class=\"et6\" style=\"height: 30.00pt; width: 228.00pt;\" width=\"380\" height=\"50\">\u2022 Empfohlener Ladestrom<\/td>\n<td class=\"et6\" style=\"width: 320.40pt;\" width=\"534\">\u2264100 A<\/td>\n<\/tr>\n<tr style=\"height: 30.00pt;\">\n<td class=\"et5\" style=\"height: 30.00pt; width: 228.00pt;\" width=\"380\" height=\"50\">\u2022 Maximaler Ladestrom<\/td>\n<td class=\"et5\" style=\"width: 320.40pt;\" width=\"534\">100 A<\/td>\n<\/tr>\n<tr style=\"height: 30.00pt;\">\n<td class=\"et6\" style=\"height: 30.00pt; width: 228.00pt;\" width=\"380\" height=\"50\">\u2022 Maximaler Entladestrom<\/td>\n<td class=\"et6\" style=\"width: 320.40pt;\" width=\"534\">100 A<\/td>\n<\/tr>\n<tr style=\"height: 50.00pt;\">\n<td class=\"et8\" style=\"height: 50.00pt; width: 548.40pt;\" colspan=\"2\" width=\"914\" height=\"83\">Umweltspezifikationen<\/td>\n<\/tr>\n<tr style=\"height: 30.00pt;\">\n<td class=\"et6\" style=\"height: 30.00pt; width: 228.00pt;\" width=\"380\" height=\"50\">\u2022 Relative Luftfeuchtigkeit<\/td>\n<td class=\"et6\" style=\"width: 320.40pt;\" width=\"534\">5-95%<\/td>\n<\/tr>\n<tr style=\"height: 30.00pt;\">\n<td class=\"et5\" style=\"height: 30.00pt; width: 228.00pt;\" width=\"380\" height=\"50\">\u2022 Ladetemperatur<\/td>\n<td class=\"et5\" style=\"width: 320.40pt;\" width=\"534\">-20 bis 45 \u00b0C \/ -4 bis 113 \u00b0F (Heizung aktiv, wenn unter 0 \u00b0C \/ 32 \u00b0F)<\/td>\n<\/tr>\n<tr style=\"height: 30.00pt;\">\n<td class=\"et6\" style=\"height: 30.00pt; width: 228.00pt;\" width=\"380\" height=\"50\">\u2022 Entladungstemperaturbereich<\/td>\n<td class=\"et6\" style=\"width: 320.40pt;\" width=\"534\">-20 bis 55 \u00b0C \/ -4 bis 131 \u00b0F<\/td>\n<\/tr>\n<tr style=\"height: 30.00pt;\">\n<td class=\"et5\" style=\"height: 30.00pt; width: 228.00pt;\" width=\"380\" height=\"50\">\u2022 Lagertemperaturbereich<\/td>\n<td class=\"et5\" style=\"width: 320.40pt;\" width=\"534\">-20 bis 55 \u00b0C \/ -4 bis 131 \u00b0F<\/td>\n<\/tr>\n<tr style=\"height: 50.00pt;\">\n<td class=\"et7\" style=\"height: 50.00pt; width: 228.00pt;\" width=\"380\" height=\"83\">Zertifizierungen<\/td>\n<td class=\"et6\" style=\"width: 320.40pt;\" width=\"534\"><\/td>\n<\/tr>\n<tr style=\"height: 30.00pt;\">\n<td class=\"et5\" style=\"height: 30.00pt; width: 228.00pt;\" width=\"380\" height=\"50\">\u2022 Sicherheit<\/td>\n<td class=\"et5\" style=\"width: 320.40pt;\" width=\"534\">CE, EMV, T\u00dcV (IEC62619)<\/td>\n<\/tr>\n<tr style=\"height: 30.00pt;\">\n<td class=\"et6\" style=\"height: 30.00pt; width: 228.00pt;\" width=\"380\" height=\"50\">\u2022 Transport<\/td>\n<td class=\"et6\" style=\"width: 320.40pt;\" width=\"534\">UN38.3<\/td>\n<\/tr>\n<\/tbody>\n<\/table>","protected":false},"excerpt":{"rendered":"<p>Der Amp Nova 51,2-V-Lithium-Ionen-Akku mit 200 Ah ist eine robuste Energiespeicherl\u00f6sung mit hoher Kapazit\u00e4t f\u00fcr Anwendungen, die eine zuverl\u00e4ssige und effiziente Stromversorgung erfordern. Dank seines rackmontierbaren Designs ist er einfach zu installieren und skalierbar und somit ideal f\u00fcr Rechenzentren, Telekommunikationssysteme sowie diverse gewerbliche und industrielle Umgebungen geeignet. Dieses 200-Ah-Modell gew\u00e4hrleistet eine konstante Leistung und Stromversorgung und erf\u00fcllt selbst h\u00f6chste Anspr\u00fcche an Ihre Energieversorgung.<\/p>","protected":false},"featured_media":5015,"comment_status":"open","ping_status":"closed","template":"","meta":[],"product_cat":[66],"product_tag":[],"class_list":["post-5014","product","type-product","status-publish","has-post-thumbnail","hentry","product_cat-server-rack-battery"],"acf":[],"_links":{"self":[{"href":"https:\/\/solarbatterymanufacturer.com\/de\/wp-json\/wp\/v2\/product\/5014","targetHints":{"allow":["GET"]}}],"collection":[{"href":"https:\/\/solarbatterymanufacturer.com\/de\/wp-json\/wp\/v2\/product"}],"about":[{"href":"https:\/\/solarbatterymanufacturer.com\/de\/wp-json\/wp\/v2\/types\/product"}],"replies":[{"embeddable":true,"href":"https:\/\/solarbatterymanufacturer.com\/de\/wp-json\/wp\/v2\/comments?post=5014"}],"version-history":[{"count":1,"href":"https:\/\/solarbatterymanufacturer.com\/de\/wp-json\/wp\/v2\/product\/5014\/revisions"}],"predecessor-version":[{"id":5018,"href":"https:\/\/solarbatterymanufacturer.com\/de\/wp-json\/wp\/v2\/product\/5014\/revisions\/5018"}],"wp:featuredmedia":[{"embeddable":true,"href":"https:\/\/solarbatterymanufacturer.com\/de\/wp-json\/wp\/v2\/media\/5015"}],"wp:attachment":[{"href":"https:\/\/solarbatterymanufacturer.com\/de\/wp-json\/wp\/v2\/media?parent=5014"}],"wp:term":[{"taxonomy":"product_cat","embeddable":true,"href":"https:\/\/solarbatterymanufacturer.com\/de\/wp-json\/wp\/v2\/product_cat?post=5014"},{"taxonomy":"product_tag","embeddable":true,"href":"https:\/\/solarbatterymanufacturer.com\/de\/wp-json\/wp\/v2\/product_tag?post=5014"}],"curies":[{"name":"wp","href":"https:\/\/api.w.org\/{rel}","templated":true}]}}