{"id":1015,"date":"2021-10-27T12:14:03","date_gmt":"2021-10-27T12:14:03","guid":{"rendered":"http:\/\/bsmthemes.com\/electra\/?post_type=product&#038;p=1015"},"modified":"2023-05-06T03:34:19","modified_gmt":"2023-05-06T03:34:19","slug":"solar-module","status":"publish","type":"product","link":"https:\/\/solarbatterymanufacturer.com\/es\/amp-nova-12.8v-100ah-lead-acid-replacement-battery","title":{"rendered":"Bater\u00eda de repuesto de \u00e1cido de plomo Amp Nova 12.8V 100Ah"},"content":{"rendered":"<div data-elementor-type=\"product-post\" data-elementor-id=\"1015\" class=\"elementor elementor-1015\">\n\t\t\t\t\t\t\t\t\t<section class=\"elementor-section elementor-top-section elementor-element elementor-element-5c873225 elementor-section-boxed elementor-section-height-default elementor-section-height-default\" data-id=\"5c873225\" data-element_type=\"section\">\n\t\t\t\t\t\t<div class=\"elementor-container elementor-column-gap-default\">\n\t\t\t\t\t<div class=\"elementor-column elementor-col-100 elementor-top-column elementor-element elementor-element-121529e3\" data-id=\"121529e3\" data-element_type=\"column\">\n\t\t\t<div class=\"elementor-widget-wrap elementor-element-populated\">\n\t\t\t\t\t\t\t\t<div class=\"elementor-element elementor-element-12fe4546 elementor-widget elementor-widget-text-editor\" data-id=\"12fe4546\" data-element_type=\"widget\" data-widget_type=\"text-editor.default\">\n\t\t\t\t<div class=\"elementor-widget-container\">\n\t\t\t<style>\/*! elementor - v3.12.1 - 02-04-2023 *\/\n.elementor-widget-text-editor.elementor-drop-cap-view-stacked .elementor-drop-cap{background-color:#69727d;color:#fff}.elementor-widget-text-editor.elementor-drop-cap-view-framed .elementor-drop-cap{color:#69727d;border:3px solid;background-color:transparent}.elementor-widget-text-editor:not(.elementor-drop-cap-view-default) .elementor-drop-cap{margin-top:8px}.elementor-widget-text-editor:not(.elementor-drop-cap-view-default) .elementor-drop-cap-letter{width:1em;height:1em}.elementor-widget-text-editor .elementor-drop-cap{float:left;text-align:center;line-height:1;font-size:50px}.elementor-widget-text-editor .elementor-drop-cap-letter{display:inline-block}<\/style>\t\t\t\t<h2>Descripciones:<\/h2><p>Los m\u00f3dulos de bater\u00eda de fosfato de hierro y litio (LFP) de 12 V y 100 Ah est\u00e1n especialmente dise\u00f1ados para aplicaciones m\u00faltiples por Amp Nova. Estos m\u00f3dulos de bater\u00eda adoptan un dise\u00f1o de carcasa de ABS y se pueden utilizar las 24 horas del d\u00eda, los 7 d\u00edas de la semana. Los m\u00f3dulos de bater\u00eda poseen BMS inteligente integrado en su interior, lo que ofrece grandes ventajas en t\u00e9rminos de seguridad, ciclo de vida, densidad de energ\u00eda y rango de temperatura.<\/p><h2>Caracter\u00edsticas:<\/h2><ul><li><p style=\"-webkit-font-smoothing: antialiased; --tw-border-spacing-x: 0; --tw-border-spacing-y: 0; --tw-translate-x: 0; --tw-translate-y: 0; --tw-rotate: 0; --tw-skew-x: 0; --tw-skew-y: 0; --tw-scale-x: 1; --tw-scale-y: 1; --tw-scroll-snap-strictness: proximity; --tw-ring-offset-width: 0px; --tw-ring-offset-color: #fff; --tw-ring-color: rgb(59 130 246 \/ 0.5); --tw-ring-offset-shadow: 0 0 #0000; --tw-ring-shadow: 0 0 #0000; --tw-shadow: 0 0 #0000; --tw-shadow-colored: 0 0 #0000; margin-top: 24px; color: #282828; font-family: 'Ridley Grotesk Medium'; font-size: 14px;\"><strong><span style=\"-webkit-font-smoothing: antialiased; --tw-border-spacing-x: 0; --tw-border-spacing-y: 0; --tw-translate-x: 0; --tw-translate-y: 0; --tw-rotate: 0; --tw-skew-x: 0; --tw-skew-y: 0; --tw-scale-x: 1; --tw-scale-y: 1; --tw-scroll-snap-strictness: proximity; --tw-ring-offset-width: 0px; --tw-ring-offset-color: #fff; --tw-ring-color: rgb(59 130 246 \/ 0.5); --tw-ring-offset-shadow: 0 0 #0000; --tw-ring-shadow: 0 0 #0000; --tw-shadow: 0 0 #0000; --tw-shadow-colored: 0 0 #0000;\" data-mce-fragment=\"1\">[Calefacci\u00f3n a baja temperatura] <\/span><\/strong>Cuando se conectan a una fuente de alimentaci\u00f3n externa, todas nuestras bater\u00edas multiprop\u00f3sito se pueden calentar para garantizar el funcionamiento y la carga normales en temperaturas tan bajas como:\u00a0<span style=\"-webkit-font-smoothing: antialiased; --tw-border-spacing-x: 0; --tw-border-spacing-y: 0; --tw-translate-x: 0; --tw-translate-y: 0; --tw-rotate: 0; --tw-skew-x: 0; --tw-skew-y: 0; --tw-scale-x: 1; --tw-scale-y: 1; --tw-scroll-snap-strictness: proximity; --tw-ring-offset-width: 0px; --tw-ring-offset-color: #fff; --tw-ring-color: rgb(59 130 246 \/ 0.5); --tw-ring-offset-shadow: 0 0 #0000; --tw-ring-shadow: 0 0 #0000; --tw-shadow: 0 0 #0000; --tw-shadow-colored: 0 0 #0000;\" data-mce-fragment=\"1\">20\u00b0C (-5\u00b0F)<\/span>.<\/p><p style=\"-webkit-font-smoothing: antialiased; --tw-border-spacing-x: 0; --tw-border-spacing-y: 0; --tw-translate-x: 0; --tw-translate-y: 0; --tw-rotate: 0; --tw-skew-x: 0; --tw-skew-y: 0; --tw-scale-x: 1; --tw-scale-y: 1; --tw-scroll-snap-strictness: proximity; --tw-ring-offset-width: 0px; --tw-ring-offset-color: #fff; --tw-ring-color: rgb(59 130 246 \/ 0.5); --tw-ring-offset-shadow: 0 0 #0000; --tw-ring-shadow: 0 0 #0000; --tw-shadow: 0 0 #0000; --tw-shadow-colored: 0 0 #0000; margin-top: 24px; color: #282828; font-family: 'Ridley Grotesk Medium'; font-size: 14px;\"><strong><span style=\"-webkit-font-smoothing: antialiased; --tw-border-spacing-x: 0; --tw-border-spacing-y: 0; --tw-translate-x: 0; --tw-translate-y: 0; --tw-rotate: 0; --tw-skew-x: 0; --tw-skew-y: 0; --tw-scale-x: 1; --tw-scale-y: 1; --tw-scroll-snap-strictness: proximity; --tw-ring-offset-width: 0px; --tw-ring-offset-color: #fff; --tw-ring-color: rgb(59 130 246 \/ 0.5); --tw-ring-offset-shadow: 0 0 #0000; --tw-ring-shadow: 0 0 #0000; --tw-shadow: 0 0 #0000; --tw-shadow-colored: 0 0 #0000;\" data-mce-fragment=\"1\">[Bluetooth]<\/span><\/strong>\u00a0Con\u00e9ctese a su bater\u00eda a trav\u00e9s de Bluetooth usando nuestra aplicaci\u00f3n m\u00f3vil para un monitoreo continuo y en tiempo real del estado de carga, la temperatura y la salud de su bater\u00eda.<\/p><p>\u00a0<\/p><p class=\"ace-line ace-line old-record-id-doxcnyygeqa2i20q84BXrkmJ9tb\" style=\"-webkit-font-smoothing: antialiased; --tw-border-spacing-x: 0; --tw-border-spacing-y: 0; --tw-translate-x: 0; --tw-translate-y: 0; --tw-rotate: 0; --tw-skew-x: 0; --tw-skew-y: 0; --tw-scale-x: 1; --tw-scale-y: 1; --tw-scroll-snap-strictness: proximity; --tw-ring-offset-width: 0px; --tw-ring-offset-color: #fff; --tw-ring-color: rgb(59 130 246 \/ 0.5); --tw-ring-offset-shadow: 0 0 #0000; --tw-ring-shadow: 0 0 #0000; --tw-shadow: 0 0 #0000; --tw-shadow-colored: 0 0 #0000;\" data-mce-fragment=\"1\"><strong><span style=\"-webkit-font-smoothing: antialiased; --tw-border-spacing-x: 0; --tw-border-spacing-y: 0; --tw-translate-x: 0; --tw-translate-y: 0; --tw-rotate: 0; --tw-skew-x: 0; --tw-skew-y: 0; --tw-scale-x: 1; --tw-scale-y: 1; --tw-scroll-snap-strictness: proximity; --tw-ring-offset-width: 0px; --tw-ring-offset-color: #fff; --tw-ring-color: rgb(59 130 246 \/ 0.5); --tw-ring-offset-shadow: 0 0 #0000; --tw-ring-shadow: 0 0 #0000; --tw-shadow: 0 0 #0000; --tw-shadow-colored: 0 0 #0000;\" data-mce-fragment=\"1\">[IP65]<\/span><\/strong>\u00a0<span style=\"-webkit-font-smoothing: antialiased; --tw-border-spacing-x: 0; --tw-border-spacing-y: 0; --tw-translate-x: 0; --tw-translate-y: 0; --tw-rotate: 0; --tw-skew-x: 0; --tw-skew-y: 0; --tw-scale-x: 1; --tw-scale-y: 1; --tw-scroll-snap-strictness: proximity; --tw-ring-offset-width: 0px; --tw-ring-offset-color: #fff; --tw-ring-color: rgb(59 130 246 \/ 0.5); --tw-ring-offset-shadow: 0 0 #0000; --tw-ring-shadow: 0 0 #0000; --tw-shadow: 0 0 #0000; --tw-shadow-colored: 0 0 #0000;\" data-mce-fragment=\"1\">Asegure tranquilidad durante su pr\u00f3xima aventura de pesca o deportes acu\u00e1ticos. Nuestras bater\u00edas tienen una protecci\u00f3n total IP65 contra el polvo y ofrecen una protecci\u00f3n significativa contra salpicaduras y aerosoles de agua, lo que las hace adecuadas para casi cualquier aplicaci\u00f3n.<\/span><\/p><p class=\"ace-line ace-line old-record-id-doxcnyygeqa2i20q84BXrkmJ9tb\" style=\"-webkit-font-smoothing: antialiased; --tw-border-spacing-x: 0; --tw-border-spacing-y: 0; --tw-translate-x: 0; --tw-translate-y: 0; --tw-rotate: 0; --tw-skew-x: 0; --tw-skew-y: 0; --tw-scale-x: 1; --tw-scale-y: 1; --tw-scroll-snap-strictness: proximity; --tw-ring-offset-width: 0px; --tw-ring-offset-color: #fff; --tw-ring-color: rgb(59 130 246 \/ 0.5); --tw-ring-offset-shadow: 0 0 #0000; --tw-ring-shadow: 0 0 #0000; --tw-shadow: 0 0 #0000; --tw-shadow-colored: 0 0 #0000; margin-top: 24px;\" data-mce-fragment=\"1\"><span style=\"-webkit-font-smoothing: antialiased; --tw-border-spacing-x: 0; --tw-border-spacing-y: 0; --tw-translate-x: 0; --tw-translate-y: 0; --tw-rotate: 0; --tw-skew-x: 0; --tw-skew-y: 0; --tw-scale-x: 1; --tw-scale-y: 1; --tw-scroll-snap-strictness: proximity; --tw-ring-offset-width: 0px; --tw-ring-offset-color: #fff; --tw-ring-color: rgb(59 130 246 \/ 0.5); --tw-ring-offset-shadow: 0 0 #0000; --tw-ring-shadow: 0 0 #0000; --tw-shadow: 0 0 #0000; --tw-shadow-colored: 0 0 #0000;\" data-mce-fragment=\"1\"><strong><span style=\"-webkit-font-smoothing: antialiased; --tw-border-spacing-x: 0; --tw-border-spacing-y: 0; --tw-translate-x: 0; --tw-translate-y: 0; --tw-rotate: 0; --tw-skew-x: 0; --tw-skew-y: 0; --tw-scale-x: 1; --tw-scale-y: 1; --tw-scroll-snap-strictness: proximity; --tw-ring-offset-width: 0px; --tw-ring-offset-color: #fff; --tw-ring-color: rgb(59 130 246 \/ 0.5); --tw-ring-offset-shadow: 0 0 #0000; --tw-ring-shadow: 0 0 #0000; --tw-shadow: 0 0 #0000; --tw-shadow-colored: 0 0 #0000;\" data-mce-fragment=\"1\">[Dise\u00f1o desmontable]<\/span><\/strong> El dise\u00f1o desmontable garantiza un buen mantenimiento de la bater\u00eda y evita da\u00f1os a la carcasa durante posibles reparaciones. (La reparaci\u00f3n requiere ingenieros capacitados y equipo profesional, y la operaci\u00f3n no profesional puede resultar en una clasificaci\u00f3n de protecci\u00f3n IP m\u00e1s baja, lo que en \u00faltima instancia afectar\u00e1 la garant\u00eda de su producto).<\/span><\/p><p class=\"ace-line ace-line old-record-id-doxcn80cGMMqK4Kig0WiWDlgBDc\" style=\"-webkit-font-smoothing: antialiased; --tw-border-spacing-x: 0; --tw-border-spacing-y: 0; --tw-translate-x: 0; --tw-translate-y: 0; --tw-rotate: 0; --tw-skew-x: 0; --tw-skew-y: 0; --tw-scale-x: 1; --tw-scale-y: 1; --tw-scroll-snap-strictness: proximity; --tw-ring-offset-width: 0px; --tw-ring-offset-color: #fff; --tw-ring-color: rgb(59 130 246 \/ 0.5); --tw-ring-offset-shadow: 0 0 #0000; --tw-ring-shadow: 0 0 #0000; --tw-shadow: 0 0 #0000; --tw-shadow-colored: 0 0 #0000; margin-top: 24px;\" data-mce-fragment=\"1\"><strong><span style=\"-webkit-font-smoothing: antialiased; --tw-border-spacing-x: 0; --tw-border-spacing-y: 0; --tw-translate-x: 0; --tw-translate-y: 0; --tw-rotate: 0; --tw-skew-x: 0; --tw-skew-y: 0; --tw-scale-x: 1; --tw-scale-y: 1; --tw-scroll-snap-strictness: proximity; --tw-ring-offset-width: 0px; --tw-ring-offset-color: #fff; --tw-ring-color: rgb(59 130 246 \/ 0.5); --tw-ring-offset-shadow: 0 0 #0000; --tw-ring-shadow: 0 0 #0000; --tw-shadow: 0 0 #0000; --tw-shadow-colored: 0 0 #0000;\">[BMS confiable]<\/span><\/strong>\u00a0Nuestro BMS (sistema de gesti\u00f3n de bater\u00eda) inteligente proporciona prevenci\u00f3n permanente de cortocircuitos y sobretensi\u00f3n\/subtensi\u00f3n, as\u00ed como control de temperatura.<\/p><p class=\"ace-line ace-line old-record-id-doxcn80cGMMqK4Kig0WiWDlgBDc\" style=\"-webkit-font-smoothing: antialiased; --tw-border-spacing-x: 0; --tw-border-spacing-y: 0; --tw-translate-x: 0; --tw-translate-y: 0; --tw-rotate: 0; --tw-skew-x: 0; --tw-skew-y: 0; --tw-scale-x: 1; --tw-scale-y: 1; --tw-scroll-snap-strictness: proximity; --tw-ring-offset-width: 0px; --tw-ring-offset-color: #fff; --tw-ring-color: rgb(59 130 246 \/ 0.5); --tw-ring-offset-shadow: 0 0 #0000; --tw-ring-shadow: 0 0 #0000; --tw-shadow: 0 0 #0000; --tw-shadow-colored: 0 0 #0000; margin-top: 24px; margin-bottom: 0px !important;\" data-mce-fragment=\"1\"><strong><span style=\"-webkit-font-smoothing: antialiased; --tw-border-spacing-x: 0; --tw-border-spacing-y: 0; --tw-translate-x: 0; --tw-translate-y: 0; --tw-rotate: 0; --tw-skew-x: 0; --tw-skew-y: 0; --tw-scale-x: 1; --tw-scale-y: 1; --tw-scroll-snap-strictness: proximity; --tw-ring-offset-width: 0px; --tw-ring-offset-color: #fff; --tw-ring-color: rgb(59 130 246 \/ 0.5); --tw-ring-offset-shadow: 0 0 #0000; --tw-ring-shadow: 0 0 #0000; --tw-shadow: 0 0 #0000; --tw-shadow-colored: 0 0 #0000;\">[Equilibrio inteligente]<\/span><\/strong>\u00a0Nuestros circuitos de equilibrio incorporados extienden la vida \u00fatil operativa de su bater\u00eda al garantizar que todas las celdas de la bater\u00eda se utilicen por igual.<\/p><p>\u00a0<\/p><\/li><\/ul><h2>Especificaciones<\/h2><div><table style=\"width: 745px; height: 1327px;\" border=\"0\" width=\"645\" cellspacing=\"0\" cellpadding=\"0\"><colgroup><col style=\"width: 251.40pt;\" width=\"419\" \/> <col style=\"width: 135.60pt;\" width=\"226\" \/> <\/colgroup><tbody><tr style=\"height: 30.00pt;\"><td class=\"et3\" style=\"height: 30.00pt; width: 387.00pt;\" colspan=\"2\" width=\"645\" height=\"50\"><h4>Especificaciones b\u00e1sicas<\/h4><\/td><\/tr><tr style=\"height: 30.00pt;\"><td class=\"et4\" style=\"height: 30.00pt; width: 251.40pt;\" width=\"419\" height=\"50\">\u2022 Tensi\u00f3n nominal<\/td><td class=\"et4\" style=\"width: 135.60pt;\" width=\"226\">12,8 voltios<\/td><\/tr><tr style=\"height: 30.00pt;\"><td class=\"et5\" style=\"height: 30.00pt; width: 251.40pt;\" width=\"419\" height=\"50\">\u2022 Capacidad nominal<\/td><td class=\"et5\" style=\"width: 135.60pt;\" width=\"226\">100 Ah<\/td><\/tr><tr style=\"height: 30.00pt;\"><td class=\"et4\" style=\"height: 30.00pt; width: 251.40pt;\" width=\"419\" height=\"50\">\u2022 Energ\u00eda nominal<\/td><td class=\"et4\" style=\"width: 135.60pt;\" width=\"226\">1280 Wh<\/td><\/tr><tr style=\"height: 30.00pt;\"><td class=\"et5\" style=\"height: 30.00pt; width: 251.40pt;\" width=\"419\" height=\"50\">\u2022 Ciclo de vida<\/td><td class=\"et5\" style=\"width: 135.60pt;\" width=\"226\">6000 (0.5C@25\u00b0C, DOD 80%)<\/td><\/tr><tr style=\"height: 30.00pt;\"><td class=\"et4\" style=\"height: 30.00pt; width: 251.40pt;\" width=\"419\" height=\"50\">\u2022 Vida \u00fatil del dise\u00f1o<\/td><td class=\"et4\" style=\"width: 135.60pt;\" width=\"226\">15 a\u00f1os<\/td><\/tr><tr style=\"height: 46.00pt;\"><td class=\"et3\" style=\"height: 46.00pt; width: 387.00pt;\" colspan=\"2\" width=\"645\" height=\"76\"><h4>Especificaciones f\u00edsicas<\/h4><\/td><\/tr><tr style=\"height: 30.00pt;\"><td class=\"et4\" style=\"height: 30.00pt; width: 251.40pt;\" width=\"419\" height=\"50\">\u2022 Dimensiones (L x An x Al)<\/td><td class=\"et4\" style=\"width: 135.60pt;\" width=\"226\">12,99 x 6,77 x 8,66 pulgadas \/ 330 x 172 x 220 mm<\/td><\/tr><tr style=\"height: 30.00pt;\"><td class=\"et5\" style=\"height: 30.00pt; width: 251.40pt;\" width=\"419\" height=\"50\">\u2022 Peso<\/td><td class=\"et5\" style=\"width: 135.60pt;\" width=\"226\">24,64 libras\/11,2 kg<\/td><\/tr><tr style=\"height: 30.00pt;\"><td class=\"et4\" style=\"height: 30.00pt; width: 251.40pt;\" width=\"419\" height=\"50\">\u2022 Material del c\u00e1todo<\/td><td class=\"et4\" style=\"width: 135.60pt;\" width=\"226\">Fosfato de hierro y litio (LiFePo\u2084)<\/td><\/tr><tr style=\"height: 30.00pt;\"><td class=\"et5\" style=\"height: 30.00pt; width: 251.40pt;\" width=\"419\" height=\"50\">\u2022 Material de la Caja<\/td><td class=\"et5\" style=\"width: 135.60pt;\" width=\"226\">ABS (Acrilonitrilo butadieno estireno)<\/td><\/tr><tr style=\"height: 30.00pt;\"><td class=\"et4\" style=\"height: 30.00pt; width: 251.40pt;\" width=\"419\" height=\"50\">\u2022 Color de la caja<\/td><td class=\"et4\" style=\"width: 135.60pt;\" width=\"226\">Negro<\/td><\/tr><tr style=\"height: 30.00pt;\"><td class=\"et5\" style=\"height: 30.00pt; width: 251.40pt;\" width=\"419\" height=\"50\">\u2022 Conectividad<\/td><td class=\"et5\" style=\"width: 135.60pt;\" width=\"226\">Bluetooth<\/td><\/tr><tr style=\"height: 30.00pt;\"><td class=\"et3\" style=\"height: 30.00pt; width: 387.00pt;\" colspan=\"2\" width=\"645\" height=\"50\"><strong>Especificaciones de funcionamiento<\/strong><\/td><\/tr><tr style=\"height: 30.00pt;\"><td class=\"et5\" style=\"height: 30.00pt; width: 251.40pt;\" width=\"419\" height=\"50\">\u2022 Rango de voltaje<\/td><td class=\"et5\" style=\"width: 135.60pt;\" width=\"226\">10-14V<\/td><\/tr><tr style=\"height: 30.00pt;\"><td class=\"et4\" style=\"height: 30.00pt; width: 251.40pt;\" width=\"419\" height=\"50\">\u2022 Voltaje de corte<\/td><td class=\"et4\" style=\"width: 135.60pt;\" width=\"226\">10 voltios<\/td><\/tr><tr style=\"height: 30.00pt;\"><td class=\"et5\" style=\"height: 30.00pt; width: 251.40pt;\" width=\"419\" height=\"50\">\u2022 Corriente de carga recomendada<\/td><td class=\"et5\" style=\"width: 135.60pt;\" width=\"226\">\u226430A<\/td><\/tr><tr style=\"height: 30.00pt;\"><td class=\"et4\" style=\"height: 30.00pt; width: 251.40pt;\" width=\"419\" height=\"50\">\u2022 Corriente de carga m\u00e1xima<\/td><td class=\"et4\" style=\"width: 135.60pt;\" width=\"226\">100A<\/td><\/tr><tr style=\"height: 30.00pt;\"><td class=\"et5\" style=\"height: 30.00pt; width: 251.40pt;\" width=\"419\" height=\"50\">\u2022 Corriente m\u00e1xima de descarga<\/td><td class=\"et5\" style=\"width: 135.60pt;\" width=\"226\">100 A (constante), 150 A (pulso de 30 s)<\/td><\/tr><tr style=\"height: 30.00pt;\"><td class=\"et3\" style=\"height: 30.00pt; width: 387.00pt;\" colspan=\"2\" width=\"645\" height=\"50\"><h4>Especificaciones ambientales<\/h4><\/td><\/tr><tr style=\"height: 30.00pt;\"><td class=\"et5\" style=\"height: 30.00pt; width: 251.40pt;\" width=\"419\" height=\"50\">\u2022 Humedad relativa<\/td><td class=\"et5\" style=\"width: 135.60pt;\" width=\"226\">5-95%<\/td><\/tr><tr style=\"height: 30.00pt;\"><td class=\"et4\" style=\"height: 30.00pt; width: 251.40pt;\" width=\"419\" height=\"50\">\u2022 Temperatura de carga<\/td><td class=\"et4\" style=\"width: 135.60pt;\" width=\"226\">-20 a 45 \u00b0C \/ -4 a 113 \u00b0F (calefacci\u00f3n activa cuando est\u00e1 por debajo de 0 \u00b0C \/ 32 \u00b0F)<\/td><\/tr><tr style=\"height: 30.00pt;\"><td class=\"et5\" style=\"height: 30.00pt; width: 251.40pt;\" width=\"419\" height=\"50\">\u2022 Rango de temperatura de descarga<\/td><td class=\"et5\" style=\"width: 135.60pt;\" width=\"226\">-20 a 55\u00b0C \/ -4 a 131\u00b0F<\/td><\/tr><tr style=\"height: 30.00pt;\"><td class=\"et4\" style=\"height: 30.00pt; width: 251.40pt;\" width=\"419\" height=\"50\">\u2022 Rango de temperatura de almacenamiento<\/td><td class=\"et4\" style=\"width: 135.60pt;\" width=\"226\">-20 a 55\u00b0C \/ -4 a 131\u00b0F<\/td><\/tr><tr style=\"height: 30.00pt;\"><td class=\"et3\" style=\"height: 30.00pt; width: 387.00pt;\" colspan=\"2\" width=\"645\" height=\"50\"><h4>Certificaciones<\/h4><\/td><\/tr><tr style=\"height: 30.00pt;\"><td class=\"et4\" style=\"height: 30.00pt; width: 251.40pt;\" width=\"419\" height=\"50\">\u2022 Seguridad<\/td><td class=\"et4\" style=\"width: 135.60pt;\" width=\"226\">UL1973<\/td><\/tr><tr style=\"height: 30.00pt;\"><td class=\"et6\" style=\"height: 30.00pt; width: 251.40pt;\" width=\"419\" height=\"50\">\u2022 Transporte<\/td><td class=\"et6\" style=\"width: 135.60pt;\" width=\"226\">UN38.3<\/td><\/tr><\/tbody><\/table><\/div><div>\u00a0<\/div>\t\t\t\t\t\t<\/div>\n\t\t\t\t<\/div>\n\t\t\t\t\t<\/div>\n\t\t<\/div>\n\t\t\t\t\t\t\t<\/div>\n\t\t<\/section>\n\t\t\t\t\t\t\t<\/div>","protected":false},"excerpt":{"rendered":"<p>Los m\u00f3dulos de bater\u00eda de fosfato de hierro y litio (LFP) de 12 V y 100 Ah est\u00e1n especialmente dise\u00f1ados para aplicaciones m\u00faltiples por Amp Nova. Estos m\u00f3dulos de bater\u00eda adoptan un dise\u00f1o de carcasa de ABS y se pueden utilizar las 24 horas del d\u00eda, los 7 d\u00edas de la semana. Los m\u00f3dulos de bater\u00eda poseen BMS inteligente integrado en su interior, lo que ofrece grandes ventajas en t\u00e9rminos de seguridad, ciclo de vida, densidad de energ\u00eda y rango de temperatura.<\/p>","protected":false},"featured_media":2159,"comment_status":"open","ping_status":"closed","template":"","meta":[],"product_cat":[65],"product_tag":[],"class_list":["post-1015","product","type-product","status-publish","has-post-thumbnail","hentry","product_cat-lead-acid-replacement-battery"],"acf":[],"_links":{"self":[{"href":"https:\/\/solarbatterymanufacturer.com\/es\/wp-json\/wp\/v2\/product\/1015","targetHints":{"allow":["GET"]}}],"collection":[{"href":"https:\/\/solarbatterymanufacturer.com\/es\/wp-json\/wp\/v2\/product"}],"about":[{"href":"https:\/\/solarbatterymanufacturer.com\/es\/wp-json\/wp\/v2\/types\/product"}],"replies":[{"embeddable":true,"href":"https:\/\/solarbatterymanufacturer.com\/es\/wp-json\/wp\/v2\/comments?post=1015"}],"version-history":[{"count":0,"href":"https:\/\/solarbatterymanufacturer.com\/es\/wp-json\/wp\/v2\/product\/1015\/revisions"}],"wp:featuredmedia":[{"embeddable":true,"href":"https:\/\/solarbatterymanufacturer.com\/es\/wp-json\/wp\/v2\/media\/2159"}],"wp:attachment":[{"href":"https:\/\/solarbatterymanufacturer.com\/es\/wp-json\/wp\/v2\/media?parent=1015"}],"wp:term":[{"taxonomy":"product_cat","embeddable":true,"href":"https:\/\/solarbatterymanufacturer.com\/es\/wp-json\/wp\/v2\/product_cat?post=1015"},{"taxonomy":"product_tag","embeddable":true,"href":"https:\/\/solarbatterymanufacturer.com\/es\/wp-json\/wp\/v2\/product_tag?post=1015"}],"curies":[{"name":"wp","href":"https:\/\/api.w.org\/{rel}","templated":true}]}}