{"id":1016,"date":"2021-10-27T12:14:03","date_gmt":"2021-10-27T12:14:03","guid":{"rendered":"http:\/\/bsmthemes.com\/electra\/?post_type=product&#038;p=1016"},"modified":"2023-10-10T03:45:55","modified_gmt":"2023-10-10T03:45:55","slug":"low-voltage-stackable-battery-storage","status":"publish","type":"product","link":"https:\/\/solarbatterymanufacturer.com\/es\/stackable-battery-storage","title":{"rendered":"Almacenamiento de bater\u00edas apilables de bajo voltaje Amp Nova"},"content":{"rendered":"<h2>Descripciones:<\/h2>\n<p>El almacenamiento de bater\u00edas apilables de bajo voltaje Amp Nova est\u00e1 especialmente dise\u00f1ado para aplicaciones residenciales peque\u00f1as y medianas por Amp Nova. Cada m\u00f3dulo tiene un BMS inteligente en su interior, que ofrece protecci\u00f3n contra sobrevoltaje, subvoltaje, sobrecorriente, cortocircuito, sobretemperatura y baja temperatura. Mientras tanto, un dise\u00f1o de seguridad multicapa (material, celda, estructura, aerosol contra incendios, etc.) tambi\u00e9n mejorar\u00e1 en gran medida el rendimiento de seguridad del producto. Tambi\u00e9n tiene una identificaci\u00f3n elegante y un dise\u00f1o estructural inteligente, es f\u00e1cil de instalar y tambi\u00e9n se puede ampliar de manera flexible seg\u00fan sus necesidades.<\/p>\n<h2>Caracter\u00edsticas:<\/h2>\n<p class=\"ace-line ace-line old-record-id-doxcn80cGMMqK4Kig0WiWDlgBDc\"><strong>[F\u00e1cil instalaci\u00f3n]<\/strong>\u00a0 Conjunto de apilamiento estilo Lego y dise\u00f1o de bloqueo r\u00e1pido entre m\u00f3dulos, instalaci\u00f3n f\u00e1cil y eficiente.<\/p>\n<p class=\"ace-line ace-line old-record-id-doxcn80cGMMqK4Kig0WiWDlgBDc\"><strong>[Expansi\u00f3n flexible]<\/strong> El almacenamiento de bater\u00edas apilables se puede configurar de manera flexible seg\u00fan<br \/>\na las necesidades reales. El sistema admite hasta 16 m\u00f3dulos en paralelo (80 kWh) y se necesita un combinador cuando la corriente del sistema supera los 100 A.<\/p>\n<p class=\"ace-line ace-line old-record-id-doxcn2YCu2wEgSsM842tJEuIXjd\"><strong>[Dise\u00f1o de seguridad del sistema y celda LFP]<\/strong>\u00a0Dise\u00f1o de seguridad multinivel (dise\u00f1o de seguridad de material, celda, soporte y sistema).<\/p>\n<p class=\"ace-line ace-line old-record-id-doxcneQCUO2ieceggcz84YcjwFg\"><strong>[Equilibrio inteligente] El <\/strong>El circuito de equilibrio incorporado se activar\u00e1 autom\u00e1ticamente cuando se alcancen las condiciones establecidas, lo que mejorar\u00e1 en gran medida la consistencia de la bater\u00eda y extender\u00e1 su vida \u00fatil.<\/p>\n<p class=\"ace-line ace-line old-record-id-doxcn80cGMMqK4Kig0WiWDlgBDc\"><span class=\"ace-line ace-line old-record-id-doxcnmsSiYWg8wQyyaSi970mLrd\"><strong>[BMS inteligente]<\/strong> El sistema de gesti\u00f3n de bater\u00eda (BMS) proporciona protecci\u00f3n contra cortocircuitos, sobretensi\u00f3n, baja tensi\u00f3n, sobretemperatura y baja temperatura.<\/span><span class=\"ace-line ace-line old-record-id-doxcnmsSiYWg8wQyyaSi970mLrd\"><br \/>\n<\/span><\/p>\n<p class=\"ace-line ace-line old-record-id-doxcnmsSiYWg8wQyyaSi970mLrd\"><strong>[IP55]<\/strong> IP55 est\u00e1 dise\u00f1ado para cumplir con la mayor\u00eda de los escenarios de aplicaci\u00f3n.<\/p>\n<p class=\"ace-line ace-line old-record-id-doxcnmsSiYWg8wQyyaSi970mLrd\"><strong>[Monitoreo y control en tiempo real]\u00a0<\/strong>Monitoreo del estado de funcionamiento de la bater\u00eda (voltaje, temperatura actual, SOC, etc.) en tiempo real.<\/p>\n<p class=\"ace-line ace-line old-record-id-doxcnmsSiYWg8wQyyaSi970mLrd\"><strong>[Libre de mantenimiento]\u00a0<\/strong>15 a\u00f1os de vida \u00fatil y 6000 ciclos (0,5 C, 80% DOD a 25 \u2103), sin mantenimiento durante toda la vida \u00fatil y un amplio rango de temperaturas de funcionamiento.<\/p>\n<p>&nbsp;<\/p>\n<h2>Especificaciones<\/h2>\n<table style=\"border-collapse: collapse; width: 694px; height: 949px;\" border=\"0\" width=\"927\" cellspacing=\"0\" cellpadding=\"0\">\n<tbody>\n<tr style=\"height: 30.00pt;\">\n<td class=\"et3\" style=\"height: 30pt; width: 130.2pt;\" width=\"217\" height=\"50\">Tipo\/Par\u00e1metro<\/td>\n<td class=\"et4\" style=\"width: 85.2pt;\" width=\"142\">ANZ-51100S2<\/td>\n<td class=\"et4\" style=\"width: 85.2pt;\" width=\"142\">ANZ-51100S3<\/td>\n<td class=\"et4\" style=\"width: 85.2pt;\" width=\"142\">ANZ-51100S4<\/td>\n<td class=\"et4\" style=\"width: 85.2pt;\" width=\"142\">ANZ-51100S5<\/td>\n<td class=\"et5\" style=\"width: 85.2pt;\" width=\"142\">ANZ-51100S6<\/td>\n<\/tr>\n<tr style=\"height: 30.00pt;\">\n<td class=\"et6\" style=\"height: 30.00pt; width: 130.20pt;\" width=\"217\" height=\"50\">Tipo de m\u00f3dulo de bater\u00eda<\/td>\n<td class=\"et7\" style=\"width: 426pt; text-align: center;\" colspan=\"5\" width=\"710\">ANZ-51100S<\/td>\n<\/tr>\n<tr style=\"height: 30.00pt;\">\n<td class=\"et6\" style=\"height: 30.00pt; width: 130.20pt;\" width=\"217\" height=\"50\">N\u00famero de m\u00f3dulo<\/td>\n<td class=\"et9\" style=\"width: 85.2pt; text-align: left;\" width=\"142\">2<\/td>\n<td class=\"et9\" style=\"width: 85.20pt;\" width=\"142\">3<\/td>\n<td class=\"et9\" style=\"width: 85.20pt;\" width=\"142\">4<\/td>\n<td class=\"et9\" style=\"width: 85.20pt;\" width=\"142\">5<\/td>\n<td class=\"et10\" style=\"width: 85.20pt;\" width=\"142\">6<\/td>\n<\/tr>\n<tr style=\"height: 30.00pt;\">\n<td class=\"et6\" style=\"height: 30.00pt; width: 130.20pt;\" width=\"217\" height=\"50\">Tensi\u00f3n nominal<span class=\"font5\">(<\/span><span class=\"font0\">V<\/span><span class=\"font5\">\uff09<\/span><\/td>\n<td class=\"et11\" style=\"width: 426.00pt;\" colspan=\"5\" width=\"710\">51.2<\/td>\n<\/tr>\n<tr style=\"height: 30.00pt;\">\n<td class=\"et6\" style=\"height: 30.00pt; width: 130.20pt;\" width=\"217\" height=\"50\">Rango de voltaje<span class=\"font5\">(<\/span><span class=\"font0\">V<\/span><span class=\"font5\">\uff09<\/span><\/td>\n<td class=\"et12\" style=\"width: 426.00pt;\" colspan=\"5\" width=\"710\">44.8~56<\/td>\n<\/tr>\n<tr style=\"height: 30.00pt;\">\n<td class=\"et6\" style=\"height: 30.00pt; width: 130.20pt;\" width=\"217\" height=\"50\">Energ\u00eda nominal<span class=\"font5\">(<\/span><span class=\"font0\">\u00bfQu\u00e9?<\/span><span class=\"font5\">\uff09<\/span><\/td>\n<td class=\"et13\" style=\"width: 85.20pt;\" width=\"142\">10240<\/td>\n<td class=\"et13\" style=\"width: 85.20pt;\" width=\"142\">15360<\/td>\n<td class=\"et13\" style=\"width: 85.20pt;\" width=\"142\">20240<\/td>\n<td class=\"et13\" style=\"width: 85.20pt;\" width=\"142\">25600<\/td>\n<td class=\"et14\" style=\"width: 85.20pt;\" width=\"142\">30720<\/td>\n<\/tr>\n<tr style=\"height: 30.00pt;\">\n<td class=\"et6\" style=\"height: 30.00pt; width: 130.20pt;\" width=\"217\" height=\"50\">M\u00e1x. Corriente de descarga<span class=\"font5\">(<\/span><span class=\"font0\">A<\/span><span class=\"font5\">\uff09<\/span><\/td>\n<td class=\"et14\" style=\"width: 426.00pt;\" colspan=\"5\" width=\"710\">200<\/td>\n<\/tr>\n<tr style=\"height: 30.00pt;\">\n<td class=\"et6\" style=\"height: 30.00pt; width: 130.20pt;\" width=\"217\" height=\"50\">Dimensi\u00f3n: A*A*P (mm)<\/td>\n<td class=\"et15\" style=\"width: 85.20pt;\" width=\"142\">674*170*1100<\/td>\n<td class=\"et15\" style=\"width: 85.20pt;\" width=\"142\">674*170*1520<\/td>\n<td class=\"et15\" style=\"width: 85.20pt;\" width=\"142\">1348*1170*1310<\/td>\n<td class=\"et15\" style=\"width: 85.20pt;\" width=\"142\">1348*170*1520<\/td>\n<td class=\"et12\" style=\"width: 85.20pt;\" width=\"142\">1348*170*1520<\/td>\n<\/tr>\n<tr style=\"height: 30.00pt;\">\n<td class=\"et6\" style=\"height: 30.00pt; width: 130.20pt;\" width=\"217\" height=\"50\">Peso<span class=\"font5\">(<\/span><span class=\"font0\">kg<\/span><span class=\"font5\">\uff09<\/span><\/td>\n<td class=\"et13\" style=\"width: 85.20pt;\" width=\"142\">124<\/td>\n<td class=\"et13\" style=\"width: 85.20pt;\" width=\"142\">176<\/td>\n<td class=\"et13\" style=\"width: 85.20pt;\" width=\"142\">233<\/td>\n<td class=\"et13\" style=\"width: 85.20pt;\" width=\"142\">290<\/td>\n<td class=\"et14\" style=\"width: 85.20pt;\" width=\"142\">343<\/td>\n<\/tr>\n<tr style=\"height: 30.00pt;\">\n<td class=\"et3\" style=\"height: 30.00pt; width: 556.20pt;\" colspan=\"6\" width=\"927\" height=\"50\">Par\u00e1metro de entorno<\/td>\n<\/tr>\n<tr style=\"height: 30.00pt;\">\n<td class=\"et6\" style=\"height: 30.00pt; width: 130.20pt;\" width=\"217\" height=\"50\">IP<\/td>\n<td class=\"et12\" style=\"width: 426.00pt;\" colspan=\"5\" width=\"710\">IP55<\/td>\n<\/tr>\n<tr style=\"height: 30.00pt;\">\n<td class=\"et6\" style=\"height: 30.00pt; width: 130.20pt;\" width=\"217\" height=\"50\">Rango de temperatura de carga (<span class=\"font5\">\u2103<\/span><span class=\"font0\">)<\/span><\/td>\n<td class=\"et12\" style=\"width: 426.00pt;\" colspan=\"5\" width=\"710\">0~45<\/td>\n<\/tr>\n<tr style=\"height: 30.00pt;\">\n<td class=\"et6\" style=\"height: 30.00pt; width: 130.20pt;\" width=\"217\" height=\"50\">Rango de temperatura de descarga (<span class=\"font5\">\u2103<\/span><span class=\"font0\">)<\/span><\/td>\n<td class=\"et17\" style=\"width: 426.00pt;\" colspan=\"5\" width=\"710\">-20~60<\/td>\n<\/tr>\n<tr style=\"height: 30.00pt;\">\n<td class=\"et6\" style=\"height: 30.00pt; width: 130.20pt;\" width=\"217\" height=\"50\">Metodo de instalacion<\/td>\n<td class=\"et12\" style=\"width: 426.00pt;\" colspan=\"5\" width=\"710\">Montado en el piso<\/td>\n<\/tr>\n<tr style=\"height: 30.00pt;\">\n<td class=\"et3\" style=\"height: 30.00pt; width: 556.20pt;\" colspan=\"6\" width=\"927\" height=\"50\">Vida de servicio<\/td>\n<\/tr>\n<tr style=\"height: 30.00pt;\">\n<td class=\"et6\" style=\"height: 30.00pt; width: 130.20pt;\" width=\"217\" height=\"50\">Ciclo de vida (tiempo)<\/td>\n<td class=\"et12\" style=\"width: 426.00pt;\" colspan=\"5\" width=\"710\">&gt; 6000<span class=\"font5\">(<\/span><span class=\"font0\">0,5\u00baC a 25<\/span><span class=\"font5\">\u2103<\/span><span class=\"font0\">,80% Departamento de Defensa<\/span><span class=\"font5\">\uff09<\/span><\/td>\n<\/tr>\n<tr style=\"height: 30.00pt;\">\n<td class=\"et6\" style=\"height: 30.00pt; width: 130.20pt;\" width=\"217\" height=\"50\">Vida \u00fatil del dise\u00f1o (a\u00f1o)<\/td>\n<td class=\"et14\" style=\"width: 426.00pt;\" colspan=\"5\" width=\"710\">15<\/td>\n<\/tr>\n<tr style=\"height: 30.00pt;\">\n<td class=\"et3\" style=\"height: 30.00pt; width: 556.20pt;\" colspan=\"6\" width=\"927\" height=\"50\">Certificaci\u00f3n<\/td>\n<\/tr>\n<tr style=\"height: 30.00pt;\">\n<td class=\"et6\" style=\"height: 30.00pt; width: 130.20pt;\" width=\"217\" height=\"50\">Seguridad y certificaci\u00f3n<\/td>\n<td class=\"et12\" style=\"width: 426.00pt;\" colspan=\"5\" width=\"710\">UL1973 (CE, IEC62619 pr\u00f3ximamente)<\/td>\n<\/tr>\n<tr style=\"height: 30.00pt;\">\n<td class=\"et6\" style=\"height: 30.00pt; width: 130.20pt;\" width=\"217\" height=\"50\">Transporte<\/td>\n<td class=\"et12\" style=\"width: 426.00pt;\" colspan=\"5\" width=\"710\">UN38.3<\/td>\n<\/tr>\n<\/tbody>\n<\/table>","protected":false},"excerpt":{"rendered":"<p>El almacenamiento de bater\u00edas dom\u00e9stico apilable de bajo voltaje Amp Nova est\u00e1 especialmente dise\u00f1ado para aplicaciones residenciales peque\u00f1as y medianas por Amp Nova. Cada m\u00f3dulo tiene un BMS inteligente en su interior, que ofrece protecci\u00f3n contra sobrevoltaje, subvoltaje, sobrecorriente, cortocircuito, sobretemperatura y baja temperatura. Mientras tanto, un dise\u00f1o de seguridad multicapa (material, celda, estructura, aerosol contra incendios, etc.) tambi\u00e9n mejorar\u00e1 en gran medida el rendimiento de seguridad del producto. Tambi\u00e9n tiene una identificaci\u00f3n elegante y un dise\u00f1o estructural inteligente, es f\u00e1cil de instalar y tambi\u00e9n se puede ampliar de manera flexible seg\u00fan sus necesidades.<\/p>","protected":false},"featured_media":2287,"comment_status":"open","ping_status":"closed","template":"","meta":[],"product_cat":[86],"product_tag":[],"class_list":["post-1016","product","type-product","status-publish","has-post-thumbnail","hentry","product_cat-stackable-lifepo4-battery"],"acf":[],"_links":{"self":[{"href":"https:\/\/solarbatterymanufacturer.com\/es\/wp-json\/wp\/v2\/product\/1016","targetHints":{"allow":["GET"]}}],"collection":[{"href":"https:\/\/solarbatterymanufacturer.com\/es\/wp-json\/wp\/v2\/product"}],"about":[{"href":"https:\/\/solarbatterymanufacturer.com\/es\/wp-json\/wp\/v2\/types\/product"}],"replies":[{"embeddable":true,"href":"https:\/\/solarbatterymanufacturer.com\/es\/wp-json\/wp\/v2\/comments?post=1016"}],"version-history":[{"count":4,"href":"https:\/\/solarbatterymanufacturer.com\/es\/wp-json\/wp\/v2\/product\/1016\/revisions"}],"predecessor-version":[{"id":4057,"href":"https:\/\/solarbatterymanufacturer.com\/es\/wp-json\/wp\/v2\/product\/1016\/revisions\/4057"}],"wp:featuredmedia":[{"embeddable":true,"href":"https:\/\/solarbatterymanufacturer.com\/es\/wp-json\/wp\/v2\/media\/2287"}],"wp:attachment":[{"href":"https:\/\/solarbatterymanufacturer.com\/es\/wp-json\/wp\/v2\/media?parent=1016"}],"wp:term":[{"taxonomy":"product_cat","embeddable":true,"href":"https:\/\/solarbatterymanufacturer.com\/es\/wp-json\/wp\/v2\/product_cat?post=1016"},{"taxonomy":"product_tag","embeddable":true,"href":"https:\/\/solarbatterymanufacturer.com\/es\/wp-json\/wp\/v2\/product_tag?post=1016"}],"curies":[{"name":"wp","href":"https:\/\/api.w.org\/{rel}","templated":true}]}}