{"id":1731,"date":"2023-04-05T15:10:23","date_gmt":"2023-04-05T15:10:23","guid":{"rendered":"https:\/\/solarbatterymanufacturer.com\/?post_type=product&#038;p=1731"},"modified":"2026-04-07T22:02:33","modified_gmt":"2026-04-07T22:02:33","slug":"commercial-energy-storage-systems","status":"publish","type":"product","link":"https:\/\/solarbatterymanufacturer.com\/es\/commercial-energy-storage-systems-ac","title":{"rendered":"Sistemas comerciales de almacenamiento de energ\u00eda (CA) Amp Nova Battery"},"content":{"rendered":"<h2>Descripciones:<\/h2>\n<p>Amp Nova Battery Commercial Energy Storage Systems (AC) es un sistema de almacenamiento de energ\u00eda especialmente dise\u00f1ado para microrredes regionales como peque\u00f1os CBD, granjas, islas, centrales fotovoltaicas al aire libre, etc., que pueden garantizar plenamente la demanda de energ\u00eda y la seguridad energ\u00e9tica en estos escenarios. .<\/p>\n<h2>Caracter\u00edsticas:<\/h2>\n<p style=\"-webkit-font-smoothing: antialiased; --tw-border-spacing-x: 0; --tw-border-spacing-y: 0; --tw-translate-x: 0; --tw-translate-y: 0; --tw-rotate: 0; --tw-skew-x: 0; --tw-skew-y: 0; --tw-scale-x: 1; --tw-scale-y: 1; --tw-scroll-snap-strictness: proximity; --tw-ring-offset-width: 0px; --tw-ring-offset-color: #fff; --tw-ring-color: rgb(59 130 246 \/ 0.5); --tw-ring-offset-shadow: 0 0 #0000; --tw-ring-shadow: 0 0 #0000; --tw-shadow: 0 0 #0000; --tw-shadow-colored: 0 0 #0000; margin-top: 24px; color: #282828; font-family: 'Ridley Grotesk Medium'; font-size: 14px;\"><strong>[Expansi\u00f3n flexible]<\/strong>\u00a0Sistema de almacenamiento de bater\u00edas modular y flexiblemente ampliable en el<br style=\"-webkit-font-smoothing: antialiased; --tw-border-spacing-x: 0; --tw-border-spacing-y: 0; --tw-translate-x: 0; --tw-translate-y: 0; --tw-rotate: 0; --tw-skew-x: 0; --tw-skew-y: 0; --tw-scale-x: 1; --tw-scale-y: 1; --tw-scroll-snap-strictness: proximity; --tw-ring-offset-width: 0px; --tw-ring-offset-color: #fff; --tw-ring-color: rgb(59 130 246 \/ 0.5); --tw-ring-offset-shadow: 0 0 #0000; --tw-ring-shadow: 0 0 #0000; --tw-shadow: 0 0 #0000; --tw-shadow-colored: 0 0 #0000;\" \/>nivel de potencia y capacidad.<\/p>\n<p style=\"-webkit-font-smoothing: antialiased; --tw-border-spacing-x: 0; --tw-border-spacing-y: 0; --tw-translate-x: 0; --tw-translate-y: 0; --tw-rotate: 0; --tw-skew-x: 0; --tw-skew-y: 0; --tw-scale-x: 1; --tw-scale-y: 1; --tw-scroll-snap-strictness: proximity; --tw-ring-offset-width: 0px; --tw-ring-offset-color: #fff; --tw-ring-color: rgb(59 130 246 \/ 0.5); --tw-ring-offset-shadow: 0 0 #0000; --tw-ring-shadow: 0 0 #0000; --tw-shadow: 0 0 #0000; --tw-shadow-colored: 0 0 #0000; margin-top: 24px; color: #282828; font-family: 'Ridley Grotesk Medium'; font-size: 14px;\"><strong>[Configuraci\u00f3n simple de su sistema]<\/strong>\u00a0Dise\u00f1o todo en uno, soluci\u00f3n acoplada a CA.<\/p>\n<p style=\"-webkit-font-smoothing: antialiased; --tw-border-spacing-x: 0; --tw-border-spacing-y: 0; --tw-translate-x: 0; --tw-translate-y: 0; --tw-rotate: 0; --tw-skew-x: 0; --tw-skew-y: 0; --tw-scale-x: 1; --tw-scale-y: 1; --tw-scroll-snap-strictness: proximity; --tw-ring-offset-width: 0px; --tw-ring-offset-color: #fff; --tw-ring-color: rgb(59 130 246 \/ 0.5); --tw-ring-offset-shadow: 0 0 #0000; --tw-ring-shadow: 0 0 #0000; --tw-shadow: 0 0 #0000; --tw-shadow-colored: 0 0 #0000; margin-top: 24px; color: #282828; font-family: 'Ridley Grotesk Medium'; font-size: 14px;\"><strong>[Dise\u00f1o al aire libre]\u00a0<\/strong>Vivienda exterior para cualquier lugar de instalaci\u00f3n.<\/p>\n<p style=\"-webkit-font-smoothing: antialiased; --tw-border-spacing-x: 0; --tw-border-spacing-y: 0; --tw-translate-x: 0; --tw-translate-y: 0; --tw-rotate: 0; --tw-skew-x: 0; --tw-skew-y: 0; --tw-scale-x: 1; --tw-scale-y: 1; --tw-scroll-snap-strictness: proximity; --tw-ring-offset-width: 0px; --tw-ring-offset-color: #fff; --tw-ring-color: rgb(59 130 246 \/ 0.5); --tw-ring-offset-shadow: 0 0 #0000; --tw-ring-shadow: 0 0 #0000; --tw-shadow: 0 0 #0000; --tw-shadow-colored: 0 0 #0000; margin-top: 24px; color: #282828; font-family: 'Ridley Grotesk Medium'; font-size: 14px;\"><strong>[Facil mantenimiento]\u00a0<\/strong>F\u00e1cil mantenimiento gracias al dise\u00f1o modular (m\u00f3dulos de bater\u00eda, BMS, dise\u00f1o de control).<\/p>\n<p style=\"-webkit-font-smoothing: antialiased; --tw-border-spacing-x: 0; --tw-border-spacing-y: 0; --tw-translate-x: 0; --tw-translate-y: 0; --tw-rotate: 0; --tw-skew-x: 0; --tw-skew-y: 0; --tw-scale-x: 1; --tw-scale-y: 1; --tw-scroll-snap-strictness: proximity; --tw-ring-offset-width: 0px; --tw-ring-offset-color: #fff; --tw-ring-color: rgb(59 130 246 \/ 0.5); --tw-ring-offset-shadow: 0 0 #0000; --tw-ring-shadow: 0 0 #0000; --tw-shadow: 0 0 #0000; --tw-shadow-colored: 0 0 #0000; margin-bottom: 0px; margin-top: 24px; color: #282828; font-family: 'Ridley Grotesk Medium'; font-size: 14px;\"><strong>[Libre de mantenimiento]\u00a0<\/strong>10 a\u00f1os de vida \u00fatil, rendimiento estable durante toda la vida \u00fatil.<\/p>\n<h2>Especificaciones:<\/h2>\n<table style=\"border-collapse: collapse; width: 584px; height: 1202px;\" border=\"0\" width=\"729\" cellspacing=\"0\" cellpadding=\"0\">\n<tbody>\n<tr style=\"height: 25.00pt;\">\n<td style=\"height: 25.00pt; width: 159.00pt;\" width=\"265\" height=\"41\">Tipo<\/td>\n<td style=\"width: 139.20pt;\" width=\"232\">Almacenamiento (CC)<\/td>\n<td style=\"width: 139.20pt;\" width=\"232\">Solar + Almacenamiento (AC)<\/td>\n<\/tr>\n<tr style=\"height: 34.00pt;\">\n<td style=\"height: 34.00pt; width: 437.40pt;\" colspan=\"3\" width=\"729\" height=\"56\">Par\u00e1metros de la bater\u00eda<\/td>\n<\/tr>\n<tr style=\"height: 25.00pt;\">\n<td style=\"height: 25.00pt; width: 159.00pt;\" width=\"265\" height=\"41\">Tipo de c\u00e9lula<\/td>\n<td style=\"width: 278.40pt;\" colspan=\"2\" width=\"464\">Tipo prism\u00e1tico LFP<\/td>\n<\/tr>\n<tr style=\"height: 25.00pt;\">\n<td style=\"height: 25.00pt; width: 159.00pt;\" width=\"265\" height=\"41\">Capacidad de la bater\u00eda<\/td>\n<td style=\"width: 139.20pt;\" width=\"232\">50kWh~200kWh<\/td>\n<td style=\"width: 139.20pt;\" width=\"232\">50kWh~200kWh<\/td>\n<\/tr>\n<tr style=\"height: 25.00pt;\">\n<td style=\"height: 25.00pt; width: 159.00pt;\" width=\"265\" height=\"41\">Rango de voltaje (V)<\/td>\n<td style=\"width: 139.20pt;\" width=\"232\">250~800<\/td>\n<td style=\"width: 139.20pt;\" width=\"232\">320~800<\/td>\n<\/tr>\n<tr style=\"height: 25.00pt;\">\n<td style=\"height: 25.00pt; width: 159.00pt;\" width=\"265\" height=\"41\">M\u00e1x. Potencia de carga (kW)<\/td>\n<td style=\"width: 139.20pt;\" width=\"232\">50\/150<\/td>\n<td style=\"width: 139.20pt;\" width=\"232\">30\/100<\/td>\n<\/tr>\n<tr style=\"height: 25.00pt;\">\n<td style=\"height: 25.00pt; width: 437.40pt;\" colspan=\"3\" width=\"729\" height=\"41\">Par\u00e1metro de CA conectado a la red<\/td>\n<\/tr>\n<tr style=\"height: 25.00pt;\">\n<td style=\"height: 25.00pt; width: 159.00pt;\" width=\"265\" height=\"41\">Tipo de cuadr\u00edcula<\/td>\n<td style=\"width: 278.40pt;\" colspan=\"2\" width=\"464\">3W+N+PE<\/td>\n<\/tr>\n<tr style=\"height: 25.00pt;\">\n<td style=\"height: 25.00pt; width: 159.00pt;\" width=\"265\" height=\"41\">De entrada y salida<\/td>\n<td style=\"width: 139.20pt;\" width=\"232\">50~150kW<\/td>\n<td style=\"width: 139.20pt;\" width=\"232\">50kW<\/td>\n<\/tr>\n<tr style=\"height: 25.00pt;\">\n<td style=\"height: 25.00pt; width: 159.00pt;\" width=\"265\" height=\"41\">Voltaje de corriente alterna<\/td>\n<td style=\"width: 278.40pt;\" colspan=\"2\" width=\"464\">320V~460V<\/td>\n<\/tr>\n<tr style=\"height: 25.00pt;\">\n<td style=\"height: 25.00pt; width: 159.00pt;\" width=\"265\" height=\"41\">Frecuencia de red aplicable<\/td>\n<td style=\"width: 278.40pt;\" colspan=\"2\" width=\"464\">45~55Hz\/55~65Hz<\/td>\n<\/tr>\n<tr style=\"height: 25.00pt;\">\n<td style=\"height: 25.00pt; width: 159.00pt;\" width=\"265\" height=\"41\">THDi<\/td>\n<td style=\"width: 278.40pt;\" colspan=\"2\" width=\"464\">&lt;3% (carga 100%)<\/td>\n<\/tr>\n<tr style=\"height: 25.00pt;\">\n<td style=\"height: 25.00pt; width: 159.00pt;\" width=\"265\" height=\"41\">Factor de potencia<\/td>\n<td style=\"width: 278.40pt;\" colspan=\"2\" width=\"464\">1 (adelante) ~ 1 (rezagado)<\/td>\n<\/tr>\n<tr style=\"height: 25.00pt;\">\n<td style=\"height: 25.00pt; width: 437.40pt;\" colspan=\"3\" width=\"729\" height=\"41\">Par\u00e1metro de CA fuera de la red<\/td>\n<\/tr>\n<tr style=\"height: 25.00pt;\">\n<td style=\"height: 25.00pt; width: 159.00pt;\" width=\"265\" height=\"41\">Potencia nominal de carga\/descarga<\/td>\n<td style=\"width: 139.20pt;\" width=\"232\">50~150kW<\/td>\n<td style=\"width: 139.20pt;\" width=\"232\">50kW<\/td>\n<\/tr>\n<tr style=\"height: 25.00pt;\">\n<td style=\"height: 25.00pt; width: 159.00pt;\" width=\"265\" height=\"41\">Potencia de salida m\u00e1xima<\/td>\n<td style=\"width: 139.20pt;\" width=\"232\">50~150kVA<\/td>\n<td style=\"width: 139.20pt;\" width=\"232\">55KVA<\/td>\n<\/tr>\n<tr style=\"height: 25.00pt;\">\n<td style=\"height: 25.00pt; width: 159.00pt;\" width=\"265\" height=\"41\">Voltaje Nominal de CA<\/td>\n<td style=\"width: 278.40pt;\" colspan=\"2\" width=\"464\">400V<\/td>\n<\/tr>\n<tr style=\"height: 25.00pt;\">\n<td style=\"height: 25.00pt; width: 159.00pt;\" width=\"265\" height=\"41\">Frecuencia nominal<\/td>\n<td style=\"width: 278.40pt;\" colspan=\"2\" width=\"464\">50\/60Hz<\/td>\n<\/tr>\n<tr style=\"height: 25.00pt;\">\n<td style=\"height: 25.00pt; width: 159.00pt;\" width=\"265\" height=\"41\">THDu<\/td>\n<td style=\"width: 278.40pt;\" colspan=\"2\" width=\"464\">\u2264 1% lineal; o \u2264 5% no lineal<\/td>\n<\/tr>\n<tr style=\"height: 25.00pt;\">\n<td style=\"height: 25.00pt; width: 437.40pt;\" colspan=\"3\" width=\"729\" height=\"41\">Entrada Fotovoltaica<\/td>\n<\/tr>\n<tr style=\"height: 25.00pt;\">\n<td style=\"height: 25.00pt; width: 159.00pt;\" width=\"265\" height=\"41\">Potencia de entrada m\u00e1xima<\/td>\n<td style=\"width: 139.20pt;\" width=\"232\">&#8212;<\/td>\n<td style=\"width: 139.20pt;\" width=\"232\">50\/100kW<\/td>\n<\/tr>\n<tr style=\"height: 25.00pt;\">\n<td style=\"height: 25.00pt; width: 159.00pt;\" width=\"265\" height=\"41\">Rango de voltaje MPPT<\/td>\n<td style=\"width: 139.20pt;\" width=\"232\">&#8212;<\/td>\n<td style=\"width: 139.20pt;\" width=\"232\">250~850V<\/td>\n<\/tr>\n<tr style=\"height: 25.00pt;\">\n<td style=\"height: 25.00pt; width: 437.40pt;\" colspan=\"3\" width=\"729\" height=\"41\">Par\u00e1metro general<\/td>\n<\/tr>\n<tr style=\"height: 25.00pt;\">\n<td style=\"height: 25.00pt; width: 159.00pt;\" width=\"265\" height=\"41\">Dimensi\u00f3n: Ancho*Profundidad*Al (mm)<\/td>\n<td style=\"width: 278.40pt;\" colspan=\"2\" width=\"464\">2200*1100*2340<\/td>\n<\/tr>\n<tr style=\"height: 25.00pt;\">\n<td style=\"height: 25.00pt; width: 159.00pt;\" width=\"265\" height=\"41\">M\u00e1x. Peso<\/td>\n<td style=\"width: 278.40pt;\" colspan=\"2\" width=\"464\">3200 kilos<\/td>\n<\/tr>\n<tr style=\"height: 25.00pt;\">\n<td style=\"height: 25.00pt; width: 159.00pt;\" width=\"265\" height=\"41\">Degradaci\u00f3n de propiedad intelectual<\/td>\n<td style=\"width: 278.40pt;\" colspan=\"2\" width=\"464\">IP54<\/td>\n<\/tr>\n<tr style=\"height: 25.00pt;\">\n<td style=\"height: 25.00pt; width: 159.00pt;\" width=\"265\" height=\"41\">Rango de temperatura de funcionamiento<\/td>\n<td style=\"width: 278.40pt;\" colspan=\"2\" width=\"464\">-20 ~ 50 \u2103<\/td>\n<\/tr>\n<tr style=\"height: 25.00pt;\">\n<td style=\"height: 25.00pt; width: 159.00pt;\" width=\"265\" height=\"41\">Humedad relativa<\/td>\n<td style=\"width: 278.40pt;\" colspan=\"2\" width=\"464\">0~95% (sin condensaci\u00f3n)<\/td>\n<\/tr>\n<tr style=\"height: 25.00pt;\">\n<td style=\"height: 25.00pt; width: 159.00pt;\" width=\"265\" height=\"41\">Actitud<\/td>\n<td style=\"width: 278.40pt;\" colspan=\"2\" width=\"464\">&lt;2000m<\/td>\n<\/tr>\n<tr style=\"height: 25.00pt;\">\n<td style=\"height: 25.00pt; width: 159.00pt;\" width=\"265\" height=\"41\">M\u00e9todo de enfriamiento<\/td>\n<td style=\"width: 278.40pt;\" colspan=\"2\" width=\"464\">Aire acondicionado de ventilaci\u00f3n de calor<\/td>\n<\/tr>\n<tr style=\"height: 25.00pt;\">\n<td style=\"height: 25.00pt; width: 159.00pt;\" width=\"265\" height=\"41\">Ruido<\/td>\n<td style=\"width: 278.40pt;\" colspan=\"2\" width=\"464\">\u2264 75dB<\/td>\n<\/tr>\n<tr style=\"height: 25.00pt;\">\n<td style=\"height: 25.00pt; width: 159.00pt;\" width=\"265\" height=\"41\">Eficiencia del sistema<\/td>\n<td style=\"width: 278.40pt;\" colspan=\"2\" width=\"464\">\u2265 85%<\/td>\n<\/tr>\n<tr style=\"height: 25.00pt;\">\n<td style=\"height: 25.00pt; width: 159.00pt;\" width=\"265\" height=\"41\">Sistema de extinci\u00f3n de incendios<\/td>\n<td style=\"width: 278.40pt;\" colspan=\"2\" width=\"464\">Integrado<\/td>\n<\/tr>\n<tr style=\"height: 25.00pt;\">\n<td style=\"height: 25.00pt; width: 159.00pt;\" width=\"265\" height=\"41\">Comunicaci\u00f3n<\/td>\n<td style=\"width: 278.40pt;\" colspan=\"2\" width=\"464\">Ethernet, Modbus TCP\/IP<\/td>\n<\/tr>\n<\/tbody>\n<\/table>\n<h1 id=\"benefits-of-commercial-energy-storage-systems-improving-energy-efficiency-and-cost-savings\">Beneficios de los sistemas comerciales de almacenamiento de energ\u00eda: mejora de la eficiencia energ\u00e9tica y ahorro de costos<\/h1>\n<p>Los sistemas comerciales de almacenamiento de energ\u00eda han ganado mucha atenci\u00f3n en los \u00faltimos a\u00f1os a medida que las empresas se esfuerzan por aumentar su eficiencia energ\u00e9tica, reducir los costos de electricidad y promover la sostenibilidad. Estos sistemas ofrecen una variedad de beneficios que ayudan a las empresas a gestionar su consumo de energ\u00eda de forma eficaz. En este art\u00edculo, exploraremos las diversas ventajas de los sistemas comerciales de almacenamiento de energ\u00eda y c\u00f3mo pueden mejorar la eficiencia energ\u00e9tica y el ahorro de costos.<\/p>\n<h2 id=\"reducing-electricity-costs\">Reducir los costos de electricidad<\/h2>\n<p>Uno de los principales beneficios de los sistemas comerciales de almacenamiento de energ\u00eda es su capacidad para reducir los costos de electricidad para las empresas. Estos sistemas permiten a las empresas almacenar el exceso de energ\u00eda durante las horas de menor actividad cuando las tarifas el\u00e9ctricas son m\u00e1s bajas y luego usar esa energ\u00eda almacenada durante los per\u00edodos de m\u00e1xima demanda cuando las tarifas el\u00e9ctricas son m\u00e1s altas. Al evitar el uso de electricidad en las horas pico, las empresas pueden reducir significativamente sus facturas de electricidad y ahorrar una cantidad sustancial de dinero a largo plazo.<\/p>\n<h2 id=\"enhancing-energy-efficiency\">Mejora de la eficiencia energ\u00e9tica<\/h2>\n<p>Los sistemas comerciales de almacenamiento de energ\u00eda tambi\u00e9n contribuyen a mejorar la eficiencia energ\u00e9tica dentro de una organizaci\u00f3n. Estos sistemas permiten a las empresas optimizar su consumo de energ\u00eda almacenando el exceso de energ\u00eda y utiliz\u00e1ndola cuando sea necesario. Esto ayuda a compensar las cargas durante los per\u00edodos de m\u00e1xima demanda, reduciendo as\u00ed la tensi\u00f3n en la red el\u00e9ctrica. Al gestionar eficientemente el uso de energ\u00eda, las empresas pueden minimizar el desperdicio y mejorar su eficiencia energ\u00e9tica general.<\/p>\n<h2 id=\"ensuring-reliable-power-supply\">Garantizar un suministro de energ\u00eda confiable<\/h2>\n<p>Otra ventaja crucial de los sistemas comerciales de almacenamiento de energ\u00eda es su capacidad para proporcionar un suministro de energ\u00eda confiable. Un suministro de energ\u00eda poco confiable puede provocar interrupciones en las operaciones comerciales, lo que resulta en una p\u00e9rdida de productividad y posibles ingresos. Los sistemas de almacenamiento de energ\u00eda act\u00faan como una fuente de energ\u00eda de respaldo que se activa durante cortes o fluctuaciones de energ\u00eda, lo que garantiza operaciones ininterrumpidas. Esta confiabilidad brinda tranquilidad a las empresas y reduce el posible impacto financiero de las interrupciones del suministro el\u00e9ctrico.<\/p>\n<h2 id=\"promoting-sustainability\">Promoci\u00f3n de la sostenibilidad<\/h2>\n<p>La sostenibilidad se ha convertido en un foco clave para las empresas de todos los sectores. Los sistemas comerciales de almacenamiento de energ\u00eda desempe\u00f1an un papel vital en la promoci\u00f3n de la sostenibilidad al permitir que las empresas dependan menos de fuentes de energ\u00eda convencionales basadas en combustibles f\u00f3siles. Al almacenar y utilizar fuentes de energ\u00eda renovables como la solar o la e\u00f3lica, las empresas pueden reducir significativamente su huella de carbono. Esto no s\u00f3lo beneficia al medio ambiente sino que tambi\u00e9n mejora la reputaci\u00f3n de la organizaci\u00f3n como entidad ambientalmente responsable.<\/p>\n<h2 id=\"unlocking-the-potential-for-renewable-energy\">Liberando el potencial de la energ\u00eda renovable<\/h2>\n<p>Los sistemas comerciales de almacenamiento de energ\u00eda ayudan a desbloquear el verdadero potencial de las fuentes de energ\u00eda renovables. La generaci\u00f3n de energ\u00eda renovable, como la solar y la e\u00f3lica, depende de las condiciones clim\u00e1ticas y es intermitente por naturaleza. Con el almacenamiento de energ\u00eda, las empresas pueden almacenar el exceso de energ\u00eda renovable generada en condiciones favorables y utilizarla en momentos en que la generaci\u00f3n de energ\u00eda renovable es baja. Esto permite un suministro de energ\u00eda renovable m\u00e1s consistente y confiable, eliminando la dependencia de fuentes de energ\u00eda tradicionales.<\/p>\n<h2 id=\"conclusion\">Conclusi\u00f3n<\/h2>\n<p>Los sistemas comerciales de almacenamiento de energ\u00eda ofrecen numerosos beneficios a las empresas, que van desde costos de electricidad reducidos y una mayor eficiencia energ\u00e9tica hasta garantizar un suministro de energ\u00eda confiable y promover la sostenibilidad. Al invertir en estos sistemas, las empresas pueden tomar medidas proactivas para lograr sus objetivos energ\u00e9ticos, reducir su impacto ambiental y mejorar sus resultados. A medida que la tecnolog\u00eda contin\u00faa avanzando, los sistemas de almacenamiento de energ\u00eda se vuelven cada vez m\u00e1s accesibles y rentables, lo que los convierte en una inversi\u00f3n que vale la pena para empresas de todos los tama\u00f1os.<\/p>","protected":false},"excerpt":{"rendered":"<p>El almacenamiento de bater\u00eda solar comercial Amp Nova es un sistema de almacenamiento de energ\u00eda especialmente dise\u00f1ado para microrredes regionales, como peque\u00f1os CBD, granjas, islas, centrales fotovoltaicas al aire libre, etc., que pueden garantizar plenamente la demanda de energ\u00eda y la seguridad energ\u00e9tica en estos escenarios.<\/p>","protected":false},"featured_media":2436,"comment_status":"open","ping_status":"closed","template":"","meta":[],"product_cat":[74],"product_tag":[],"class_list":["post-1731","product","type-product","status-publish","has-post-thumbnail","hentry","product_cat-commercial-and-industrial-ci-storage-systems"],"acf":[],"_links":{"self":[{"href":"https:\/\/solarbatterymanufacturer.com\/es\/wp-json\/wp\/v2\/product\/1731","targetHints":{"allow":["GET"]}}],"collection":[{"href":"https:\/\/solarbatterymanufacturer.com\/es\/wp-json\/wp\/v2\/product"}],"about":[{"href":"https:\/\/solarbatterymanufacturer.com\/es\/wp-json\/wp\/v2\/types\/product"}],"replies":[{"embeddable":true,"href":"https:\/\/solarbatterymanufacturer.com\/es\/wp-json\/wp\/v2\/comments?post=1731"}],"version-history":[{"count":4,"href":"https:\/\/solarbatterymanufacturer.com\/es\/wp-json\/wp\/v2\/product\/1731\/revisions"}],"predecessor-version":[{"id":4206,"href":"https:\/\/solarbatterymanufacturer.com\/es\/wp-json\/wp\/v2\/product\/1731\/revisions\/4206"}],"wp:featuredmedia":[{"embeddable":true,"href":"https:\/\/solarbatterymanufacturer.com\/es\/wp-json\/wp\/v2\/media\/2436"}],"wp:attachment":[{"href":"https:\/\/solarbatterymanufacturer.com\/es\/wp-json\/wp\/v2\/media?parent=1731"}],"wp:term":[{"taxonomy":"product_cat","embeddable":true,"href":"https:\/\/solarbatterymanufacturer.com\/es\/wp-json\/wp\/v2\/product_cat?post=1731"},{"taxonomy":"product_tag","embeddable":true,"href":"https:\/\/solarbatterymanufacturer.com\/es\/wp-json\/wp\/v2\/product_tag?post=1731"}],"curies":[{"name":"wp","href":"https:\/\/api.w.org\/{rel}","templated":true}]}}