{"id":2298,"date":"2023-05-06T04:50:13","date_gmt":"2023-05-06T04:50:13","guid":{"rendered":"https:\/\/solarbatterymanufacturer.com\/?post_type=product&#038;p=2298"},"modified":"2023-10-10T03:28:10","modified_gmt":"2023-10-10T03:28:10","slug":"stackable-high-voltage-battery","status":"publish","type":"product","link":"https:\/\/solarbatterymanufacturer.com\/es\/high-voltage-battery","title":{"rendered":"Bater\u00eda de alto voltaje Amp Nova LiFePO4"},"content":{"rendered":"<h2>Descripciones:<\/h2>\n<p>La bater\u00eda apilable de alto voltaje est\u00e1 especialmente dise\u00f1ada para aplicaciones de microrredes residenciales y regionales medianas y grandes por Amp Nova. Cada forma posee varios m\u00f3dulos de bater\u00eda y cada sistema de alto voltaje consta de BMS multinivel (HVB+BMU), m\u00f3dulos de bater\u00eda, y un armario de bater\u00edas. BMS inteligente incorporado y de alta precisi\u00f3n, combinado con bater\u00edas LFP, el sistema tiene grandes ventajas en t\u00e9rminos de seguridad, ciclo de vida, densidad de energ\u00eda y amplio rango de temperatura.<\/p>\n<h2>Caracter\u00edsticas:<\/h2>\n<p><strong>[F\u00e1cil instalaci\u00f3n]<\/strong>\u00a0 Conjunto de apilamiento estilo Lego y dise\u00f1o de bloqueo r\u00e1pido entre m\u00f3dulos, instalaci\u00f3n f\u00e1cil y eficiente.<\/p>\n<p><strong>[Expansi\u00f3n flexible]<\/strong> Los m\u00f3dulos de bater\u00eda se pueden configurar de forma flexible seg\u00fan las necesidades reales.<\/p>\n<p><strong>[Dise\u00f1o de seguridad del sistema y celda LFP]<\/strong>\u00a0Dise\u00f1o de seguridad multinivel (dise\u00f1o de seguridad de material, celda, soporte y sistema).<\/p>\n<p><strong>[Equilibrio inteligente]<\/strong>El circuito de equilibrio incorporado se activar\u00e1 autom\u00e1ticamente cuando se alcancen las condiciones establecidas, lo que mejorar\u00e1 en gran medida la consistencia de la bater\u00eda y extender\u00e1 su vida \u00fatil.<\/p>\n<p><strong>[BMS inteligente]<\/strong> El sistema de gesti\u00f3n de bater\u00eda (BMS) proporciona protecci\u00f3n contra cortocircuitos, sobretensi\u00f3n, baja tensi\u00f3n, sobretemperatura y baja temperatura.<\/p>\n<p><strong>[IP65]<\/strong> IP65 est\u00e1 dise\u00f1ado para cumplir con la mayor\u00eda de los escenarios de aplicaci\u00f3n.<\/p>\n<p><strong>[Monitoreo y control en tiempo real]\u00a0<\/strong>Monitoreo del estado de funcionamiento de la bater\u00eda (voltaje, temperatura actual, SOC, etc.) en tiempo real.<\/p>\n<p><strong>[Libre de mantenimiento]\u00a0<\/strong>15 a\u00f1os de vida \u00fatil y 6000 ciclos (0,5 C, 80% DOD a 25 \u2103), sin mantenimiento durante toda la vida \u00fatil y un amplio rango de temperaturas de funcionamiento.<\/p>\n<h2>Especificaciones<\/h2>\n<table style=\"border-collapse: collapse; width: 696px; height: 873px;\" border=\"0\" width=\"766\" cellspacing=\"0\" cellpadding=\"0\">\n<tbody>\n<tr style=\"height: 30.00pt;\">\n<td style=\"height: 30.00pt; width: 118.80pt;\" width=\"198\" height=\"50\">Tipo\/Par\u00e1metro<\/td>\n<td style=\"width: 85.20pt;\" width=\"142\">ANZ-10230R2<\/td>\n<td style=\"width: 85.20pt;\" width=\"142\">ANZ-10230R3<\/td>\n<td style=\"width: 85.20pt;\" width=\"142\">ANZ-10230R4<\/td>\n<td style=\"width: 85.20pt;\" width=\"142\">ANZ-10230R5<\/td>\n<\/tr>\n<tr style=\"height: 30.00pt;\">\n<td style=\"height: 30.00pt; width: 118.80pt;\" width=\"198\" height=\"50\">Tipo de m\u00f3dulo de bater\u00eda<\/td>\n<td style=\"width: 340.8pt; text-align: center;\" colspan=\"4\" width=\"568\">ANZ-10230R<\/td>\n<\/tr>\n<tr style=\"height: 30.00pt;\">\n<td style=\"height: 30.00pt; width: 118.80pt;\" width=\"198\" height=\"50\">N\u00famero de m\u00f3dulo<\/td>\n<td style=\"width: 85.20pt;\" width=\"142\">2<\/td>\n<td style=\"width: 85.20pt;\" width=\"142\">3<\/td>\n<td style=\"width: 85.20pt;\" width=\"142\">4<\/td>\n<td style=\"width: 85.20pt;\" width=\"142\">5<\/td>\n<\/tr>\n<tr style=\"height: 30.00pt;\">\n<td style=\"height: 30.00pt; width: 118.80pt;\" width=\"198\" height=\"50\">Tensi\u00f3n nominal (V)<\/td>\n<td style=\"width: 85.20pt;\" width=\"142\">204.8<\/td>\n<td style=\"width: 85.20pt;\" width=\"142\">307.2<\/td>\n<td style=\"width: 85.20pt;\" width=\"142\">409.6<\/td>\n<td style=\"width: 85.20pt;\" width=\"142\">512<\/td>\n<\/tr>\n<tr style=\"height: 30.00pt;\">\n<td style=\"height: 30.00pt; width: 118.80pt;\" width=\"198\" height=\"50\">Rango de voltaje (V)<\/td>\n<td style=\"width: 85.20pt;\" width=\"142\">179.2~224<\/td>\n<td style=\"width: 85.20pt;\" width=\"142\">268.8~336<\/td>\n<td style=\"width: 85.20pt;\" width=\"142\">358.4~448<\/td>\n<td style=\"width: 85.20pt;\" width=\"142\">448~560<\/td>\n<\/tr>\n<tr style=\"height: 30.00pt;\">\n<td style=\"height: 30.00pt; width: 118.80pt;\" width=\"198\" height=\"50\">Energ\u00eda nominal (Wh)<\/td>\n<td style=\"width: 85.20pt;\" width=\"142\">6144<\/td>\n<td style=\"width: 85.20pt;\" width=\"142\">9216<\/td>\n<td style=\"width: 85.20pt;\" width=\"142\">12288<\/td>\n<td style=\"width: 85.20pt;\" width=\"142\">15360<\/td>\n<\/tr>\n<tr style=\"height: 30.00pt;\">\n<td style=\"height: 30.00pt; width: 118.80pt;\" width=\"198\" height=\"50\">Corriente de descarga est\u00e1ndar (A)<\/td>\n<td style=\"width: 340.80pt;\" colspan=\"4\" width=\"568\">30<\/td>\n<\/tr>\n<tr style=\"height: 30.00pt;\">\n<td style=\"height: 30.00pt; width: 118.80pt;\" width=\"198\" height=\"50\">Dimensiones: ancho x alto x profundidad (mm)<\/td>\n<td style=\"width: 85.20pt;\" width=\"142\">698*1140*130<\/td>\n<td style=\"width: 85.20pt;\" width=\"142\">698*1530*130<\/td>\n<td style=\"width: 85.20pt;\" width=\"142\">1596*1200*130<\/td>\n<td style=\"width: 85.20pt;\" width=\"142\">1596*1530*130<\/td>\n<\/tr>\n<tr style=\"height: 30.00pt;\">\n<td style=\"height: 30.00pt; width: 118.80pt;\" width=\"198\" height=\"50\">Peso (kg)<\/td>\n<td style=\"width: 85.20pt;\" width=\"142\">88<\/td>\n<td style=\"width: 85.20pt;\" width=\"142\">122<\/td>\n<td style=\"width: 85.20pt;\" width=\"142\">156<\/td>\n<td style=\"width: 85.20pt;\" width=\"142\">190<\/td>\n<\/tr>\n<tr style=\"height: 30.00pt;\">\n<td style=\"height: 30.00pt; width: 459.60pt;\" colspan=\"5\" width=\"766\" height=\"50\">Par\u00e1metro de entorno<\/td>\n<\/tr>\n<tr style=\"height: 30.00pt;\">\n<td style=\"height: 30.00pt; width: 118.80pt;\" width=\"198\" height=\"50\">IP<\/td>\n<td style=\"width: 340.80pt;\" colspan=\"4\" width=\"568\">IP65<\/td>\n<\/tr>\n<tr style=\"height: 30.00pt;\">\n<td style=\"height: 30.00pt; width: 118.80pt;\" width=\"198\" height=\"50\">Rango de temperatura de carga (\u2103)<\/td>\n<td style=\"width: 340.80pt;\" colspan=\"4\" width=\"568\">0~45<\/td>\n<\/tr>\n<tr style=\"height: 30.00pt;\">\n<td style=\"height: 30.00pt; width: 118.80pt;\" width=\"198\" height=\"50\">Rango de temperatura de descarga (\u2103)<\/td>\n<td style=\"width: 340.80pt;\" colspan=\"4\" width=\"568\">-20~60<\/td>\n<\/tr>\n<tr style=\"height: 30.00pt;\">\n<td style=\"height: 30.00pt; width: 118.80pt;\" width=\"198\" height=\"50\">Metodo de instalacion<\/td>\n<td style=\"width: 340.80pt;\" colspan=\"4\" width=\"568\">Montado en el piso<\/td>\n<\/tr>\n<tr style=\"height: 30.00pt;\">\n<td style=\"height: 30.00pt; width: 459.60pt;\" colspan=\"5\" width=\"766\" height=\"50\">Vida de servicio<\/td>\n<\/tr>\n<tr style=\"height: 30.00pt;\">\n<td style=\"height: 30.00pt; width: 118.80pt;\" width=\"198\" height=\"50\">Ciclo de vida (tiempo)<\/td>\n<td style=\"width: 340.80pt;\" colspan=\"4\" width=\"568\">&gt; 6000\uff080.5C @25\u2103,80% DOD\uff09<\/td>\n<\/tr>\n<tr style=\"height: 30.00pt;\">\n<td style=\"height: 30.00pt; width: 118.80pt;\" width=\"198\" height=\"50\">Vida \u00fatil del dise\u00f1o (a\u00f1o)<\/td>\n<td style=\"width: 340.80pt;\" colspan=\"4\" width=\"568\">15<\/td>\n<\/tr>\n<tr style=\"height: 30.00pt;\">\n<td style=\"height: 30.00pt; width: 459.60pt;\" colspan=\"5\" width=\"766\" height=\"50\">Certificaci\u00f3n<\/td>\n<\/tr>\n<tr style=\"height: 30.00pt;\">\n<td style=\"height: 30.00pt; width: 118.80pt;\" width=\"198\" height=\"50\">Seguridad y certificaci\u00f3n<\/td>\n<td style=\"width: 340.80pt;\" colspan=\"4\" width=\"568\">CE, IEC62619<\/td>\n<\/tr>\n<tr style=\"height: 30.00pt;\">\n<td style=\"height: 30.00pt; width: 118.80pt;\" width=\"198\" height=\"50\">Transporte<\/td>\n<td style=\"width: 340.80pt;\" colspan=\"4\" width=\"568\">UN38.3<\/td>\n<\/tr>\n<\/tbody>\n<\/table>","protected":false},"excerpt":{"rendered":"<p>Las bater\u00edas apilables de alto voltaje est\u00e1n especialmente dise\u00f1adas por Amp Nova para aplicaciones residenciales peque\u00f1as y medianas. Cada m\u00f3dulo tiene un BMS inteligente en su interior, que ofrece protecci\u00f3n contra sobrevoltaje, subvoltaje, sobrecorriente, cortocircuito, sobretemperatura y baja temperatura. Mientras tanto, un dise\u00f1o de seguridad multicapa (material, celda, estructura, aerosol contra incendios, etc.) tambi\u00e9n mejorar\u00e1 en gran medida el rendimiento de seguridad del producto. Tambi\u00e9n tiene una identificaci\u00f3n elegante y un dise\u00f1o estructural inteligente, es f\u00e1cil de instalar y tambi\u00e9n se puede ampliar de manera flexible seg\u00fan sus necesidades.<\/p>","protected":false},"featured_media":2287,"comment_status":"open","ping_status":"closed","template":"","meta":[],"product_cat":[86],"product_tag":[],"class_list":["post-2298","product","type-product","status-publish","has-post-thumbnail","hentry","product_cat-stackable-lifepo4-battery"],"acf":[],"_links":{"self":[{"href":"https:\/\/solarbatterymanufacturer.com\/es\/wp-json\/wp\/v2\/product\/2298","targetHints":{"allow":["GET"]}}],"collection":[{"href":"https:\/\/solarbatterymanufacturer.com\/es\/wp-json\/wp\/v2\/product"}],"about":[{"href":"https:\/\/solarbatterymanufacturer.com\/es\/wp-json\/wp\/v2\/types\/product"}],"replies":[{"embeddable":true,"href":"https:\/\/solarbatterymanufacturer.com\/es\/wp-json\/wp\/v2\/comments?post=2298"}],"version-history":[{"count":3,"href":"https:\/\/solarbatterymanufacturer.com\/es\/wp-json\/wp\/v2\/product\/2298\/revisions"}],"predecessor-version":[{"id":4053,"href":"https:\/\/solarbatterymanufacturer.com\/es\/wp-json\/wp\/v2\/product\/2298\/revisions\/4053"}],"wp:featuredmedia":[{"embeddable":true,"href":"https:\/\/solarbatterymanufacturer.com\/es\/wp-json\/wp\/v2\/media\/2287"}],"wp:attachment":[{"href":"https:\/\/solarbatterymanufacturer.com\/es\/wp-json\/wp\/v2\/media?parent=2298"}],"wp:term":[{"taxonomy":"product_cat","embeddable":true,"href":"https:\/\/solarbatterymanufacturer.com\/es\/wp-json\/wp\/v2\/product_cat?post=2298"},{"taxonomy":"product_tag","embeddable":true,"href":"https:\/\/solarbatterymanufacturer.com\/es\/wp-json\/wp\/v2\/product_tag?post=2298"}],"curies":[{"name":"wp","href":"https:\/\/api.w.org\/{rel}","templated":true}]}}