{"id":3838,"date":"2023-08-17T08:14:14","date_gmt":"2023-08-17T08:14:14","guid":{"rendered":"https:\/\/solarbatterymanufacturer.com\/?post_type=product&#038;p=3838"},"modified":"2023-08-17T08:25:12","modified_gmt":"2023-08-17T08:25:12","slug":"wheel-design-solar-battery","status":"publish","type":"product","link":"https:\/\/solarbatterymanufacturer.com\/es\/amp-nova-51.2v-200ah-wheel-design-solar-battery","title":{"rendered":"Amp Nova 51.2V 200Ah Bater\u00eda solar con dise\u00f1o de ruedas"},"content":{"rendered":"<h2>Descripciones:<\/h2>\n<div class=\"relative flex w-[calc(100%-50px)] flex-col gap-1 md:gap-3 lg:w-[calc(100%-115px)]\">\n<div class=\"flex flex-grow flex-col gap-3\">\n<div class=\"min-h-[20px] flex items-start overflow-x-auto whitespace-pre-wrap break-words flex-col gap-4\">\n<div class=\"markdown prose w-full break-words dark:prose-invert light\">\n<p>El m\u00f3dulo de bater\u00eda de fosfato de hierro y litio (LFP) con dise\u00f1o de rueda est\u00e1 dise\u00f1ado espec\u00edficamente para soluciones de energ\u00eda m\u00f3viles y port\u00e1tiles. Cada m\u00f3dulo est\u00e1 equipado con un sistema de gesti\u00f3n de bater\u00eda (BMS) inteligente, que garantiza un funcionamiento estable en diversos entornos de trabajo y proporciona protecci\u00f3n contra sobretensi\u00f3n, subtensi\u00f3n, sobrecorriente, cortocircuitos y condiciones de temperatura extrema. Adem\u00e1s, la seguridad del producto se ve significativamente mejorada por un dise\u00f1o de m\u00faltiples capas que incorpora protecciones de materiales, c\u00e9lulas, estructurales y contra aerosoles contra incendios.<\/p>\n<p>El dise\u00f1o de la rueda permite mover y colocar f\u00e1cilmente el m\u00f3dulo de bater\u00eda, lo que lo hace especialmente adecuado para aplicaciones que requieren un movimiento frecuente del almacenamiento de energ\u00eda. La estructura de las ruedas es robusta, capaz de afrontar los desaf\u00edos de diversos terrenos, al tiempo que ofrece una suspensi\u00f3n y absorci\u00f3n de impactos superiores para garantizar la integridad y seguridad de la bater\u00eda durante el transporte. El dise\u00f1o de la rueda tambi\u00e9n permite un dise\u00f1o e implementaci\u00f3n m\u00e1s flexibles, lo que la convierte en una opci\u00f3n ideal para configuraciones temporales o ubicaciones remotas.<\/p>\n<p>En resumen, el m\u00f3dulo de bater\u00eda de fosfato de hierro y litio (LFP) dise\u00f1ado con rueda combina tecnolog\u00eda de bater\u00eda avanzada con un dise\u00f1o m\u00f3vil flexible, ofreciendo una soluci\u00f3n eficiente, confiable y segura para diversas necesidades de energ\u00eda m\u00f3viles y temporales.<\/p>\n<h2>Caracter\u00edsticas:<\/h2>\n<\/div>\n<\/div>\n<\/div>\n<\/div>\n<ul>\n<li><strong>Longevidad mejorada<\/strong>: El fosfato de hierro y litio (LiFePO4) garantiza un ciclo de vida prolongado.<\/li>\n<li><strong>Seguridad superior<\/strong>: LiFePO4 proporciona un s\u00f3lido rendimiento de seguridad.<\/li>\n<li><strong>Protecci\u00f3n inteligente<\/strong>: El sistema Smart BMS ofrece protecci\u00f3n de voltaje, corriente y temperatura.<\/li>\n<li><strong>Autosuficiencia<\/strong>: Almacenar electricidad para uso nocturno, promoviendo la autosuficiencia.<\/li>\n<li><strong>Seguridad el\u00e9ctrica<\/strong>: Elimine los cortes de energ\u00eda con un almacenamiento de energ\u00eda confiable.<\/li>\n<li><strong>F\u00e1cil instalaci\u00f3n<\/strong>: Proceso de configuraci\u00f3n r\u00e1pido y sencillo.<\/li>\n<li><strong>Modulares y escalables<\/strong>: Conexi\u00f3n paralela m\u00e1xima de hasta 15 unidades para una gesti\u00f3n flexible de la energ\u00eda.<\/li>\n<li><strong>Opciones diversas<\/strong>: Hay diferentes opciones de energ\u00eda disponibles para satisfacer diversas necesidades.<\/li>\n<\/ul>\n<h2>Especificaciones:<\/h2>\n<table style=\"border-collapse: collapse; width: 548.42pt;\" border=\"0\" width=\"914\" cellspacing=\"0\" cellpadding=\"0\">\n<tbody>\n<tr style=\"height: 50.00pt;\">\n<td class=\"et4\" style=\"height: 50.00pt; width: 228.00pt;\" width=\"380\" height=\"83\">Especificaciones b\u00e1sicas<\/td>\n<td class=\"et5\" style=\"width: 320.40pt;\" width=\"534\"><\/td>\n<\/tr>\n<tr style=\"height: 30.00pt;\">\n<td class=\"et6\" style=\"height: 30.00pt; width: 228.00pt;\" width=\"380\" height=\"50\">\u2022 Tensi\u00f3n nominal<\/td>\n<td class=\"et6\" style=\"width: 320.40pt;\" width=\"534\">51,2 voltios<\/td>\n<\/tr>\n<tr style=\"height: 30.00pt;\">\n<td class=\"et7\" style=\"height: 30.00pt; width: 228.00pt;\" width=\"380\" height=\"50\">\u2022 Capacidad nominal<\/td>\n<td class=\"et7\" style=\"width: 320.40pt;\" width=\"534\">200Ah<\/td>\n<\/tr>\n<tr style=\"height: 30.00pt;\">\n<td class=\"et6\" style=\"height: 30.00pt; width: 228.00pt;\" width=\"380\" height=\"50\">\u2022 Energ\u00eda nominal<\/td>\n<td class=\"et6\" style=\"width: 320.40pt;\" width=\"534\">10240 Wh<\/td>\n<\/tr>\n<tr style=\"height: 30.00pt;\">\n<td class=\"et7\" style=\"height: 30.00pt; width: 228.00pt;\" width=\"380\" height=\"50\">\u2022 Ciclo de vida<\/td>\n<td class=\"et7\" style=\"width: 320.40pt;\" width=\"534\">6000 (0.5C@25\u00b0C, DOD 80%)<\/td>\n<\/tr>\n<tr style=\"height: 30.00pt;\">\n<td class=\"et6\" style=\"height: 30.00pt; width: 228.00pt;\" width=\"380\" height=\"50\">\u2022 Vida \u00fatil del dise\u00f1o<\/td>\n<td class=\"et6\" style=\"width: 320.40pt;\" width=\"534\">15 a\u00f1os<\/td>\n<\/tr>\n<tr style=\"height: 50.00pt;\">\n<td class=\"et8\" style=\"height: 50.00pt; width: 228.00pt;\" width=\"380\" height=\"83\">Especificaciones f\u00edsicas<\/td>\n<td class=\"et7\" style=\"width: 320.40pt;\" width=\"534\"><\/td>\n<\/tr>\n<tr style=\"height: 30.00pt;\">\n<td class=\"et6\" style=\"height: 30.00pt; width: 228.00pt;\" width=\"380\" height=\"50\">\u2022 Dimensiones (L x An x Al)<\/td>\n<td class=\"et6\" style=\"width: 320.40pt;\" width=\"534\">420*570*740 mil\u00edmetros<\/td>\n<\/tr>\n<tr style=\"height: 30.00pt;\">\n<td class=\"et7\" style=\"height: 30.00pt; width: 228.00pt;\" width=\"380\" height=\"50\">\u2022 Pesos<\/td>\n<td class=\"et7\" style=\"width: 320.40pt;\" width=\"534\">85 KG<\/td>\n<\/tr>\n<tr style=\"height: 30.00pt;\">\n<td class=\"et6\" style=\"height: 30.00pt; width: 228.00pt;\" width=\"380\" height=\"50\">\u2022 Material del c\u00e1todo<\/td>\n<td class=\"et6\" style=\"width: 320.40pt;\" width=\"534\">Fosfato de hierro y litio (LiFePo\u2084)<\/td>\n<\/tr>\n<tr style=\"height: 30.00pt;\">\n<td class=\"et7\" style=\"height: 30.00pt; width: 228.00pt;\" width=\"380\" height=\"50\">\u2022 Material de la Caja<\/td>\n<td class=\"et7\" style=\"width: 320.40pt;\" width=\"534\">ABS (Acrilonitrilo butadieno estireno)<\/td>\n<\/tr>\n<tr style=\"height: 30.00pt;\">\n<td class=\"et6\" style=\"height: 30.00pt; width: 228.00pt;\" width=\"380\" height=\"50\">\u2022 Color de la caja<\/td>\n<td class=\"et6\" style=\"width: 320.40pt;\" width=\"534\">Blanco<\/td>\n<\/tr>\n<tr style=\"height: 30.00pt;\">\n<td class=\"et7\" style=\"height: 30.00pt; width: 228.00pt;\" width=\"380\" height=\"50\">\u2022 M\u00e9todo de visualizaci\u00f3n<\/td>\n<td class=\"et7\" style=\"width: 320.40pt;\" width=\"534\">LED + pantalla LCD<\/td>\n<\/tr>\n<tr style=\"height: 50.00pt;\">\n<td class=\"et10\" style=\"height: 50.00pt; width: 548.40pt;\" colspan=\"2\" width=\"914\" height=\"83\">Especificaciones de funcionamiento<\/td>\n<\/tr>\n<tr style=\"height: 30.00pt;\">\n<td class=\"et7\" style=\"height: 30.00pt; width: 228.00pt;\" width=\"380\" height=\"50\">\u2022 Rango de voltaje<\/td>\n<td class=\"et7\" style=\"width: 320.40pt;\" width=\"534\">44,8-56 V<\/td>\n<\/tr>\n<tr style=\"height: 30.00pt;\">\n<td class=\"et6\" style=\"height: 30.00pt; width: 228.00pt;\" width=\"380\" height=\"50\">\u2022 Voltaje de corte<\/td>\n<td class=\"et6\" style=\"width: 320.40pt;\" width=\"534\">44,8 voltios<\/td>\n<\/tr>\n<tr style=\"height: 30.00pt;\">\n<td class=\"et7\" style=\"height: 30.00pt; width: 228.00pt;\" width=\"380\" height=\"50\">\u2022 Corriente de carga recomendada<\/td>\n<td class=\"et7\" style=\"width: 320.40pt;\" width=\"534\">\u2264100A<\/td>\n<\/tr>\n<tr style=\"height: 30.00pt;\">\n<td class=\"et6\" style=\"height: 30.00pt; width: 228.00pt;\" width=\"380\" height=\"50\">\u2022 Corriente de carga m\u00e1xima<\/td>\n<td class=\"et6\" style=\"width: 320.40pt;\" width=\"534\">100A<\/td>\n<\/tr>\n<tr style=\"height: 30.00pt;\">\n<td class=\"et7\" style=\"height: 30.00pt; width: 228.00pt;\" width=\"380\" height=\"50\">\u2022 Corriente m\u00e1xima de descarga<\/td>\n<td class=\"et7\" style=\"width: 320.40pt;\" width=\"534\">200 A<\/td>\n<\/tr>\n<tr style=\"height: 50.00pt;\">\n<td class=\"et10\" style=\"height: 50.00pt; width: 548.40pt;\" colspan=\"2\" width=\"914\" height=\"83\">Especificaciones ambientales<\/td>\n<\/tr>\n<tr style=\"height: 30.00pt;\">\n<td class=\"et7\" style=\"height: 30.00pt; width: 228.00pt;\" width=\"380\" height=\"50\">\u2022 Humedad relativa<\/td>\n<td class=\"et7\" style=\"width: 320.40pt;\" width=\"534\">5-95%<\/td>\n<\/tr>\n<tr style=\"height: 30.00pt;\">\n<td class=\"et6\" style=\"height: 30.00pt; width: 228.00pt;\" width=\"380\" height=\"50\">\u2022 Temperatura de carga<\/td>\n<td class=\"et6\" style=\"width: 320.40pt;\" width=\"534\">-20 a 45 \u00b0C \/ -4 a 113 \u00b0F (calefacci\u00f3n activa cuando est\u00e1 por debajo de 0 \u00b0C \/ 32 \u00b0F)<\/td>\n<\/tr>\n<tr style=\"height: 30.00pt;\">\n<td class=\"et7\" style=\"height: 30.00pt; width: 228.00pt;\" width=\"380\" height=\"50\">\u2022 Rango de temperatura de descarga<\/td>\n<td class=\"et7\" style=\"width: 320.40pt;\" width=\"534\">-20 a 55\u00b0C \/ -4 a 131\u00b0F<\/td>\n<\/tr>\n<tr style=\"height: 30.00pt;\">\n<td class=\"et6\" style=\"height: 30.00pt; width: 228.00pt;\" width=\"380\" height=\"50\">\u2022 Rango de temperatura de almacenamiento<\/td>\n<td class=\"et6\" style=\"width: 320.40pt;\" width=\"534\">-20 a 55\u00b0C \/ -4 a 131\u00b0F<\/td>\n<\/tr>\n<tr style=\"height: 50.00pt;\">\n<td class=\"et8\" style=\"height: 50.00pt; width: 228.00pt;\" width=\"380\" height=\"83\">Certificaciones<\/td>\n<td class=\"et7\" style=\"width: 320.40pt;\" width=\"534\"><\/td>\n<\/tr>\n<tr style=\"height: 30.00pt;\">\n<td class=\"et6\" style=\"height: 30.00pt; width: 228.00pt;\" width=\"380\" height=\"50\">\u2022 Seguridad<\/td>\n<td class=\"et6\" style=\"width: 320.40pt;\" width=\"534\">\u00a0Cumple con CE e IEC62619<\/td>\n<\/tr>\n<tr style=\"height: 30.00pt;\">\n<td class=\"et7\" style=\"height: 30.00pt; width: 228.00pt;\" width=\"380\" height=\"50\">\u2022 Transporte<\/td>\n<td class=\"et7\" style=\"width: 320.40pt;\" width=\"534\">UN38.3<\/td>\n<\/tr>\n<\/tbody>\n<\/table>\n<div id=\"shopify-section-template--16532101234919__166366565650412e45\" class=\"shopify-section shopify-section--apps\">\n<div class=\"container vertical-breather\">\n<div id=\"shopify-block-6cc0a491-8313-4fe7-9d7f-4ca4b875af59\" class=\"shopify-block shopify-app-block\">\n<div id=\"wc_review_section\" class=\"wc_review_main_content\" data-url=\"https:\/\/voltgopower.com\" data-handle=\"voltgo-51-2v-100ah-lifepo-wall-mounted-battery\" data-product_id=\"8206075887847\" data-limit=\"0\">\n<div class=\"wc_review_top_title wc_wf_cls\" data-bind=\"voltgo-51-2v-100ah-lifepo-wall-mounted-battery\"><\/div>\n<\/div>\n<\/div>\n<\/div>\n<\/div>","protected":false},"excerpt":{"rendered":"<p>La bater\u00eda solar con dise\u00f1o de rueda est\u00e1 dise\u00f1ada espec\u00edficamente para soluciones de energ\u00eda m\u00f3viles y port\u00e1tiles. Cada m\u00f3dulo est\u00e1 equipado con un sistema de gesti\u00f3n de bater\u00eda (BMS) inteligente, que garantiza un funcionamiento estable en diversos entornos de trabajo y proporciona protecci\u00f3n contra sobretensi\u00f3n, subtensi\u00f3n, sobrecorriente, cortocircuitos y condiciones de temperatura extrema. Adem\u00e1s, la seguridad del producto se ve significativamente mejorada por un dise\u00f1o de m\u00faltiples capas que incorpora protecciones de materiales, c\u00e9lulas, estructurales y contra aerosoles contra incendios.<\/p>","protected":false},"featured_media":3759,"comment_status":"open","ping_status":"closed","template":"","meta":[],"product_cat":[87],"product_tag":[],"class_list":["post-3838","product","type-product","status-publish","has-post-thumbnail","hentry","product_cat-wheel-design-solar-battery"],"acf":[],"_links":{"self":[{"href":"https:\/\/solarbatterymanufacturer.com\/es\/wp-json\/wp\/v2\/product\/3838","targetHints":{"allow":["GET"]}}],"collection":[{"href":"https:\/\/solarbatterymanufacturer.com\/es\/wp-json\/wp\/v2\/product"}],"about":[{"href":"https:\/\/solarbatterymanufacturer.com\/es\/wp-json\/wp\/v2\/types\/product"}],"replies":[{"embeddable":true,"href":"https:\/\/solarbatterymanufacturer.com\/es\/wp-json\/wp\/v2\/comments?post=3838"}],"version-history":[{"count":2,"href":"https:\/\/solarbatterymanufacturer.com\/es\/wp-json\/wp\/v2\/product\/3838\/revisions"}],"predecessor-version":[{"id":3840,"href":"https:\/\/solarbatterymanufacturer.com\/es\/wp-json\/wp\/v2\/product\/3838\/revisions\/3840"}],"wp:featuredmedia":[{"embeddable":true,"href":"https:\/\/solarbatterymanufacturer.com\/es\/wp-json\/wp\/v2\/media\/3759"}],"wp:attachment":[{"href":"https:\/\/solarbatterymanufacturer.com\/es\/wp-json\/wp\/v2\/media?parent=3838"}],"wp:term":[{"taxonomy":"product_cat","embeddable":true,"href":"https:\/\/solarbatterymanufacturer.com\/es\/wp-json\/wp\/v2\/product_cat?post=3838"},{"taxonomy":"product_tag","embeddable":true,"href":"https:\/\/solarbatterymanufacturer.com\/es\/wp-json\/wp\/v2\/product_tag?post=3838"}],"curies":[{"name":"wp","href":"https:\/\/api.w.org\/{rel}","templated":true}]}}