{"id":5014,"date":"2025-09-28T01:53:42","date_gmt":"2025-09-28T01:53:42","guid":{"rendered":"https:\/\/solarbatterymanufacturer.com\/?post_type=product&#038;p=5014"},"modified":"2025-09-28T01:59:19","modified_gmt":"2025-09-28T01:59:19","slug":"amp-nova-51-2v-200ah-lithium-battery","status":"publish","type":"product","link":"https:\/\/solarbatterymanufacturer.com\/es\/51.2v-200ah-lithium-battery","title":{"rendered":"Bater\u00eda de litio Amp Nova de 51,2 V y 200 Ah"},"content":{"rendered":"<h2>Descripciones:<\/h2>\n<p>La bater\u00eda de litio Amp Nova de 51,2 V y 200 Ah es una soluci\u00f3n de almacenamiento de energ\u00eda de alto rendimiento dise\u00f1ada espec\u00edficamente para aplicaciones residenciales. Este m\u00f3dulo de bater\u00eda, integrado con un sistema inteligente de gesti\u00f3n de bater\u00edas (BMS), destaca por su seguridad, ciclo de vida, densidad energ\u00e9tica, carga r\u00e1pida, rango de temperatura y protecci\u00f3n ambiental. Su dise\u00f1o elegante y moderno a\u00f1ade un atractivo est\u00e9tico a sus beneficios funcionales. Amp Nova se dedica a proporcionar un suministro de energ\u00eda seguro y estable para sistemas de almacenamiento de energ\u00eda residenciales, y este m\u00f3dulo de bater\u00eda para rack de servidores de 200 Ah es un claro ejemplo de ese compromiso.<\/p>\n<h2>Caracter\u00edsticas:<\/h2>\n<ul>\n<li><strong>C\u00e9lulas individuales LFP<\/strong>: Garantiza una larga vida \u00fatil, seguridad y un amplio rango de temperatura.<\/li>\n<li><strong>Alta densidad de energ\u00eda<\/strong>: Proporciona alta potencia en un dise\u00f1o peque\u00f1o y liviano sin contaminaci\u00f3n.<\/li>\n<li><strong>Carga r\u00e1pida<\/strong>: Alta eficiencia para una r\u00e1pida reposici\u00f3n de energ\u00eda.<\/li>\n<li><strong>BMS incorporado<\/strong>: Protege el voltaje, la corriente y la temperatura durante toda la vida \u00fatil.<\/li>\n<li><strong>Interfaz de comunicaci\u00f3n integrada<\/strong>: Permite una comunicaci\u00f3n fluida con el controlador del inversor.<\/li>\n<li><strong>Indicador LED<\/strong>: muestra el estado de carga (SOC) y el estado operativo.<\/li>\n<li><strong>M\u00f3dulo Estandarizado<\/strong>: Admite dise\u00f1o paralelo y compatibilidad con una variedad de inversores.<\/li>\n<li><strong>Larga vida de dise\u00f1o<\/strong>: Ofrece 15 a\u00f1os de rendimiento estable y no requiere mantenimiento.<\/li>\n<\/ul>\n<h2>Especificaciones:<\/h2>\n<table style=\"border-collapse: collapse; width: 548.42pt;\" border=\"0\" width=\"914\" cellspacing=\"0\" cellpadding=\"0\">\n<tbody>\n<tr style=\"height: 50.00pt;\">\n<td class=\"et4\" style=\"height: 50.00pt; width: 548.40pt;\" colspan=\"2\" width=\"914\" height=\"83\">Especificaciones b\u00e1sicas<\/td>\n<\/tr>\n<tr style=\"height: 30.00pt;\">\n<td class=\"et5\" style=\"height: 30.00pt; width: 228.00pt;\" width=\"380\" height=\"50\">\u2022 Tensi\u00f3n nominal<\/td>\n<td class=\"et5\" style=\"width: 320.40pt;\" width=\"534\">51,2 V (16S)<\/td>\n<\/tr>\n<tr style=\"height: 30.00pt;\">\n<td class=\"et6\" style=\"height: 30.00pt; width: 228.00pt;\" width=\"380\" height=\"50\">\u2022 Capacidad nominal<\/td>\n<td class=\"et6\" style=\"width: 320.40pt;\" width=\"534\">200Ah<\/td>\n<\/tr>\n<tr style=\"height: 30.00pt;\">\n<td class=\"et5\" style=\"height: 30.00pt; width: 228.00pt;\" width=\"380\" height=\"50\">\u2022 Energ\u00eda nominal<\/td>\n<td class=\"et5\" style=\"width: 320.40pt;\" width=\"534\">10240 Wh<\/td>\n<\/tr>\n<tr style=\"height: 30.00pt;\">\n<td class=\"et6\" style=\"height: 30.00pt; width: 228.00pt;\" width=\"380\" height=\"50\">\u2022 Ciclo de vida<\/td>\n<td class=\"et6\" style=\"width: 320.40pt;\" width=\"534\">6000 (0.5C@25\u00b0C, DOD 80%)<\/td>\n<\/tr>\n<tr style=\"height: 30.00pt;\">\n<td class=\"et5\" style=\"height: 30.00pt; width: 228.00pt;\" width=\"380\" height=\"50\">\u2022 Vida \u00fatil del dise\u00f1o<\/td>\n<td class=\"et5\" style=\"width: 320.40pt;\" width=\"534\">15 a\u00f1os<\/td>\n<\/tr>\n<tr style=\"height: 50.00pt;\">\n<td class=\"et7\" style=\"height: 50.00pt; width: 228.00pt;\" width=\"380\" height=\"83\">Especificaciones f\u00edsicas<\/td>\n<td class=\"et6\" style=\"width: 320.40pt;\" width=\"534\"><\/td>\n<\/tr>\n<tr style=\"height: 30.00pt;\">\n<td class=\"et5\" style=\"height: 30.00pt; width: 228.00pt;\" width=\"380\" height=\"50\">\u2022 Dimensiones (L x An x Al)<\/td>\n<td class=\"et5\" style=\"width: 320.40pt;\" width=\"534\">460*442*250mm<\/td>\n<\/tr>\n<tr style=\"height: 30.00pt;\">\n<td class=\"et6\" style=\"height: 30.00pt; width: 228.00pt;\" width=\"380\" height=\"50\">\u2022 Peso<\/td>\n<td class=\"et6\" style=\"width: 320.40pt;\" width=\"534\">85 kg<\/td>\n<\/tr>\n<tr style=\"height: 30.00pt;\">\n<td class=\"et5\" style=\"height: 30.00pt; width: 228.00pt;\" width=\"380\" height=\"50\">\u2022 Material del c\u00e1todo<\/td>\n<td class=\"et5\" style=\"width: 320.40pt;\" width=\"534\">Fosfato de hierro y litio (LiFePo\u2084)<\/td>\n<\/tr>\n<tr style=\"height: 30.00pt;\">\n<td class=\"et6\" style=\"height: 30.00pt; width: 228.00pt;\" width=\"380\" height=\"50\">\u2022 Material de la Caja<\/td>\n<td class=\"et6\" style=\"width: 320.40pt;\" width=\"534\">Metal<\/td>\n<\/tr>\n<tr style=\"height: 30.00pt;\">\n<td class=\"et5\" style=\"height: 30.00pt; width: 228.00pt;\" width=\"380\" height=\"50\">\u2022 Color de la caja<\/td>\n<td class=\"et5\" style=\"width: 320.40pt;\" width=\"534\">Negro<\/td>\n<\/tr>\n<tr style=\"height: 30.00pt;\">\n<td class=\"et6\" style=\"height: 30.00pt; width: 228.00pt;\" width=\"380\" height=\"50\">\u2022 M\u00e9todo de visualizaci\u00f3n<\/td>\n<td class=\"et6\" style=\"width: 320.40pt;\" width=\"534\">LED + pantalla LCD<\/td>\n<\/tr>\n<tr style=\"height: 50.00pt;\">\n<td class=\"et8\" style=\"height: 50.00pt; width: 548.40pt;\" colspan=\"2\" width=\"914\" height=\"83\">Especificaciones de funcionamiento<\/td>\n<\/tr>\n<tr style=\"height: 30.00pt;\">\n<td class=\"et6\" style=\"height: 30.00pt; width: 228.00pt;\" width=\"380\" height=\"50\">\u2022 Rango de voltaje<\/td>\n<td class=\"et6\" style=\"width: 320.40pt;\" width=\"534\">44,8-56 V<\/td>\n<\/tr>\n<tr style=\"height: 30.00pt;\">\n<td class=\"et5\" style=\"height: 30.00pt; width: 228.00pt;\" width=\"380\" height=\"50\">\u2022 Voltaje de corte<\/td>\n<td class=\"et5\" style=\"width: 320.40pt;\" width=\"534\">44,8 voltios<\/td>\n<\/tr>\n<tr style=\"height: 30.00pt;\">\n<td class=\"et6\" style=\"height: 30.00pt; width: 228.00pt;\" width=\"380\" height=\"50\">\u2022 Corriente de carga recomendada<\/td>\n<td class=\"et6\" style=\"width: 320.40pt;\" width=\"534\">\u2264100A<\/td>\n<\/tr>\n<tr style=\"height: 30.00pt;\">\n<td class=\"et5\" style=\"height: 30.00pt; width: 228.00pt;\" width=\"380\" height=\"50\">\u2022 Corriente de carga m\u00e1xima<\/td>\n<td class=\"et5\" style=\"width: 320.40pt;\" width=\"534\">100A<\/td>\n<\/tr>\n<tr style=\"height: 30.00pt;\">\n<td class=\"et6\" style=\"height: 30.00pt; width: 228.00pt;\" width=\"380\" height=\"50\">\u2022 Corriente m\u00e1xima de descarga<\/td>\n<td class=\"et6\" style=\"width: 320.40pt;\" width=\"534\">100A<\/td>\n<\/tr>\n<tr style=\"height: 50.00pt;\">\n<td class=\"et8\" style=\"height: 50.00pt; width: 548.40pt;\" colspan=\"2\" width=\"914\" height=\"83\">Especificaciones ambientales<\/td>\n<\/tr>\n<tr style=\"height: 30.00pt;\">\n<td class=\"et6\" style=\"height: 30.00pt; width: 228.00pt;\" width=\"380\" height=\"50\">\u2022 Humedad relativa<\/td>\n<td class=\"et6\" style=\"width: 320.40pt;\" width=\"534\">5-95%<\/td>\n<\/tr>\n<tr style=\"height: 30.00pt;\">\n<td class=\"et5\" style=\"height: 30.00pt; width: 228.00pt;\" width=\"380\" height=\"50\">\u2022 Temperatura de carga<\/td>\n<td class=\"et5\" style=\"width: 320.40pt;\" width=\"534\">-20 a 45 \u00b0C \/ -4 a 113 \u00b0F (calefacci\u00f3n activa cuando est\u00e1 por debajo de 0 \u00b0C \/ 32 \u00b0F)<\/td>\n<\/tr>\n<tr style=\"height: 30.00pt;\">\n<td class=\"et6\" style=\"height: 30.00pt; width: 228.00pt;\" width=\"380\" height=\"50\">\u2022 Rango de temperatura de descarga<\/td>\n<td class=\"et6\" style=\"width: 320.40pt;\" width=\"534\">-20 a 55\u00b0C \/ -4 a 131\u00b0F<\/td>\n<\/tr>\n<tr style=\"height: 30.00pt;\">\n<td class=\"et5\" style=\"height: 30.00pt; width: 228.00pt;\" width=\"380\" height=\"50\">\u2022 Rango de temperatura de almacenamiento<\/td>\n<td class=\"et5\" style=\"width: 320.40pt;\" width=\"534\">-20 a 55\u00b0C \/ -4 a 131\u00b0F<\/td>\n<\/tr>\n<tr style=\"height: 50.00pt;\">\n<td class=\"et7\" style=\"height: 50.00pt; width: 228.00pt;\" width=\"380\" height=\"83\">Certificaciones<\/td>\n<td class=\"et6\" style=\"width: 320.40pt;\" width=\"534\"><\/td>\n<\/tr>\n<tr style=\"height: 30.00pt;\">\n<td class=\"et5\" style=\"height: 30.00pt; width: 228.00pt;\" width=\"380\" height=\"50\">\u2022 Seguridad<\/td>\n<td class=\"et5\" style=\"width: 320.40pt;\" width=\"534\">CE, CEM, TUV (IEC62619)<\/td>\n<\/tr>\n<tr style=\"height: 30.00pt;\">\n<td class=\"et6\" style=\"height: 30.00pt; width: 228.00pt;\" width=\"380\" height=\"50\">\u2022 Transporte<\/td>\n<td class=\"et6\" style=\"width: 320.40pt;\" width=\"534\">UN38.3<\/td>\n<\/tr>\n<\/tbody>\n<\/table>","protected":false},"excerpt":{"rendered":"<p>La bater\u00eda de iones de litio Amp Nova de 51,2 V y 200 Ah es una robusta soluci\u00f3n de almacenamiento de energ\u00eda que ofrece alta capacidad para aplicaciones que exigen un suministro de energ\u00eda fiable y eficiente. Su dise\u00f1o para montaje en rack facilita la instalaci\u00f3n y la escalabilidad, lo que la convierte en una excelente opci\u00f3n para centros de datos, sistemas de telecomunicaciones y diversos entornos comerciales e industriales. Este modelo de 200 Ah garantiza un rendimiento y un suministro de energ\u00eda constantes, satisfaciendo las rigurosas exigencias de sus necesidades energ\u00e9ticas.<\/p>","protected":false},"featured_media":5015,"comment_status":"open","ping_status":"closed","template":"","meta":[],"product_cat":[66],"product_tag":[],"class_list":["post-5014","product","type-product","status-publish","has-post-thumbnail","hentry","product_cat-server-rack-battery"],"acf":[],"_links":{"self":[{"href":"https:\/\/solarbatterymanufacturer.com\/es\/wp-json\/wp\/v2\/product\/5014","targetHints":{"allow":["GET"]}}],"collection":[{"href":"https:\/\/solarbatterymanufacturer.com\/es\/wp-json\/wp\/v2\/product"}],"about":[{"href":"https:\/\/solarbatterymanufacturer.com\/es\/wp-json\/wp\/v2\/types\/product"}],"replies":[{"embeddable":true,"href":"https:\/\/solarbatterymanufacturer.com\/es\/wp-json\/wp\/v2\/comments?post=5014"}],"version-history":[{"count":1,"href":"https:\/\/solarbatterymanufacturer.com\/es\/wp-json\/wp\/v2\/product\/5014\/revisions"}],"predecessor-version":[{"id":5018,"href":"https:\/\/solarbatterymanufacturer.com\/es\/wp-json\/wp\/v2\/product\/5014\/revisions\/5018"}],"wp:featuredmedia":[{"embeddable":true,"href":"https:\/\/solarbatterymanufacturer.com\/es\/wp-json\/wp\/v2\/media\/5015"}],"wp:attachment":[{"href":"https:\/\/solarbatterymanufacturer.com\/es\/wp-json\/wp\/v2\/media?parent=5014"}],"wp:term":[{"taxonomy":"product_cat","embeddable":true,"href":"https:\/\/solarbatterymanufacturer.com\/es\/wp-json\/wp\/v2\/product_cat?post=5014"},{"taxonomy":"product_tag","embeddable":true,"href":"https:\/\/solarbatterymanufacturer.com\/es\/wp-json\/wp\/v2\/product_tag?post=5014"}],"curies":[{"name":"wp","href":"https:\/\/api.w.org\/{rel}","templated":true}]}}