{"id":1015,"date":"2021-10-27T12:14:03","date_gmt":"2021-10-27T12:14:03","guid":{"rendered":"http:\/\/bsmthemes.com\/electra\/?post_type=product&#038;p=1015"},"modified":"2023-05-06T03:34:19","modified_gmt":"2023-05-06T03:34:19","slug":"solar-module","status":"publish","type":"product","link":"https:\/\/solarbatterymanufacturer.com\/fr\/amp-nova-12.8v-100ah-lead-acid-replacement-battery","title":{"rendered":"Batterie de remplacement au plomb Amp Nova 12,8 V 100 Ah"},"content":{"rendered":"<div data-elementor-type=\"product-post\" data-elementor-id=\"1015\" class=\"elementor elementor-1015\">\n\t\t\t\t\t\t\t\t\t<section class=\"elementor-section elementor-top-section elementor-element elementor-element-5c873225 elementor-section-boxed elementor-section-height-default elementor-section-height-default\" data-id=\"5c873225\" data-element_type=\"section\">\n\t\t\t\t\t\t<div class=\"elementor-container elementor-column-gap-default\">\n\t\t\t\t\t<div class=\"elementor-column elementor-col-100 elementor-top-column elementor-element elementor-element-121529e3\" data-id=\"121529e3\" data-element_type=\"column\">\n\t\t\t<div class=\"elementor-widget-wrap elementor-element-populated\">\n\t\t\t\t\t\t\t\t<div class=\"elementor-element elementor-element-12fe4546 elementor-widget elementor-widget-text-editor\" data-id=\"12fe4546\" data-element_type=\"widget\" data-widget_type=\"text-editor.default\">\n\t\t\t\t<div class=\"elementor-widget-container\">\n\t\t\t<style>\/*! elementor - v3.12.1 - 02-04-2023 *\/\n.elementor-widget-text-editor.elementor-drop-cap-view-stacked .elementor-drop-cap{background-color:#69727d;color:#fff}.elementor-widget-text-editor.elementor-drop-cap-view-framed .elementor-drop-cap{color:#69727d;border:3px solid;background-color:transparent}.elementor-widget-text-editor:not(.elementor-drop-cap-view-default) .elementor-drop-cap{margin-top:8px}.elementor-widget-text-editor:not(.elementor-drop-cap-view-default) .elementor-drop-cap-letter{width:1em;height:1em}.elementor-widget-text-editor .elementor-drop-cap{float:left;text-align:center;line-height:1;font-size:50px}.elementor-widget-text-editor .elementor-drop-cap-letter{display:inline-block}<\/style>\t\t\t\t<h2>Descriptifs\u00a0:<\/h2><p>Les modules de batterie au lithium fer phosphate (LFP) 12 V 100 Ah sont sp\u00e9cialement con\u00e7us pour les applications multiples par Amp Nova. Ces modules de batterie adoptent une conception de coque ABS et peuvent \u00eatre utilis\u00e9s 24h\/24 et 7j\/7. Les modules de batterie poss\u00e8dent un BMS intelligent int\u00e9gr\u00e9 \u00e0 l&#039;int\u00e9rieur, qui offre de grands avantages en termes de s\u00e9curit\u00e9, de dur\u00e9e de vie, de densit\u00e9 \u00e9nerg\u00e9tique et de plage de temp\u00e9rature.<\/p><h2>Caract\u00e9ristiques:<\/h2><ul><li><p style=\"-webkit-font-smoothing: antialiased; --tw-border-spacing-x: 0; --tw-border-spacing-y: 0; --tw-translate-x: 0; --tw-translate-y: 0; --tw-rotate: 0; --tw-skew-x: 0; --tw-skew-y: 0; --tw-scale-x: 1; --tw-scale-y: 1; --tw-scroll-snap-strictness: proximity; --tw-ring-offset-width: 0px; --tw-ring-offset-color: #fff; --tw-ring-color: rgb(59 130 246 \/ 0.5); --tw-ring-offset-shadow: 0 0 #0000; --tw-ring-shadow: 0 0 #0000; --tw-shadow: 0 0 #0000; --tw-shadow-colored: 0 0 #0000; margin-top: 24px; color: #282828; font-family: 'Ridley Grotesk Medium'; font-size: 14px;\"><strong><span style=\"-webkit-font-smoothing: antialiased; --tw-border-spacing-x: 0; --tw-border-spacing-y: 0; --tw-translate-x: 0; --tw-translate-y: 0; --tw-rotate: 0; --tw-skew-x: 0; --tw-skew-y: 0; --tw-scale-x: 1; --tw-scale-y: 1; --tw-scroll-snap-strictness: proximity; --tw-ring-offset-width: 0px; --tw-ring-offset-color: #fff; --tw-ring-color: rgb(59 130 246 \/ 0.5); --tw-ring-offset-shadow: 0 0 #0000; --tw-ring-shadow: 0 0 #0000; --tw-shadow: 0 0 #0000; --tw-shadow-colored: 0 0 #0000;\" data-mce-fragment=\"1\">[Chauffage \u00e0 basse temp\u00e9rature] <\/span><\/strong>Lorsqu&#039;elles sont connect\u00e9es \u00e0 une alimentation externe, toutes nos batteries polyvalentes peuvent \u00eatre chauff\u00e9es, pour garantir un fonctionnement et une charge normaux \u00e0 des temp\u00e9ratures aussi basses que \u2013\u00a0<span style=\"-webkit-font-smoothing: antialiased; --tw-border-spacing-x: 0; --tw-border-spacing-y: 0; --tw-translate-x: 0; --tw-translate-y: 0; --tw-rotate: 0; --tw-skew-x: 0; --tw-skew-y: 0; --tw-scale-x: 1; --tw-scale-y: 1; --tw-scroll-snap-strictness: proximity; --tw-ring-offset-width: 0px; --tw-ring-offset-color: #fff; --tw-ring-color: rgb(59 130 246 \/ 0.5); --tw-ring-offset-shadow: 0 0 #0000; --tw-ring-shadow: 0 0 #0000; --tw-shadow: 0 0 #0000; --tw-shadow-colored: 0 0 #0000;\" data-mce-fragment=\"1\">20\u00b0C (-5\u00b0F)<\/span>.<\/p><p style=\"-webkit-font-smoothing: antialiased; --tw-border-spacing-x: 0; --tw-border-spacing-y: 0; --tw-translate-x: 0; --tw-translate-y: 0; --tw-rotate: 0; --tw-skew-x: 0; --tw-skew-y: 0; --tw-scale-x: 1; --tw-scale-y: 1; --tw-scroll-snap-strictness: proximity; --tw-ring-offset-width: 0px; --tw-ring-offset-color: #fff; --tw-ring-color: rgb(59 130 246 \/ 0.5); --tw-ring-offset-shadow: 0 0 #0000; --tw-ring-shadow: 0 0 #0000; --tw-shadow: 0 0 #0000; --tw-shadow-colored: 0 0 #0000; margin-top: 24px; color: #282828; font-family: 'Ridley Grotesk Medium'; font-size: 14px;\"><strong><span style=\"-webkit-font-smoothing: antialiased; --tw-border-spacing-x: 0; --tw-border-spacing-y: 0; --tw-translate-x: 0; --tw-translate-y: 0; --tw-rotate: 0; --tw-skew-x: 0; --tw-skew-y: 0; --tw-scale-x: 1; --tw-scale-y: 1; --tw-scroll-snap-strictness: proximity; --tw-ring-offset-width: 0px; --tw-ring-offset-color: #fff; --tw-ring-color: rgb(59 130 246 \/ 0.5); --tw-ring-offset-shadow: 0 0 #0000; --tw-ring-shadow: 0 0 #0000; --tw-shadow: 0 0 #0000; --tw-shadow-colored: 0 0 #0000;\" data-mce-fragment=\"1\">[Bluetooth]<\/span><\/strong>\u00a0Connectez-vous \u00e0 votre batterie via Bluetooth \u00e0 l&#039;aide de notre application mobile pour une surveillance continue et en temps r\u00e9el de l&#039;\u00e9tat de charge, de la temp\u00e9rature et de l&#039;\u00e9tat de sant\u00e9 de votre batterie.<\/p><p>\u00a0<\/p><p class=\"ace-line ace-line old-record-id-doxcnyygeqa2i20q84BXrkmJ9tb\" style=\"-webkit-font-smoothing: antialiased; --tw-border-spacing-x: 0; --tw-border-spacing-y: 0; --tw-translate-x: 0; --tw-translate-y: 0; --tw-rotate: 0; --tw-skew-x: 0; --tw-skew-y: 0; --tw-scale-x: 1; --tw-scale-y: 1; --tw-scroll-snap-strictness: proximity; --tw-ring-offset-width: 0px; --tw-ring-offset-color: #fff; --tw-ring-color: rgb(59 130 246 \/ 0.5); --tw-ring-offset-shadow: 0 0 #0000; --tw-ring-shadow: 0 0 #0000; --tw-shadow: 0 0 #0000; --tw-shadow-colored: 0 0 #0000;\" data-mce-fragment=\"1\"><strong><span style=\"-webkit-font-smoothing: antialiased; --tw-border-spacing-x: 0; --tw-border-spacing-y: 0; --tw-translate-x: 0; --tw-translate-y: 0; --tw-rotate: 0; --tw-skew-x: 0; --tw-skew-y: 0; --tw-scale-x: 1; --tw-scale-y: 1; --tw-scroll-snap-strictness: proximity; --tw-ring-offset-width: 0px; --tw-ring-offset-color: #fff; --tw-ring-color: rgb(59 130 246 \/ 0.5); --tw-ring-offset-shadow: 0 0 #0000; --tw-ring-shadow: 0 0 #0000; --tw-shadow: 0 0 #0000; --tw-shadow-colored: 0 0 #0000;\" data-mce-fragment=\"1\">[IP65]<\/span><\/strong>\u00a0<span style=\"-webkit-font-smoothing: antialiased; --tw-border-spacing-x: 0; --tw-border-spacing-y: 0; --tw-translate-x: 0; --tw-translate-y: 0; --tw-rotate: 0; --tw-skew-x: 0; --tw-skew-y: 0; --tw-scale-x: 1; --tw-scale-y: 1; --tw-scroll-snap-strictness: proximity; --tw-ring-offset-width: 0px; --tw-ring-offset-color: #fff; --tw-ring-color: rgb(59 130 246 \/ 0.5); --tw-ring-offset-shadow: 0 0 #0000; --tw-ring-shadow: 0 0 #0000; --tw-shadow: 0 0 #0000; --tw-shadow-colored: 0 0 #0000;\" data-mce-fragment=\"1\">Assurez votre tranquillit\u00e9 d&#039;esprit lors de votre prochaine aventure de p\u00eache ou de sports nautiques. Nos batteries sont enti\u00e8rement prot\u00e9g\u00e9es IP65 contre la poussi\u00e8re et offrent une protection significative contre les projections d&#039;eau et les pulv\u00e9risations, ce qui les rend adapt\u00e9es \u00e0 presque toutes les applications.<\/span><\/p><p class=\"ace-line ace-line old-record-id-doxcnyygeqa2i20q84BXrkmJ9tb\" style=\"-webkit-font-smoothing: antialiased; --tw-border-spacing-x: 0; --tw-border-spacing-y: 0; --tw-translate-x: 0; --tw-translate-y: 0; --tw-rotate: 0; --tw-skew-x: 0; --tw-skew-y: 0; --tw-scale-x: 1; --tw-scale-y: 1; --tw-scroll-snap-strictness: proximity; --tw-ring-offset-width: 0px; --tw-ring-offset-color: #fff; --tw-ring-color: rgb(59 130 246 \/ 0.5); --tw-ring-offset-shadow: 0 0 #0000; --tw-ring-shadow: 0 0 #0000; --tw-shadow: 0 0 #0000; --tw-shadow-colored: 0 0 #0000; margin-top: 24px;\" data-mce-fragment=\"1\"><span style=\"-webkit-font-smoothing: antialiased; --tw-border-spacing-x: 0; --tw-border-spacing-y: 0; --tw-translate-x: 0; --tw-translate-y: 0; --tw-rotate: 0; --tw-skew-x: 0; --tw-skew-y: 0; --tw-scale-x: 1; --tw-scale-y: 1; --tw-scroll-snap-strictness: proximity; --tw-ring-offset-width: 0px; --tw-ring-offset-color: #fff; --tw-ring-color: rgb(59 130 246 \/ 0.5); --tw-ring-offset-shadow: 0 0 #0000; --tw-ring-shadow: 0 0 #0000; --tw-shadow: 0 0 #0000; --tw-shadow-colored: 0 0 #0000;\" data-mce-fragment=\"1\"><strong><span style=\"-webkit-font-smoothing: antialiased; --tw-border-spacing-x: 0; --tw-border-spacing-y: 0; --tw-translate-x: 0; --tw-translate-y: 0; --tw-rotate: 0; --tw-skew-x: 0; --tw-skew-y: 0; --tw-scale-x: 1; --tw-scale-y: 1; --tw-scroll-snap-strictness: proximity; --tw-ring-offset-width: 0px; --tw-ring-offset-color: #fff; --tw-ring-color: rgb(59 130 246 \/ 0.5); --tw-ring-offset-shadow: 0 0 #0000; --tw-ring-shadow: 0 0 #0000; --tw-shadow: 0 0 #0000; --tw-shadow-colored: 0 0 #0000;\" data-mce-fragment=\"1\">[Conception d\u00e9tachable]<\/span><\/strong> La conception d\u00e9tachable assure une bonne maintenabilit\u00e9 de la batterie et \u00e9vite d&#039;endommager le bo\u00eetier lors d&#039;\u00e9ventuelles r\u00e9parations. (La r\u00e9paration n\u00e9cessite des ing\u00e9nieurs qualifi\u00e9s et un \u00e9quipement professionnel, et une utilisation non professionnelle peut entra\u00eener un indice de protection IP inf\u00e9rieur, affectant finalement la garantie de votre produit).<\/span><\/p><p class=\"ace-line ace-line old-record-id-doxcn80cGMMqK4Kig0WiWDlgBDc\" style=\"-webkit-font-smoothing: antialiased; --tw-border-spacing-x: 0; --tw-border-spacing-y: 0; --tw-translate-x: 0; --tw-translate-y: 0; --tw-rotate: 0; --tw-skew-x: 0; --tw-skew-y: 0; --tw-scale-x: 1; --tw-scale-y: 1; --tw-scroll-snap-strictness: proximity; --tw-ring-offset-width: 0px; --tw-ring-offset-color: #fff; --tw-ring-color: rgb(59 130 246 \/ 0.5); --tw-ring-offset-shadow: 0 0 #0000; --tw-ring-shadow: 0 0 #0000; --tw-shadow: 0 0 #0000; --tw-shadow-colored: 0 0 #0000; margin-top: 24px;\" data-mce-fragment=\"1\"><strong><span style=\"-webkit-font-smoothing: antialiased; --tw-border-spacing-x: 0; --tw-border-spacing-y: 0; --tw-translate-x: 0; --tw-translate-y: 0; --tw-rotate: 0; --tw-skew-x: 0; --tw-skew-y: 0; --tw-scale-x: 1; --tw-scale-y: 1; --tw-scroll-snap-strictness: proximity; --tw-ring-offset-width: 0px; --tw-ring-offset-color: #fff; --tw-ring-color: rgb(59 130 246 \/ 0.5); --tw-ring-offset-shadow: 0 0 #0000; --tw-ring-shadow: 0 0 #0000; --tw-shadow: 0 0 #0000; --tw-shadow-colored: 0 0 #0000;\">[BMS fiable]<\/span><\/strong>\u00a0Notre BMS (syst\u00e8me de gestion de batterie) intelligent offre une pr\u00e9vention permanente des courts-circuits et des sur\/sous-tensions, ainsi qu&#039;une surveillance de la temp\u00e9rature.<\/p><p class=\"ace-line ace-line old-record-id-doxcn80cGMMqK4Kig0WiWDlgBDc\" style=\"-webkit-font-smoothing: antialiased; --tw-border-spacing-x: 0; --tw-border-spacing-y: 0; --tw-translate-x: 0; --tw-translate-y: 0; --tw-rotate: 0; --tw-skew-x: 0; --tw-skew-y: 0; --tw-scale-x: 1; --tw-scale-y: 1; --tw-scroll-snap-strictness: proximity; --tw-ring-offset-width: 0px; --tw-ring-offset-color: #fff; --tw-ring-color: rgb(59 130 246 \/ 0.5); --tw-ring-offset-shadow: 0 0 #0000; --tw-ring-shadow: 0 0 #0000; --tw-shadow: 0 0 #0000; --tw-shadow-colored: 0 0 #0000; margin-top: 24px; margin-bottom: 0px !important;\" data-mce-fragment=\"1\"><strong><span style=\"-webkit-font-smoothing: antialiased; --tw-border-spacing-x: 0; --tw-border-spacing-y: 0; --tw-translate-x: 0; --tw-translate-y: 0; --tw-rotate: 0; --tw-skew-x: 0; --tw-skew-y: 0; --tw-scale-x: 1; --tw-scale-y: 1; --tw-scroll-snap-strictness: proximity; --tw-ring-offset-width: 0px; --tw-ring-offset-color: #fff; --tw-ring-color: rgb(59 130 246 \/ 0.5); --tw-ring-offset-shadow: 0 0 #0000; --tw-ring-shadow: 0 0 #0000; --tw-shadow: 0 0 #0000; --tw-shadow-colored: 0 0 #0000;\">[\u00c9quilibrage intelligent]<\/span><\/strong>\u00a0Nos circuits d&#039;\u00e9quilibrage int\u00e9gr\u00e9s prolongent la dur\u00e9e de vie de votre batterie en garantissant que toutes les cellules de la batterie sont utilis\u00e9es de la m\u00eame mani\u00e8re.<\/p><p>\u00a0<\/p><\/li><\/ul><h2>Caract\u00e9ristiques<\/h2><div><table style=\"width: 745px; height: 1327px;\" border=\"0\" width=\"645\" cellspacing=\"0\" cellpadding=\"0\"><colgroup><col style=\"width: 251.40pt;\" width=\"419\" \/> <col style=\"width: 135.60pt;\" width=\"226\" \/> <\/colgroup><tbody><tr style=\"height: 30.00pt;\"><td class=\"et3\" style=\"height: 30.00pt; width: 387.00pt;\" colspan=\"2\" width=\"645\" height=\"50\"><h4>Sp\u00e9cifications de base<\/h4><\/td><\/tr><tr style=\"height: 30.00pt;\"><td class=\"et4\" style=\"height: 30.00pt; width: 251.40pt;\" width=\"419\" height=\"50\">\u2022 Tension nominale<\/td><td class=\"et4\" style=\"width: 135.60pt;\" width=\"226\">12,8 V<\/td><\/tr><tr style=\"height: 30.00pt;\"><td class=\"et5\" style=\"height: 30.00pt; width: 251.40pt;\" width=\"419\" height=\"50\">\u2022 Capacit\u00e9 nominale<\/td><td class=\"et5\" style=\"width: 135.60pt;\" width=\"226\">100 Ah<\/td><\/tr><tr style=\"height: 30.00pt;\"><td class=\"et4\" style=\"height: 30.00pt; width: 251.40pt;\" width=\"419\" height=\"50\">\u2022 \u00c9nergie nominale<\/td><td class=\"et4\" style=\"width: 135.60pt;\" width=\"226\">1280 Wh<\/td><\/tr><tr style=\"height: 30.00pt;\"><td class=\"et5\" style=\"height: 30.00pt; width: 251.40pt;\" width=\"419\" height=\"50\">\u2022 Cycle de vie<\/td><td class=\"et5\" style=\"width: 135.60pt;\" width=\"226\">6000 (0.5C@25\u00b0C, 80% DOD)<\/td><\/tr><tr style=\"height: 30.00pt;\"><td class=\"et4\" style=\"height: 30.00pt; width: 251.40pt;\" width=\"419\" height=\"50\">\u2022 Dur\u00e9e de vie de conception<\/td><td class=\"et4\" style=\"width: 135.60pt;\" width=\"226\">15 ans<\/td><\/tr><tr style=\"height: 46.00pt;\"><td class=\"et3\" style=\"height: 46.00pt; width: 387.00pt;\" colspan=\"2\" width=\"645\" height=\"76\"><h4>Sp\u00e9cifications physiques<\/h4><\/td><\/tr><tr style=\"height: 30.00pt;\"><td class=\"et4\" style=\"height: 30.00pt; width: 251.40pt;\" width=\"419\" height=\"50\">\u2022 Dimensions (L x l x H)<\/td><td class=\"et4\" style=\"width: 135.60pt;\" width=\"226\">12,99 x 6,77 x 8,66 pouces \/ 330 x 172 x 220 mm<\/td><\/tr><tr style=\"height: 30.00pt;\"><td class=\"et5\" style=\"height: 30.00pt; width: 251.40pt;\" width=\"419\" height=\"50\">\u2022 Poids<\/td><td class=\"et5\" style=\"width: 135.60pt;\" width=\"226\">24,64 livres \/ 11,2 kg<\/td><\/tr><tr style=\"height: 30.00pt;\"><td class=\"et4\" style=\"height: 30.00pt; width: 251.40pt;\" width=\"419\" height=\"50\">\u2022 Mat\u00e9riau cathodique<\/td><td class=\"et4\" style=\"width: 135.60pt;\" width=\"226\">Phosphate de fer au lithium (LiFePo\u2084)<\/td><\/tr><tr style=\"height: 30.00pt;\"><td class=\"et5\" style=\"height: 30.00pt; width: 251.40pt;\" width=\"419\" height=\"50\">\u2022 Bo\u00eetier<\/td><td class=\"et5\" style=\"width: 135.60pt;\" width=\"226\">ABS (Acrylonitrile butadi\u00e8ne styr\u00e8ne)<\/td><\/tr><tr style=\"height: 30.00pt;\"><td class=\"et4\" style=\"height: 30.00pt; width: 251.40pt;\" width=\"419\" height=\"50\">\u2022 Couleur du bo\u00eetier<\/td><td class=\"et4\" style=\"width: 135.60pt;\" width=\"226\">Noir<\/td><\/tr><tr style=\"height: 30.00pt;\"><td class=\"et5\" style=\"height: 30.00pt; width: 251.40pt;\" width=\"419\" height=\"50\">\u2022 Connectivit\u00e9<\/td><td class=\"et5\" style=\"width: 135.60pt;\" width=\"226\">Bluetooth<\/td><\/tr><tr style=\"height: 30.00pt;\"><td class=\"et3\" style=\"height: 30.00pt; width: 387.00pt;\" colspan=\"2\" width=\"645\" height=\"50\"><strong>Sp\u00e9cifications de fonctionnement<\/strong><\/td><\/tr><tr style=\"height: 30.00pt;\"><td class=\"et5\" style=\"height: 30.00pt; width: 251.40pt;\" width=\"419\" height=\"50\">\u2022 Plage de tension<\/td><td class=\"et5\" style=\"width: 135.60pt;\" width=\"226\">10-14 V<\/td><\/tr><tr style=\"height: 30.00pt;\"><td class=\"et4\" style=\"height: 30.00pt; width: 251.40pt;\" width=\"419\" height=\"50\">\u2022 Tension de coupure<\/td><td class=\"et4\" style=\"width: 135.60pt;\" width=\"226\">10 V<\/td><\/tr><tr style=\"height: 30.00pt;\"><td class=\"et5\" style=\"height: 30.00pt; width: 251.40pt;\" width=\"419\" height=\"50\">\u2022 Courant de charge recommand\u00e9<\/td><td class=\"et5\" style=\"width: 135.60pt;\" width=\"226\">\u226430\u00a0A<\/td><\/tr><tr style=\"height: 30.00pt;\"><td class=\"et4\" style=\"height: 30.00pt; width: 251.40pt;\" width=\"419\" height=\"50\">\u2022 Courant de charge maximal<\/td><td class=\"et4\" style=\"width: 135.60pt;\" width=\"226\">100 A<\/td><\/tr><tr style=\"height: 30.00pt;\"><td class=\"et5\" style=\"height: 30.00pt; width: 251.40pt;\" width=\"419\" height=\"50\">\u2022 Courant de d\u00e9charge maximal<\/td><td class=\"et5\" style=\"width: 135.60pt;\" width=\"226\">100 A (constant), 150 A (impulsion de 30 s)<\/td><\/tr><tr style=\"height: 30.00pt;\"><td class=\"et3\" style=\"height: 30.00pt; width: 387.00pt;\" colspan=\"2\" width=\"645\" height=\"50\"><h4>Sp\u00e9cifications environnementales<\/h4><\/td><\/tr><tr style=\"height: 30.00pt;\"><td class=\"et5\" style=\"height: 30.00pt; width: 251.40pt;\" width=\"419\" height=\"50\">\u2022 Humidit\u00e9 relative<\/td><td class=\"et5\" style=\"width: 135.60pt;\" width=\"226\">5-95%<\/td><\/tr><tr style=\"height: 30.00pt;\"><td class=\"et4\" style=\"height: 30.00pt; width: 251.40pt;\" width=\"419\" height=\"50\">\u2022 Temp\u00e9rature de charge<\/td><td class=\"et4\" style=\"width: 135.60pt;\" width=\"226\">-20 \u00e0 45\u00b0C \/ -4 \u00e0 113\u00b0F (chauffage actif en dessous de 0\u00b0C \/ 32\u00b0F)<\/td><\/tr><tr style=\"height: 30.00pt;\"><td class=\"et5\" style=\"height: 30.00pt; width: 251.40pt;\" width=\"419\" height=\"50\">\u2022 Plage de temp\u00e9rature de d\u00e9charge<\/td><td class=\"et5\" style=\"width: 135.60pt;\" width=\"226\">-20 \u00e0 55\u00b0C \/ -4 \u00e0 131\u00b0F<\/td><\/tr><tr style=\"height: 30.00pt;\"><td class=\"et4\" style=\"height: 30.00pt; width: 251.40pt;\" width=\"419\" height=\"50\">\u2022 Plage de temp\u00e9rature de stockage<\/td><td class=\"et4\" style=\"width: 135.60pt;\" width=\"226\">-20 \u00e0 55\u00b0C \/ -4 \u00e0 131\u00b0F<\/td><\/tr><tr style=\"height: 30.00pt;\"><td class=\"et3\" style=\"height: 30.00pt; width: 387.00pt;\" colspan=\"2\" width=\"645\" height=\"50\"><h4>Certificats<\/h4><\/td><\/tr><tr style=\"height: 30.00pt;\"><td class=\"et4\" style=\"height: 30.00pt; width: 251.40pt;\" width=\"419\" height=\"50\">\u2022 S\u00e9curit\u00e9<\/td><td class=\"et4\" style=\"width: 135.60pt;\" width=\"226\">UL1973<\/td><\/tr><tr style=\"height: 30.00pt;\"><td class=\"et6\" style=\"height: 30.00pt; width: 251.40pt;\" width=\"419\" height=\"50\">\u2022 Transport<\/td><td class=\"et6\" style=\"width: 135.60pt;\" width=\"226\">UN38.3<\/td><\/tr><\/tbody><\/table><\/div><div>\u00a0<\/div>\t\t\t\t\t\t<\/div>\n\t\t\t\t<\/div>\n\t\t\t\t\t<\/div>\n\t\t<\/div>\n\t\t\t\t\t\t\t<\/div>\n\t\t<\/section>\n\t\t\t\t\t\t\t<\/div>","protected":false},"excerpt":{"rendered":"<p>Les modules de batterie au lithium fer phosphate (LFP) 12 V 100 Ah sont sp\u00e9cialement con\u00e7us pour les applications multiples par Amp Nova. Ces modules de batterie adoptent une conception de coque ABS et peuvent \u00eatre utilis\u00e9s 24h\/24 et 7j\/7. Les modules de batterie poss\u00e8dent un BMS intelligent int\u00e9gr\u00e9 \u00e0 l&#039;int\u00e9rieur, qui offre de grands avantages en termes de s\u00e9curit\u00e9, de dur\u00e9e de vie, de densit\u00e9 \u00e9nerg\u00e9tique et de plage de temp\u00e9rature.<\/p>","protected":false},"featured_media":2159,"comment_status":"open","ping_status":"closed","template":"","meta":[],"product_cat":[65],"product_tag":[],"class_list":["post-1015","product","type-product","status-publish","has-post-thumbnail","hentry","product_cat-lead-acid-replacement-battery"],"acf":[],"_links":{"self":[{"href":"https:\/\/solarbatterymanufacturer.com\/fr\/wp-json\/wp\/v2\/product\/1015","targetHints":{"allow":["GET"]}}],"collection":[{"href":"https:\/\/solarbatterymanufacturer.com\/fr\/wp-json\/wp\/v2\/product"}],"about":[{"href":"https:\/\/solarbatterymanufacturer.com\/fr\/wp-json\/wp\/v2\/types\/product"}],"replies":[{"embeddable":true,"href":"https:\/\/solarbatterymanufacturer.com\/fr\/wp-json\/wp\/v2\/comments?post=1015"}],"version-history":[{"count":0,"href":"https:\/\/solarbatterymanufacturer.com\/fr\/wp-json\/wp\/v2\/product\/1015\/revisions"}],"wp:featuredmedia":[{"embeddable":true,"href":"https:\/\/solarbatterymanufacturer.com\/fr\/wp-json\/wp\/v2\/media\/2159"}],"wp:attachment":[{"href":"https:\/\/solarbatterymanufacturer.com\/fr\/wp-json\/wp\/v2\/media?parent=1015"}],"wp:term":[{"taxonomy":"product_cat","embeddable":true,"href":"https:\/\/solarbatterymanufacturer.com\/fr\/wp-json\/wp\/v2\/product_cat?post=1015"},{"taxonomy":"product_tag","embeddable":true,"href":"https:\/\/solarbatterymanufacturer.com\/fr\/wp-json\/wp\/v2\/product_tag?post=1015"}],"curies":[{"name":"wp","href":"https:\/\/api.w.org\/{rel}","templated":true}]}}