{"id":1016,"date":"2021-10-27T12:14:03","date_gmt":"2021-10-27T12:14:03","guid":{"rendered":"http:\/\/bsmthemes.com\/electra\/?post_type=product&#038;p=1016"},"modified":"2023-10-10T03:45:55","modified_gmt":"2023-10-10T03:45:55","slug":"low-voltage-stackable-battery-storage","status":"publish","type":"product","link":"https:\/\/solarbatterymanufacturer.com\/fr\/stackable-battery-storage","title":{"rendered":"Stockage de batterie empilable basse tension Amp Nova"},"content":{"rendered":"<h2>Descriptifs\u00a0:<\/h2>\n<p>Le stockage de batterie empilable basse tension Amp Nova est sp\u00e9cialement con\u00e7u pour les applications r\u00e9sidentielles petites et moyennes par Amp Nova. Chaque module dispose d&#039;un BMS intelligent \u00e0 l&#039;int\u00e9rieur, qui offre une protection contre les surtensions, les sous-tensions, les surintensit\u00e9s, les courts-circuits, les surchauffes et les basses temp\u00e9ratures. Parall\u00e8lement, une conception de s\u00e9curit\u00e9 multicouche (mat\u00e9riau, cellule, structure, a\u00e9rosol anti-incendie, etc.) am\u00e9liorera \u00e9galement consid\u00e9rablement les performances de s\u00e9curit\u00e9 du produit. Il poss\u00e8de \u00e9galement une identification \u00e9l\u00e9gante et une conception structurelle intelligente, est facile \u00e0 installer et peut \u00e9galement \u00eatre \u00e9tendu de mani\u00e8re flexible en fonction de vos besoins.<\/p>\n<h2>Caract\u00e9ristiques:<\/h2>\n<p class=\"ace-line ace-line old-record-id-doxcn80cGMMqK4Kig0WiWDlgBDc\"><strong>[Installation facile]<\/strong>\u00a0 Assemblage empilable de style Lego et conception \u00e0 verrouillage rapide entre les modules, installation facile et efficace.<\/p>\n<p class=\"ace-line ace-line old-record-id-doxcn80cGMMqK4Kig0WiWDlgBDc\"><strong>[Extension flexible]<\/strong> Le stockage de batterie empilable peut \u00eatre configur\u00e9 de mani\u00e8re flexible en fonction<br \/>\naux besoins r\u00e9els. Le syst\u00e8me prend en charge jusqu&#039;\u00e0 16 modules en parall\u00e8le (80 kWh) et un combineur est n\u00e9cessaire lorsque le courant du syst\u00e8me d\u00e9passe 100 A.<\/p>\n<p class=\"ace-line ace-line old-record-id-doxcn2YCu2wEgSsM842tJEuIXjd\"><strong>[Conception de s\u00e9curit\u00e9 des cellules et syst\u00e8mes LFP]<\/strong>\u00a0Conception de s\u00e9curit\u00e9 \u00e0 plusieurs niveaux (mat\u00e9riau, cellule, support et conception de s\u00e9curit\u00e9 du syst\u00e8me).<\/p>\n<p class=\"ace-line ace-line old-record-id-doxcneQCUO2ieceggcz84YcjwFg\"><strong>[\u00c9quilibrage intelligent] Le <\/strong>Le circuit d&#039;\u00e9quilibrage int\u00e9gr\u00e9 se d\u00e9clenchera automatiquement lorsque les conditions d\u00e9finies seront atteintes, ce qui am\u00e9liorera consid\u00e9rablement la coh\u00e9rence de la batterie et prolongera votre dur\u00e9e de vie.<\/p>\n<p class=\"ace-line ace-line old-record-id-doxcn80cGMMqK4Kig0WiWDlgBDc\"><span class=\"ace-line ace-line old-record-id-doxcnmsSiYWg8wQyyaSi970mLrd\"><strong>[GTB intelligent]<\/strong> Le syst\u00e8me de gestion de la batterie (BMS) offre une protection contre les courts-circuits, les surtensions, les basses tensions, les surchauffes et les basses temp\u00e9ratures.<\/span><span class=\"ace-line ace-line old-record-id-doxcnmsSiYWg8wQyyaSi970mLrd\"><br \/>\n<\/span><\/p>\n<p class=\"ace-line ace-line old-record-id-doxcnmsSiYWg8wQyyaSi970mLrd\"><strong>[IP55]<\/strong> IP55 est con\u00e7u pour r\u00e9pondre \u00e0 la plupart des sc\u00e9narios d&#039;application.<\/p>\n<p class=\"ace-line ace-line old-record-id-doxcnmsSiYWg8wQyyaSi970mLrd\"><strong>[Surveillance et contr\u00f4le en temps r\u00e9el]\u00a0<\/strong>Surveillance de l&#039;\u00e9tat de fonctionnement de la batterie (tension, temp\u00e9rature actuelle, SOC, etc.) en temps r\u00e9el.<\/p>\n<p class=\"ace-line ace-line old-record-id-doxcnmsSiYWg8wQyyaSi970mLrd\"><strong>[Sans entretien]\u00a0<\/strong>15 ans de dur\u00e9e de vie et 6 000 cycles (0,5 C, 80% DOD@25 \u2103), sans entretien pendant toute la dur\u00e9e de vie et une large plage de temp\u00e9ratures de fonctionnement.<\/p>\n<p>&nbsp;<\/p>\n<h2>Caract\u00e9ristiques<\/h2>\n<table style=\"border-collapse: collapse; width: 694px; height: 949px;\" border=\"0\" width=\"927\" cellspacing=\"0\" cellpadding=\"0\">\n<tbody>\n<tr style=\"height: 30.00pt;\">\n<td class=\"et3\" style=\"height: 30pt; width: 130.2pt;\" width=\"217\" height=\"50\">Type\/Param\u00e8tre<\/td>\n<td class=\"et4\" style=\"width: 85.2pt;\" width=\"142\">ANZ-51100S2<\/td>\n<td class=\"et4\" style=\"width: 85.2pt;\" width=\"142\">ANZ-51100S3<\/td>\n<td class=\"et4\" style=\"width: 85.2pt;\" width=\"142\">ANZ-51100S4<\/td>\n<td class=\"et4\" style=\"width: 85.2pt;\" width=\"142\">ANZ-51100S5<\/td>\n<td class=\"et5\" style=\"width: 85.2pt;\" width=\"142\">ANZ-51100S6<\/td>\n<\/tr>\n<tr style=\"height: 30.00pt;\">\n<td class=\"et6\" style=\"height: 30.00pt; width: 130.20pt;\" width=\"217\" height=\"50\">Type de module de batterie<\/td>\n<td class=\"et7\" style=\"width: 426pt; text-align: center;\" colspan=\"5\" width=\"710\">ANZ-51100S<\/td>\n<\/tr>\n<tr style=\"height: 30.00pt;\">\n<td class=\"et6\" style=\"height: 30.00pt; width: 130.20pt;\" width=\"217\" height=\"50\">Num\u00e9ro de module<\/td>\n<td class=\"et9\" style=\"width: 85.2pt; text-align: left;\" width=\"142\">2<\/td>\n<td class=\"et9\" style=\"width: 85.20pt;\" width=\"142\">3<\/td>\n<td class=\"et9\" style=\"width: 85.20pt;\" width=\"142\">4<\/td>\n<td class=\"et9\" style=\"width: 85.20pt;\" width=\"142\">5<\/td>\n<td class=\"et10\" style=\"width: 85.20pt;\" width=\"142\">6<\/td>\n<\/tr>\n<tr style=\"height: 30.00pt;\">\n<td class=\"et6\" style=\"height: 30.00pt; width: 130.20pt;\" width=\"217\" height=\"50\">Tension nominale<span class=\"font5\">\uff08<\/span><span class=\"font0\">V<\/span><span class=\"font5\">\uff09<\/span><\/td>\n<td class=\"et11\" style=\"width: 426.00pt;\" colspan=\"5\" width=\"710\">51.2<\/td>\n<\/tr>\n<tr style=\"height: 30.00pt;\">\n<td class=\"et6\" style=\"height: 30.00pt; width: 130.20pt;\" width=\"217\" height=\"50\">Plage de tension<span class=\"font5\">\uff08<\/span><span class=\"font0\">V<\/span><span class=\"font5\">\uff09<\/span><\/td>\n<td class=\"et12\" style=\"width: 426.00pt;\" colspan=\"5\" width=\"710\">44.8~56<\/td>\n<\/tr>\n<tr style=\"height: 30.00pt;\">\n<td class=\"et6\" style=\"height: 30.00pt; width: 130.20pt;\" width=\"217\" height=\"50\">\u00c9nergie nominale<span class=\"font5\">\uff08<\/span><span class=\"font0\">Wh<\/span><span class=\"font5\">\uff09<\/span><\/td>\n<td class=\"et13\" style=\"width: 85.20pt;\" width=\"142\">10240<\/td>\n<td class=\"et13\" style=\"width: 85.20pt;\" width=\"142\">15360<\/td>\n<td class=\"et13\" style=\"width: 85.20pt;\" width=\"142\">20240<\/td>\n<td class=\"et13\" style=\"width: 85.20pt;\" width=\"142\">25600<\/td>\n<td class=\"et14\" style=\"width: 85.20pt;\" width=\"142\">30720<\/td>\n<\/tr>\n<tr style=\"height: 30.00pt;\">\n<td class=\"et6\" style=\"height: 30.00pt; width: 130.20pt;\" width=\"217\" height=\"50\">Max. Courant de d\u00e9charge<span class=\"font5\">\uff08<\/span><span class=\"font0\">UN<\/span><span class=\"font5\">\uff09<\/span><\/td>\n<td class=\"et14\" style=\"width: 426.00pt;\" colspan=\"5\" width=\"710\">200<\/td>\n<\/tr>\n<tr style=\"height: 30.00pt;\">\n<td class=\"et6\" style=\"height: 30.00pt; width: 130.20pt;\" width=\"217\" height=\"50\">Dimension\u00a0: L*H*P (mm)<\/td>\n<td class=\"et15\" style=\"width: 85.20pt;\" width=\"142\">674*170*1100<\/td>\n<td class=\"et15\" style=\"width: 85.20pt;\" width=\"142\">674*170*1520<\/td>\n<td class=\"et15\" style=\"width: 85.20pt;\" width=\"142\">1348*1170*1310<\/td>\n<td class=\"et15\" style=\"width: 85.20pt;\" width=\"142\">1348*170*1520<\/td>\n<td class=\"et12\" style=\"width: 85.20pt;\" width=\"142\">1348*170*1520<\/td>\n<\/tr>\n<tr style=\"height: 30.00pt;\">\n<td class=\"et6\" style=\"height: 30.00pt; width: 130.20pt;\" width=\"217\" height=\"50\">Poids<span class=\"font5\">\uff08<\/span><span class=\"font0\">kg<\/span><span class=\"font5\">\uff09<\/span><\/td>\n<td class=\"et13\" style=\"width: 85.20pt;\" width=\"142\">124<\/td>\n<td class=\"et13\" style=\"width: 85.20pt;\" width=\"142\">176<\/td>\n<td class=\"et13\" style=\"width: 85.20pt;\" width=\"142\">233<\/td>\n<td class=\"et13\" style=\"width: 85.20pt;\" width=\"142\">290<\/td>\n<td class=\"et14\" style=\"width: 85.20pt;\" width=\"142\">343<\/td>\n<\/tr>\n<tr style=\"height: 30.00pt;\">\n<td class=\"et3\" style=\"height: 30.00pt; width: 556.20pt;\" colspan=\"6\" width=\"927\" height=\"50\">Param\u00e8tre d&#039;environnement<\/td>\n<\/tr>\n<tr style=\"height: 30.00pt;\">\n<td class=\"et6\" style=\"height: 30.00pt; width: 130.20pt;\" width=\"217\" height=\"50\">PI<\/td>\n<td class=\"et12\" style=\"width: 426.00pt;\" colspan=\"5\" width=\"710\">IP55<\/td>\n<\/tr>\n<tr style=\"height: 30.00pt;\">\n<td class=\"et6\" style=\"height: 30.00pt; width: 130.20pt;\" width=\"217\" height=\"50\">Plage de temp\u00e9rature de charge (<span class=\"font5\">\u2103<\/span><span class=\"font0\">)<\/span><\/td>\n<td class=\"et12\" style=\"width: 426.00pt;\" colspan=\"5\" width=\"710\">0~45<\/td>\n<\/tr>\n<tr style=\"height: 30.00pt;\">\n<td class=\"et6\" style=\"height: 30.00pt; width: 130.20pt;\" width=\"217\" height=\"50\">Plage de temp\u00e9rature de d\u00e9charge (<span class=\"font5\">\u2103<\/span><span class=\"font0\">)<\/span><\/td>\n<td class=\"et17\" style=\"width: 426.00pt;\" colspan=\"5\" width=\"710\">-20~60<\/td>\n<\/tr>\n<tr style=\"height: 30.00pt;\">\n<td class=\"et6\" style=\"height: 30.00pt; width: 130.20pt;\" width=\"217\" height=\"50\">M\u00e9thode d&#039;installation<\/td>\n<td class=\"et12\" style=\"width: 426.00pt;\" colspan=\"5\" width=\"710\">Fix\u00e9 au sol<\/td>\n<\/tr>\n<tr style=\"height: 30.00pt;\">\n<td class=\"et3\" style=\"height: 30.00pt; width: 556.20pt;\" colspan=\"6\" width=\"927\" height=\"50\">Dur\u00e9e de vie<\/td>\n<\/tr>\n<tr style=\"height: 30.00pt;\">\n<td class=\"et6\" style=\"height: 30.00pt; width: 130.20pt;\" width=\"217\" height=\"50\">Dur\u00e9e de vie (temps)<\/td>\n<td class=\"et12\" style=\"width: 426.00pt;\" colspan=\"5\" width=\"710\">&gt; 6000<span class=\"font5\">\uff08<\/span><span class=\"font0\">0,5C \u00e0 25<\/span><span class=\"font5\">\u2103<\/span><span class=\"font0\">,80% DOD<\/span><span class=\"font5\">\uff09<\/span><\/td>\n<\/tr>\n<tr style=\"height: 30.00pt;\">\n<td class=\"et6\" style=\"height: 30.00pt; width: 130.20pt;\" width=\"217\" height=\"50\">Dur\u00e9e de vie (ann\u00e9e)<\/td>\n<td class=\"et14\" style=\"width: 426.00pt;\" colspan=\"5\" width=\"710\">15<\/td>\n<\/tr>\n<tr style=\"height: 30.00pt;\">\n<td class=\"et3\" style=\"height: 30.00pt; width: 556.20pt;\" colspan=\"6\" width=\"927\" height=\"50\">Attestation<\/td>\n<\/tr>\n<tr style=\"height: 30.00pt;\">\n<td class=\"et6\" style=\"height: 30.00pt; width: 130.20pt;\" width=\"217\" height=\"50\">S\u00e9curit\u00e9 et certification<\/td>\n<td class=\"et12\" style=\"width: 426.00pt;\" colspan=\"5\" width=\"710\">UL1973 (CE, IEC62619 \u00e0 venir)<\/td>\n<\/tr>\n<tr style=\"height: 30.00pt;\">\n<td class=\"et6\" style=\"height: 30.00pt; width: 130.20pt;\" width=\"217\" height=\"50\">Transport<\/td>\n<td class=\"et12\" style=\"width: 426.00pt;\" colspan=\"5\" width=\"710\">UN38.3<\/td>\n<\/tr>\n<\/tbody>\n<\/table>","protected":false},"excerpt":{"rendered":"<p>Le stockage de batterie domestique empilable basse tension Amp Nova est sp\u00e9cialement con\u00e7u pour les applications r\u00e9sidentielles petites et moyennes par Amp Nova. Chaque module dispose d&#039;un BMS intelligent \u00e0 l&#039;int\u00e9rieur, qui offre une protection contre les surtensions, les sous-tensions, les surintensit\u00e9s, les courts-circuits, les surchauffes et les basses temp\u00e9ratures. Parall\u00e8lement, une conception de s\u00e9curit\u00e9 multicouche (mat\u00e9riau, cellule, structure, a\u00e9rosol anti-incendie, etc.) am\u00e9liorera \u00e9galement consid\u00e9rablement les performances de s\u00e9curit\u00e9 du produit. Il poss\u00e8de \u00e9galement une identification \u00e9l\u00e9gante et une conception structurelle intelligente, est facile \u00e0 installer et peut \u00e9galement \u00eatre \u00e9tendu de mani\u00e8re flexible en fonction de vos besoins.<\/p>","protected":false},"featured_media":2287,"comment_status":"open","ping_status":"closed","template":"","meta":[],"product_cat":[86],"product_tag":[],"class_list":["post-1016","product","type-product","status-publish","has-post-thumbnail","hentry","product_cat-stackable-lifepo4-battery"],"acf":[],"_links":{"self":[{"href":"https:\/\/solarbatterymanufacturer.com\/fr\/wp-json\/wp\/v2\/product\/1016","targetHints":{"allow":["GET"]}}],"collection":[{"href":"https:\/\/solarbatterymanufacturer.com\/fr\/wp-json\/wp\/v2\/product"}],"about":[{"href":"https:\/\/solarbatterymanufacturer.com\/fr\/wp-json\/wp\/v2\/types\/product"}],"replies":[{"embeddable":true,"href":"https:\/\/solarbatterymanufacturer.com\/fr\/wp-json\/wp\/v2\/comments?post=1016"}],"version-history":[{"count":4,"href":"https:\/\/solarbatterymanufacturer.com\/fr\/wp-json\/wp\/v2\/product\/1016\/revisions"}],"predecessor-version":[{"id":4057,"href":"https:\/\/solarbatterymanufacturer.com\/fr\/wp-json\/wp\/v2\/product\/1016\/revisions\/4057"}],"wp:featuredmedia":[{"embeddable":true,"href":"https:\/\/solarbatterymanufacturer.com\/fr\/wp-json\/wp\/v2\/media\/2287"}],"wp:attachment":[{"href":"https:\/\/solarbatterymanufacturer.com\/fr\/wp-json\/wp\/v2\/media?parent=1016"}],"wp:term":[{"taxonomy":"product_cat","embeddable":true,"href":"https:\/\/solarbatterymanufacturer.com\/fr\/wp-json\/wp\/v2\/product_cat?post=1016"},{"taxonomy":"product_tag","embeddable":true,"href":"https:\/\/solarbatterymanufacturer.com\/fr\/wp-json\/wp\/v2\/product_tag?post=1016"}],"curies":[{"name":"wp","href":"https:\/\/api.w.org\/{rel}","templated":true}]}}