{"id":1731,"date":"2023-04-05T15:10:23","date_gmt":"2023-04-05T15:10:23","guid":{"rendered":"https:\/\/solarbatterymanufacturer.com\/?post_type=product&#038;p=1731"},"modified":"2026-04-07T22:02:33","modified_gmt":"2026-04-07T22:02:33","slug":"commercial-energy-storage-systems","status":"publish","type":"product","link":"https:\/\/solarbatterymanufacturer.com\/fr\/commercial-energy-storage-systems-ac","title":{"rendered":"Syst\u00e8mes de stockage d&#039;\u00e9nergie commerciaux \u00e0 batterie Amp Nova (AC)"},"content":{"rendered":"<h2>Descriptifs\u00a0:<\/h2>\n<p>Amp Nova Battery Commercial Energy Storage Systems (AC) est un syst\u00e8me de stockage d&#039;\u00e9nergie sp\u00e9cialement con\u00e7u pour les micro-r\u00e9seaux r\u00e9gionaux tels que les petits CBD, les fermes, les \u00eeles, les centrales photovolta\u00efques ext\u00e9rieures, etc., qui peuvent garantir pleinement la demande d&#039;\u00e9nergie et la s\u00e9curit\u00e9 \u00e9nerg\u00e9tique dans ces sc\u00e9narios. .<\/p>\n<h2>Caract\u00e9ristiques:<\/h2>\n<p style=\"-webkit-font-smoothing: antialiased; --tw-border-spacing-x: 0; --tw-border-spacing-y: 0; --tw-translate-x: 0; --tw-translate-y: 0; --tw-rotate: 0; --tw-skew-x: 0; --tw-skew-y: 0; --tw-scale-x: 1; --tw-scale-y: 1; --tw-scroll-snap-strictness: proximity; --tw-ring-offset-width: 0px; --tw-ring-offset-color: #fff; --tw-ring-color: rgb(59 130 246 \/ 0.5); --tw-ring-offset-shadow: 0 0 #0000; --tw-ring-shadow: 0 0 #0000; --tw-shadow: 0 0 #0000; --tw-shadow-colored: 0 0 #0000; margin-top: 24px; color: #282828; font-family: 'Ridley Grotesk Medium'; font-size: 14px;\"><strong>[Extension flexible]<\/strong>\u00a0Syst\u00e8me de stockage de batterie modulaire et extensible de mani\u00e8re flexible au<br style=\"-webkit-font-smoothing: antialiased; --tw-border-spacing-x: 0; --tw-border-spacing-y: 0; --tw-translate-x: 0; --tw-translate-y: 0; --tw-rotate: 0; --tw-skew-x: 0; --tw-skew-y: 0; --tw-scale-x: 1; --tw-scale-y: 1; --tw-scroll-snap-strictness: proximity; --tw-ring-offset-width: 0px; --tw-ring-offset-color: #fff; --tw-ring-color: rgb(59 130 246 \/ 0.5); --tw-ring-offset-shadow: 0 0 #0000; --tw-ring-shadow: 0 0 #0000; --tw-shadow: 0 0 #0000; --tw-shadow-colored: 0 0 #0000;\" \/>niveau de puissance et de capacit\u00e9.<\/p>\n<p style=\"-webkit-font-smoothing: antialiased; --tw-border-spacing-x: 0; --tw-border-spacing-y: 0; --tw-translate-x: 0; --tw-translate-y: 0; --tw-rotate: 0; --tw-skew-x: 0; --tw-skew-y: 0; --tw-scale-x: 1; --tw-scale-y: 1; --tw-scroll-snap-strictness: proximity; --tw-ring-offset-width: 0px; --tw-ring-offset-color: #fff; --tw-ring-color: rgb(59 130 246 \/ 0.5); --tw-ring-offset-shadow: 0 0 #0000; --tw-ring-shadow: 0 0 #0000; --tw-shadow: 0 0 #0000; --tw-shadow-colored: 0 0 #0000; margin-top: 24px; color: #282828; font-family: 'Ridley Grotesk Medium'; font-size: 14px;\"><strong>[Configuration simple de votre syst\u00e8me]<\/strong>\u00a0Conception tout-en-un, solution coupl\u00e9e AC.<\/p>\n<p style=\"-webkit-font-smoothing: antialiased; --tw-border-spacing-x: 0; --tw-border-spacing-y: 0; --tw-translate-x: 0; --tw-translate-y: 0; --tw-rotate: 0; --tw-skew-x: 0; --tw-skew-y: 0; --tw-scale-x: 1; --tw-scale-y: 1; --tw-scroll-snap-strictness: proximity; --tw-ring-offset-width: 0px; --tw-ring-offset-color: #fff; --tw-ring-color: rgb(59 130 246 \/ 0.5); --tw-ring-offset-shadow: 0 0 #0000; --tw-ring-shadow: 0 0 #0000; --tw-shadow: 0 0 #0000; --tw-shadow-colored: 0 0 #0000; margin-top: 24px; color: #282828; font-family: 'Ridley Grotesk Medium'; font-size: 14px;\"><strong>[Conception ext\u00e9rieure]\u00a0<\/strong>Bo\u00eetier ext\u00e9rieur pour tout site d&#039;installation.<\/p>\n<p style=\"-webkit-font-smoothing: antialiased; --tw-border-spacing-x: 0; --tw-border-spacing-y: 0; --tw-translate-x: 0; --tw-translate-y: 0; --tw-rotate: 0; --tw-skew-x: 0; --tw-skew-y: 0; --tw-scale-x: 1; --tw-scale-y: 1; --tw-scroll-snap-strictness: proximity; --tw-ring-offset-width: 0px; --tw-ring-offset-color: #fff; --tw-ring-color: rgb(59 130 246 \/ 0.5); --tw-ring-offset-shadow: 0 0 #0000; --tw-ring-shadow: 0 0 #0000; --tw-shadow: 0 0 #0000; --tw-shadow-colored: 0 0 #0000; margin-top: 24px; color: #282828; font-family: 'Ridley Grotesk Medium'; font-size: 14px;\"><strong>[Entretien facile]\u00a0<\/strong>Maintenance facile gr\u00e2ce \u00e0 la conception modulaire (modules de batterie, BMS, conception de contr\u00f4le).<\/p>\n<p style=\"-webkit-font-smoothing: antialiased; --tw-border-spacing-x: 0; --tw-border-spacing-y: 0; --tw-translate-x: 0; --tw-translate-y: 0; --tw-rotate: 0; --tw-skew-x: 0; --tw-skew-y: 0; --tw-scale-x: 1; --tw-scale-y: 1; --tw-scroll-snap-strictness: proximity; --tw-ring-offset-width: 0px; --tw-ring-offset-color: #fff; --tw-ring-color: rgb(59 130 246 \/ 0.5); --tw-ring-offset-shadow: 0 0 #0000; --tw-ring-shadow: 0 0 #0000; --tw-shadow: 0 0 #0000; --tw-shadow-colored: 0 0 #0000; margin-bottom: 0px; margin-top: 24px; color: #282828; font-family: 'Ridley Grotesk Medium'; font-size: 14px;\"><strong>[Sans entretien]\u00a0<\/strong>10 ans de dur\u00e9e de vie, performances stables pendant toute la dur\u00e9e de vie.<\/p>\n<h2>Caract\u00e9ristiques:<\/h2>\n<table style=\"border-collapse: collapse; width: 584px; height: 1202px;\" border=\"0\" width=\"729\" cellspacing=\"0\" cellpadding=\"0\">\n<tbody>\n<tr style=\"height: 25.00pt;\">\n<td style=\"height: 25.00pt; width: 159.00pt;\" width=\"265\" height=\"41\">Taper<\/td>\n<td style=\"width: 139.20pt;\" width=\"232\">Stockage (CC)<\/td>\n<td style=\"width: 139.20pt;\" width=\"232\">Solaire + Stockage (CA)<\/td>\n<\/tr>\n<tr style=\"height: 34.00pt;\">\n<td style=\"height: 34.00pt; width: 437.40pt;\" colspan=\"3\" width=\"729\" height=\"56\">Param\u00e8tres de la batterie<\/td>\n<\/tr>\n<tr style=\"height: 25.00pt;\">\n<td style=\"height: 25.00pt; width: 159.00pt;\" width=\"265\" height=\"41\">Type de cellule<\/td>\n<td style=\"width: 278.40pt;\" colspan=\"2\" width=\"464\">Type prismatique LFP<\/td>\n<\/tr>\n<tr style=\"height: 25.00pt;\">\n<td style=\"height: 25.00pt; width: 159.00pt;\" width=\"265\" height=\"41\">Capacit\u00e9 de la batterie<\/td>\n<td style=\"width: 139.20pt;\" width=\"232\">50kWh~200kWh<\/td>\n<td style=\"width: 139.20pt;\" width=\"232\">50kWh~200kWh<\/td>\n<\/tr>\n<tr style=\"height: 25.00pt;\">\n<td style=\"height: 25.00pt; width: 159.00pt;\" width=\"265\" height=\"41\">Plage de tension (V)<\/td>\n<td style=\"width: 139.20pt;\" width=\"232\">250~800<\/td>\n<td style=\"width: 139.20pt;\" width=\"232\">320~800<\/td>\n<\/tr>\n<tr style=\"height: 25.00pt;\">\n<td style=\"height: 25.00pt; width: 159.00pt;\" width=\"265\" height=\"41\">Max. Puissance de charge (kW)<\/td>\n<td style=\"width: 139.20pt;\" width=\"232\">50\/150<\/td>\n<td style=\"width: 139.20pt;\" width=\"232\">30\/100<\/td>\n<\/tr>\n<tr style=\"height: 25.00pt;\">\n<td style=\"height: 25.00pt; width: 437.40pt;\" colspan=\"3\" width=\"729\" height=\"41\">Param\u00e8tre de r\u00e9seau AC<\/td>\n<\/tr>\n<tr style=\"height: 25.00pt;\">\n<td style=\"height: 25.00pt; width: 159.00pt;\" width=\"265\" height=\"41\">Type de grille<\/td>\n<td style=\"width: 278.40pt;\" colspan=\"2\" width=\"464\">3W+N+PE<\/td>\n<\/tr>\n<tr style=\"height: 25.00pt;\">\n<td style=\"height: 25.00pt; width: 159.00pt;\" width=\"265\" height=\"41\">Entr\u00e9e sortie<\/td>\n<td style=\"width: 139.20pt;\" width=\"232\">50~150kW<\/td>\n<td style=\"width: 139.20pt;\" width=\"232\">50kW<\/td>\n<\/tr>\n<tr style=\"height: 25.00pt;\">\n<td style=\"height: 25.00pt; width: 159.00pt;\" width=\"265\" height=\"41\">Tension CA<\/td>\n<td style=\"width: 278.40pt;\" colspan=\"2\" width=\"464\">320V~460V<\/td>\n<\/tr>\n<tr style=\"height: 25.00pt;\">\n<td style=\"height: 25.00pt; width: 159.00pt;\" width=\"265\" height=\"41\">Fr\u00e9quence de r\u00e9seau applicable<\/td>\n<td style=\"width: 278.40pt;\" colspan=\"2\" width=\"464\">45~55Hz\/55~65Hz<\/td>\n<\/tr>\n<tr style=\"height: 25.00pt;\">\n<td style=\"height: 25.00pt; width: 159.00pt;\" width=\"265\" height=\"41\">THDi<\/td>\n<td style=\"width: 278.40pt;\" colspan=\"2\" width=\"464\">&lt;3% (charge 100%)<\/td>\n<\/tr>\n<tr style=\"height: 25.00pt;\">\n<td style=\"height: 25.00pt; width: 159.00pt;\" width=\"265\" height=\"41\">Facteur de puissance<\/td>\n<td style=\"width: 278.40pt;\" colspan=\"2\" width=\"464\">1 (en t\u00eate) ~ 1 (en retard)<\/td>\n<\/tr>\n<tr style=\"height: 25.00pt;\">\n<td style=\"height: 25.00pt; width: 437.40pt;\" colspan=\"3\" width=\"729\" height=\"41\">Param\u00e8tre hors r\u00e9seau AC<\/td>\n<\/tr>\n<tr style=\"height: 25.00pt;\">\n<td style=\"height: 25.00pt; width: 159.00pt;\" width=\"265\" height=\"41\">Puissance nominale de charge\/d\u00e9charge<\/td>\n<td style=\"width: 139.20pt;\" width=\"232\">50~150kW<\/td>\n<td style=\"width: 139.20pt;\" width=\"232\">50kW<\/td>\n<\/tr>\n<tr style=\"height: 25.00pt;\">\n<td style=\"height: 25.00pt; width: 159.00pt;\" width=\"265\" height=\"41\">Puissance de sortie maximale<\/td>\n<td style=\"width: 139.20pt;\" width=\"232\">50~150kVA<\/td>\n<td style=\"width: 139.20pt;\" width=\"232\">55KVA<\/td>\n<\/tr>\n<tr style=\"height: 25.00pt;\">\n<td style=\"height: 25.00pt; width: 159.00pt;\" width=\"265\" height=\"41\">Tension CA nominale<\/td>\n<td style=\"width: 278.40pt;\" colspan=\"2\" width=\"464\">400V<\/td>\n<\/tr>\n<tr style=\"height: 25.00pt;\">\n<td style=\"height: 25.00pt; width: 159.00pt;\" width=\"265\" height=\"41\">Fr\u00e9quence nominale<\/td>\n<td style=\"width: 278.40pt;\" colspan=\"2\" width=\"464\">50\/60Hz<\/td>\n<\/tr>\n<tr style=\"height: 25.00pt;\">\n<td style=\"height: 25.00pt; width: 159.00pt;\" width=\"265\" height=\"41\">THDu<\/td>\n<td style=\"width: 278.40pt;\" colspan=\"2\" width=\"464\">\u2264 1% lin\u00e9aire\u00a0; ou \u2264 5% non lin\u00e9aire<\/td>\n<\/tr>\n<tr style=\"height: 25.00pt;\">\n<td style=\"height: 25.00pt; width: 437.40pt;\" colspan=\"3\" width=\"729\" height=\"41\">Entr\u00e9e photovolta\u00efque<\/td>\n<\/tr>\n<tr style=\"height: 25.00pt;\">\n<td style=\"height: 25.00pt; width: 159.00pt;\" width=\"265\" height=\"41\">Puissance d&#039;entr\u00e9e maximale<\/td>\n<td style=\"width: 139.20pt;\" width=\"232\">&#8212;<\/td>\n<td style=\"width: 139.20pt;\" width=\"232\">50\/100kW<\/td>\n<\/tr>\n<tr style=\"height: 25.00pt;\">\n<td style=\"height: 25.00pt; width: 159.00pt;\" width=\"265\" height=\"41\">Plage de tension MPPT<\/td>\n<td style=\"width: 139.20pt;\" width=\"232\">&#8212;<\/td>\n<td style=\"width: 139.20pt;\" width=\"232\">250~850V<\/td>\n<\/tr>\n<tr style=\"height: 25.00pt;\">\n<td style=\"height: 25.00pt; width: 437.40pt;\" colspan=\"3\" width=\"729\" height=\"41\">Param\u00e8tre g\u00e9n\u00e9ral<\/td>\n<\/tr>\n<tr style=\"height: 25.00pt;\">\n<td style=\"height: 25.00pt; width: 159.00pt;\" width=\"265\" height=\"41\">Dimensions : L*P*H (mm)<\/td>\n<td style=\"width: 278.40pt;\" colspan=\"2\" width=\"464\">2200*1100*2340<\/td>\n<\/tr>\n<tr style=\"height: 25.00pt;\">\n<td style=\"height: 25.00pt; width: 159.00pt;\" width=\"265\" height=\"41\">Max. Poids<\/td>\n<td style=\"width: 278.40pt;\" colspan=\"2\" width=\"464\">3200kg<\/td>\n<\/tr>\n<tr style=\"height: 25.00pt;\">\n<td style=\"height: 25.00pt; width: 159.00pt;\" width=\"265\" height=\"41\">D\u00e9gradation IP<\/td>\n<td style=\"width: 278.40pt;\" colspan=\"2\" width=\"464\">IP54<\/td>\n<\/tr>\n<tr style=\"height: 25.00pt;\">\n<td style=\"height: 25.00pt; width: 159.00pt;\" width=\"265\" height=\"41\">Plage de temp\u00e9rature de fonctionnement<\/td>\n<td style=\"width: 278.40pt;\" colspan=\"2\" width=\"464\">-20~50\u2103<\/td>\n<\/tr>\n<tr style=\"height: 25.00pt;\">\n<td style=\"height: 25.00pt; width: 159.00pt;\" width=\"265\" height=\"41\">Humidit\u00e9 relative<\/td>\n<td style=\"width: 278.40pt;\" colspan=\"2\" width=\"464\">0~95% (pas de condensation)<\/td>\n<\/tr>\n<tr style=\"height: 25.00pt;\">\n<td style=\"height: 25.00pt; width: 159.00pt;\" width=\"265\" height=\"41\">Attitude<\/td>\n<td style=\"width: 278.40pt;\" colspan=\"2\" width=\"464\">&lt;2000m<\/td>\n<\/tr>\n<tr style=\"height: 25.00pt;\">\n<td style=\"height: 25.00pt; width: 159.00pt;\" width=\"265\" height=\"41\">M\u00e9thode de refroidissement<\/td>\n<td style=\"width: 278.40pt;\" colspan=\"2\" width=\"464\">Climatiseur \u00e0 ventilation thermique<\/td>\n<\/tr>\n<tr style=\"height: 25.00pt;\">\n<td style=\"height: 25.00pt; width: 159.00pt;\" width=\"265\" height=\"41\">Bruit<\/td>\n<td style=\"width: 278.40pt;\" colspan=\"2\" width=\"464\">\u2264 75dB<\/td>\n<\/tr>\n<tr style=\"height: 25.00pt;\">\n<td style=\"height: 25.00pt; width: 159.00pt;\" width=\"265\" height=\"41\">Efficacit\u00e9 du syst\u00e8me<\/td>\n<td style=\"width: 278.40pt;\" colspan=\"2\" width=\"464\">\u2265 85%<\/td>\n<\/tr>\n<tr style=\"height: 25.00pt;\">\n<td style=\"height: 25.00pt; width: 159.00pt;\" width=\"265\" height=\"41\">Syst\u00e8me de lutte contre l&#039;incendie<\/td>\n<td style=\"width: 278.40pt;\" colspan=\"2\" width=\"464\">Int\u00e9gr\u00e9<\/td>\n<\/tr>\n<tr style=\"height: 25.00pt;\">\n<td style=\"height: 25.00pt; width: 159.00pt;\" width=\"265\" height=\"41\">Communication<\/td>\n<td style=\"width: 278.40pt;\" colspan=\"2\" width=\"464\">Ethernet, Modbus TCP\/IP<\/td>\n<\/tr>\n<\/tbody>\n<\/table>\n<h1 id=\"benefits-of-commercial-energy-storage-systems-improving-energy-efficiency-and-cost-savings\">Avantages des syst\u00e8mes de stockage d&#039;\u00e9nergie commerciaux\u00a0: am\u00e9lioration de l&#039;efficacit\u00e9 \u00e9nerg\u00e9tique et des \u00e9conomies de co\u00fbts<\/h1>\n<p>Les syst\u00e8mes commerciaux de stockage d\u2019\u00e9nergie ont attir\u00e9 une attention consid\u00e9rable ces derni\u00e8res ann\u00e9es, alors que les entreprises s\u2019efforcent d\u2019augmenter leur efficacit\u00e9 \u00e9nerg\u00e9tique, de r\u00e9duire leurs co\u00fbts d\u2019\u00e9lectricit\u00e9 et de promouvoir la durabilit\u00e9. Ces syst\u00e8mes offrent une gamme d\u2019avantages qui aident les entreprises \u00e0 g\u00e9rer efficacement leur consommation d\u2019\u00e9nergie. Dans cet article, nous explorerons les diff\u00e9rents avantages des syst\u00e8mes commerciaux de stockage d\u2019\u00e9nergie et comment ils peuvent am\u00e9liorer l\u2019efficacit\u00e9 \u00e9nerg\u00e9tique et r\u00e9duire les co\u00fbts.<\/p>\n<h2 id=\"reducing-electricity-costs\">R\u00e9duire les co\u00fbts d&#039;\u00e9lectricit\u00e9<\/h2>\n<p>L\u2019un des principaux avantages des syst\u00e8mes commerciaux de stockage d\u2019\u00e9nergie est leur capacit\u00e9 \u00e0 r\u00e9duire les co\u00fbts d\u2019\u00e9lectricit\u00e9 pour les entreprises. Ces syst\u00e8mes permettent aux entreprises de stocker l\u2019\u00e9nergie exc\u00e9dentaire pendant les heures creuses, lorsque les tarifs d\u2019\u00e9lectricit\u00e9 sont plus bas, puis d\u2019utiliser cette \u00e9nergie stock\u00e9e pendant les p\u00e9riodes de pointe, lorsque les tarifs d\u2019\u00e9lectricit\u00e9 sont plus \u00e9lev\u00e9s. En \u00e9vitant la consommation d\u2019\u00e9lectricit\u00e9 aux heures de pointe, les entreprises peuvent r\u00e9duire consid\u00e9rablement leurs factures d\u2019\u00e9lectricit\u00e9 et \u00e9conomiser des sommes substantielles \u00e0 long terme.<\/p>\n<h2 id=\"enhancing-energy-efficiency\">Am\u00e9liorer l\u2019efficacit\u00e9 \u00e9nerg\u00e9tique<\/h2>\n<p>Les syst\u00e8mes commerciaux de stockage d\u2019\u00e9nergie contribuent \u00e9galement \u00e0 am\u00e9liorer l\u2019efficacit\u00e9 \u00e9nerg\u00e9tique au sein d\u2019une organisation. Ces syst\u00e8mes permettent aux entreprises d&#039;optimiser leur consommation d&#039;\u00e9nergie en stockant l&#039;\u00e9nergie exc\u00e9dentaire et en l&#039;utilisant en cas de besoin. Cela permet de compenser les charges pendant les p\u00e9riodes de pointe de demande, r\u00e9duisant ainsi la pression sur le r\u00e9seau \u00e9lectrique. En g\u00e9rant efficacement leur consommation d\u2019\u00e9nergie, les entreprises peuvent minimiser les d\u00e9chets et am\u00e9liorer leur efficacit\u00e9 \u00e9nerg\u00e9tique globale.<\/p>\n<h2 id=\"ensuring-reliable-power-supply\">Assurer une alimentation \u00e9lectrique fiable<\/h2>\n<p>Un autre avantage crucial des syst\u00e8mes commerciaux de stockage d\u2019\u00e9nergie est leur capacit\u00e9 \u00e0 fournir une alimentation \u00e9lectrique fiable. Une alimentation \u00e9lectrique peu fiable peut entra\u00eener des perturbations dans les op\u00e9rations commerciales, entra\u00eenant une perte de productivit\u00e9 et de revenus potentiels. Les syst\u00e8mes de stockage d&#039;\u00e9nergie agissent comme une source d&#039;alimentation de secours qui intervient en cas de panne de courant ou de fluctuations, garantissant ainsi des op\u00e9rations ininterrompues. Cette fiabilit\u00e9 offre aux entreprises une tranquillit\u00e9 d&#039;esprit et r\u00e9duit l&#039;impact financier potentiel des pannes de courant.<\/p>\n<h2 id=\"promoting-sustainability\">Promouvoir la durabilit\u00e9<\/h2>\n<p>La durabilit\u00e9 est devenue une pr\u00e9occupation majeure pour les entreprises de tous les secteurs. Les syst\u00e8mes commerciaux de stockage d\u2019\u00e9nergie jouent un r\u00f4le essentiel dans la promotion de la durabilit\u00e9 en permettant aux entreprises de moins d\u00e9pendre des sources d\u2019\u00e9nergie conventionnelles \u00e0 base de combustibles fossiles. En stockant et en utilisant des sources d\u2019\u00e9nergie renouvelables telles que l\u2019\u00e9nergie solaire ou \u00e9olienne, les entreprises peuvent r\u00e9duire consid\u00e9rablement leur empreinte carbone. Cela profite non seulement \u00e0 l\u2019environnement, mais am\u00e9liore \u00e9galement la r\u00e9putation de l\u2019organisation en tant qu\u2019entit\u00e9 respectueuse de l\u2019environnement.<\/p>\n<h2 id=\"unlocking-the-potential-for-renewable-energy\">Lib\u00e9rer le potentiel des \u00e9nergies renouvelables<\/h2>\n<p>Les syst\u00e8mes commerciaux de stockage d\u2019\u00e9nergie aident \u00e0 lib\u00e9rer le v\u00e9ritable potentiel des sources d\u2019\u00e9nergie renouvelables. La production d\u2019\u00e9nergie renouvelable, comme l\u2019\u00e9nergie solaire et \u00e9olienne, d\u00e9pend des conditions m\u00e9t\u00e9orologiques et est par nature intermittente. Gr\u00e2ce au stockage d&#039;\u00e9nergie, les entreprises peuvent stocker l&#039;exc\u00e9dent d&#039;\u00e9nergie renouvelable g\u00e9n\u00e9r\u00e9 dans des conditions favorables et l&#039;utiliser lorsque la production d&#039;\u00e9nergie renouvelable est faible. Cela permet un approvisionnement en \u00e9nergie renouvelable plus coh\u00e9rent et plus fiable, \u00e9liminant ainsi la d\u00e9pendance aux sources d\u2019\u00e9nergie traditionnelles.<\/p>\n<h2 id=\"conclusion\">Conclusion<\/h2>\n<p>Les syst\u00e8mes commerciaux de stockage d&#039;\u00e9nergie offrent de nombreux avantages aux entreprises, allant de la r\u00e9duction des co\u00fbts d&#039;\u00e9lectricit\u00e9 \u00e0 l&#039;am\u00e9lioration de l&#039;efficacit\u00e9 \u00e9nerg\u00e9tique, en passant par la garantie d&#039;une alimentation \u00e9lectrique fiable et la promotion de la durabilit\u00e9. En investissant dans ces syst\u00e8mes, les entreprises peuvent prendre des mesures proactives pour atteindre leurs objectifs \u00e9nerg\u00e9tiques, r\u00e9duire leur impact environnemental et am\u00e9liorer leurs r\u00e9sultats. \u00c0 mesure que la technologie progresse, les syst\u00e8mes de stockage d\u2019\u00e9nergie deviennent de plus en plus accessibles et rentables, ce qui en fait un investissement rentable pour les entreprises de toutes tailles.<\/p>","protected":false},"excerpt":{"rendered":"<p>Amp Nova Commercial Solar Battery Storage est un syst\u00e8me de stockage d&#039;\u00e9nergie sp\u00e9cialement con\u00e7u pour les micro-r\u00e9seaux r\u00e9gionaux tels que les petits CBD, les fermes, les \u00eeles, les centrales photovolta\u00efques ext\u00e9rieures, etc., qui peuvent garantir pleinement la demande d&#039;\u00e9nergie et la s\u00e9curit\u00e9 \u00e9nerg\u00e9tique dans ces sc\u00e9narios.<\/p>","protected":false},"featured_media":2436,"comment_status":"open","ping_status":"closed","template":"","meta":[],"product_cat":[74],"product_tag":[],"class_list":["post-1731","product","type-product","status-publish","has-post-thumbnail","hentry","product_cat-commercial-and-industrial-ci-storage-systems"],"acf":[],"_links":{"self":[{"href":"https:\/\/solarbatterymanufacturer.com\/fr\/wp-json\/wp\/v2\/product\/1731","targetHints":{"allow":["GET"]}}],"collection":[{"href":"https:\/\/solarbatterymanufacturer.com\/fr\/wp-json\/wp\/v2\/product"}],"about":[{"href":"https:\/\/solarbatterymanufacturer.com\/fr\/wp-json\/wp\/v2\/types\/product"}],"replies":[{"embeddable":true,"href":"https:\/\/solarbatterymanufacturer.com\/fr\/wp-json\/wp\/v2\/comments?post=1731"}],"version-history":[{"count":4,"href":"https:\/\/solarbatterymanufacturer.com\/fr\/wp-json\/wp\/v2\/product\/1731\/revisions"}],"predecessor-version":[{"id":4206,"href":"https:\/\/solarbatterymanufacturer.com\/fr\/wp-json\/wp\/v2\/product\/1731\/revisions\/4206"}],"wp:featuredmedia":[{"embeddable":true,"href":"https:\/\/solarbatterymanufacturer.com\/fr\/wp-json\/wp\/v2\/media\/2436"}],"wp:attachment":[{"href":"https:\/\/solarbatterymanufacturer.com\/fr\/wp-json\/wp\/v2\/media?parent=1731"}],"wp:term":[{"taxonomy":"product_cat","embeddable":true,"href":"https:\/\/solarbatterymanufacturer.com\/fr\/wp-json\/wp\/v2\/product_cat?post=1731"},{"taxonomy":"product_tag","embeddable":true,"href":"https:\/\/solarbatterymanufacturer.com\/fr\/wp-json\/wp\/v2\/product_tag?post=1731"}],"curies":[{"name":"wp","href":"https:\/\/api.w.org\/{rel}","templated":true}]}}