{"id":2298,"date":"2023-05-06T04:50:13","date_gmt":"2023-05-06T04:50:13","guid":{"rendered":"https:\/\/solarbatterymanufacturer.com\/?post_type=product&#038;p=2298"},"modified":"2023-10-10T03:28:10","modified_gmt":"2023-10-10T03:28:10","slug":"stackable-high-voltage-battery","status":"publish","type":"product","link":"https:\/\/solarbatterymanufacturer.com\/fr\/high-voltage-battery","title":{"rendered":"Batterie haute tension Amp Nova LiFePO4"},"content":{"rendered":"<h2>Descriptifs\u00a0:<\/h2>\n<p>La batterie haute tension empilable est sp\u00e9cialement con\u00e7ue pour les applications de micro-r\u00e9seaux r\u00e9sidentiels et r\u00e9gionaux de moyenne et grande taille par Amp Nova. Chaque forme poss\u00e8de plusieurs modules de batterie et chaque syst\u00e8me haute tension se compose de BMS(HVB+BMU) \u00e0 plusieurs niveaux, de modules de batterie, et une armoire \u00e0 batteries. BMS intelligent et de haute pr\u00e9cision int\u00e9gr\u00e9, combin\u00e9 aux batteries LFP, le syst\u00e8me pr\u00e9sente de grands avantages en termes de s\u00e9curit\u00e9, de dur\u00e9e de vie, de densit\u00e9 \u00e9nerg\u00e9tique et de large plage de temp\u00e9rature.<\/p>\n<h2>Caract\u00e9ristiques:<\/h2>\n<p><strong>[Installation facile]<\/strong>\u00a0 Assemblage empilable de style Lego et conception \u00e0 verrouillage rapide entre les modules, installation facile et efficace.<\/p>\n<p><strong>[Extension flexible]<\/strong> Les modules de batterie peuvent \u00eatre configur\u00e9s de mani\u00e8re flexible en fonction des besoins r\u00e9els.<\/p>\n<p><strong>[Conception de s\u00e9curit\u00e9 des cellules et syst\u00e8mes LFP]<\/strong>\u00a0Conception de s\u00e9curit\u00e9 \u00e0 plusieurs niveaux (mat\u00e9riau, cellule, support et conception de s\u00e9curit\u00e9 du syst\u00e8me).<\/p>\n<p><strong>[\u00c9quilibrage intelligent]<\/strong>Le circuit d&#039;\u00e9quilibrage int\u00e9gr\u00e9 se d\u00e9clenchera automatiquement lorsque les conditions d\u00e9finies seront atteintes, ce qui am\u00e9liorera consid\u00e9rablement la coh\u00e9rence de la batterie et prolongera votre dur\u00e9e de vie.<\/p>\n<p><strong>[GTB intelligent]<\/strong> Le syst\u00e8me de gestion de la batterie (BMS) offre une protection contre les courts-circuits, les surtensions, les basses tensions, les surchauffes et les basses temp\u00e9ratures.<\/p>\n<p><strong>[IP65]<\/strong> IP65 est con\u00e7u pour r\u00e9pondre \u00e0 la plupart des sc\u00e9narios d&#039;application.<\/p>\n<p><strong>[Surveillance et contr\u00f4le en temps r\u00e9el]\u00a0<\/strong>Surveillance de l&#039;\u00e9tat de fonctionnement de la batterie (tension, temp\u00e9rature actuelle, SOC, etc.) en temps r\u00e9el.<\/p>\n<p><strong>[Sans entretien]\u00a0<\/strong>15 ans de dur\u00e9e de vie et 6 000 cycles (0,5 C, 80% DOD@25 \u2103), sans entretien pendant toute la dur\u00e9e de vie et une large plage de temp\u00e9ratures de fonctionnement.<\/p>\n<h2>Caract\u00e9ristiques<\/h2>\n<table style=\"border-collapse: collapse; width: 696px; height: 873px;\" border=\"0\" width=\"766\" cellspacing=\"0\" cellpadding=\"0\">\n<tbody>\n<tr style=\"height: 30.00pt;\">\n<td style=\"height: 30.00pt; width: 118.80pt;\" width=\"198\" height=\"50\">Type\/Param\u00e8tre<\/td>\n<td style=\"width: 85.20pt;\" width=\"142\">ANZ-10230R2<\/td>\n<td style=\"width: 85.20pt;\" width=\"142\">ANZ-10230R3<\/td>\n<td style=\"width: 85.20pt;\" width=\"142\">ANZ-10230R4<\/td>\n<td style=\"width: 85.20pt;\" width=\"142\">ANZ-10230R5<\/td>\n<\/tr>\n<tr style=\"height: 30.00pt;\">\n<td style=\"height: 30.00pt; width: 118.80pt;\" width=\"198\" height=\"50\">Type de module de batterie<\/td>\n<td style=\"width: 340.8pt; text-align: center;\" colspan=\"4\" width=\"568\">ANZ-10230R<\/td>\n<\/tr>\n<tr style=\"height: 30.00pt;\">\n<td style=\"height: 30.00pt; width: 118.80pt;\" width=\"198\" height=\"50\">Num\u00e9ro de module<\/td>\n<td style=\"width: 85.20pt;\" width=\"142\">2<\/td>\n<td style=\"width: 85.20pt;\" width=\"142\">3<\/td>\n<td style=\"width: 85.20pt;\" width=\"142\">4<\/td>\n<td style=\"width: 85.20pt;\" width=\"142\">5<\/td>\n<\/tr>\n<tr style=\"height: 30.00pt;\">\n<td style=\"height: 30.00pt; width: 118.80pt;\" width=\"198\" height=\"50\">Tension nominale (V)<\/td>\n<td style=\"width: 85.20pt;\" width=\"142\">204.8<\/td>\n<td style=\"width: 85.20pt;\" width=\"142\">307.2<\/td>\n<td style=\"width: 85.20pt;\" width=\"142\">409.6<\/td>\n<td style=\"width: 85.20pt;\" width=\"142\">512<\/td>\n<\/tr>\n<tr style=\"height: 30.00pt;\">\n<td style=\"height: 30.00pt; width: 118.80pt;\" width=\"198\" height=\"50\">Plage de tension (V)<\/td>\n<td style=\"width: 85.20pt;\" width=\"142\">179.2~224<\/td>\n<td style=\"width: 85.20pt;\" width=\"142\">268.8~336<\/td>\n<td style=\"width: 85.20pt;\" width=\"142\">358.4~448<\/td>\n<td style=\"width: 85.20pt;\" width=\"142\">448~560<\/td>\n<\/tr>\n<tr style=\"height: 30.00pt;\">\n<td style=\"height: 30.00pt; width: 118.80pt;\" width=\"198\" height=\"50\">\u00c9nergie nominale (Wh)<\/td>\n<td style=\"width: 85.20pt;\" width=\"142\">6144<\/td>\n<td style=\"width: 85.20pt;\" width=\"142\">9216<\/td>\n<td style=\"width: 85.20pt;\" width=\"142\">12288<\/td>\n<td style=\"width: 85.20pt;\" width=\"142\">15360<\/td>\n<\/tr>\n<tr style=\"height: 30.00pt;\">\n<td style=\"height: 30.00pt; width: 118.80pt;\" width=\"198\" height=\"50\">Courant de d\u00e9charge standard (A)<\/td>\n<td style=\"width: 340.80pt;\" colspan=\"4\" width=\"568\">30<\/td>\n<\/tr>\n<tr style=\"height: 30.00pt;\">\n<td style=\"height: 30.00pt; width: 118.80pt;\" width=\"198\" height=\"50\">Dimension\u00a0:\u00a0L*H*P (mm)<\/td>\n<td style=\"width: 85.20pt;\" width=\"142\">698*1140*130<\/td>\n<td style=\"width: 85.20pt;\" width=\"142\">698*1530*130<\/td>\n<td style=\"width: 85.20pt;\" width=\"142\">1596*1200*130<\/td>\n<td style=\"width: 85.20pt;\" width=\"142\">1596*1530*130<\/td>\n<\/tr>\n<tr style=\"height: 30.00pt;\">\n<td style=\"height: 30.00pt; width: 118.80pt;\" width=\"198\" height=\"50\">Poids (kg)<\/td>\n<td style=\"width: 85.20pt;\" width=\"142\">88<\/td>\n<td style=\"width: 85.20pt;\" width=\"142\">122<\/td>\n<td style=\"width: 85.20pt;\" width=\"142\">156<\/td>\n<td style=\"width: 85.20pt;\" width=\"142\">190<\/td>\n<\/tr>\n<tr style=\"height: 30.00pt;\">\n<td style=\"height: 30.00pt; width: 459.60pt;\" colspan=\"5\" width=\"766\" height=\"50\">Param\u00e8tre d&#039;environnement<\/td>\n<\/tr>\n<tr style=\"height: 30.00pt;\">\n<td style=\"height: 30.00pt; width: 118.80pt;\" width=\"198\" height=\"50\">PI<\/td>\n<td style=\"width: 340.80pt;\" colspan=\"4\" width=\"568\">IP65<\/td>\n<\/tr>\n<tr style=\"height: 30.00pt;\">\n<td style=\"height: 30.00pt; width: 118.80pt;\" width=\"198\" height=\"50\">Plage de temp\u00e9rature de charge (\u2103)<\/td>\n<td style=\"width: 340.80pt;\" colspan=\"4\" width=\"568\">0~45<\/td>\n<\/tr>\n<tr style=\"height: 30.00pt;\">\n<td style=\"height: 30.00pt; width: 118.80pt;\" width=\"198\" height=\"50\">Plage de temp\u00e9rature de d\u00e9charge (\u2103)<\/td>\n<td style=\"width: 340.80pt;\" colspan=\"4\" width=\"568\">-20~60<\/td>\n<\/tr>\n<tr style=\"height: 30.00pt;\">\n<td style=\"height: 30.00pt; width: 118.80pt;\" width=\"198\" height=\"50\">M\u00e9thode d&#039;installation<\/td>\n<td style=\"width: 340.80pt;\" colspan=\"4\" width=\"568\">Fix\u00e9 au sol<\/td>\n<\/tr>\n<tr style=\"height: 30.00pt;\">\n<td style=\"height: 30.00pt; width: 459.60pt;\" colspan=\"5\" width=\"766\" height=\"50\">Dur\u00e9e de vie<\/td>\n<\/tr>\n<tr style=\"height: 30.00pt;\">\n<td style=\"height: 30.00pt; width: 118.80pt;\" width=\"198\" height=\"50\">Dur\u00e9e de vie (temps)<\/td>\n<td style=\"width: 340.80pt;\" colspan=\"4\" width=\"568\">&gt; 6000\uff080,5C \u00e0 25\u2103, 80% DOD\uff09<\/td>\n<\/tr>\n<tr style=\"height: 30.00pt;\">\n<td style=\"height: 30.00pt; width: 118.80pt;\" width=\"198\" height=\"50\">Dur\u00e9e de vie (ann\u00e9e)<\/td>\n<td style=\"width: 340.80pt;\" colspan=\"4\" width=\"568\">15<\/td>\n<\/tr>\n<tr style=\"height: 30.00pt;\">\n<td style=\"height: 30.00pt; width: 459.60pt;\" colspan=\"5\" width=\"766\" height=\"50\">Attestation<\/td>\n<\/tr>\n<tr style=\"height: 30.00pt;\">\n<td style=\"height: 30.00pt; width: 118.80pt;\" width=\"198\" height=\"50\">S\u00e9curit\u00e9 et certification<\/td>\n<td style=\"width: 340.80pt;\" colspan=\"4\" width=\"568\">CE, CEI62619<\/td>\n<\/tr>\n<tr style=\"height: 30.00pt;\">\n<td style=\"height: 30.00pt; width: 118.80pt;\" width=\"198\" height=\"50\">Transport<\/td>\n<td style=\"width: 340.80pt;\" colspan=\"4\" width=\"568\">UN38.3<\/td>\n<\/tr>\n<\/tbody>\n<\/table>","protected":false},"excerpt":{"rendered":"<p>Les batteries haute tension empilables sont sp\u00e9cialement con\u00e7ues pour les applications r\u00e9sidentielles petites et moyennes par Amp Nova. Chaque module dispose d&#039;un BMS intelligent \u00e0 l&#039;int\u00e9rieur, qui offre une protection contre les surtensions, les sous-tensions, les surintensit\u00e9s, les courts-circuits, les surchauffes et les basses temp\u00e9ratures. Parall\u00e8lement, une conception de s\u00e9curit\u00e9 multicouche (mat\u00e9riau, cellule, structure, a\u00e9rosol anti-incendie, etc.) am\u00e9liorera \u00e9galement consid\u00e9rablement les performances de s\u00e9curit\u00e9 du produit. Il poss\u00e8de \u00e9galement une identification \u00e9l\u00e9gante et une conception structurelle intelligente, est facile \u00e0 installer et peut \u00e9galement \u00eatre \u00e9tendu de mani\u00e8re flexible en fonction de vos besoins.<\/p>","protected":false},"featured_media":2287,"comment_status":"open","ping_status":"closed","template":"","meta":[],"product_cat":[86],"product_tag":[],"class_list":["post-2298","product","type-product","status-publish","has-post-thumbnail","hentry","product_cat-stackable-lifepo4-battery"],"acf":[],"_links":{"self":[{"href":"https:\/\/solarbatterymanufacturer.com\/fr\/wp-json\/wp\/v2\/product\/2298","targetHints":{"allow":["GET"]}}],"collection":[{"href":"https:\/\/solarbatterymanufacturer.com\/fr\/wp-json\/wp\/v2\/product"}],"about":[{"href":"https:\/\/solarbatterymanufacturer.com\/fr\/wp-json\/wp\/v2\/types\/product"}],"replies":[{"embeddable":true,"href":"https:\/\/solarbatterymanufacturer.com\/fr\/wp-json\/wp\/v2\/comments?post=2298"}],"version-history":[{"count":3,"href":"https:\/\/solarbatterymanufacturer.com\/fr\/wp-json\/wp\/v2\/product\/2298\/revisions"}],"predecessor-version":[{"id":4053,"href":"https:\/\/solarbatterymanufacturer.com\/fr\/wp-json\/wp\/v2\/product\/2298\/revisions\/4053"}],"wp:featuredmedia":[{"embeddable":true,"href":"https:\/\/solarbatterymanufacturer.com\/fr\/wp-json\/wp\/v2\/media\/2287"}],"wp:attachment":[{"href":"https:\/\/solarbatterymanufacturer.com\/fr\/wp-json\/wp\/v2\/media?parent=2298"}],"wp:term":[{"taxonomy":"product_cat","embeddable":true,"href":"https:\/\/solarbatterymanufacturer.com\/fr\/wp-json\/wp\/v2\/product_cat?post=2298"},{"taxonomy":"product_tag","embeddable":true,"href":"https:\/\/solarbatterymanufacturer.com\/fr\/wp-json\/wp\/v2\/product_tag?post=2298"}],"curies":[{"name":"wp","href":"https:\/\/api.w.org\/{rel}","templated":true}]}}