{"id":3838,"date":"2023-08-17T08:14:14","date_gmt":"2023-08-17T08:14:14","guid":{"rendered":"https:\/\/solarbatterymanufacturer.com\/?post_type=product&#038;p=3838"},"modified":"2023-08-17T08:25:12","modified_gmt":"2023-08-17T08:25:12","slug":"wheel-design-solar-battery","status":"publish","type":"product","link":"https:\/\/solarbatterymanufacturer.com\/fr\/amp-nova-51.2v-200ah-wheel-design-solar-battery","title":{"rendered":"Batterie solaire Amp Nova 51,2 V 200 Ah"},"content":{"rendered":"<h2>Descriptifs\u00a0:<\/h2>\n<div class=\"relative flex w-[calc(100%-50px)] flex-col gap-1 md:gap-3 lg:w-[calc(100%-115px)]\">\n<div class=\"flex flex-grow flex-col gap-3\">\n<div class=\"min-h-[20px] flex items-start overflow-x-auto whitespace-pre-wrap break-words flex-col gap-4\">\n<div class=\"markdown prose w-full break-words dark:prose-invert light\">\n<p>Le module de batterie au lithium fer phosphate (LFP) con\u00e7u sur roue est sp\u00e9cialement con\u00e7u pour les solutions \u00e9nerg\u00e9tiques mobiles et portables. Chaque module est \u00e9quip\u00e9 d&#039;un syst\u00e8me de gestion de batterie (BMS) intelligent, garantissant un fonctionnement stable dans divers environnements de travail, offrant une protection contre les surtensions, les sous-tensions, les surintensit\u00e9s, les courts-circuits et les conditions de temp\u00e9rature extr\u00eames. De plus, la s\u00e9curit\u00e9 du produit est consid\u00e9rablement am\u00e9lior\u00e9e par une conception multicouche qui int\u00e8gre des protections contre les mat\u00e9riaux, les cellules, la structure et les a\u00e9rosols anti-incendie.<\/p>\n<p>La conception des roues permet au module de batterie d&#039;\u00eatre facilement d\u00e9plac\u00e9 et positionn\u00e9, ce qui le rend particuli\u00e8rement adapt\u00e9 aux applications n\u00e9cessitant des mouvements fr\u00e9quents du stockage d&#039;\u00e9nergie. La structure des roues est robuste, capable de relever les d\u00e9fis de divers terrains, tout en offrant une suspension et une absorption des chocs sup\u00e9rieures pour garantir l&#039;int\u00e9grit\u00e9 et la s\u00e9curit\u00e9 de la batterie pendant le transport. La conception des roues permet \u00e9galement une disposition et un d\u00e9ploiement plus flexibles, ce qui en fait un choix id\u00e9al pour les installations temporaires ou les emplacements distants.<\/p>\n<p>En r\u00e9sum\u00e9, le module de batterie au lithium fer phosphate (LFP) con\u00e7u sur roue combine une technologie de batterie avanc\u00e9e avec une conception mobile flexible, offrant une solution efficace, fiable et s\u00fbre pour divers besoins \u00e9nerg\u00e9tiques mobiles et temporaires.<\/p>\n<h2>Caract\u00e9ristiques:<\/h2>\n<\/div>\n<\/div>\n<\/div>\n<\/div>\n<ul>\n<li><strong>Long\u00e9vit\u00e9 am\u00e9lior\u00e9e<\/strong>: Le phosphate de fer lithium (LiFePO4) assure une dur\u00e9e de vie prolong\u00e9e.<\/li>\n<li><strong>S\u00e9curit\u00e9 sup\u00e9rieure<\/strong>: LiFePO4 offre des performances de s\u00e9curit\u00e9 robustes.<\/li>\n<li><strong>Protection intelligente<\/strong>: Le syst\u00e8me Smart BMS offre des protections de tension, de courant et de temp\u00e9rature.<\/li>\n<li><strong>Autosuffisance<\/strong>: Stocker l\u2019\u00e9lectricit\u00e9 pour une utilisation nocturne, favorisant ainsi l\u2019autonomie.<\/li>\n<li><strong>S\u00e9curit\u00e9 de l&#039;alimentation<\/strong>: \u00c9liminez les coupures de courant gr\u00e2ce \u00e0 un stockage d\u2019\u00e9nergie fiable.<\/li>\n<li><strong>Installation facile<\/strong>: Processus de configuration rapide et simple.<\/li>\n<li><strong>Modulaire et \u00e9volutif<\/strong>: Connexion parall\u00e8le maximale jusqu&#039;\u00e0 15 unit\u00e9s pour une gestion flexible de l&#039;alimentation.<\/li>\n<li><strong>Diverses options<\/strong>: Diff\u00e9rentes options d\u2019alimentation \u00e9nerg\u00e9tique sont disponibles pour r\u00e9pondre \u00e0 diff\u00e9rents besoins.<\/li>\n<\/ul>\n<h2>Caract\u00e9ristiques:<\/h2>\n<table style=\"border-collapse: collapse; width: 548.42pt;\" border=\"0\" width=\"914\" cellspacing=\"0\" cellpadding=\"0\">\n<tbody>\n<tr style=\"height: 50.00pt;\">\n<td class=\"et4\" style=\"height: 50.00pt; width: 228.00pt;\" width=\"380\" height=\"83\">Sp\u00e9cifications de base<\/td>\n<td class=\"et5\" style=\"width: 320.40pt;\" width=\"534\"><\/td>\n<\/tr>\n<tr style=\"height: 30.00pt;\">\n<td class=\"et6\" style=\"height: 30.00pt; width: 228.00pt;\" width=\"380\" height=\"50\">\u2022 Tension nominale<\/td>\n<td class=\"et6\" style=\"width: 320.40pt;\" width=\"534\">51,2 V<\/td>\n<\/tr>\n<tr style=\"height: 30.00pt;\">\n<td class=\"et7\" style=\"height: 30.00pt; width: 228.00pt;\" width=\"380\" height=\"50\">\u2022 Capacit\u00e9 nominale<\/td>\n<td class=\"et7\" style=\"width: 320.40pt;\" width=\"534\">200 Ah<\/td>\n<\/tr>\n<tr style=\"height: 30.00pt;\">\n<td class=\"et6\" style=\"height: 30.00pt; width: 228.00pt;\" width=\"380\" height=\"50\">\u2022 \u00c9nergie nominale<\/td>\n<td class=\"et6\" style=\"width: 320.40pt;\" width=\"534\">10240 Wh<\/td>\n<\/tr>\n<tr style=\"height: 30.00pt;\">\n<td class=\"et7\" style=\"height: 30.00pt; width: 228.00pt;\" width=\"380\" height=\"50\">\u2022 Cycle de vie<\/td>\n<td class=\"et7\" style=\"width: 320.40pt;\" width=\"534\">6000 (0.5C@25\u00b0C, 80% DOD)<\/td>\n<\/tr>\n<tr style=\"height: 30.00pt;\">\n<td class=\"et6\" style=\"height: 30.00pt; width: 228.00pt;\" width=\"380\" height=\"50\">\u2022 Dur\u00e9e de vie de conception<\/td>\n<td class=\"et6\" style=\"width: 320.40pt;\" width=\"534\">15 ans<\/td>\n<\/tr>\n<tr style=\"height: 50.00pt;\">\n<td class=\"et8\" style=\"height: 50.00pt; width: 228.00pt;\" width=\"380\" height=\"83\">Sp\u00e9cifications physiques<\/td>\n<td class=\"et7\" style=\"width: 320.40pt;\" width=\"534\"><\/td>\n<\/tr>\n<tr style=\"height: 30.00pt;\">\n<td class=\"et6\" style=\"height: 30.00pt; width: 228.00pt;\" width=\"380\" height=\"50\">\u2022 Dimensions (L x l x H)<\/td>\n<td class=\"et6\" style=\"width: 320.40pt;\" width=\"534\">420*570*740 millim\u00e8tres<\/td>\n<\/tr>\n<tr style=\"height: 30.00pt;\">\n<td class=\"et7\" style=\"height: 30.00pt; width: 228.00pt;\" width=\"380\" height=\"50\">\u2022 Poids<\/td>\n<td class=\"et7\" style=\"width: 320.40pt;\" width=\"534\">85 KG<\/td>\n<\/tr>\n<tr style=\"height: 30.00pt;\">\n<td class=\"et6\" style=\"height: 30.00pt; width: 228.00pt;\" width=\"380\" height=\"50\">\u2022 Mat\u00e9riau cathodique<\/td>\n<td class=\"et6\" style=\"width: 320.40pt;\" width=\"534\">Phosphate de fer au lithium (LiFePo\u2084)<\/td>\n<\/tr>\n<tr style=\"height: 30.00pt;\">\n<td class=\"et7\" style=\"height: 30.00pt; width: 228.00pt;\" width=\"380\" height=\"50\">\u2022 Bo\u00eetier<\/td>\n<td class=\"et7\" style=\"width: 320.40pt;\" width=\"534\">ABS (Acrylonitrile butadi\u00e8ne styr\u00e8ne)<\/td>\n<\/tr>\n<tr style=\"height: 30.00pt;\">\n<td class=\"et6\" style=\"height: 30.00pt; width: 228.00pt;\" width=\"380\" height=\"50\">\u2022 Couleur du bo\u00eetier<\/td>\n<td class=\"et6\" style=\"width: 320.40pt;\" width=\"534\">Blanc<\/td>\n<\/tr>\n<tr style=\"height: 30.00pt;\">\n<td class=\"et7\" style=\"height: 30.00pt; width: 228.00pt;\" width=\"380\" height=\"50\">\u2022 M\u00e9thode d&#039;affichage<\/td>\n<td class=\"et7\" style=\"width: 320.40pt;\" width=\"534\">\u00c9cran LED + LCD<\/td>\n<\/tr>\n<tr style=\"height: 50.00pt;\">\n<td class=\"et10\" style=\"height: 50.00pt; width: 548.40pt;\" colspan=\"2\" width=\"914\" height=\"83\">Sp\u00e9cifications de fonctionnement<\/td>\n<\/tr>\n<tr style=\"height: 30.00pt;\">\n<td class=\"et7\" style=\"height: 30.00pt; width: 228.00pt;\" width=\"380\" height=\"50\">\u2022 Plage de tension<\/td>\n<td class=\"et7\" style=\"width: 320.40pt;\" width=\"534\">44,8-56V<\/td>\n<\/tr>\n<tr style=\"height: 30.00pt;\">\n<td class=\"et6\" style=\"height: 30.00pt; width: 228.00pt;\" width=\"380\" height=\"50\">\u2022 Tension de coupure<\/td>\n<td class=\"et6\" style=\"width: 320.40pt;\" width=\"534\">44,8 V<\/td>\n<\/tr>\n<tr style=\"height: 30.00pt;\">\n<td class=\"et7\" style=\"height: 30.00pt; width: 228.00pt;\" width=\"380\" height=\"50\">\u2022 Courant de charge recommand\u00e9<\/td>\n<td class=\"et7\" style=\"width: 320.40pt;\" width=\"534\">\u2264100\u00a0A<\/td>\n<\/tr>\n<tr style=\"height: 30.00pt;\">\n<td class=\"et6\" style=\"height: 30.00pt; width: 228.00pt;\" width=\"380\" height=\"50\">\u2022 Courant de charge maximal<\/td>\n<td class=\"et6\" style=\"width: 320.40pt;\" width=\"534\">100 A<\/td>\n<\/tr>\n<tr style=\"height: 30.00pt;\">\n<td class=\"et7\" style=\"height: 30.00pt; width: 228.00pt;\" width=\"380\" height=\"50\">\u2022 Courant de d\u00e9charge maximal<\/td>\n<td class=\"et7\" style=\"width: 320.40pt;\" width=\"534\">200\u00a0A<\/td>\n<\/tr>\n<tr style=\"height: 50.00pt;\">\n<td class=\"et10\" style=\"height: 50.00pt; width: 548.40pt;\" colspan=\"2\" width=\"914\" height=\"83\">Sp\u00e9cifications environnementales<\/td>\n<\/tr>\n<tr style=\"height: 30.00pt;\">\n<td class=\"et7\" style=\"height: 30.00pt; width: 228.00pt;\" width=\"380\" height=\"50\">\u2022 Humidit\u00e9 relative<\/td>\n<td class=\"et7\" style=\"width: 320.40pt;\" width=\"534\">5-95%<\/td>\n<\/tr>\n<tr style=\"height: 30.00pt;\">\n<td class=\"et6\" style=\"height: 30.00pt; width: 228.00pt;\" width=\"380\" height=\"50\">\u2022 Temp\u00e9rature de charge<\/td>\n<td class=\"et6\" style=\"width: 320.40pt;\" width=\"534\">-20 \u00e0 45\u00b0C \/ -4 \u00e0 113\u00b0F (chauffage actif en dessous de 0\u00b0C \/ 32\u00b0F)<\/td>\n<\/tr>\n<tr style=\"height: 30.00pt;\">\n<td class=\"et7\" style=\"height: 30.00pt; width: 228.00pt;\" width=\"380\" height=\"50\">\u2022 Plage de temp\u00e9rature de d\u00e9charge<\/td>\n<td class=\"et7\" style=\"width: 320.40pt;\" width=\"534\">-20 \u00e0 55\u00b0C \/ -4 \u00e0 131\u00b0F<\/td>\n<\/tr>\n<tr style=\"height: 30.00pt;\">\n<td class=\"et6\" style=\"height: 30.00pt; width: 228.00pt;\" width=\"380\" height=\"50\">\u2022 Plage de temp\u00e9rature de stockage<\/td>\n<td class=\"et6\" style=\"width: 320.40pt;\" width=\"534\">-20 \u00e0 55\u00b0C \/ -4 \u00e0 131\u00b0F<\/td>\n<\/tr>\n<tr style=\"height: 50.00pt;\">\n<td class=\"et8\" style=\"height: 50.00pt; width: 228.00pt;\" width=\"380\" height=\"83\">Certificats<\/td>\n<td class=\"et7\" style=\"width: 320.40pt;\" width=\"534\"><\/td>\n<\/tr>\n<tr style=\"height: 30.00pt;\">\n<td class=\"et6\" style=\"height: 30.00pt; width: 228.00pt;\" width=\"380\" height=\"50\">\u2022 S\u00e9curit\u00e9<\/td>\n<td class=\"et6\" style=\"width: 320.40pt;\" width=\"534\">\u00a0Conforme CE et IEC62619<\/td>\n<\/tr>\n<tr style=\"height: 30.00pt;\">\n<td class=\"et7\" style=\"height: 30.00pt; width: 228.00pt;\" width=\"380\" height=\"50\">\u2022 Transport<\/td>\n<td class=\"et7\" style=\"width: 320.40pt;\" width=\"534\">UN38.3<\/td>\n<\/tr>\n<\/tbody>\n<\/table>\n<div id=\"shopify-section-template--16532101234919__166366565650412e45\" class=\"shopify-section shopify-section--apps\">\n<div class=\"container vertical-breather\">\n<div id=\"shopify-block-6cc0a491-8313-4fe7-9d7f-4ca4b875af59\" class=\"shopify-block shopify-app-block\">\n<div id=\"wc_review_section\" class=\"wc_review_main_content\" data-url=\"https:\/\/voltgopower.com\" data-handle=\"voltgo-51-2v-100ah-lifepo-wall-mounted-battery\" data-product_id=\"8206075887847\" data-limit=\"0\">\n<div class=\"wc_review_top_title wc_wf_cls\" data-bind=\"voltgo-51-2v-100ah-lifepo-wall-mounted-battery\"><\/div>\n<\/div>\n<\/div>\n<\/div>\n<\/div>","protected":false},"excerpt":{"rendered":"<p>La batterie solaire \u00e0 roue est con\u00e7ue sp\u00e9cifiquement pour les solutions \u00e9nerg\u00e9tiques mobiles et portables. Chaque module est \u00e9quip\u00e9 d&#039;un syst\u00e8me de gestion de batterie (BMS) intelligent, garantissant un fonctionnement stable dans divers environnements de travail, offrant une protection contre les surtensions, les sous-tensions, les surintensit\u00e9s, les courts-circuits et les conditions de temp\u00e9rature extr\u00eames. De plus, la s\u00e9curit\u00e9 du produit est consid\u00e9rablement am\u00e9lior\u00e9e par une conception multicouche qui int\u00e8gre des protections contre les mat\u00e9riaux, les cellules, la structure et les a\u00e9rosols anti-incendie.<\/p>","protected":false},"featured_media":3759,"comment_status":"open","ping_status":"closed","template":"","meta":[],"product_cat":[87],"product_tag":[],"class_list":["post-3838","product","type-product","status-publish","has-post-thumbnail","hentry","product_cat-wheel-design-solar-battery"],"acf":[],"_links":{"self":[{"href":"https:\/\/solarbatterymanufacturer.com\/fr\/wp-json\/wp\/v2\/product\/3838","targetHints":{"allow":["GET"]}}],"collection":[{"href":"https:\/\/solarbatterymanufacturer.com\/fr\/wp-json\/wp\/v2\/product"}],"about":[{"href":"https:\/\/solarbatterymanufacturer.com\/fr\/wp-json\/wp\/v2\/types\/product"}],"replies":[{"embeddable":true,"href":"https:\/\/solarbatterymanufacturer.com\/fr\/wp-json\/wp\/v2\/comments?post=3838"}],"version-history":[{"count":2,"href":"https:\/\/solarbatterymanufacturer.com\/fr\/wp-json\/wp\/v2\/product\/3838\/revisions"}],"predecessor-version":[{"id":3840,"href":"https:\/\/solarbatterymanufacturer.com\/fr\/wp-json\/wp\/v2\/product\/3838\/revisions\/3840"}],"wp:featuredmedia":[{"embeddable":true,"href":"https:\/\/solarbatterymanufacturer.com\/fr\/wp-json\/wp\/v2\/media\/3759"}],"wp:attachment":[{"href":"https:\/\/solarbatterymanufacturer.com\/fr\/wp-json\/wp\/v2\/media?parent=3838"}],"wp:term":[{"taxonomy":"product_cat","embeddable":true,"href":"https:\/\/solarbatterymanufacturer.com\/fr\/wp-json\/wp\/v2\/product_cat?post=3838"},{"taxonomy":"product_tag","embeddable":true,"href":"https:\/\/solarbatterymanufacturer.com\/fr\/wp-json\/wp\/v2\/product_tag?post=3838"}],"curies":[{"name":"wp","href":"https:\/\/api.w.org\/{rel}","templated":true}]}}