{"id":5014,"date":"2025-09-28T01:53:42","date_gmt":"2025-09-28T01:53:42","guid":{"rendered":"https:\/\/solarbatterymanufacturer.com\/?post_type=product&#038;p=5014"},"modified":"2025-09-28T01:59:19","modified_gmt":"2025-09-28T01:59:19","slug":"amp-nova-51-2v-200ah-lithium-battery","status":"publish","type":"product","link":"https:\/\/solarbatterymanufacturer.com\/fr\/51.2v-200ah-lithium-battery","title":{"rendered":"Batterie au lithium Amp Nova 51,2 V 200 Ah"},"content":{"rendered":"<h2>Descriptifs\u00a0:<\/h2>\n<p>La batterie au lithium Amp Nova 51,2 V 200 Ah est une solution de stockage d&#039;\u00e9nergie haute performance sp\u00e9cialement con\u00e7ue pour les applications r\u00e9sidentielles. Ce module de batterie, int\u00e9grant un syst\u00e8me de gestion de batterie (BMS) intelligent, excelle en mati\u00e8re de s\u00e9curit\u00e9, de dur\u00e9e de vie, de densit\u00e9 \u00e9nerg\u00e9tique, de charge rapide, de plage de temp\u00e9ratures et de protection de l&#039;environnement. Son design \u00e9l\u00e9gant et moderne allie esth\u00e9tique et performance. Amp Nova s&#039;engage \u00e0 fournir une alimentation \u00e9lectrique s\u00fbre et stable pour les syst\u00e8mes de stockage d&#039;\u00e9nergie r\u00e9sidentiels, et ce module de batterie 200 Ah pour rack serveur t\u00e9moigne de cet engagement.<\/p>\n<h2>Caract\u00e9ristiques:<\/h2>\n<ul>\n<li><strong>Cellules simples LFP<\/strong>: Assure une longue dur\u00e9e de vie, une s\u00e9curit\u00e9 et une large plage de temp\u00e9ratures.<\/li>\n<li><strong>Densit\u00e9 d&#039;\u00e9nergie \u00e9lev\u00e9e<\/strong>: Fournit une puissance \u00e9lev\u00e9e dans un design petit et l\u00e9ger, sans pollution.<\/li>\n<li><strong>Charge rapide<\/strong>: Haute efficacit\u00e9 pour une recharge rapide de la puissance.<\/li>\n<li><strong>GTC int\u00e9gr\u00e9<\/strong>: Prot\u00e8ge la tension, le courant et la temp\u00e9rature tout au long de la dur\u00e9e de vie.<\/li>\n<li><strong>Interface de communication int\u00e9gr\u00e9e<\/strong>: Permet une communication transparente avec le contr\u00f4leur de l&#039;onduleur.<\/li>\n<li><strong>Indicateur LED<\/strong>: Affiche l&#039;\u00e9tat de charge (SOC) et l&#039;\u00e9tat de fonctionnement.<\/li>\n<li><strong>Module standardis\u00e9<\/strong>: Prend en charge la conception parall\u00e8le et la compatibilit\u00e9 avec une vari\u00e9t\u00e9 d&#039;onduleurs.<\/li>\n<li><strong>Longue dur\u00e9e de vie<\/strong>: Offre 15 ans de performances stables et ne n\u00e9cessite aucun entretien.<\/li>\n<\/ul>\n<h2>Caract\u00e9ristiques:<\/h2>\n<table style=\"border-collapse: collapse; width: 548.42pt;\" border=\"0\" width=\"914\" cellspacing=\"0\" cellpadding=\"0\">\n<tbody>\n<tr style=\"height: 50.00pt;\">\n<td class=\"et4\" style=\"height: 50.00pt; width: 548.40pt;\" colspan=\"2\" width=\"914\" height=\"83\">Sp\u00e9cifications de base<\/td>\n<\/tr>\n<tr style=\"height: 30.00pt;\">\n<td class=\"et5\" style=\"height: 30.00pt; width: 228.00pt;\" width=\"380\" height=\"50\">\u2022 Tension nominale<\/td>\n<td class=\"et5\" style=\"width: 320.40pt;\" width=\"534\">51,2\u00a0V (16S)<\/td>\n<\/tr>\n<tr style=\"height: 30.00pt;\">\n<td class=\"et6\" style=\"height: 30.00pt; width: 228.00pt;\" width=\"380\" height=\"50\">\u2022 Capacit\u00e9 nominale<\/td>\n<td class=\"et6\" style=\"width: 320.40pt;\" width=\"534\">200 Ah<\/td>\n<\/tr>\n<tr style=\"height: 30.00pt;\">\n<td class=\"et5\" style=\"height: 30.00pt; width: 228.00pt;\" width=\"380\" height=\"50\">\u2022 \u00c9nergie nominale<\/td>\n<td class=\"et5\" style=\"width: 320.40pt;\" width=\"534\">10240 Wh<\/td>\n<\/tr>\n<tr style=\"height: 30.00pt;\">\n<td class=\"et6\" style=\"height: 30.00pt; width: 228.00pt;\" width=\"380\" height=\"50\">\u2022 Cycle de vie<\/td>\n<td class=\"et6\" style=\"width: 320.40pt;\" width=\"534\">6000 (0.5C@25\u00b0C, 80% DOD)<\/td>\n<\/tr>\n<tr style=\"height: 30.00pt;\">\n<td class=\"et5\" style=\"height: 30.00pt; width: 228.00pt;\" width=\"380\" height=\"50\">\u2022 Dur\u00e9e de vie de conception<\/td>\n<td class=\"et5\" style=\"width: 320.40pt;\" width=\"534\">15 ans<\/td>\n<\/tr>\n<tr style=\"height: 50.00pt;\">\n<td class=\"et7\" style=\"height: 50.00pt; width: 228.00pt;\" width=\"380\" height=\"83\">Sp\u00e9cifications physiques<\/td>\n<td class=\"et6\" style=\"width: 320.40pt;\" width=\"534\"><\/td>\n<\/tr>\n<tr style=\"height: 30.00pt;\">\n<td class=\"et5\" style=\"height: 30.00pt; width: 228.00pt;\" width=\"380\" height=\"50\">\u2022 Dimensions (L x l x H)<\/td>\n<td class=\"et5\" style=\"width: 320.40pt;\" width=\"534\">460*442*250 millim\u00e8tres<\/td>\n<\/tr>\n<tr style=\"height: 30.00pt;\">\n<td class=\"et6\" style=\"height: 30.00pt; width: 228.00pt;\" width=\"380\" height=\"50\">\u2022 Poids<\/td>\n<td class=\"et6\" style=\"width: 320.40pt;\" width=\"534\">85 kg<\/td>\n<\/tr>\n<tr style=\"height: 30.00pt;\">\n<td class=\"et5\" style=\"height: 30.00pt; width: 228.00pt;\" width=\"380\" height=\"50\">\u2022 Mat\u00e9riau cathodique<\/td>\n<td class=\"et5\" style=\"width: 320.40pt;\" width=\"534\">Phosphate de fer au lithium (LiFePo\u2084)<\/td>\n<\/tr>\n<tr style=\"height: 30.00pt;\">\n<td class=\"et6\" style=\"height: 30.00pt; width: 228.00pt;\" width=\"380\" height=\"50\">\u2022 Bo\u00eetier<\/td>\n<td class=\"et6\" style=\"width: 320.40pt;\" width=\"534\">M\u00e9tal<\/td>\n<\/tr>\n<tr style=\"height: 30.00pt;\">\n<td class=\"et5\" style=\"height: 30.00pt; width: 228.00pt;\" width=\"380\" height=\"50\">\u2022 Couleur du bo\u00eetier<\/td>\n<td class=\"et5\" style=\"width: 320.40pt;\" width=\"534\">Noir<\/td>\n<\/tr>\n<tr style=\"height: 30.00pt;\">\n<td class=\"et6\" style=\"height: 30.00pt; width: 228.00pt;\" width=\"380\" height=\"50\">\u2022 M\u00e9thode d&#039;affichage<\/td>\n<td class=\"et6\" style=\"width: 320.40pt;\" width=\"534\">\u00c9cran LED + LCD<\/td>\n<\/tr>\n<tr style=\"height: 50.00pt;\">\n<td class=\"et8\" style=\"height: 50.00pt; width: 548.40pt;\" colspan=\"2\" width=\"914\" height=\"83\">Sp\u00e9cifications de fonctionnement<\/td>\n<\/tr>\n<tr style=\"height: 30.00pt;\">\n<td class=\"et6\" style=\"height: 30.00pt; width: 228.00pt;\" width=\"380\" height=\"50\">\u2022 Plage de tension<\/td>\n<td class=\"et6\" style=\"width: 320.40pt;\" width=\"534\">44,8-56V<\/td>\n<\/tr>\n<tr style=\"height: 30.00pt;\">\n<td class=\"et5\" style=\"height: 30.00pt; width: 228.00pt;\" width=\"380\" height=\"50\">\u2022 Tension de coupure<\/td>\n<td class=\"et5\" style=\"width: 320.40pt;\" width=\"534\">44,8 V<\/td>\n<\/tr>\n<tr style=\"height: 30.00pt;\">\n<td class=\"et6\" style=\"height: 30.00pt; width: 228.00pt;\" width=\"380\" height=\"50\">\u2022 Courant de charge recommand\u00e9<\/td>\n<td class=\"et6\" style=\"width: 320.40pt;\" width=\"534\">\u2264100\u00a0A<\/td>\n<\/tr>\n<tr style=\"height: 30.00pt;\">\n<td class=\"et5\" style=\"height: 30.00pt; width: 228.00pt;\" width=\"380\" height=\"50\">\u2022 Courant de charge maximal<\/td>\n<td class=\"et5\" style=\"width: 320.40pt;\" width=\"534\">100 A<\/td>\n<\/tr>\n<tr style=\"height: 30.00pt;\">\n<td class=\"et6\" style=\"height: 30.00pt; width: 228.00pt;\" width=\"380\" height=\"50\">\u2022 Courant de d\u00e9charge maximal<\/td>\n<td class=\"et6\" style=\"width: 320.40pt;\" width=\"534\">100 A<\/td>\n<\/tr>\n<tr style=\"height: 50.00pt;\">\n<td class=\"et8\" style=\"height: 50.00pt; width: 548.40pt;\" colspan=\"2\" width=\"914\" height=\"83\">Sp\u00e9cifications environnementales<\/td>\n<\/tr>\n<tr style=\"height: 30.00pt;\">\n<td class=\"et6\" style=\"height: 30.00pt; width: 228.00pt;\" width=\"380\" height=\"50\">\u2022 Humidit\u00e9 relative<\/td>\n<td class=\"et6\" style=\"width: 320.40pt;\" width=\"534\">5-95%<\/td>\n<\/tr>\n<tr style=\"height: 30.00pt;\">\n<td class=\"et5\" style=\"height: 30.00pt; width: 228.00pt;\" width=\"380\" height=\"50\">\u2022 Temp\u00e9rature de charge<\/td>\n<td class=\"et5\" style=\"width: 320.40pt;\" width=\"534\">-20 \u00e0 45\u00b0C \/ -4 \u00e0 113\u00b0F (chauffage actif en dessous de 0\u00b0C \/ 32\u00b0F)<\/td>\n<\/tr>\n<tr style=\"height: 30.00pt;\">\n<td class=\"et6\" style=\"height: 30.00pt; width: 228.00pt;\" width=\"380\" height=\"50\">\u2022 Plage de temp\u00e9rature de d\u00e9charge<\/td>\n<td class=\"et6\" style=\"width: 320.40pt;\" width=\"534\">-20 \u00e0 55\u00b0C \/ -4 \u00e0 131\u00b0F<\/td>\n<\/tr>\n<tr style=\"height: 30.00pt;\">\n<td class=\"et5\" style=\"height: 30.00pt; width: 228.00pt;\" width=\"380\" height=\"50\">\u2022 Plage de temp\u00e9rature de stockage<\/td>\n<td class=\"et5\" style=\"width: 320.40pt;\" width=\"534\">-20 \u00e0 55\u00b0C \/ -4 \u00e0 131\u00b0F<\/td>\n<\/tr>\n<tr style=\"height: 50.00pt;\">\n<td class=\"et7\" style=\"height: 50.00pt; width: 228.00pt;\" width=\"380\" height=\"83\">Certificats<\/td>\n<td class=\"et6\" style=\"width: 320.40pt;\" width=\"534\"><\/td>\n<\/tr>\n<tr style=\"height: 30.00pt;\">\n<td class=\"et5\" style=\"height: 30.00pt; width: 228.00pt;\" width=\"380\" height=\"50\">\u2022 S\u00e9curit\u00e9<\/td>\n<td class=\"et5\" style=\"width: 320.40pt;\" width=\"534\">CE, CEM, TUV (IEC62619)<\/td>\n<\/tr>\n<tr style=\"height: 30.00pt;\">\n<td class=\"et6\" style=\"height: 30.00pt; width: 228.00pt;\" width=\"380\" height=\"50\">\u2022 Transport<\/td>\n<td class=\"et6\" style=\"width: 320.40pt;\" width=\"534\">UN38.3<\/td>\n<\/tr>\n<\/tbody>\n<\/table>","protected":false},"excerpt":{"rendered":"<p>La batterie lithium-ion Amp Nova 51,2 V 200 Ah est une solution de stockage d&#039;\u00e9nergie robuste offrant une capacit\u00e9 \u00e9lev\u00e9e pour les applications exigeant une alimentation fiable et efficace. Son format rackable facilite l&#039;installation et l&#039;\u00e9volutivit\u00e9, ce qui en fait un excellent choix pour les centres de donn\u00e9es, les syst\u00e8mes de t\u00e9l\u00e9communications et divers environnements commerciaux et industriels. Ce mod\u00e8le 200 Ah garantit des performances et une alimentation constantes, r\u00e9pondant ainsi aux exigences les plus strictes en mati\u00e8re d&#039;\u00e9nergie.<\/p>","protected":false},"featured_media":5015,"comment_status":"open","ping_status":"closed","template":"","meta":[],"product_cat":[66],"product_tag":[],"class_list":["post-5014","product","type-product","status-publish","has-post-thumbnail","hentry","product_cat-server-rack-battery"],"acf":[],"_links":{"self":[{"href":"https:\/\/solarbatterymanufacturer.com\/fr\/wp-json\/wp\/v2\/product\/5014","targetHints":{"allow":["GET"]}}],"collection":[{"href":"https:\/\/solarbatterymanufacturer.com\/fr\/wp-json\/wp\/v2\/product"}],"about":[{"href":"https:\/\/solarbatterymanufacturer.com\/fr\/wp-json\/wp\/v2\/types\/product"}],"replies":[{"embeddable":true,"href":"https:\/\/solarbatterymanufacturer.com\/fr\/wp-json\/wp\/v2\/comments?post=5014"}],"version-history":[{"count":1,"href":"https:\/\/solarbatterymanufacturer.com\/fr\/wp-json\/wp\/v2\/product\/5014\/revisions"}],"predecessor-version":[{"id":5018,"href":"https:\/\/solarbatterymanufacturer.com\/fr\/wp-json\/wp\/v2\/product\/5014\/revisions\/5018"}],"wp:featuredmedia":[{"embeddable":true,"href":"https:\/\/solarbatterymanufacturer.com\/fr\/wp-json\/wp\/v2\/media\/5015"}],"wp:attachment":[{"href":"https:\/\/solarbatterymanufacturer.com\/fr\/wp-json\/wp\/v2\/media?parent=5014"}],"wp:term":[{"taxonomy":"product_cat","embeddable":true,"href":"https:\/\/solarbatterymanufacturer.com\/fr\/wp-json\/wp\/v2\/product_cat?post=5014"},{"taxonomy":"product_tag","embeddable":true,"href":"https:\/\/solarbatterymanufacturer.com\/fr\/wp-json\/wp\/v2\/product_tag?post=5014"}],"curies":[{"name":"wp","href":"https:\/\/api.w.org\/{rel}","templated":true}]}}