{"id":1016,"date":"2021-10-27T12:14:03","date_gmt":"2021-10-27T12:14:03","guid":{"rendered":"http:\/\/bsmthemes.com\/electra\/?post_type=product&#038;p=1016"},"modified":"2023-10-10T03:45:55","modified_gmt":"2023-10-10T03:45:55","slug":"low-voltage-stackable-battery-storage","status":"publish","type":"product","link":"https:\/\/solarbatterymanufacturer.com\/it\/stackable-battery-storage","title":{"rendered":"Stoccaggio batteria impilabile a bassa tensione Amp Nova"},"content":{"rendered":"<h2>Descrizioni:<\/h2>\n<p>Lo stoccaggio di batterie impilabili a bassa tensione Amp Nova \u00e8 appositamente progettato per applicazioni residenziali di piccole e medie dimensioni da Amp Nova. Ogni modulo ha al suo interno un BMS intelligente, che offre protezione da sovratensione, sottotensione, sovracorrente, cortocircuito, sovratemperatura e bassa temperatura. Nel frattempo, anche un design di sicurezza multistrato (materiale, cella, struttura, aerosol antincendio, ecc.) migliorer\u00e0 notevolmente le prestazioni di sicurezza del prodotto. Ha anche un ID elegante e un design strutturale intelligente, \u00e8 facile da installare e pu\u00f2 anche essere espanso in modo flessibile in base alle tue esigenze.<\/p>\n<h2>Caratteristiche:<\/h2>\n<p class=\"ace-line ace-line old-record-id-doxcn80cGMMqK4Kig0WiWDlgBDc\"><strong>[Installazione facile]<\/strong>\u00a0 Assemblaggio impilabile in stile Lego e design a bloccaggio rapido tra i moduli, installazione facile ed efficiente.<\/p>\n<p class=\"ace-line ace-line old-record-id-doxcn80cGMMqK4Kig0WiWDlgBDc\"><strong>[Espansione flessibile]<\/strong> Lo stoccaggio della batteria impilabile pu\u00f2 essere configurato in modo flessibile in base<br \/>\nai bisogni effettivi. Il sistema supporta fino a 16 moduli in parallelo (80kWh) ed \u00e8 necessario un combinatore quando la corrente del sistema supera i 100A.<\/p>\n<p class=\"ace-line ace-line old-record-id-doxcn2YCu2wEgSsM842tJEuIXjd\"><strong>[Progettazione di sicurezza di celle e sistemi LFP]<\/strong>\u00a0Progettazione di sicurezza multilivello (progettazione di sicurezza del materiale, della cella, della staffa e del sistema).<\/p>\n<p class=\"ace-line ace-line old-record-id-doxcneQCUO2ieceggcz84YcjwFg\"><strong>[Bilanciamento intelligente] Il <\/strong>Il circuito di bilanciamento integrato si attiver\u00e0 automaticamente quando raggiunge le condizioni impostate, migliorando notevolmente la consistenza della batteria e prolungandone la durata.<\/p>\n<p class=\"ace-line ace-line old-record-id-doxcn80cGMMqK4Kig0WiWDlgBDc\"><span class=\"ace-line ace-line old-record-id-doxcnmsSiYWg8wQyyaSi970mLrd\"><strong>[BMS intelligente]<\/strong> Il sistema di gestione della batteria (BMS) fornisce protezione da cortocircuito, sovratensione, bassa tensione, sovratemperatura e bassa temperatura.<\/span><span class=\"ace-line ace-line old-record-id-doxcnmsSiYWg8wQyyaSi970mLrd\"><br \/>\n<\/span><\/p>\n<p class=\"ace-line ace-line old-record-id-doxcnmsSiYWg8wQyyaSi970mLrd\"><strong>[Ip55]<\/strong> IP55 \u00e8 progettato per soddisfare la maggior parte degli scenari applicativi.<\/p>\n<p class=\"ace-line ace-line old-record-id-doxcnmsSiYWg8wQyyaSi970mLrd\"><strong>[Monitoraggio e controllo in tempo reale]\u00a0<\/strong>Monitoraggio dello stato di funzionamento della batteria (tensione, temperatura attuale, SOC, ecc.) in tempo reale.<\/p>\n<p class=\"ace-line ace-line old-record-id-doxcnmsSiYWg8wQyyaSi970mLrd\"><strong>[Senza manutenzione]\u00a0<\/strong>15 anni di vita utile e 6000 cicli (0,5\u00b0C, 80% DOD@25\u2103), esente da manutenzione per l&#039;intera durata e ampio intervallo di temperature di esercizio.<\/p>\n<p>&nbsp;<\/p>\n<h2>Specifiche<\/h2>\n<table style=\"border-collapse: collapse; width: 694px; height: 949px;\" border=\"0\" width=\"927\" cellspacing=\"0\" cellpadding=\"0\">\n<tbody>\n<tr style=\"height: 30.00pt;\">\n<td class=\"et3\" style=\"height: 30pt; width: 130.2pt;\" width=\"217\" height=\"50\">Tipo\/Parametro<\/td>\n<td class=\"et4\" style=\"width: 85.2pt;\" width=\"142\">ANZ-51100S2<\/td>\n<td class=\"et4\" style=\"width: 85.2pt;\" width=\"142\">ANZ-51100S3<\/td>\n<td class=\"et4\" style=\"width: 85.2pt;\" width=\"142\">ANZ-51100S4<\/td>\n<td class=\"et4\" style=\"width: 85.2pt;\" width=\"142\">ANZ-51100S5<\/td>\n<td class=\"et5\" style=\"width: 85.2pt;\" width=\"142\">ANZ-51100S6<\/td>\n<\/tr>\n<tr style=\"height: 30.00pt;\">\n<td class=\"et6\" style=\"height: 30.00pt; width: 130.20pt;\" width=\"217\" height=\"50\">Tipo di modulo batteria<\/td>\n<td class=\"et7\" style=\"width: 426pt; text-align: center;\" colspan=\"5\" width=\"710\">ANZ-51100S<\/td>\n<\/tr>\n<tr style=\"height: 30.00pt;\">\n<td class=\"et6\" style=\"height: 30.00pt; width: 130.20pt;\" width=\"217\" height=\"50\">Numero del modulo<\/td>\n<td class=\"et9\" style=\"width: 85.2pt; text-align: left;\" width=\"142\">2<\/td>\n<td class=\"et9\" style=\"width: 85.20pt;\" width=\"142\">3<\/td>\n<td class=\"et9\" style=\"width: 85.20pt;\" width=\"142\">4<\/td>\n<td class=\"et9\" style=\"width: 85.20pt;\" width=\"142\">5<\/td>\n<td class=\"et10\" style=\"width: 85.20pt;\" width=\"142\">6<\/td>\n<\/tr>\n<tr style=\"height: 30.00pt;\">\n<td class=\"et6\" style=\"height: 30.00pt; width: 130.20pt;\" width=\"217\" height=\"50\">Tensione nominale<span class=\"font5\">\uff08<\/span><span class=\"font0\">V<\/span><span class=\"font5\">\uff09<\/span><\/td>\n<td class=\"et11\" style=\"width: 426.00pt;\" colspan=\"5\" width=\"710\">51.2<\/td>\n<\/tr>\n<tr style=\"height: 30.00pt;\">\n<td class=\"et6\" style=\"height: 30.00pt; width: 130.20pt;\" width=\"217\" height=\"50\">Intervallo di tensione<span class=\"font5\">\uff08<\/span><span class=\"font0\">V<\/span><span class=\"font5\">\uff09<\/span><\/td>\n<td class=\"et12\" style=\"width: 426.00pt;\" colspan=\"5\" width=\"710\">44.8~56<\/td>\n<\/tr>\n<tr style=\"height: 30.00pt;\">\n<td class=\"et6\" style=\"height: 30.00pt; width: 130.20pt;\" width=\"217\" height=\"50\">Energia nominale<span class=\"font5\">\uff08<\/span><span class=\"font0\">Wh<\/span><span class=\"font5\">\uff09<\/span><\/td>\n<td class=\"et13\" style=\"width: 85.20pt;\" width=\"142\">10240<\/td>\n<td class=\"et13\" style=\"width: 85.20pt;\" width=\"142\">15360<\/td>\n<td class=\"et13\" style=\"width: 85.20pt;\" width=\"142\">20240<\/td>\n<td class=\"et13\" style=\"width: 85.20pt;\" width=\"142\">25600<\/td>\n<td class=\"et14\" style=\"width: 85.20pt;\" width=\"142\">30720<\/td>\n<\/tr>\n<tr style=\"height: 30.00pt;\">\n<td class=\"et6\" style=\"height: 30.00pt; width: 130.20pt;\" width=\"217\" height=\"50\">Massimo. Corrente di scarica<span class=\"font5\">\uff08<\/span><span class=\"font0\">UN<\/span><span class=\"font5\">\uff09<\/span><\/td>\n<td class=\"et14\" style=\"width: 426.00pt;\" colspan=\"5\" width=\"710\">200<\/td>\n<\/tr>\n<tr style=\"height: 30.00pt;\">\n<td class=\"et6\" style=\"height: 30.00pt; width: 130.20pt;\" width=\"217\" height=\"50\">Dimensioni: L*A*P (mm)<\/td>\n<td class=\"et15\" style=\"width: 85.20pt;\" width=\"142\">674*170*1100<\/td>\n<td class=\"et15\" style=\"width: 85.20pt;\" width=\"142\">674*170*1520<\/td>\n<td class=\"et15\" style=\"width: 85.20pt;\" width=\"142\">1348*1170*1310<\/td>\n<td class=\"et15\" style=\"width: 85.20pt;\" width=\"142\">1348*170*1520<\/td>\n<td class=\"et12\" style=\"width: 85.20pt;\" width=\"142\">1348*170*1520<\/td>\n<\/tr>\n<tr style=\"height: 30.00pt;\">\n<td class=\"et6\" style=\"height: 30.00pt; width: 130.20pt;\" width=\"217\" height=\"50\">Peso<span class=\"font5\">\uff08<\/span><span class=\"font0\">kg<\/span><span class=\"font5\">\uff09<\/span><\/td>\n<td class=\"et13\" style=\"width: 85.20pt;\" width=\"142\">124<\/td>\n<td class=\"et13\" style=\"width: 85.20pt;\" width=\"142\">176<\/td>\n<td class=\"et13\" style=\"width: 85.20pt;\" width=\"142\">233<\/td>\n<td class=\"et13\" style=\"width: 85.20pt;\" width=\"142\">290<\/td>\n<td class=\"et14\" style=\"width: 85.20pt;\" width=\"142\">343<\/td>\n<\/tr>\n<tr style=\"height: 30.00pt;\">\n<td class=\"et3\" style=\"height: 30.00pt; width: 556.20pt;\" colspan=\"6\" width=\"927\" height=\"50\">Parametro ambientale<\/td>\n<\/tr>\n<tr style=\"height: 30.00pt;\">\n<td class=\"et6\" style=\"height: 30.00pt; width: 130.20pt;\" width=\"217\" height=\"50\">IP<\/td>\n<td class=\"et12\" style=\"width: 426.00pt;\" colspan=\"5\" width=\"710\">IP55<\/td>\n<\/tr>\n<tr style=\"height: 30.00pt;\">\n<td class=\"et6\" style=\"height: 30.00pt; width: 130.20pt;\" width=\"217\" height=\"50\">Intervallo di temperatura di carica (<span class=\"font5\">\u2103<\/span><span class=\"font0\">)<\/span><\/td>\n<td class=\"et12\" style=\"width: 426.00pt;\" colspan=\"5\" width=\"710\">0~45<\/td>\n<\/tr>\n<tr style=\"height: 30.00pt;\">\n<td class=\"et6\" style=\"height: 30.00pt; width: 130.20pt;\" width=\"217\" height=\"50\">Intervallo di temperatura di scarico (<span class=\"font5\">\u2103<\/span><span class=\"font0\">)<\/span><\/td>\n<td class=\"et17\" style=\"width: 426.00pt;\" colspan=\"5\" width=\"710\">-20~60<\/td>\n<\/tr>\n<tr style=\"height: 30.00pt;\">\n<td class=\"et6\" style=\"height: 30.00pt; width: 130.20pt;\" width=\"217\" height=\"50\">Metodo di installazione<\/td>\n<td class=\"et12\" style=\"width: 426.00pt;\" colspan=\"5\" width=\"710\">Montaggio a pavimento<\/td>\n<\/tr>\n<tr style=\"height: 30.00pt;\">\n<td class=\"et3\" style=\"height: 30.00pt; width: 556.20pt;\" colspan=\"6\" width=\"927\" height=\"50\">Durata di servizio<\/td>\n<\/tr>\n<tr style=\"height: 30.00pt;\">\n<td class=\"et6\" style=\"height: 30.00pt; width: 130.20pt;\" width=\"217\" height=\"50\">Ciclo di vita (tempo)<\/td>\n<td class=\"et12\" style=\"width: 426.00pt;\" colspan=\"5\" width=\"710\">&gt;6000<span class=\"font5\">\uff08<\/span><span class=\"font0\">0,5\u00b0C @25<\/span><span class=\"font5\">\u2103<\/span><span class=\"font0\">,80% DOD<\/span><span class=\"font5\">\uff09<\/span><\/td>\n<\/tr>\n<tr style=\"height: 30.00pt;\">\n<td class=\"et6\" style=\"height: 30.00pt; width: 130.20pt;\" width=\"217\" height=\"50\">Vita progettuale (anno)<\/td>\n<td class=\"et14\" style=\"width: 426.00pt;\" colspan=\"5\" width=\"710\">15<\/td>\n<\/tr>\n<tr style=\"height: 30.00pt;\">\n<td class=\"et3\" style=\"height: 30.00pt; width: 556.20pt;\" colspan=\"6\" width=\"927\" height=\"50\">Certificazione<\/td>\n<\/tr>\n<tr style=\"height: 30.00pt;\">\n<td class=\"et6\" style=\"height: 30.00pt; width: 130.20pt;\" width=\"217\" height=\"50\">Sicurezza e certificazione<\/td>\n<td class=\"et12\" style=\"width: 426.00pt;\" colspan=\"5\" width=\"710\">UL1973 (CE, IEC62619 Disponibile a breve)<\/td>\n<\/tr>\n<tr style=\"height: 30.00pt;\">\n<td class=\"et6\" style=\"height: 30.00pt; width: 130.20pt;\" width=\"217\" height=\"50\">Trasporti<\/td>\n<td class=\"et12\" style=\"width: 426.00pt;\" colspan=\"5\" width=\"710\">ONU38.3<\/td>\n<\/tr>\n<\/tbody>\n<\/table>","protected":false},"excerpt":{"rendered":"<p>Lo stoccaggio di batterie domestiche impilabili a bassa tensione Amp Nova \u00e8 appositamente progettato per applicazioni residenziali di piccole e medie dimensioni da Amp Nova. Ogni modulo ha al suo interno un BMS intelligente, che offre protezione da sovratensione, sottotensione, sovracorrente, cortocircuito, sovratemperatura e bassa temperatura. Nel frattempo, anche un design di sicurezza multistrato (materiale, cella, struttura, aerosol antincendio, ecc.) migliorer\u00e0 notevolmente le prestazioni di sicurezza del prodotto. Ha anche un ID elegante e un design strutturale intelligente, \u00e8 facile da installare e pu\u00f2 anche essere espanso in modo flessibile in base alle tue esigenze.<\/p>","protected":false},"featured_media":2287,"comment_status":"open","ping_status":"closed","template":"","meta":[],"product_cat":[86],"product_tag":[],"class_list":["post-1016","product","type-product","status-publish","has-post-thumbnail","hentry","product_cat-stackable-lifepo4-battery"],"acf":[],"_links":{"self":[{"href":"https:\/\/solarbatterymanufacturer.com\/it\/wp-json\/wp\/v2\/product\/1016","targetHints":{"allow":["GET"]}}],"collection":[{"href":"https:\/\/solarbatterymanufacturer.com\/it\/wp-json\/wp\/v2\/product"}],"about":[{"href":"https:\/\/solarbatterymanufacturer.com\/it\/wp-json\/wp\/v2\/types\/product"}],"replies":[{"embeddable":true,"href":"https:\/\/solarbatterymanufacturer.com\/it\/wp-json\/wp\/v2\/comments?post=1016"}],"version-history":[{"count":4,"href":"https:\/\/solarbatterymanufacturer.com\/it\/wp-json\/wp\/v2\/product\/1016\/revisions"}],"predecessor-version":[{"id":4057,"href":"https:\/\/solarbatterymanufacturer.com\/it\/wp-json\/wp\/v2\/product\/1016\/revisions\/4057"}],"wp:featuredmedia":[{"embeddable":true,"href":"https:\/\/solarbatterymanufacturer.com\/it\/wp-json\/wp\/v2\/media\/2287"}],"wp:attachment":[{"href":"https:\/\/solarbatterymanufacturer.com\/it\/wp-json\/wp\/v2\/media?parent=1016"}],"wp:term":[{"taxonomy":"product_cat","embeddable":true,"href":"https:\/\/solarbatterymanufacturer.com\/it\/wp-json\/wp\/v2\/product_cat?post=1016"},{"taxonomy":"product_tag","embeddable":true,"href":"https:\/\/solarbatterymanufacturer.com\/it\/wp-json\/wp\/v2\/product_tag?post=1016"}],"curies":[{"name":"wp","href":"https:\/\/api.w.org\/{rel}","templated":true}]}}