{"id":2298,"date":"2023-05-06T04:50:13","date_gmt":"2023-05-06T04:50:13","guid":{"rendered":"https:\/\/solarbatterymanufacturer.com\/?post_type=product&#038;p=2298"},"modified":"2023-10-10T03:28:10","modified_gmt":"2023-10-10T03:28:10","slug":"stackable-high-voltage-battery","status":"publish","type":"product","link":"https:\/\/solarbatterymanufacturer.com\/it\/high-voltage-battery","title":{"rendered":"Batteria ad alta tensione Amp Nova LiFePO4"},"content":{"rendered":"<h2>Descrizioni:<\/h2>\n<p>La batteria impilabile ad alta tensione \u00e8 appositamente progettata da Amp Nova per applicazioni di microrete residenziale e regionale di medie e grandi dimensioni. Ogni modulo possiede diversi moduli batteria e ciascun sistema ad alta tensione \u00e8 costituito da BMS multilivello (HVB+BMU), moduli batteria, e un armadio batteria. BMS intelligente e ad alta precisione integrato, combinato con batterie LFP, il sistema presenta grandi vantaggi in termini di sicurezza, durata del ciclo, densit\u00e0 di energia e ampio intervallo di temperature.<\/p>\n<h2>Caratteristiche:<\/h2>\n<p><strong>[Installazione facile]<\/strong>\u00a0 Assemblaggio impilabile in stile Lego e design a bloccaggio rapido tra i moduli, installazione facile ed efficiente.<\/p>\n<p><strong>[Espansione flessibile]<\/strong> I moduli batteria possono essere configurati in modo flessibile in base alle effettive esigenze.<\/p>\n<p><strong>[Progettazione di sicurezza di celle e sistemi LFP]<\/strong>\u00a0Progettazione di sicurezza multilivello (progettazione di sicurezza del materiale, della cella, della staffa e del sistema).<\/p>\n<p><strong>[Bilanciamento intelligente]<\/strong>Il circuito di bilanciamento integrato si attiver\u00e0 automaticamente quando raggiunge le condizioni impostate, migliorando notevolmente la consistenza della batteria e prolungandone la durata.<\/p>\n<p><strong>[BMS intelligente]<\/strong> Il sistema di gestione della batteria (BMS) fornisce protezione da cortocircuito, sovratensione, bassa tensione, sovratemperatura e bassa temperatura.<\/p>\n<p><strong>[Ip65]<\/strong> IP65 \u00e8 progettato per soddisfare la maggior parte degli scenari applicativi.<\/p>\n<p><strong>[Monitoraggio e controllo in tempo reale]\u00a0<\/strong>Monitoraggio dello stato di funzionamento della batteria (tensione, temperatura attuale, SOC, ecc.) in tempo reale.<\/p>\n<p><strong>[Senza manutenzione]\u00a0<\/strong>15 anni di vita utile e 6000 cicli (0,5\u00b0C, 80% DOD@25\u2103), esente da manutenzione per l&#039;intera durata e ampio intervallo di temperature di esercizio.<\/p>\n<h2>Specifiche<\/h2>\n<table style=\"border-collapse: collapse; width: 696px; height: 873px;\" border=\"0\" width=\"766\" cellspacing=\"0\" cellpadding=\"0\">\n<tbody>\n<tr style=\"height: 30.00pt;\">\n<td style=\"height: 30.00pt; width: 118.80pt;\" width=\"198\" height=\"50\">Tipo\/Parametro<\/td>\n<td style=\"width: 85.20pt;\" width=\"142\">ANZ-10230R2<\/td>\n<td style=\"width: 85.20pt;\" width=\"142\">ANZ-10230R3<\/td>\n<td style=\"width: 85.20pt;\" width=\"142\">ANZ-10230R4<\/td>\n<td style=\"width: 85.20pt;\" width=\"142\">ANZ-10230R5<\/td>\n<\/tr>\n<tr style=\"height: 30.00pt;\">\n<td style=\"height: 30.00pt; width: 118.80pt;\" width=\"198\" height=\"50\">Tipo di modulo batteria<\/td>\n<td style=\"width: 340.8pt; text-align: center;\" colspan=\"4\" width=\"568\">ANZ-10230R<\/td>\n<\/tr>\n<tr style=\"height: 30.00pt;\">\n<td style=\"height: 30.00pt; width: 118.80pt;\" width=\"198\" height=\"50\">Numero del modulo<\/td>\n<td style=\"width: 85.20pt;\" width=\"142\">2<\/td>\n<td style=\"width: 85.20pt;\" width=\"142\">3<\/td>\n<td style=\"width: 85.20pt;\" width=\"142\">4<\/td>\n<td style=\"width: 85.20pt;\" width=\"142\">5<\/td>\n<\/tr>\n<tr style=\"height: 30.00pt;\">\n<td style=\"height: 30.00pt; width: 118.80pt;\" width=\"198\" height=\"50\">Tensione nominale (V)<\/td>\n<td style=\"width: 85.20pt;\" width=\"142\">204.8<\/td>\n<td style=\"width: 85.20pt;\" width=\"142\">307.2<\/td>\n<td style=\"width: 85.20pt;\" width=\"142\">409.6<\/td>\n<td style=\"width: 85.20pt;\" width=\"142\">512<\/td>\n<\/tr>\n<tr style=\"height: 30.00pt;\">\n<td style=\"height: 30.00pt; width: 118.80pt;\" width=\"198\" height=\"50\">Intervallo di tensione (V)<\/td>\n<td style=\"width: 85.20pt;\" width=\"142\">179.2~224<\/td>\n<td style=\"width: 85.20pt;\" width=\"142\">268.8~336<\/td>\n<td style=\"width: 85.20pt;\" width=\"142\">358.4~448<\/td>\n<td style=\"width: 85.20pt;\" width=\"142\">448~560<\/td>\n<\/tr>\n<tr style=\"height: 30.00pt;\">\n<td style=\"height: 30.00pt; width: 118.80pt;\" width=\"198\" height=\"50\">Energia nominale (Wh)<\/td>\n<td style=\"width: 85.20pt;\" width=\"142\">6144<\/td>\n<td style=\"width: 85.20pt;\" width=\"142\">9216<\/td>\n<td style=\"width: 85.20pt;\" width=\"142\">12288<\/td>\n<td style=\"width: 85.20pt;\" width=\"142\">15360<\/td>\n<\/tr>\n<tr style=\"height: 30.00pt;\">\n<td style=\"height: 30.00pt; width: 118.80pt;\" width=\"198\" height=\"50\">Corrente di scarica standard (A)<\/td>\n<td style=\"width: 340.80pt;\" colspan=\"4\" width=\"568\">30<\/td>\n<\/tr>\n<tr style=\"height: 30.00pt;\">\n<td style=\"height: 30.00pt; width: 118.80pt;\" width=\"198\" height=\"50\">Dimensioni: L*A*P (mm)<\/td>\n<td style=\"width: 85.20pt;\" width=\"142\">698*1140*130<\/td>\n<td style=\"width: 85.20pt;\" width=\"142\">698*1530*130<\/td>\n<td style=\"width: 85.20pt;\" width=\"142\">1596*1200*130<\/td>\n<td style=\"width: 85.20pt;\" width=\"142\">1596*1530*130<\/td>\n<\/tr>\n<tr style=\"height: 30.00pt;\">\n<td style=\"height: 30.00pt; width: 118.80pt;\" width=\"198\" height=\"50\">Peso (kg)<\/td>\n<td style=\"width: 85.20pt;\" width=\"142\">88<\/td>\n<td style=\"width: 85.20pt;\" width=\"142\">122<\/td>\n<td style=\"width: 85.20pt;\" width=\"142\">156<\/td>\n<td style=\"width: 85.20pt;\" width=\"142\">190<\/td>\n<\/tr>\n<tr style=\"height: 30.00pt;\">\n<td style=\"height: 30.00pt; width: 459.60pt;\" colspan=\"5\" width=\"766\" height=\"50\">Parametro ambientale<\/td>\n<\/tr>\n<tr style=\"height: 30.00pt;\">\n<td style=\"height: 30.00pt; width: 118.80pt;\" width=\"198\" height=\"50\">IP<\/td>\n<td style=\"width: 340.80pt;\" colspan=\"4\" width=\"568\">IP65<\/td>\n<\/tr>\n<tr style=\"height: 30.00pt;\">\n<td style=\"height: 30.00pt; width: 118.80pt;\" width=\"198\" height=\"50\">Intervallo di temperatura di carica (\u2103)<\/td>\n<td style=\"width: 340.80pt;\" colspan=\"4\" width=\"568\">0~45<\/td>\n<\/tr>\n<tr style=\"height: 30.00pt;\">\n<td style=\"height: 30.00pt; width: 118.80pt;\" width=\"198\" height=\"50\">Intervallo di temperatura di scarico (\u2103)<\/td>\n<td style=\"width: 340.80pt;\" colspan=\"4\" width=\"568\">-20~60<\/td>\n<\/tr>\n<tr style=\"height: 30.00pt;\">\n<td style=\"height: 30.00pt; width: 118.80pt;\" width=\"198\" height=\"50\">Metodo di installazione<\/td>\n<td style=\"width: 340.80pt;\" colspan=\"4\" width=\"568\">Montaggio a pavimento<\/td>\n<\/tr>\n<tr style=\"height: 30.00pt;\">\n<td style=\"height: 30.00pt; width: 459.60pt;\" colspan=\"5\" width=\"766\" height=\"50\">Durata di servizio<\/td>\n<\/tr>\n<tr style=\"height: 30.00pt;\">\n<td style=\"height: 30.00pt; width: 118.80pt;\" width=\"198\" height=\"50\">Ciclo di vita (tempo)<\/td>\n<td style=\"width: 340.80pt;\" colspan=\"4\" width=\"568\">&gt; 6000\uff080,5\u00b0C @25\u2103,80% DOD\uff09<\/td>\n<\/tr>\n<tr style=\"height: 30.00pt;\">\n<td style=\"height: 30.00pt; width: 118.80pt;\" width=\"198\" height=\"50\">Vita progettuale (anno)<\/td>\n<td style=\"width: 340.80pt;\" colspan=\"4\" width=\"568\">15<\/td>\n<\/tr>\n<tr style=\"height: 30.00pt;\">\n<td style=\"height: 30.00pt; width: 459.60pt;\" colspan=\"5\" width=\"766\" height=\"50\">Certificazione<\/td>\n<\/tr>\n<tr style=\"height: 30.00pt;\">\n<td style=\"height: 30.00pt; width: 118.80pt;\" width=\"198\" height=\"50\">Sicurezza e certificazione<\/td>\n<td style=\"width: 340.80pt;\" colspan=\"4\" width=\"568\">CE, IEC62619<\/td>\n<\/tr>\n<tr style=\"height: 30.00pt;\">\n<td style=\"height: 30.00pt; width: 118.80pt;\" width=\"198\" height=\"50\">Trasporti<\/td>\n<td style=\"width: 340.80pt;\" colspan=\"4\" width=\"568\">ONU38.3<\/td>\n<\/tr>\n<\/tbody>\n<\/table>","protected":false},"excerpt":{"rendered":"<p>Le batterie impilabili ad alta tensione sono appositamente progettate per applicazioni residenziali di piccole e medie dimensioni da Amp Nova. Ogni modulo ha al suo interno un BMS intelligente, che offre protezione da sovratensione, sottotensione, sovracorrente, cortocircuito, sovratemperatura e bassa temperatura. Nel frattempo, anche un design di sicurezza multistrato (materiale, cella, struttura, aerosol antincendio, ecc.) migliorer\u00e0 notevolmente le prestazioni di sicurezza del prodotto. Ha anche un ID elegante e un design strutturale intelligente, \u00e8 facile da installare e pu\u00f2 anche essere espanso in modo flessibile in base alle tue esigenze.<\/p>","protected":false},"featured_media":2287,"comment_status":"open","ping_status":"closed","template":"","meta":[],"product_cat":[86],"product_tag":[],"class_list":["post-2298","product","type-product","status-publish","has-post-thumbnail","hentry","product_cat-stackable-lifepo4-battery"],"acf":[],"_links":{"self":[{"href":"https:\/\/solarbatterymanufacturer.com\/it\/wp-json\/wp\/v2\/product\/2298","targetHints":{"allow":["GET"]}}],"collection":[{"href":"https:\/\/solarbatterymanufacturer.com\/it\/wp-json\/wp\/v2\/product"}],"about":[{"href":"https:\/\/solarbatterymanufacturer.com\/it\/wp-json\/wp\/v2\/types\/product"}],"replies":[{"embeddable":true,"href":"https:\/\/solarbatterymanufacturer.com\/it\/wp-json\/wp\/v2\/comments?post=2298"}],"version-history":[{"count":3,"href":"https:\/\/solarbatterymanufacturer.com\/it\/wp-json\/wp\/v2\/product\/2298\/revisions"}],"predecessor-version":[{"id":4053,"href":"https:\/\/solarbatterymanufacturer.com\/it\/wp-json\/wp\/v2\/product\/2298\/revisions\/4053"}],"wp:featuredmedia":[{"embeddable":true,"href":"https:\/\/solarbatterymanufacturer.com\/it\/wp-json\/wp\/v2\/media\/2287"}],"wp:attachment":[{"href":"https:\/\/solarbatterymanufacturer.com\/it\/wp-json\/wp\/v2\/media?parent=2298"}],"wp:term":[{"taxonomy":"product_cat","embeddable":true,"href":"https:\/\/solarbatterymanufacturer.com\/it\/wp-json\/wp\/v2\/product_cat?post=2298"},{"taxonomy":"product_tag","embeddable":true,"href":"https:\/\/solarbatterymanufacturer.com\/it\/wp-json\/wp\/v2\/product_tag?post=2298"}],"curies":[{"name":"wp","href":"https:\/\/api.w.org\/{rel}","templated":true}]}}