{"id":4212,"date":"2023-11-15T06:21:57","date_gmt":"2023-11-15T06:21:57","guid":{"rendered":"https:\/\/solarbatterymanufacturer.com\/?post_type=product&#038;p=4212"},"modified":"2026-04-14T05:50:08","modified_gmt":"2026-04-14T05:50:08","slug":"amp-nova-50-kwh-battery","status":"publish","type":"product","link":"https:\/\/solarbatterymanufacturer.com\/it\/prodotto\/amp-nova-50-kwh-batteria\/","title":{"rendered":"Batteria Amp Nova 50 KWh 512V 100Ah"},"content":{"rendered":"<style>\/*! elementor - v3.12.1 - 02-04-2023 *\/<br \/>\n.elementor-heading-title{padding:0;margin:0;line-height:1}.elementor-widget-heading .elementor-heading-title[class*=elementor-size-]>a{color:inherit;font-size:inherit;line-height:inherit}.elementor-widget-heading .elementor-heading-title.elementor-size-small{font-size:15px}.elementor-widget-heading .elementor-heading-title.elementor-size-medium{font-size:19px}.elementor-widget-heading .elementor-heading-title.elementor-size-large{font-size:29px}.elementor-widget-heading .elementor-heading-title.elementor-size-xl{font-size:39px}.elementor-widget-heading .elementor-heading-title.elementor-size-xxl{font-size:59px}<\/style>\n<h3>Informazioni sul prodotto<\/h3>\n<style>\/*! elementor - v3.12.1 - 02-04-2023 *\/<br \/>\n.elementor-widget-image{text-align:center}.elementor-widget-image a{display:inline-block}.elementor-widget-image a img[src$=\".svg\"]{width:48px}.elementor-widget-image img{vertical-align:middle;display:inline-block}<\/style>\n<p><img decoding=\"async\" src=\"https:\/\/solarbatterymanufacturer.com\/wp-content\/uploads\/2023\/11\/494a8de7-2af9-4672-99f5-28613f9a4101-712x1024.png\" sizes=\"auto, (max-width: 712px) 100vw, 712px\" srcset=\"https:\/\/solarbatterymanufacturer.com\/wp-content\/uploads\/2023\/11\/494a8de7-2af9-4672-99f5-28613f9a4101-712x1024.png 712w, https:\/\/solarbatterymanufacturer.com\/wp-content\/uploads\/2023\/11\/494a8de7-2af9-4672-99f5-28613f9a4101-209x300.png 209w, https:\/\/solarbatterymanufacturer.com\/wp-content\/uploads\/2023\/11\/494a8de7-2af9-4672-99f5-28613f9a4101-8x12.png 8w, https:\/\/solarbatterymanufacturer.com\/wp-content\/uploads\/2023\/11\/494a8de7-2af9-4672-99f5-28613f9a4101-600x863.png 600w, https:\/\/solarbatterymanufacturer.com\/wp-content\/uploads\/2023\/11\/494a8de7-2af9-4672-99f5-28613f9a4101.png 751w\" alt=\"BATTERIA DA 50 KWH\" width=\"712\" height=\"1024\" \/><br \/>\n<img decoding=\"async\" src=\"https:\/\/solarbatterymanufacturer.com\/wp-content\/uploads\/2023\/11\/b8bbb35b-766c-4f6a-b1a8-0bb31442f718-1024x621.png\" sizes=\"auto, (max-width: 1024px) 100vw, 1024px\" srcset=\"https:\/\/solarbatterymanufacturer.com\/wp-content\/uploads\/2023\/11\/b8bbb35b-766c-4f6a-b1a8-0bb31442f718-1024x621.png 1024w, https:\/\/solarbatterymanufacturer.com\/wp-content\/uploads\/2023\/11\/b8bbb35b-766c-4f6a-b1a8-0bb31442f718-300x182.png 300w, https:\/\/solarbatterymanufacturer.com\/wp-content\/uploads\/2023\/11\/b8bbb35b-766c-4f6a-b1a8-0bb31442f718-768x466.png 768w, https:\/\/solarbatterymanufacturer.com\/wp-content\/uploads\/2023\/11\/b8bbb35b-766c-4f6a-b1a8-0bb31442f718-18x12.png 18w, https:\/\/solarbatterymanufacturer.com\/wp-content\/uploads\/2023\/11\/b8bbb35b-766c-4f6a-b1a8-0bb31442f718-600x364.png 600w, https:\/\/solarbatterymanufacturer.com\/wp-content\/uploads\/2023\/11\/b8bbb35b-766c-4f6a-b1a8-0bb31442f718.png 1280w\" alt=\"50 kWh\" width=\"1024\" height=\"621\" \/><br \/>\n<img decoding=\"async\" src=\"https:\/\/solarbatterymanufacturer.com\/wp-content\/uploads\/2023\/11\/534b47f4-4a2d-4de7-b49c-d44aa2aaf18a-1024x760.png\" sizes=\"auto, (max-width: 1024px) 100vw, 1024px\" srcset=\"https:\/\/solarbatterymanufacturer.com\/wp-content\/uploads\/2023\/11\/534b47f4-4a2d-4de7-b49c-d44aa2aaf18a-1024x760.png 1024w, https:\/\/solarbatterymanufacturer.com\/wp-content\/uploads\/2023\/11\/534b47f4-4a2d-4de7-b49c-d44aa2aaf18a-300x223.png 300w, https:\/\/solarbatterymanufacturer.com\/wp-content\/uploads\/2023\/11\/534b47f4-4a2d-4de7-b49c-d44aa2aaf18a-768x570.png 768w, https:\/\/solarbatterymanufacturer.com\/wp-content\/uploads\/2023\/11\/534b47f4-4a2d-4de7-b49c-d44aa2aaf18a-16x12.png 16w, https:\/\/solarbatterymanufacturer.com\/wp-content\/uploads\/2023\/11\/534b47f4-4a2d-4de7-b49c-d44aa2aaf18a-600x445.png 600w, https:\/\/solarbatterymanufacturer.com\/wp-content\/uploads\/2023\/11\/534b47f4-4a2d-4de7-b49c-d44aa2aaf18a.png 1280w\" alt=\"Batteria da 50 kWh\" width=\"1024\" height=\"760\" \/><br \/>\n<img decoding=\"async\" src=\"https:\/\/solarbatterymanufacturer.com\/wp-content\/uploads\/2023\/11\/e83fa8ed-8513-4a80-ab40-e820424771a8-1024x862.png\" sizes=\"auto, (max-width: 1024px) 100vw, 1024px\" srcset=\"https:\/\/solarbatterymanufacturer.com\/wp-content\/uploads\/2023\/11\/e83fa8ed-8513-4a80-ab40-e820424771a8-1024x862.png 1024w, https:\/\/solarbatterymanufacturer.com\/wp-content\/uploads\/2023\/11\/e83fa8ed-8513-4a80-ab40-e820424771a8-300x252.png 300w, https:\/\/solarbatterymanufacturer.com\/wp-content\/uploads\/2023\/11\/e83fa8ed-8513-4a80-ab40-e820424771a8-768x646.png 768w, https:\/\/solarbatterymanufacturer.com\/wp-content\/uploads\/2023\/11\/e83fa8ed-8513-4a80-ab40-e820424771a8-14x12.png 14w, https:\/\/solarbatterymanufacturer.com\/wp-content\/uploads\/2023\/11\/e83fa8ed-8513-4a80-ab40-e820424771a8-600x505.png 600w, https:\/\/solarbatterymanufacturer.com\/wp-content\/uploads\/2023\/11\/e83fa8ed-8513-4a80-ab40-e820424771a8.png 1280w\" alt=\"Impianto solare da 50 kWh\" width=\"1024\" height=\"862\" \/><\/p>\n<table id=\"tablepress-101\" style=\"height: 1355px;\" width=\"635\">\n<tbody>\n<tr>\n<td colspan=\"4\">\n<h3>Specifiche<\/h3>\n<\/td>\n<\/tr>\n<tr>\n<td colspan=\"3\">Voltaggio nominale<\/td>\n<td>512V<\/td>\n<\/tr>\n<tr>\n<td colspan=\"3\">Capacit\u00e0 nominale<\/td>\n<td>100 Ah<\/td>\n<\/tr>\n<tr>\n<td rowspan=\"4\">Dimensioni<\/td>\n<td colspan=\"2\">Lunghezza<\/td>\n<td>600\u00b12 mm (23,62 pollici)<\/td>\n<\/tr>\n<tr>\n<td colspan=\"2\">Larghezza<\/td>\n<td>600\u00b12 mm (23,62 pollici)<\/td>\n<\/tr>\n<tr>\n<td colspan=\"2\">Altezza<\/td>\n<td>1800\u00b12 mm (70,87 pollici)<\/td>\n<\/tr>\n<tr>\n<td colspan=\"2\">Altezza totale<\/td>\n<td>1870\u00b12 mm (73,62 pollici)<\/td>\n<\/tr>\n<tr>\n<td colspan=\"3\">ca. peso<\/td>\n<td>986,0 kg (2173,74 libbre)\u00b135 kg<\/td>\n<\/tr>\n<tr>\n<td colspan=\"4\">\n<h3>Caratteristiche<\/h3>\n<\/td>\n<\/tr>\n<tr>\n<td rowspan=\"6\">Elettrico<br \/>\nParametri<br \/>\n(25\u00b0C)<\/td>\n<td colspan=\"2\">Tensione nominale<\/td>\n<td>512V<\/td>\n<\/tr>\n<tr>\n<td colspan=\"2\">Capacit\u00e0 nominale (C5)<\/td>\n<td>100Ah@25\u00b0C<\/td>\n<\/tr>\n<tr>\n<td colspan=\"2\">Energia<\/td>\n<td>51200Wh<\/td>\n<\/tr>\n<tr>\n<td colspan=\"2\">Mesi Autoscarica<\/td>\n<td>&lt;3%<\/td>\n<\/tr>\n<tr>\n<td colspan=\"2\">Efficienza di carica<\/td>\n<td>99,5%@0,2C<\/td>\n<\/tr>\n<tr>\n<td colspan=\"2\">Efficienza di scarico<\/td>\n<td>96-99%@1C<\/td>\n<\/tr>\n<tr>\n<td colspan=\"3\">Diametro terminale<\/td>\n<td>M8<\/td>\n<\/tr>\n<tr>\n<td colspan=\"3\">Resistenza interna (completamente carica, 25\u00b0C)<\/td>\n<td>\u2264280m\u03a9<\/td>\n<\/tr>\n<tr>\n<td colspan=\"3\">Ciclo di vita<\/td>\n<td>&gt;3000 cicli a 0,2\u00b0C 100%D.OD<\/td>\n<\/tr>\n<tr>\n<td colspan=\"2\" rowspan=\"4\">Capacit\u00e0<br \/>\ncolpiti da<br \/>\ntemperatura<\/td>\n<td>40\u00b0C<\/td>\n<td>101%<\/td>\n<\/tr>\n<tr>\n<td>25\u00b0C<\/td>\n<td>100%<\/td>\n<\/tr>\n<tr>\n<td>0\u00b0C<\/td>\n<td>90%<\/td>\n<\/tr>\n<tr>\n<td>-10\u00b0C<\/td>\n<td>75%<\/td>\n<\/tr>\n<tr>\n<td colspan=\"3\">Temperatura operativa nominale<\/td>\n<td>25\u00b0C\u00b1 3\u00b0C (77\u00b0F\u00b1 5\u00b0F)<\/td>\n<\/tr>\n<tr>\n<td colspan=\"2\" rowspan=\"3\">Operativo<br \/>\ntemperatura<br \/>\nallineare<\/td>\n<td>Scarico<\/td>\n<td>\u2013 20\u00b0C~ 60\u00b0C (-4\u00b0F ~ 140\u00b0F)<\/td>\n<\/tr>\n<tr>\n<td>Carica<\/td>\n<td>0\u00b0C~ 45\u00b0C (32\u00b0F ~ 113\u00b0F)<\/td>\n<\/tr>\n<tr>\n<td>Magazzinaggio<\/td>\n<td>0\u00b0C~ 40\u00b0C (32\u00b0F ~ 104\u00b0F)<\/td>\n<\/tr>\n<tr>\n<td colspan=\"3\">Resistenza alla polvere d&#039;acqua<\/td>\n<td>IP50<\/td>\n<\/tr>\n<tr>\n<td colspan=\"3\">Tensione di carica<\/td>\n<td>584V<\/td>\n<\/tr>\n<tr>\n<td colspan=\"3\">Modalit\u00e0 di ricarica standard<br \/>\n(25\u00b0C\u00b12\u00b0C, &lt;75%RH)<\/td>\n<td>Corrente costante da 0,2 CA a 584 V,<br \/>\nquindi tensione costante 584 V<br \/>\nfinch\u00e9 la corrente non scende a 0,02CA,<br \/>\nprima dell&#039;uso lasciare riposare 30 minuti<\/td>\n<\/tr>\n<tr>\n<td colspan=\"3\">Corrente di carica<\/td>\n<td>20A<\/td>\n<\/tr>\n<tr>\n<td colspan=\"3\">Corrente di carica massima<\/td>\n<td>50A<\/td>\n<\/tr>\n<tr>\n<td colspan=\"3\">Tensione di interruzione della carica<\/td>\n<td>584V<\/td>\n<\/tr>\n<tr>\n<td colspan=\"3\">Corrente di scarica continua<\/td>\n<td>100A<\/td>\n<\/tr>\n<tr>\n<td colspan=\"3\">Corrente impulsiva massima<\/td>\n<td>200 A (&lt;2S, regolabile)<\/td>\n<\/tr>\n<tr>\n<td colspan=\"3\">Tensione di interruzione di scarica<\/td>\n<td>448 V<\/td>\n<\/tr>\n<tr>\n<td colspan=\"3\">Protocollo di comunicazione (facoltativo)<\/td>\n<td>RS485\/RS232\/CAN<\/td>\n<\/tr>\n<tr>\n<td colspan=\"3\">SOC (facoltativo)<\/td>\n<td>Schermo\/LED\/Software per PC<\/td>\n<\/tr>\n<tr>\n<td colspan=\"3\">Connessione all&#039;applicazione<\/td>\n<td>1 corda 1 parallela<\/td>\n<\/tr>\n<tr>\n<td colspan=\"2\" rowspan=\"2\">Meccanico<\/td>\n<td>Quantit\u00e0 di celle<\/td>\n<td>160 corde<\/td>\n<\/tr>\n<tr>\n<td>Contenitore<\/td>\n<td>Metallo<\/td>\n<\/tr>\n<\/tbody>\n<\/table>\n<h1 id=\"exploring-the-features-and-performance-of-a-50-kwh-battery\">Batteria Amp Nova 50 KWh 512V 100Ah<\/h1>\n<ul>\n<li>introduzione<\/li>\n<li>Comprendere i sistemi di energia solare<\/li>\n<li>L&#039;importanza della capacit\u00e0 della batteria<\/li>\n<li>Vantaggi di una batteria da 50 kWh<\/li>\n<li>Massimizzare il potenziale dell&#039;energia solare<\/li>\n<li>Conclusione<\/li>\n<\/ul>\n<h2 id=\"introduction\">introduzione<\/h2>\n<p>Batteria da 50 KWh: potenziare i sistemi di energia solare per un futuro sostenibile. Mentre il mondo si concentra sempre pi\u00f9 su soluzioni energetiche sostenibili, l\u2019energia solare \u00e8 emersa come un\u2019alternativa promettente alle fonti energetiche tradizionali. I sistemi di energia solare sfruttano l\u2019energia del sole per generare elettricit\u00e0, riducendo la dipendenza dai combustibili fossili e minimizzando le emissioni di carbonio. Per massimizzare il potenziale dell\u2019energia solare, \u00e8 essenziale disporre di un sistema di batterie efficiente e affidabile. In questo articolo, approfondiremo i vantaggi di una batteria da 50 kWh per i sistemi di energia solare e come pu\u00f2 migliorare l&#039;efficienza e la funzionalit\u00e0 complessive di tali sistemi.<\/p>\n<h2 id=\"understanding-solar-energy-systems\">Comprendere i sistemi di energia solare<\/h2>\n<p>Prima di approfondire i vantaggi di una batteria da 50 kWh, \u00e8 importante comprendere le basi dei sistemi di energia solare. I sistemi di energia solare sono composti da pannelli solari, inverter e batterie. I pannelli solari catturano la luce solare e la convertono in elettricit\u00e0 a corrente continua (CC). Gli inverter convertono quindi questa elettricit\u00e0 CC in corrente alternata (CA), che pu\u00f2 essere utilizzata per alimentare apparecchi e dispositivi. Tuttavia, i pannelli solari generano elettricit\u00e0 solo quando esposti alla luce solare, il che rende essenziale disporre di un sistema di batterie affidabile.<\/p>\n<h2 id=\"the-importance-of-battery-capacity\">L&#039;importanza della capacit\u00e0 della batteria<\/h2>\n<p>La capacit\u00e0 della batteria gioca un ruolo cruciale nei sistemi di energia solare. Determina la quantit\u00e0 di elettricit\u00e0 che pu\u00f2 essere immagazzinata e utilizzata quando il sole non splende o durante i periodi di forte domanda. Una maggiore capacit\u00e0 della batteria consente di immagazzinare una maggiore quantit\u00e0 di elettricit\u00e0, garantendo un&#039;alimentazione costante e affidabile.<\/p>\n<h2 id=\"advantages-of-a-50-kwh-battery\">Vantaggi di una batteria da 50 kWh<\/h2>\n<ol>\n<li><strong>Maggiore accumulo di energia<\/strong>: Uno dei vantaggi principali di una batteria da 50 kWh \u00e8 la maggiore capacit\u00e0 di accumulo di energia che fornisce. Con 50 kWh di accumulo, i proprietari di case e le aziende possono immagazzinare una notevole quantit\u00e0 di energia solare in eccesso generata durante il giorno per utilizzarla durante la notte o durante i periodi di scarsa luce solare. Ci\u00f2 garantisce un\u2019alimentazione elettrica pi\u00f9 affidabile e costante, riducendo la dipendenza dalla rete e minimizzando le bollette.<\/li>\n<li><strong>Gestione flessibile dell&#039;energia<\/strong>: Una batteria da 50 kWh consente una maggiore flessibilit\u00e0 nella gestione dell&#039;energia. Gli utenti hanno la libert\u00e0 di scegliere quando rilasciare l\u2019energia immagazzinata, ottimizzando l\u2019utilizzo dell\u2019energia in base alle loro esigenze specifiche e ai modelli di consumo. Questa flessibilit\u00e0 garantisce che l\u2019energia venga utilizzata in modo efficiente, massimizzando i vantaggi dei sistemi di energia solare.<\/li>\n<li><strong>Indipendenza dalla rete<\/strong>: Con una batteria da 50 kWh i proprietari di impianti solari possono raggiungere un maggiore livello di autosufficienza e ridurre la dipendenza dalla rete elettrica. Durante le interruzioni di corrente o i guasti della rete, la batteria pu\u00f2 fornire energia di riserva, garantendo una fornitura elettrica ininterrotta. Questa indipendenza dalla rete garantisce tranquillit\u00e0 e aumenta l\u2019affidabilit\u00e0 del sistema energetico complessivo.<\/li>\n<li><strong>Rasatura di picco<\/strong>: L&#039;elevata capacit\u00e0 di una batteria da 50 kWh consente di ottenere picchi di rasatura. Ci\u00f2 significa che durante i periodi di elevata domanda di elettricit\u00e0, la batteria pu\u00f2 scaricare l\u2019energia immagazzinata per soddisfare l\u2019aumento del carico, riducendo la tensione sulla rete. Utilizzando l&#039;energia immagazzinata durante le ore di punta, quando le tariffe elettriche sono spesso pi\u00f9 elevate, gli utenti possono gestire e ridurre in modo efficace i costi energetici.<\/li>\n<li><strong>Resilienza e sostenibilit\u00e0<\/strong>: Investire in una batteria da 50 kWh migliora la resilienza di un sistema di energia solare. Le batterie forniscono una fonte di alimentazione di riserva durante le emergenze o i disastri naturali quando le fonti tradizionali di elettricit\u00e0 potrebbero non essere disponibili. Inoltre, facendo affidamento sull\u2019energia solare e sullo stoccaggio delle batterie, gli utenti contribuiscono a un sistema energetico pi\u00f9 sostenibile e rispettoso dell\u2019ambiente.<\/li>\n<\/ol>\n<h2 id=\"maximizing-the-potential-of-solar-energy\">Massimizzare il potenziale dell&#039;energia solare<\/h2>\n<p>Per sfruttare appieno i vantaggi di una batteria da 50 kWh in un sistema ad energia solare, \u00e8 importante considerare alcuni fattori:<\/p>\n<ol>\n<li><strong>Dimensionamento corretto<\/strong>: \u00c8 fondamentale garantire che la batteria sia adeguatamente dimensionata per soddisfare le esigenze energetiche della casa o dell&#039;azienda. La consulenza di professionisti pu\u00f2 aiutare a determinare la capacit\u00e0 ottimale della batteria in base ai modelli di consumo energetico e ai requisiti specifici.<\/li>\n<li><strong>Uso efficiente dell&#039;energia immagazzinata<\/strong>: Per massimizzare i benefici dell\u2019energia solare e dello stoccaggio tramite batterie, \u00e8 fondamentale implementare pratiche di efficienza energetica e utilizzare apparecchi a risparmio energetico. Ci\u00f2 garantisce che l\u2019energia immagazzinata venga utilizzata in modo efficiente, riducendo gli sprechi e minimizzando ulteriormente la dipendenza dalla rete.<\/li>\n<li><strong>Manutenzione e monitoraggio regolari<\/strong>: La manutenzione e il monitoraggio regolari del sistema batteria sono essenziali per garantirne la longevit\u00e0 e l&#039;efficienza. Ci\u00f2 include l&#039;ispezione della batteria per eventuali segni di usura, l&#039;ottimizzazione dei cicli di carica e scarica e il monitoraggio delle sue prestazioni per identificare eventuali problemi.<\/li>\n<\/ol>\n<h2 id=\"conclusion\">Conclusione<\/h2>\n<p>I vantaggi di una batteria da 50 kWh per i sistemi di energia solare sono numerosi e vanno da un maggiore stoccaggio e flessibilit\u00e0 dell\u2019energia all\u2019indipendenza dalla rete e alla resilienza. Investendo in una batteria da 50 kWh, i proprietari di sistemi di energia solare possono ottimizzare il proprio utilizzo di energia, ridurre la dipendenza dalla rete e contribuire a un futuro energetico pi\u00f9 sostenibile ed ecologico. Un\u2019attenta pianificazione, una gestione efficiente dell\u2019energia e una manutenzione regolare sono fondamentali per sfruttare appieno il potenziale di una batteria da 50 kWh e massimizzare i vantaggi dei sistemi di energia solare.<\/p>","protected":false},"excerpt":{"rendered":"<ul>\n<li><strong>Ciclo di vita pi\u00f9 lungo:\u00a0<\/strong>Offre fino a 6000 cicli.<\/li>\n<li><strong>Peso pi\u00f9 leggero:\u00a0<\/strong>Il peso di circa 40% di una batteria al piombo acido comparabile, risparmia fino a 60% in peso.<\/li>\n<li><strong>Ricarica rapida:\u00a0<\/strong>Breve tempo di ricarica rispetto alla batteria al piombo.<\/li>\n<li><strong>Bassa autoscarica:\u00a0<\/strong>Bassa autoscarica (2%\/mese) rispetto alla batteria al piombo, tempo di conservazione pi\u00f9 lungo senza ricarica.<\/li>\n<li><strong>Sicurezza superiore:\u00a0<\/strong>All&#039;interno sono integrati metodi di protezione multipla per proteggere la batteria da situazioni di sovraccarico, scaricamento eccessivo e cortocircuito.<\/li>\n<li><strong>Alta efficienza:\u00a0<\/strong>Efficienza energetica di andata e ritorno pi\u00f9 elevata della media (92%) rispetto alla batteria al piombo 80% (scarica da 100% a 0% e ritorno a 100% carica).<\/li>\n<li><strong>Certificazioni: UM38.3, scheda di sicurezza, CE<\/strong><\/li>\n<\/ul>","protected":false},"featured_media":4919,"comment_status":"open","ping_status":"closed","template":"","meta":[],"product_cat":[74],"product_tag":[],"class_list":["post-4212","product","type-product","status-publish","has-post-thumbnail","hentry","product_cat-commercial-and-industrial-ci-storage-systems"],"acf":[],"_links":{"self":[{"href":"https:\/\/solarbatterymanufacturer.com\/it\/wp-json\/wp\/v2\/product\/4212","targetHints":{"allow":["GET"]}}],"collection":[{"href":"https:\/\/solarbatterymanufacturer.com\/it\/wp-json\/wp\/v2\/product"}],"about":[{"href":"https:\/\/solarbatterymanufacturer.com\/it\/wp-json\/wp\/v2\/types\/product"}],"replies":[{"embeddable":true,"href":"https:\/\/solarbatterymanufacturer.com\/it\/wp-json\/wp\/v2\/comments?post=4212"}],"version-history":[{"count":7,"href":"https:\/\/solarbatterymanufacturer.com\/it\/wp-json\/wp\/v2\/product\/4212\/revisions"}],"predecessor-version":[{"id":4922,"href":"https:\/\/solarbatterymanufacturer.com\/it\/wp-json\/wp\/v2\/product\/4212\/revisions\/4922"}],"wp:featuredmedia":[{"embeddable":true,"href":"https:\/\/solarbatterymanufacturer.com\/it\/wp-json\/wp\/v2\/media\/4919"}],"wp:attachment":[{"href":"https:\/\/solarbatterymanufacturer.com\/it\/wp-json\/wp\/v2\/media?parent=4212"}],"wp:term":[{"taxonomy":"product_cat","embeddable":true,"href":"https:\/\/solarbatterymanufacturer.com\/it\/wp-json\/wp\/v2\/product_cat?post=4212"},{"taxonomy":"product_tag","embeddable":true,"href":"https:\/\/solarbatterymanufacturer.com\/it\/wp-json\/wp\/v2\/product_tag?post=4212"}],"curies":[{"name":"wp","href":"https:\/\/api.w.org\/{rel}","templated":true}]}}