{"id":1015,"date":"2021-10-27T12:14:03","date_gmt":"2021-10-27T12:14:03","guid":{"rendered":"http:\/\/bsmthemes.com\/electra\/?post_type=product&#038;p=1015"},"modified":"2026-05-14T10:18:27","modified_gmt":"2026-05-14T10:18:27","slug":"solar-module","status":"publish","type":"product","link":"https:\/\/solarbatterymanufacturer.com\/pt\/amp-nova-12.8v-100ah-lead-acid-replacement-battery","title":{"rendered":"Bateria de reposi\u00e7\u00e3o de \u00e1cido-chumbo Amp Nova 12,8 V 100 Ah"},"content":{"rendered":"<div data-elementor-type=\"product-post\" data-elementor-id=\"1015\" class=\"elementor elementor-1015\">\n\t\t\t\t\t\t\t\t\t<section class=\"elementor-section elementor-top-section elementor-element elementor-element-5c873225 elementor-section-boxed elementor-section-height-default elementor-section-height-default\" data-id=\"5c873225\" data-element_type=\"section\">\n\t\t\t\t\t\t<div class=\"elementor-container elementor-column-gap-default\">\n\t\t\t\t\t<div class=\"elementor-column elementor-col-100 elementor-top-column elementor-element elementor-element-121529e3\" data-id=\"121529e3\" data-element_type=\"column\">\n\t\t\t<div class=\"elementor-widget-wrap elementor-element-populated\">\n\t\t\t\t\t\t\t\t<div class=\"elementor-element elementor-element-12fe4546 elementor-widget elementor-widget-text-editor\" data-id=\"12fe4546\" data-element_type=\"widget\" data-widget_type=\"text-editor.default\">\n\t\t\t\t<div class=\"elementor-widget-container\">\n\t\t\t<style>\/*! elementor - v3.12.1 - 02-04-2023 *\/\n.elementor-widget-text-editor.elementor-drop-cap-view-stacked .elementor-drop-cap{background-color:#69727d;color:#fff}.elementor-widget-text-editor.elementor-drop-cap-view-framed .elementor-drop-cap{color:#69727d;border:3px solid;background-color:transparent}.elementor-widget-text-editor:not(.elementor-drop-cap-view-default) .elementor-drop-cap{margin-top:8px}.elementor-widget-text-editor:not(.elementor-drop-cap-view-default) .elementor-drop-cap-letter{width:1em;height:1em}.elementor-widget-text-editor .elementor-drop-cap{float:left;text-align:center;line-height:1;font-size:50px}.elementor-widget-text-editor .elementor-drop-cap-letter{display:inline-block}<\/style>\t\t\t\t<h2>Descri\u00e7\u00f5es:<\/h2><p>Os m\u00f3dulos de bateria de fosfato de ferro-l\u00edtio (LFP) 12V100Ah s\u00e3o especialmente projetados para m\u00faltiplas aplica\u00e7\u00f5es pela Amp Nova. Esses m\u00f3dulos de bateria adotam um design de carca\u00e7a ABS e podem ser usados 24 horas por dia, 7 dias por semana. Os m\u00f3dulos de bateria possuem BMS inteligente integrado no interior, que oferece grandes vantagens em termos de seguran\u00e7a, ciclo de vida, densidade de energia e faixa de temperatura.<\/p><h2>Caracter\u00edsticas:<\/h2><ul><li><p style=\"-webkit-font-smoothing: antialiased; --tw-border-spacing-x: 0; --tw-border-spacing-y: 0; --tw-translate-x: 0; --tw-translate-y: 0; --tw-rotate: 0; --tw-skew-x: 0; --tw-skew-y: 0; --tw-scale-x: 1; --tw-scale-y: 1; --tw-scroll-snap-strictness: proximity; --tw-ring-offset-width: 0px; --tw-ring-offset-color: #fff; --tw-ring-color: rgb(59 130 246 \/ 0.5); --tw-ring-offset-shadow: 0 0 #0000; --tw-ring-shadow: 0 0 #0000; --tw-shadow: 0 0 #0000; --tw-shadow-colored: 0 0 #0000; margin-top: 24px; color: #282828; font-family: 'Ridley Grotesk Medium'; font-size: 14px;\"><strong><span style=\"-webkit-font-smoothing: antialiased; --tw-border-spacing-x: 0; --tw-border-spacing-y: 0; --tw-translate-x: 0; --tw-translate-y: 0; --tw-rotate: 0; --tw-skew-x: 0; --tw-skew-y: 0; --tw-scale-x: 1; --tw-scale-y: 1; --tw-scroll-snap-strictness: proximity; --tw-ring-offset-width: 0px; --tw-ring-offset-color: #fff; --tw-ring-color: rgb(59 130 246 \/ 0.5); --tw-ring-offset-shadow: 0 0 #0000; --tw-ring-shadow: 0 0 #0000; --tw-shadow: 0 0 #0000; --tw-shadow-colored: 0 0 #0000;\" data-mce-fragment=\"1\">[Aquecimento de baixa temperatura] <\/span><\/strong>Quando conectadas \u00e0 alimenta\u00e7\u00e3o externa, todas as nossas baterias multifuncionais podem ser aquecidas, para garantir o funcionamento normal e o carregamento em temperaturas t\u00e3o baixas quanto \u2013\u00a0<span style=\"-webkit-font-smoothing: antialiased; --tw-border-spacing-x: 0; --tw-border-spacing-y: 0; --tw-translate-x: 0; --tw-translate-y: 0; --tw-rotate: 0; --tw-skew-x: 0; --tw-skew-y: 0; --tw-scale-x: 1; --tw-scale-y: 1; --tw-scroll-snap-strictness: proximity; --tw-ring-offset-width: 0px; --tw-ring-offset-color: #fff; --tw-ring-color: rgb(59 130 246 \/ 0.5); --tw-ring-offset-shadow: 0 0 #0000; --tw-ring-shadow: 0 0 #0000; --tw-shadow: 0 0 #0000; --tw-shadow-colored: 0 0 #0000;\" data-mce-fragment=\"1\">20\u00b0C (-5\u00b0F)<\/span>.<\/p><p style=\"-webkit-font-smoothing: antialiased; --tw-border-spacing-x: 0; --tw-border-spacing-y: 0; --tw-translate-x: 0; --tw-translate-y: 0; --tw-rotate: 0; --tw-skew-x: 0; --tw-skew-y: 0; --tw-scale-x: 1; --tw-scale-y: 1; --tw-scroll-snap-strictness: proximity; --tw-ring-offset-width: 0px; --tw-ring-offset-color: #fff; --tw-ring-color: rgb(59 130 246 \/ 0.5); --tw-ring-offset-shadow: 0 0 #0000; --tw-ring-shadow: 0 0 #0000; --tw-shadow: 0 0 #0000; --tw-shadow-colored: 0 0 #0000; margin-top: 24px; color: #282828; font-family: 'Ridley Grotesk Medium'; font-size: 14px;\"><strong><span style=\"-webkit-font-smoothing: antialiased; --tw-border-spacing-x: 0; --tw-border-spacing-y: 0; --tw-translate-x: 0; --tw-translate-y: 0; --tw-rotate: 0; --tw-skew-x: 0; --tw-skew-y: 0; --tw-scale-x: 1; --tw-scale-y: 1; --tw-scroll-snap-strictness: proximity; --tw-ring-offset-width: 0px; --tw-ring-offset-color: #fff; --tw-ring-color: rgb(59 130 246 \/ 0.5); --tw-ring-offset-shadow: 0 0 #0000; --tw-ring-shadow: 0 0 #0000; --tw-shadow: 0 0 #0000; --tw-shadow-colored: 0 0 #0000;\" data-mce-fragment=\"1\">[Bluetooth]<\/span><\/strong>\u00a0Conecte-se \u00e0 sua bateria via Bluetooth usando nosso aplicativo m\u00f3vel para monitoramento cont\u00ednuo e em tempo real do status de carga, temperatura e integridade da bateria.<\/p><p>\u00a0<\/p><p class=\"ace-line ace-line old-record-id-doxcnyygeqa2i20q84BXrkmJ9tb\" style=\"-webkit-font-smoothing: antialiased; --tw-border-spacing-x: 0; --tw-border-spacing-y: 0; --tw-translate-x: 0; --tw-translate-y: 0; --tw-rotate: 0; --tw-skew-x: 0; --tw-skew-y: 0; --tw-scale-x: 1; --tw-scale-y: 1; --tw-scroll-snap-strictness: proximity; --tw-ring-offset-width: 0px; --tw-ring-offset-color: #fff; --tw-ring-color: rgb(59 130 246 \/ 0.5); --tw-ring-offset-shadow: 0 0 #0000; --tw-ring-shadow: 0 0 #0000; --tw-shadow: 0 0 #0000; --tw-shadow-colored: 0 0 #0000;\" data-mce-fragment=\"1\"><strong><span style=\"-webkit-font-smoothing: antialiased; --tw-border-spacing-x: 0; --tw-border-spacing-y: 0; --tw-translate-x: 0; --tw-translate-y: 0; --tw-rotate: 0; --tw-skew-x: 0; --tw-skew-y: 0; --tw-scale-x: 1; --tw-scale-y: 1; --tw-scroll-snap-strictness: proximity; --tw-ring-offset-width: 0px; --tw-ring-offset-color: #fff; --tw-ring-color: rgb(59 130 246 \/ 0.5); --tw-ring-offset-shadow: 0 0 #0000; --tw-ring-shadow: 0 0 #0000; --tw-shadow: 0 0 #0000; --tw-shadow-colored: 0 0 #0000;\" data-mce-fragment=\"1\">[IP65]<\/span><\/strong>\u00a0<span style=\"-webkit-font-smoothing: antialiased; --tw-border-spacing-x: 0; --tw-border-spacing-y: 0; --tw-translate-x: 0; --tw-translate-y: 0; --tw-rotate: 0; --tw-skew-x: 0; --tw-skew-y: 0; --tw-scale-x: 1; --tw-scale-y: 1; --tw-scroll-snap-strictness: proximity; --tw-ring-offset-width: 0px; --tw-ring-offset-color: #fff; --tw-ring-color: rgb(59 130 246 \/ 0.5); --tw-ring-offset-shadow: 0 0 #0000; --tw-ring-shadow: 0 0 #0000; --tw-shadow: 0 0 #0000; --tw-shadow-colored: 0 0 #0000;\" data-mce-fragment=\"1\">Garanta tranquilidade durante sua pr\u00f3xima aventura de pesca ou esportes aqu\u00e1ticos. Nossas baterias s\u00e3o totalmente protegidas por IP65 contra poeira e oferecem prote\u00e7\u00e3o significativa contra respingos e borrifos de \u00e1gua, tornando-as adequadas para praticamente qualquer aplica\u00e7\u00e3o.<\/span><\/p><p class=\"ace-line ace-line old-record-id-doxcnyygeqa2i20q84BXrkmJ9tb\" style=\"-webkit-font-smoothing: antialiased; --tw-border-spacing-x: 0; --tw-border-spacing-y: 0; --tw-translate-x: 0; --tw-translate-y: 0; --tw-rotate: 0; --tw-skew-x: 0; --tw-skew-y: 0; --tw-scale-x: 1; --tw-scale-y: 1; --tw-scroll-snap-strictness: proximity; --tw-ring-offset-width: 0px; --tw-ring-offset-color: #fff; --tw-ring-color: rgb(59 130 246 \/ 0.5); --tw-ring-offset-shadow: 0 0 #0000; --tw-ring-shadow: 0 0 #0000; --tw-shadow: 0 0 #0000; --tw-shadow-colored: 0 0 #0000; margin-top: 24px;\" data-mce-fragment=\"1\"><span style=\"-webkit-font-smoothing: antialiased; --tw-border-spacing-x: 0; --tw-border-spacing-y: 0; --tw-translate-x: 0; --tw-translate-y: 0; --tw-rotate: 0; --tw-skew-x: 0; --tw-skew-y: 0; --tw-scale-x: 1; --tw-scale-y: 1; --tw-scroll-snap-strictness: proximity; --tw-ring-offset-width: 0px; --tw-ring-offset-color: #fff; --tw-ring-color: rgb(59 130 246 \/ 0.5); --tw-ring-offset-shadow: 0 0 #0000; --tw-ring-shadow: 0 0 #0000; --tw-shadow: 0 0 #0000; --tw-shadow-colored: 0 0 #0000;\" data-mce-fragment=\"1\"><strong><span style=\"-webkit-font-smoothing: antialiased; --tw-border-spacing-x: 0; --tw-border-spacing-y: 0; --tw-translate-x: 0; --tw-translate-y: 0; --tw-rotate: 0; --tw-skew-x: 0; --tw-skew-y: 0; --tw-scale-x: 1; --tw-scale-y: 1; --tw-scroll-snap-strictness: proximity; --tw-ring-offset-width: 0px; --tw-ring-offset-color: #fff; --tw-ring-color: rgb(59 130 246 \/ 0.5); --tw-ring-offset-shadow: 0 0 #0000; --tw-ring-shadow: 0 0 #0000; --tw-shadow: 0 0 #0000; --tw-shadow-colored: 0 0 #0000;\" data-mce-fragment=\"1\">[Design destac\u00e1vel]<\/span><\/strong> O design destac\u00e1vel garante boa manuten\u00e7\u00e3o da bateria e evita danos ao gabinete durante poss\u00edveis reparos. (O reparo requer engenheiros treinados e equipamento profissional, e a opera\u00e7\u00e3o n\u00e3o profissional pode resultar em uma classifica\u00e7\u00e3o de prote\u00e7\u00e3o IP mais baixa, afetando, em \u00faltima an\u00e1lise, a garantia do produto).<\/span><\/p><p class=\"ace-line ace-line old-record-id-doxcn80cGMMqK4Kig0WiWDlgBDc\" style=\"-webkit-font-smoothing: antialiased; --tw-border-spacing-x: 0; --tw-border-spacing-y: 0; --tw-translate-x: 0; --tw-translate-y: 0; --tw-rotate: 0; --tw-skew-x: 0; --tw-skew-y: 0; --tw-scale-x: 1; --tw-scale-y: 1; --tw-scroll-snap-strictness: proximity; --tw-ring-offset-width: 0px; --tw-ring-offset-color: #fff; --tw-ring-color: rgb(59 130 246 \/ 0.5); --tw-ring-offset-shadow: 0 0 #0000; --tw-ring-shadow: 0 0 #0000; --tw-shadow: 0 0 #0000; --tw-shadow-colored: 0 0 #0000; margin-top: 24px;\" data-mce-fragment=\"1\"><strong><span style=\"-webkit-font-smoothing: antialiased; --tw-border-spacing-x: 0; --tw-border-spacing-y: 0; --tw-translate-x: 0; --tw-translate-y: 0; --tw-rotate: 0; --tw-skew-x: 0; --tw-skew-y: 0; --tw-scale-x: 1; --tw-scale-y: 1; --tw-scroll-snap-strictness: proximity; --tw-ring-offset-width: 0px; --tw-ring-offset-color: #fff; --tw-ring-color: rgb(59 130 246 \/ 0.5); --tw-ring-offset-shadow: 0 0 #0000; --tw-ring-shadow: 0 0 #0000; --tw-shadow: 0 0 #0000; --tw-shadow-colored: 0 0 #0000;\">[BMS confi\u00e1vel]<\/span><\/strong>\u00a0Nosso BMS (sistema de gerenciamento de bateria) inteligente fornece preven\u00e7\u00e3o sempre ativa contra curto-circuito e sobre\/subtens\u00e3o, bem como monitoramento de temperatura.<\/p><p class=\"ace-line ace-line old-record-id-doxcn80cGMMqK4Kig0WiWDlgBDc\" style=\"-webkit-font-smoothing: antialiased; --tw-border-spacing-x: 0; --tw-border-spacing-y: 0; --tw-translate-x: 0; --tw-translate-y: 0; --tw-rotate: 0; --tw-skew-x: 0; --tw-skew-y: 0; --tw-scale-x: 1; --tw-scale-y: 1; --tw-scroll-snap-strictness: proximity; --tw-ring-offset-width: 0px; --tw-ring-offset-color: #fff; --tw-ring-color: rgb(59 130 246 \/ 0.5); --tw-ring-offset-shadow: 0 0 #0000; --tw-ring-shadow: 0 0 #0000; --tw-shadow: 0 0 #0000; --tw-shadow-colored: 0 0 #0000; margin-top: 24px; margin-bottom: 0px !important;\" data-mce-fragment=\"1\"><strong><span style=\"-webkit-font-smoothing: antialiased; --tw-border-spacing-x: 0; --tw-border-spacing-y: 0; --tw-translate-x: 0; --tw-translate-y: 0; --tw-rotate: 0; --tw-skew-x: 0; --tw-skew-y: 0; --tw-scale-x: 1; --tw-scale-y: 1; --tw-scroll-snap-strictness: proximity; --tw-ring-offset-width: 0px; --tw-ring-offset-color: #fff; --tw-ring-color: rgb(59 130 246 \/ 0.5); --tw-ring-offset-shadow: 0 0 #0000; --tw-ring-shadow: 0 0 #0000; --tw-shadow: 0 0 #0000; --tw-shadow-colored: 0 0 #0000;\">[Balanceamento inteligente]<\/span><\/strong>\u00a0Nossos circuitos de balanceamento integrados prolongam a vida \u00fatil da bateria, garantindo que todas as c\u00e9lulas da bateria sejam usadas igualmente.<\/p><p>\u00a0<\/p><\/li><\/ul><h2>Especifica\u00e7\u00f5es<\/h2><div><table style=\"width: 745px; height: 1327px;\" border=\"0\" width=\"645\" cellspacing=\"0\" cellpadding=\"0\"><colgroup><col style=\"width: 251.40pt;\" width=\"419\" \/> <col style=\"width: 135.60pt;\" width=\"226\" \/> <\/colgroup><tbody><tr style=\"height: 30.00pt;\"><td class=\"et3\" style=\"height: 30.00pt; width: 387.00pt;\" colspan=\"2\" width=\"645\" height=\"50\"><h4>Especifica\u00e7\u00f5es b\u00e1sicas<\/h4><\/td><\/tr><tr style=\"height: 30.00pt;\"><td class=\"et4\" style=\"height: 30.00pt; width: 251.40pt;\" width=\"419\" height=\"50\">\u2022 Tens\u00e3o nominal<\/td><td class=\"et4\" style=\"width: 135.60pt;\" width=\"226\">12,8V<\/td><\/tr><tr style=\"height: 30.00pt;\"><td class=\"et5\" style=\"height: 30.00pt; width: 251.40pt;\" width=\"419\" height=\"50\">\u2022 Capacidade Nominal<\/td><td class=\"et5\" style=\"width: 135.60pt;\" width=\"226\">100 Ah<\/td><\/tr><tr style=\"height: 30.00pt;\"><td class=\"et4\" style=\"height: 30.00pt; width: 251.40pt;\" width=\"419\" height=\"50\">\u2022 Energia Nominal<\/td><td class=\"et4\" style=\"width: 135.60pt;\" width=\"226\">1280Wh<\/td><\/tr><tr style=\"height: 30.00pt;\"><td class=\"et5\" style=\"height: 30.00pt; width: 251.40pt;\" width=\"419\" height=\"50\">\u2022 Ciclo da vida<\/td><td class=\"et5\" style=\"width: 135.60pt;\" width=\"226\">6000 (0,5\u00b0C a 25\u00b0C, 80% DOD)<\/td><\/tr><tr style=\"height: 30.00pt;\"><td class=\"et4\" style=\"height: 30.00pt; width: 251.40pt;\" width=\"419\" height=\"50\">\u2022 Vida \u00fatil do projeto<\/td><td class=\"et4\" style=\"width: 135.60pt;\" width=\"226\">15 anos<\/td><\/tr><tr style=\"height: 46.00pt;\"><td class=\"et3\" style=\"height: 46.00pt; width: 387.00pt;\" colspan=\"2\" width=\"645\" height=\"76\"><h4>Especifica\u00e7\u00f5es F\u00edsicas<\/h4><\/td><\/tr><tr style=\"height: 30.00pt;\"><td class=\"et4\" style=\"height: 30.00pt; width: 251.40pt;\" width=\"419\" height=\"50\">\u2022 Dimens\u00f5es (C x L x A)<\/td><td class=\"et4\" style=\"width: 135.60pt;\" width=\"226\">12,99 x 6,77 x 8,66 polegadas \/ 330 x 172 x 220 mm<\/td><\/tr><tr style=\"height: 30.00pt;\"><td class=\"et5\" style=\"height: 30.00pt; width: 251.40pt;\" width=\"419\" height=\"50\">\u2022 Peso<\/td><td class=\"et5\" style=\"width: 135.60pt;\" width=\"226\">24,64 libras\/11,2 kg<\/td><\/tr><tr style=\"height: 30.00pt;\"><td class=\"et4\" style=\"height: 30.00pt; width: 251.40pt;\" width=\"419\" height=\"50\">\u2022 Material Cat\u00f3dico<\/td><td class=\"et4\" style=\"width: 135.60pt;\" width=\"226\">Fosfato de ferro-l\u00edtio (LiFePo\u2084)<\/td><\/tr><tr style=\"height: 30.00pt;\"><td class=\"et5\" style=\"height: 30.00pt; width: 251.40pt;\" width=\"419\" height=\"50\">\u2022 Material da caixa<\/td><td class=\"et5\" style=\"width: 135.60pt;\" width=\"226\">ABS (acrilonitrila butadieno estireno)<\/td><\/tr><tr style=\"height: 30.00pt;\"><td class=\"et4\" style=\"height: 30.00pt; width: 251.40pt;\" width=\"419\" height=\"50\">\u2022 Cor da caixa<\/td><td class=\"et4\" style=\"width: 135.60pt;\" width=\"226\">Preto<\/td><\/tr><tr style=\"height: 30.00pt;\"><td class=\"et5\" style=\"height: 30.00pt; width: 251.40pt;\" width=\"419\" height=\"50\">\u2022 Conectividade<\/td><td class=\"et5\" style=\"width: 135.60pt;\" width=\"226\">Bluetooth<\/td><\/tr><tr style=\"height: 30.00pt;\"><td class=\"et3\" style=\"height: 30.00pt; width: 387.00pt;\" colspan=\"2\" width=\"645\" height=\"50\"><strong>Especifica\u00e7\u00f5es operacionais<\/strong><\/td><\/tr><tr style=\"height: 30.00pt;\"><td class=\"et5\" style=\"height: 30.00pt; width: 251.40pt;\" width=\"419\" height=\"50\">\u2022 Alcance de voltagem<\/td><td class=\"et5\" style=\"width: 135.60pt;\" width=\"226\">10-14V<\/td><\/tr><tr style=\"height: 30.00pt;\"><td class=\"et4\" style=\"height: 30.00pt; width: 251.40pt;\" width=\"419\" height=\"50\">\u2022 Tens\u00e3o de Corte<\/td><td class=\"et4\" style=\"width: 135.60pt;\" width=\"226\">10V<\/td><\/tr><tr style=\"height: 30.00pt;\"><td class=\"et5\" style=\"height: 30.00pt; width: 251.40pt;\" width=\"419\" height=\"50\">\u2022 Corrente de carga recomendada<\/td><td class=\"et5\" style=\"width: 135.60pt;\" width=\"226\">\u226430A<\/td><\/tr><tr style=\"height: 30.00pt;\"><td class=\"et4\" style=\"height: 30.00pt; width: 251.40pt;\" width=\"419\" height=\"50\">\u2022 Corrente m\u00e1xima de carga<\/td><td class=\"et4\" style=\"width: 135.60pt;\" width=\"226\">100A<\/td><\/tr><tr style=\"height: 30.00pt;\"><td class=\"et5\" style=\"height: 30.00pt; width: 251.40pt;\" width=\"419\" height=\"50\">\u2022 Corrente M\u00e1xima de Descarga<\/td><td class=\"et5\" style=\"width: 135.60pt;\" width=\"226\">100 A (constante), 150 A (pulso de 30s)<\/td><\/tr><tr style=\"height: 30.00pt;\"><td class=\"et3\" style=\"height: 30.00pt; width: 387.00pt;\" colspan=\"2\" width=\"645\" height=\"50\"><h4>Especifica\u00e7\u00f5es Ambientais<\/h4><\/td><\/tr><tr style=\"height: 30.00pt;\"><td class=\"et5\" style=\"height: 30.00pt; width: 251.40pt;\" width=\"419\" height=\"50\">\u2022 Humidade relativa<\/td><td class=\"et5\" style=\"width: 135.60pt;\" width=\"226\">5-95%<\/td><\/tr><tr style=\"height: 30.00pt;\"><td class=\"et4\" style=\"height: 30.00pt; width: 251.40pt;\" width=\"419\" height=\"50\">\u2022 Temperatura de carregamento<\/td><td class=\"et4\" style=\"width: 135.60pt;\" width=\"226\">-20 a 45\u00b0C \/ -4 a 113\u00b0F (aquecimento ativo quando abaixo de 0\u00b0C\/32\u00b0F)<\/td><\/tr><tr style=\"height: 30.00pt;\"><td class=\"et5\" style=\"height: 30.00pt; width: 251.40pt;\" width=\"419\" height=\"50\">\u2022 Faixa de temperatura de descarga<\/td><td class=\"et5\" style=\"width: 135.60pt;\" width=\"226\">-20 a 55\u00b0C \/ -4 a 131\u00b0F<\/td><\/tr><tr style=\"height: 30.00pt;\"><td class=\"et4\" style=\"height: 30.00pt; width: 251.40pt;\" width=\"419\" height=\"50\">\u2022 Amplitude T\u00e9rmica de armazenamento<\/td><td class=\"et4\" style=\"width: 135.60pt;\" width=\"226\">-20 a 55\u00b0C \/ -4 a 131\u00b0F<\/td><\/tr><tr style=\"height: 30.00pt;\"><td class=\"et3\" style=\"height: 30.00pt; width: 387.00pt;\" colspan=\"2\" width=\"645\" height=\"50\"><h4>Certifica\u00e7\u00f5es<\/h4><\/td><\/tr><tr style=\"height: 30.00pt;\"><td class=\"et4\" style=\"height: 30.00pt; width: 251.40pt;\" width=\"419\" height=\"50\">\u2022 Seguran\u00e7a<\/td><td class=\"et4\" style=\"width: 135.60pt;\" width=\"226\">UL1973<\/td><\/tr><tr style=\"height: 30.00pt;\"><td class=\"et6\" style=\"height: 30.00pt; width: 251.40pt;\" width=\"419\" height=\"50\">\u2022 Transporte<\/td><td class=\"et6\" style=\"width: 135.60pt;\" width=\"226\">ONU38.3<\/td><\/tr><\/tbody><\/table><\/div><div>\u00a0<\/div>\t\t\t\t\t\t<\/div>\n\t\t\t\t<\/div>\n\t\t\t\t\t<\/div>\n\t\t<\/div>\n\t\t\t\t\t\t\t<\/div>\n\t\t<\/section>\n\t\t\t\t\t\t\t<\/div>","protected":false},"excerpt":{"rendered":"<p>Os m\u00f3dulos de bateria de fosfato de ferro-l\u00edtio (LFP) 12V100Ah s\u00e3o especialmente projetados para m\u00faltiplas aplica\u00e7\u00f5es pela Amp Nova. Esses m\u00f3dulos de bateria adotam um design de carca\u00e7a ABS e podem ser usados 24 horas por dia, 7 dias por semana. Os m\u00f3dulos de bateria possuem BMS inteligente integrado no interior, que oferece grandes vantagens em termos de seguran\u00e7a, ciclo de vida, densidade de energia e faixa de temperatura.<\/p>","protected":false},"featured_media":2159,"comment_status":"open","ping_status":"closed","template":"","meta":[],"product_cat":[65],"product_tag":[],"class_list":["post-1015","product","type-product","status-publish","has-post-thumbnail","hentry","product_cat-lead-acid-replacement-battery"],"acf":[],"_links":{"self":[{"href":"https:\/\/solarbatterymanufacturer.com\/pt\/wp-json\/wp\/v2\/product\/1015","targetHints":{"allow":["GET"]}}],"collection":[{"href":"https:\/\/solarbatterymanufacturer.com\/pt\/wp-json\/wp\/v2\/product"}],"about":[{"href":"https:\/\/solarbatterymanufacturer.com\/pt\/wp-json\/wp\/v2\/types\/product"}],"replies":[{"embeddable":true,"href":"https:\/\/solarbatterymanufacturer.com\/pt\/wp-json\/wp\/v2\/comments?post=1015"}],"version-history":[{"count":0,"href":"https:\/\/solarbatterymanufacturer.com\/pt\/wp-json\/wp\/v2\/product\/1015\/revisions"}],"wp:featuredmedia":[{"embeddable":true,"href":"https:\/\/solarbatterymanufacturer.com\/pt\/wp-json\/wp\/v2\/media\/2159"}],"wp:attachment":[{"href":"https:\/\/solarbatterymanufacturer.com\/pt\/wp-json\/wp\/v2\/media?parent=1015"}],"wp:term":[{"taxonomy":"product_cat","embeddable":true,"href":"https:\/\/solarbatterymanufacturer.com\/pt\/wp-json\/wp\/v2\/product_cat?post=1015"},{"taxonomy":"product_tag","embeddable":true,"href":"https:\/\/solarbatterymanufacturer.com\/pt\/wp-json\/wp\/v2\/product_tag?post=1015"}],"curies":[{"name":"wp","href":"https:\/\/api.w.org\/{rel}","templated":true}]}}