{"id":2298,"date":"2023-05-06T04:50:13","date_gmt":"2023-05-06T04:50:13","guid":{"rendered":"https:\/\/solarbatterymanufacturer.com\/?post_type=product&#038;p=2298"},"modified":"2023-10-10T03:28:10","modified_gmt":"2023-10-10T03:28:10","slug":"stackable-high-voltage-battery","status":"publish","type":"product","link":"https:\/\/solarbatterymanufacturer.com\/pt\/high-voltage-battery","title":{"rendered":"Bateria de alta tens\u00e3o Amp Nova LiFePO4"},"content":{"rendered":"<h2>Descri\u00e7\u00f5es:<\/h2>\n<p>A bateria empilh\u00e1vel de alta tens\u00e3o \u00e9 especialmente projetada para aplica\u00e7\u00f5es de microrredes residenciais e regionais de m\u00e9dio e grande porte pela Amp Nova. Cada formul\u00e1rio possui v\u00e1rios m\u00f3dulos de bateria e cada sistema de alta tens\u00e3o consiste em BMS multin\u00edvel (HVB + BMU), m\u00f3dulos de bateria, e um gabinete de bateria. BMS inteligente e de alta precis\u00e3o integrado, combinado com baterias LFP, o sistema tem grandes vantagens em termos de seguran\u00e7a, ciclo de vida, densidade de energia e ampla faixa de temperatura.<\/p>\n<h2>Caracter\u00edsticas:<\/h2>\n<p><strong>[Instala\u00e7\u00e3o f\u00e1cil]<\/strong>\u00a0 Montagem de empilhamento estilo Lego e design de bloqueio r\u00e1pido entre m\u00f3dulos, instala\u00e7\u00e3o f\u00e1cil e eficiente.<\/p>\n<p><strong>[Expans\u00e3o Flex\u00edvel]<\/strong> Os m\u00f3dulos de bateria podem ser configurados de forma flex\u00edvel de acordo com as necessidades reais.<\/p>\n<p><strong>[Projeto de seguran\u00e7a de c\u00e9lulas e sistemas LFP]<\/strong>\u00a0Projeto de seguran\u00e7a multin\u00edvel (design de seguran\u00e7a de material, c\u00e9lula, suporte e sistema).<\/p>\n<p><strong>[Balanceamento inteligente]<\/strong>O circuito de equil\u00edbrio integrado ser\u00e1 acionado automaticamente quando atingir as condi\u00e7\u00f5es definidas, o que melhorar\u00e1 muito a consist\u00eancia da bateria e prolongar\u00e1 sua vida \u00fatil.<\/p>\n<p><strong>[BMS inteligente]<\/strong> O sistema de gerenciamento de bateria (BMS) fornece prote\u00e7\u00e3o contra curto-circuito, sobretens\u00e3o, baixa tens\u00e3o, sobretemperatura e baixa temperatura.<\/p>\n<p><strong>[Ip65]<\/strong> O IP65 foi projetado para atender \u00e0 maioria dos cen\u00e1rios de aplica\u00e7\u00e3o.<\/p>\n<p><strong>[Monitoramento e controle em tempo real]\u00a0<\/strong>Monitorando o status de opera\u00e7\u00e3o da bateria (tens\u00e3o, temperatura atual, SOC, etc.) em tempo real.<\/p>\n<p><strong>[Livre de manuten\u00e7\u00e3o]\u00a0<\/strong>15 anos de vida \u00fatil e 6.000 ciclos (0,5C, 80% DOD @ 25 \u2103), livre de manuten\u00e7\u00e3o durante toda a vida \u00fatil e uma ampla faixa de temperatura operacional.<\/p>\n<h2>Especifica\u00e7\u00f5es<\/h2>\n<table style=\"border-collapse: collapse; width: 696px; height: 873px;\" border=\"0\" width=\"766\" cellspacing=\"0\" cellpadding=\"0\">\n<tbody>\n<tr style=\"height: 30.00pt;\">\n<td style=\"height: 30.00pt; width: 118.80pt;\" width=\"198\" height=\"50\">Tipo\/par\u00e2metro<\/td>\n<td style=\"width: 85.20pt;\" width=\"142\">ANZ-10230R2<\/td>\n<td style=\"width: 85.20pt;\" width=\"142\">ANZ-10230R3<\/td>\n<td style=\"width: 85.20pt;\" width=\"142\">ANZ-10230R4<\/td>\n<td style=\"width: 85.20pt;\" width=\"142\">ANZ-10230R5<\/td>\n<\/tr>\n<tr style=\"height: 30.00pt;\">\n<td style=\"height: 30.00pt; width: 118.80pt;\" width=\"198\" height=\"50\">Tipo de m\u00f3dulo de bateria<\/td>\n<td style=\"width: 340.8pt; text-align: center;\" colspan=\"4\" width=\"568\">ANZ-10230R<\/td>\n<\/tr>\n<tr style=\"height: 30.00pt;\">\n<td style=\"height: 30.00pt; width: 118.80pt;\" width=\"198\" height=\"50\">N\u00famero do m\u00f3dulo<\/td>\n<td style=\"width: 85.20pt;\" width=\"142\">2<\/td>\n<td style=\"width: 85.20pt;\" width=\"142\">3<\/td>\n<td style=\"width: 85.20pt;\" width=\"142\">4<\/td>\n<td style=\"width: 85.20pt;\" width=\"142\">5<\/td>\n<\/tr>\n<tr style=\"height: 30.00pt;\">\n<td style=\"height: 30.00pt; width: 118.80pt;\" width=\"198\" height=\"50\">Tens\u00e3o nominal \uff08V\uff09<\/td>\n<td style=\"width: 85.20pt;\" width=\"142\">204.8<\/td>\n<td style=\"width: 85.20pt;\" width=\"142\">307.2<\/td>\n<td style=\"width: 85.20pt;\" width=\"142\">409.6<\/td>\n<td style=\"width: 85.20pt;\" width=\"142\">512<\/td>\n<\/tr>\n<tr style=\"height: 30.00pt;\">\n<td style=\"height: 30.00pt; width: 118.80pt;\" width=\"198\" height=\"50\">Faixa de tens\u00e3o \uff08V\uff09<\/td>\n<td style=\"width: 85.20pt;\" width=\"142\">179.2~224<\/td>\n<td style=\"width: 85.20pt;\" width=\"142\">268.8~336<\/td>\n<td style=\"width: 85.20pt;\" width=\"142\">358.4~448<\/td>\n<td style=\"width: 85.20pt;\" width=\"142\">448~560<\/td>\n<\/tr>\n<tr style=\"height: 30.00pt;\">\n<td style=\"height: 30.00pt; width: 118.80pt;\" width=\"198\" height=\"50\">Energia Nominal\uff08Wh\uff09<\/td>\n<td style=\"width: 85.20pt;\" width=\"142\">6144<\/td>\n<td style=\"width: 85.20pt;\" width=\"142\">9216<\/td>\n<td style=\"width: 85.20pt;\" width=\"142\">12288<\/td>\n<td style=\"width: 85.20pt;\" width=\"142\">15360<\/td>\n<\/tr>\n<tr style=\"height: 30.00pt;\">\n<td style=\"height: 30.00pt; width: 118.80pt;\" width=\"198\" height=\"50\">Corrente de descarga padr\u00e3o (A)<\/td>\n<td style=\"width: 340.80pt;\" colspan=\"4\" width=\"568\">30<\/td>\n<\/tr>\n<tr style=\"height: 30.00pt;\">\n<td style=\"height: 30.00pt; width: 118.80pt;\" width=\"198\" height=\"50\">Dimens\u00e3o: L*A*P (mm)<\/td>\n<td style=\"width: 85.20pt;\" width=\"142\">698*1140*130<\/td>\n<td style=\"width: 85.20pt;\" width=\"142\">698*1530*130<\/td>\n<td style=\"width: 85.20pt;\" width=\"142\">1596*1200*130<\/td>\n<td style=\"width: 85.20pt;\" width=\"142\">1596*1530*130<\/td>\n<\/tr>\n<tr style=\"height: 30.00pt;\">\n<td style=\"height: 30.00pt; width: 118.80pt;\" width=\"198\" height=\"50\">Peso (kg)<\/td>\n<td style=\"width: 85.20pt;\" width=\"142\">88<\/td>\n<td style=\"width: 85.20pt;\" width=\"142\">122<\/td>\n<td style=\"width: 85.20pt;\" width=\"142\">156<\/td>\n<td style=\"width: 85.20pt;\" width=\"142\">190<\/td>\n<\/tr>\n<tr style=\"height: 30.00pt;\">\n<td style=\"height: 30.00pt; width: 459.60pt;\" colspan=\"5\" width=\"766\" height=\"50\">Par\u00e2metro Ambiental<\/td>\n<\/tr>\n<tr style=\"height: 30.00pt;\">\n<td style=\"height: 30.00pt; width: 118.80pt;\" width=\"198\" height=\"50\">PI<\/td>\n<td style=\"width: 340.80pt;\" colspan=\"4\" width=\"568\">IP65<\/td>\n<\/tr>\n<tr style=\"height: 30.00pt;\">\n<td style=\"height: 30.00pt; width: 118.80pt;\" width=\"198\" height=\"50\">Faixa de temperatura de carga (\u2103)<\/td>\n<td style=\"width: 340.80pt;\" colspan=\"4\" width=\"568\">0~45<\/td>\n<\/tr>\n<tr style=\"height: 30.00pt;\">\n<td style=\"height: 30.00pt; width: 118.80pt;\" width=\"198\" height=\"50\">Faixa de temperatura de descarga (\u2103)<\/td>\n<td style=\"width: 340.80pt;\" colspan=\"4\" width=\"568\">-20~60<\/td>\n<\/tr>\n<tr style=\"height: 30.00pt;\">\n<td style=\"height: 30.00pt; width: 118.80pt;\" width=\"198\" height=\"50\">M\u00e9todo de instala\u00e7\u00e3o<\/td>\n<td style=\"width: 340.80pt;\" colspan=\"4\" width=\"568\">Montado no ch\u00e3o<\/td>\n<\/tr>\n<tr style=\"height: 30.00pt;\">\n<td style=\"height: 30.00pt; width: 459.60pt;\" colspan=\"5\" width=\"766\" height=\"50\">Vida de servi\u00e7o<\/td>\n<\/tr>\n<tr style=\"height: 30.00pt;\">\n<td style=\"height: 30.00pt; width: 118.80pt;\" width=\"198\" height=\"50\">Ciclo de Vida (Tempo)<\/td>\n<td style=\"width: 340.80pt;\" colspan=\"4\" width=\"568\">&gt; 6000\uff080,5C @25\u2103,80% DOD\uff09<\/td>\n<\/tr>\n<tr style=\"height: 30.00pt;\">\n<td style=\"height: 30.00pt; width: 118.80pt;\" width=\"198\" height=\"50\">Vida \u00fatil do projeto (ano)<\/td>\n<td style=\"width: 340.80pt;\" colspan=\"4\" width=\"568\">15<\/td>\n<\/tr>\n<tr style=\"height: 30.00pt;\">\n<td style=\"height: 30.00pt; width: 459.60pt;\" colspan=\"5\" width=\"766\" height=\"50\">Certifica\u00e7\u00e3o<\/td>\n<\/tr>\n<tr style=\"height: 30.00pt;\">\n<td style=\"height: 30.00pt; width: 118.80pt;\" width=\"198\" height=\"50\">Seguran\u00e7a e Certifica\u00e7\u00e3o<\/td>\n<td style=\"width: 340.80pt;\" colspan=\"4\" width=\"568\">Marca\u00e7\u00e3o, IEC62619<\/td>\n<\/tr>\n<tr style=\"height: 30.00pt;\">\n<td style=\"height: 30.00pt; width: 118.80pt;\" width=\"198\" height=\"50\">Transporte<\/td>\n<td style=\"width: 340.80pt;\" colspan=\"4\" width=\"568\">ONU38.3<\/td>\n<\/tr>\n<\/tbody>\n<\/table>","protected":false},"excerpt":{"rendered":"<p>As baterias empilh\u00e1veis de alta tens\u00e3o s\u00e3o especialmente projetadas para aplica\u00e7\u00f5es residenciais de pequeno e m\u00e9dio porte pela Amp Nova. Cada m\u00f3dulo possui um BMS inteligente interno, que oferece prote\u00e7\u00e3o contra sobretens\u00e3o, subtens\u00e3o, sobrecorrente, curto-circuito, supertemperatura e baixa temperatura. Enquanto isso, um projeto de seguran\u00e7a multicamadas (material, c\u00e9lula, estrutura, aerossol contra inc\u00eandio, etc.) tamb\u00e9m aumentar\u00e1 muito o desempenho de seguran\u00e7a do produto. Ele tamb\u00e9m possui um ID elegante e um design estrutural inteligente, \u00e9 f\u00e1cil de instalar e tamb\u00e9m pode ser expandido de forma flex\u00edvel de acordo com suas necessidades.<\/p>","protected":false},"featured_media":2287,"comment_status":"open","ping_status":"closed","template":"","meta":[],"product_cat":[86],"product_tag":[],"class_list":["post-2298","product","type-product","status-publish","has-post-thumbnail","hentry","product_cat-stackable-lifepo4-battery"],"acf":[],"_links":{"self":[{"href":"https:\/\/solarbatterymanufacturer.com\/pt\/wp-json\/wp\/v2\/product\/2298","targetHints":{"allow":["GET"]}}],"collection":[{"href":"https:\/\/solarbatterymanufacturer.com\/pt\/wp-json\/wp\/v2\/product"}],"about":[{"href":"https:\/\/solarbatterymanufacturer.com\/pt\/wp-json\/wp\/v2\/types\/product"}],"replies":[{"embeddable":true,"href":"https:\/\/solarbatterymanufacturer.com\/pt\/wp-json\/wp\/v2\/comments?post=2298"}],"version-history":[{"count":3,"href":"https:\/\/solarbatterymanufacturer.com\/pt\/wp-json\/wp\/v2\/product\/2298\/revisions"}],"predecessor-version":[{"id":4053,"href":"https:\/\/solarbatterymanufacturer.com\/pt\/wp-json\/wp\/v2\/product\/2298\/revisions\/4053"}],"wp:featuredmedia":[{"embeddable":true,"href":"https:\/\/solarbatterymanufacturer.com\/pt\/wp-json\/wp\/v2\/media\/2287"}],"wp:attachment":[{"href":"https:\/\/solarbatterymanufacturer.com\/pt\/wp-json\/wp\/v2\/media?parent=2298"}],"wp:term":[{"taxonomy":"product_cat","embeddable":true,"href":"https:\/\/solarbatterymanufacturer.com\/pt\/wp-json\/wp\/v2\/product_cat?post=2298"},{"taxonomy":"product_tag","embeddable":true,"href":"https:\/\/solarbatterymanufacturer.com\/pt\/wp-json\/wp\/v2\/product_tag?post=2298"}],"curies":[{"name":"wp","href":"https:\/\/api.w.org\/{rel}","templated":true}]}}