{"id":3838,"date":"2023-08-17T08:14:14","date_gmt":"2023-08-17T08:14:14","guid":{"rendered":"https:\/\/solarbatterymanufacturer.com\/?post_type=product&#038;p=3838"},"modified":"2023-08-17T08:25:12","modified_gmt":"2023-08-17T08:25:12","slug":"wheel-design-solar-battery","status":"publish","type":"product","link":"https:\/\/solarbatterymanufacturer.com\/pt\/amp-nova-51.2v-200ah-wheel-design-solar-battery","title":{"rendered":"Bateria solar de design de roda Amp Nova 51,2 V 200 Ah"},"content":{"rendered":"<h2>Descri\u00e7\u00f5es:<\/h2>\n<div class=\"relative flex w-[calc(100%-50px)] flex-col gap-1 md:gap-3 lg:w-[calc(100%-115px)]\">\n<div class=\"flex flex-grow flex-col gap-3\">\n<div class=\"min-h-[20px] flex items-start overflow-x-auto whitespace-pre-wrap break-words flex-col gap-4\">\n<div class=\"markdown prose w-full break-words dark:prose-invert light\">\n<p>O m\u00f3dulo de bateria de fosfato de ferro-l\u00edtio (LFP) projetado especificamente para solu\u00e7\u00f5es de energia m\u00f3veis e port\u00e1teis. Cada m\u00f3dulo \u00e9 equipado com um Sistema de Gerenciamento de Bateria (BMS) inteligente, garantindo opera\u00e7\u00e3o est\u00e1vel em v\u00e1rios ambientes de trabalho, fornecendo prote\u00e7\u00e3o contra sobretens\u00e3o, subtens\u00e3o, sobrecorrente, curto-circuitos e condi\u00e7\u00f5es extremas de temperatura. Al\u00e9m disso, a seguran\u00e7a do produto \u00e9 significativamente aprimorada por um design multicamadas que incorpora prote\u00e7\u00f5es de material, c\u00e9lula, estrutura e aerossol contra inc\u00eandio.<\/p>\n<p>O design da roda permite que o m\u00f3dulo da bateria seja facilmente movido e posicionado, tornando-o particularmente adequado para aplica\u00e7\u00f5es que requerem movimenta\u00e7\u00e3o frequente de armazenamento de energia. A estrutura das rodas \u00e9 robusta, capaz de enfrentar desafios de diversos terrenos, ao mesmo tempo que oferece suspens\u00e3o e absor\u00e7\u00e3o de choques superiores para garantir a integridade e seguran\u00e7a da bateria durante o transporte. O design da roda tamb\u00e9m permite layout e implanta\u00e7\u00e3o mais flex\u00edveis, tornando-o a escolha ideal para configura\u00e7\u00f5es tempor\u00e1rias ou locais remotos.<\/p>\n<p>Em resumo, o m\u00f3dulo de bateria de fosfato de ferro-l\u00edtio (LFP) projetado com roda combina tecnologia avan\u00e7ada de bateria com um design m\u00f3vel flex\u00edvel, oferecendo uma solu\u00e7\u00e3o eficiente, confi\u00e1vel e segura para diversas necessidades de energia m\u00f3veis e tempor\u00e1rias.<\/p>\n<h2>Caracter\u00edsticas:<\/h2>\n<\/div>\n<\/div>\n<\/div>\n<\/div>\n<ul>\n<li><strong>Longevidade aprimorada<\/strong>: O fosfato de ferro-l\u00edtio (LiFePO4) garante um ciclo de vida prolongado.<\/li>\n<li><strong>Seguran\u00e7a superior<\/strong>: LiFePO4 oferece desempenho de seguran\u00e7a robusto.<\/li>\n<li><strong>Prote\u00e7\u00e3o Inteligente<\/strong>: O sistema Smart BMS oferece prote\u00e7\u00f5es de tens\u00e3o, corrente e temperatura.<\/li>\n<li><strong>Autossufici\u00eancia<\/strong>: Armazenar eletricidade para uso noturno, promovendo a autossufici\u00eancia.<\/li>\n<li><strong>Seguran\u00e7a energ\u00e9tica<\/strong>: Elimine cortes de energia com armazenamento confi\u00e1vel de energia.<\/li>\n<li><strong>Instala\u00e7\u00e3o f\u00e1cil<\/strong>: Processo de configura\u00e7\u00e3o r\u00e1pido e direto.<\/li>\n<li><strong>Modular e escal\u00e1vel<\/strong>: Conex\u00e3o paralela m\u00e1xima de at\u00e9 15 unidades para gerenciamento flex\u00edvel de energia.<\/li>\n<li><strong>Diversas op\u00e7\u00f5es<\/strong>: Diferentes op\u00e7\u00f5es de energia est\u00e3o dispon\u00edveis para atender a diversas necessidades.<\/li>\n<\/ul>\n<h2>Especifica\u00e7\u00f5es:<\/h2>\n<table style=\"border-collapse: collapse; width: 548.42pt;\" border=\"0\" width=\"914\" cellspacing=\"0\" cellpadding=\"0\">\n<tbody>\n<tr style=\"height: 50.00pt;\">\n<td class=\"et4\" style=\"height: 50.00pt; width: 228.00pt;\" width=\"380\" height=\"83\">Especifica\u00e7\u00f5es b\u00e1sicas<\/td>\n<td class=\"et5\" style=\"width: 320.40pt;\" width=\"534\"><\/td>\n<\/tr>\n<tr style=\"height: 30.00pt;\">\n<td class=\"et6\" style=\"height: 30.00pt; width: 228.00pt;\" width=\"380\" height=\"50\">\u2022 Tens\u00e3o nominal<\/td>\n<td class=\"et6\" style=\"width: 320.40pt;\" width=\"534\">51,2 V<\/td>\n<\/tr>\n<tr style=\"height: 30.00pt;\">\n<td class=\"et7\" style=\"height: 30.00pt; width: 228.00pt;\" width=\"380\" height=\"50\">\u2022 Capacidade Nominal<\/td>\n<td class=\"et7\" style=\"width: 320.40pt;\" width=\"534\">200 Ah<\/td>\n<\/tr>\n<tr style=\"height: 30.00pt;\">\n<td class=\"et6\" style=\"height: 30.00pt; width: 228.00pt;\" width=\"380\" height=\"50\">\u2022 Energia Nominal<\/td>\n<td class=\"et6\" style=\"width: 320.40pt;\" width=\"534\">10240Wh<\/td>\n<\/tr>\n<tr style=\"height: 30.00pt;\">\n<td class=\"et7\" style=\"height: 30.00pt; width: 228.00pt;\" width=\"380\" height=\"50\">\u2022 Ciclo da vida<\/td>\n<td class=\"et7\" style=\"width: 320.40pt;\" width=\"534\">6000 (0,5\u00b0C a 25\u00b0C, 80% DOD)<\/td>\n<\/tr>\n<tr style=\"height: 30.00pt;\">\n<td class=\"et6\" style=\"height: 30.00pt; width: 228.00pt;\" width=\"380\" height=\"50\">\u2022 Vida \u00fatil do projeto<\/td>\n<td class=\"et6\" style=\"width: 320.40pt;\" width=\"534\">15 anos<\/td>\n<\/tr>\n<tr style=\"height: 50.00pt;\">\n<td class=\"et8\" style=\"height: 50.00pt; width: 228.00pt;\" width=\"380\" height=\"83\">Especifica\u00e7\u00f5es F\u00edsicas<\/td>\n<td class=\"et7\" style=\"width: 320.40pt;\" width=\"534\"><\/td>\n<\/tr>\n<tr style=\"height: 30.00pt;\">\n<td class=\"et6\" style=\"height: 30.00pt; width: 228.00pt;\" width=\"380\" height=\"50\">\u2022 Dimens\u00f5es (C x L x A)<\/td>\n<td class=\"et6\" style=\"width: 320.40pt;\" width=\"534\">420*570*740mm<\/td>\n<\/tr>\n<tr style=\"height: 30.00pt;\">\n<td class=\"et7\" style=\"height: 30.00pt; width: 228.00pt;\" width=\"380\" height=\"50\">\u2022 Pesos<\/td>\n<td class=\"et7\" style=\"width: 320.40pt;\" width=\"534\">85 kg<\/td>\n<\/tr>\n<tr style=\"height: 30.00pt;\">\n<td class=\"et6\" style=\"height: 30.00pt; width: 228.00pt;\" width=\"380\" height=\"50\">\u2022 Material Cat\u00f3dico<\/td>\n<td class=\"et6\" style=\"width: 320.40pt;\" width=\"534\">Fosfato de ferro-l\u00edtio (LiFePo\u2084)<\/td>\n<\/tr>\n<tr style=\"height: 30.00pt;\">\n<td class=\"et7\" style=\"height: 30.00pt; width: 228.00pt;\" width=\"380\" height=\"50\">\u2022 Material da caixa<\/td>\n<td class=\"et7\" style=\"width: 320.40pt;\" width=\"534\">ABS (acrilonitrila butadieno estireno)<\/td>\n<\/tr>\n<tr style=\"height: 30.00pt;\">\n<td class=\"et6\" style=\"height: 30.00pt; width: 228.00pt;\" width=\"380\" height=\"50\">\u2022 Cor da caixa<\/td>\n<td class=\"et6\" style=\"width: 320.40pt;\" width=\"534\">Branco<\/td>\n<\/tr>\n<tr style=\"height: 30.00pt;\">\n<td class=\"et7\" style=\"height: 30.00pt; width: 228.00pt;\" width=\"380\" height=\"50\">\u2022 M\u00e9todo de exibi\u00e7\u00e3o<\/td>\n<td class=\"et7\" style=\"width: 320.40pt;\" width=\"534\">Tela LED+LCD<\/td>\n<\/tr>\n<tr style=\"height: 50.00pt;\">\n<td class=\"et10\" style=\"height: 50.00pt; width: 548.40pt;\" colspan=\"2\" width=\"914\" height=\"83\">Especifica\u00e7\u00f5es operacionais<\/td>\n<\/tr>\n<tr style=\"height: 30.00pt;\">\n<td class=\"et7\" style=\"height: 30.00pt; width: 228.00pt;\" width=\"380\" height=\"50\">\u2022 Alcance de voltagem<\/td>\n<td class=\"et7\" style=\"width: 320.40pt;\" width=\"534\">44,8-56V<\/td>\n<\/tr>\n<tr style=\"height: 30.00pt;\">\n<td class=\"et6\" style=\"height: 30.00pt; width: 228.00pt;\" width=\"380\" height=\"50\">\u2022 Tens\u00e3o de Corte<\/td>\n<td class=\"et6\" style=\"width: 320.40pt;\" width=\"534\">44,8 V<\/td>\n<\/tr>\n<tr style=\"height: 30.00pt;\">\n<td class=\"et7\" style=\"height: 30.00pt; width: 228.00pt;\" width=\"380\" height=\"50\">\u2022 Corrente de carga recomendada<\/td>\n<td class=\"et7\" style=\"width: 320.40pt;\" width=\"534\">\u2264100 A<\/td>\n<\/tr>\n<tr style=\"height: 30.00pt;\">\n<td class=\"et6\" style=\"height: 30.00pt; width: 228.00pt;\" width=\"380\" height=\"50\">\u2022 Corrente m\u00e1xima de carga<\/td>\n<td class=\"et6\" style=\"width: 320.40pt;\" width=\"534\">100A<\/td>\n<\/tr>\n<tr style=\"height: 30.00pt;\">\n<td class=\"et7\" style=\"height: 30.00pt; width: 228.00pt;\" width=\"380\" height=\"50\">\u2022 Corrente M\u00e1xima de Descarga<\/td>\n<td class=\"et7\" style=\"width: 320.40pt;\" width=\"534\">200A<\/td>\n<\/tr>\n<tr style=\"height: 50.00pt;\">\n<td class=\"et10\" style=\"height: 50.00pt; width: 548.40pt;\" colspan=\"2\" width=\"914\" height=\"83\">Especifica\u00e7\u00f5es Ambientais<\/td>\n<\/tr>\n<tr style=\"height: 30.00pt;\">\n<td class=\"et7\" style=\"height: 30.00pt; width: 228.00pt;\" width=\"380\" height=\"50\">\u2022 Humidade relativa<\/td>\n<td class=\"et7\" style=\"width: 320.40pt;\" width=\"534\">5-95%<\/td>\n<\/tr>\n<tr style=\"height: 30.00pt;\">\n<td class=\"et6\" style=\"height: 30.00pt; width: 228.00pt;\" width=\"380\" height=\"50\">\u2022 Temperatura de carregamento<\/td>\n<td class=\"et6\" style=\"width: 320.40pt;\" width=\"534\">-20 a 45\u00b0C \/ -4 a 113\u00b0F (aquecimento ativo quando abaixo de 0\u00b0C\/32\u00b0F)<\/td>\n<\/tr>\n<tr style=\"height: 30.00pt;\">\n<td class=\"et7\" style=\"height: 30.00pt; width: 228.00pt;\" width=\"380\" height=\"50\">\u2022 Faixa de temperatura de descarga<\/td>\n<td class=\"et7\" style=\"width: 320.40pt;\" width=\"534\">-20 a 55\u00b0C \/ -4 a 131\u00b0F<\/td>\n<\/tr>\n<tr style=\"height: 30.00pt;\">\n<td class=\"et6\" style=\"height: 30.00pt; width: 228.00pt;\" width=\"380\" height=\"50\">\u2022 Amplitude T\u00e9rmica de armazenamento<\/td>\n<td class=\"et6\" style=\"width: 320.40pt;\" width=\"534\">-20 a 55\u00b0C \/ -4 a 131\u00b0F<\/td>\n<\/tr>\n<tr style=\"height: 50.00pt;\">\n<td class=\"et8\" style=\"height: 50.00pt; width: 228.00pt;\" width=\"380\" height=\"83\">Certifica\u00e7\u00f5es<\/td>\n<td class=\"et7\" style=\"width: 320.40pt;\" width=\"534\"><\/td>\n<\/tr>\n<tr style=\"height: 30.00pt;\">\n<td class=\"et6\" style=\"height: 30.00pt; width: 228.00pt;\" width=\"380\" height=\"50\">\u2022 Seguran\u00e7a<\/td>\n<td class=\"et6\" style=\"width: 320.40pt;\" width=\"534\">\u00a0Compat\u00edvel com CE e IEC62619<\/td>\n<\/tr>\n<tr style=\"height: 30.00pt;\">\n<td class=\"et7\" style=\"height: 30.00pt; width: 228.00pt;\" width=\"380\" height=\"50\">\u2022 Transporte<\/td>\n<td class=\"et7\" style=\"width: 320.40pt;\" width=\"534\">ONU38.3<\/td>\n<\/tr>\n<\/tbody>\n<\/table>\n<div id=\"shopify-section-template--16532101234919__166366565650412e45\" class=\"shopify-section shopify-section--apps\">\n<div class=\"container vertical-breather\">\n<div id=\"shopify-block-6cc0a491-8313-4fe7-9d7f-4ca4b875af59\" class=\"shopify-block shopify-app-block\">\n<div id=\"wc_review_section\" class=\"wc_review_main_content\" data-url=\"https:\/\/voltgopower.com\" data-handle=\"voltgo-51-2v-100ah-lifepo-wall-mounted-battery\" data-product_id=\"8206075887847\" data-limit=\"0\">\n<div class=\"wc_review_top_title wc_wf_cls\" data-bind=\"voltgo-51-2v-100ah-lifepo-wall-mounted-battery\"><\/div>\n<\/div>\n<\/div>\n<\/div>\n<\/div>","protected":false},"excerpt":{"rendered":"<p>A bateria solar com design de roda foi projetada especificamente para solu\u00e7\u00f5es de energia m\u00f3veis e port\u00e1teis. Cada m\u00f3dulo \u00e9 equipado com um Sistema de Gerenciamento de Bateria (BMS) inteligente, garantindo opera\u00e7\u00e3o est\u00e1vel em v\u00e1rios ambientes de trabalho, fornecendo prote\u00e7\u00e3o contra sobretens\u00e3o, subtens\u00e3o, sobrecorrente, curtos-circuitos e condi\u00e7\u00f5es extremas de temperatura. Al\u00e9m disso, a seguran\u00e7a do produto \u00e9 significativamente aprimorada por um design multicamadas que incorpora prote\u00e7\u00f5es de material, c\u00e9lula, estrutura e aerossol contra inc\u00eandio.<\/p>","protected":false},"featured_media":3759,"comment_status":"open","ping_status":"closed","template":"","meta":[],"product_cat":[87],"product_tag":[],"class_list":["post-3838","product","type-product","status-publish","has-post-thumbnail","hentry","product_cat-wheel-design-solar-battery"],"acf":[],"_links":{"self":[{"href":"https:\/\/solarbatterymanufacturer.com\/pt\/wp-json\/wp\/v2\/product\/3838","targetHints":{"allow":["GET"]}}],"collection":[{"href":"https:\/\/solarbatterymanufacturer.com\/pt\/wp-json\/wp\/v2\/product"}],"about":[{"href":"https:\/\/solarbatterymanufacturer.com\/pt\/wp-json\/wp\/v2\/types\/product"}],"replies":[{"embeddable":true,"href":"https:\/\/solarbatterymanufacturer.com\/pt\/wp-json\/wp\/v2\/comments?post=3838"}],"version-history":[{"count":2,"href":"https:\/\/solarbatterymanufacturer.com\/pt\/wp-json\/wp\/v2\/product\/3838\/revisions"}],"predecessor-version":[{"id":3840,"href":"https:\/\/solarbatterymanufacturer.com\/pt\/wp-json\/wp\/v2\/product\/3838\/revisions\/3840"}],"wp:featuredmedia":[{"embeddable":true,"href":"https:\/\/solarbatterymanufacturer.com\/pt\/wp-json\/wp\/v2\/media\/3759"}],"wp:attachment":[{"href":"https:\/\/solarbatterymanufacturer.com\/pt\/wp-json\/wp\/v2\/media?parent=3838"}],"wp:term":[{"taxonomy":"product_cat","embeddable":true,"href":"https:\/\/solarbatterymanufacturer.com\/pt\/wp-json\/wp\/v2\/product_cat?post=3838"},{"taxonomy":"product_tag","embeddable":true,"href":"https:\/\/solarbatterymanufacturer.com\/pt\/wp-json\/wp\/v2\/product_tag?post=3838"}],"curies":[{"name":"wp","href":"https:\/\/api.w.org\/{rel}","templated":true}]}}