{"id":5014,"date":"2025-09-28T01:53:42","date_gmt":"2025-09-28T01:53:42","guid":{"rendered":"https:\/\/solarbatterymanufacturer.com\/?post_type=product&#038;p=5014"},"modified":"2025-09-28T01:59:19","modified_gmt":"2025-09-28T01:59:19","slug":"amp-nova-51-2v-200ah-lithium-battery","status":"publish","type":"product","link":"https:\/\/solarbatterymanufacturer.com\/pt\/51.2v-200ah-lithium-battery","title":{"rendered":"Amp Nova 51.2V 200Ah Lithium Battery"},"content":{"rendered":"<h2>Descri\u00e7\u00f5es:<\/h2>\n<p>The Amp Nova 51.2V 200Ah Lithium Battery is a high-performance energy storage solution specifically designed for residential applications. This battery module, integrated with an intelligent Battery Management System (BMS), excels in safety, cycle life, energy density, fast charging, temperature range, and environmental protection. Its sleek and modern design adds an aesthetic appeal to its functional benefits. Amp Nova is dedicated to delivering a safe and stable power supply for residential energy storage systems, and this 200Ah server rack battery module is a testament to that commitment.<\/p>\n<h2>Caracter\u00edsticas:<\/h2>\n<ul>\n<li><strong>C\u00e9lulas individuais LFP<\/strong>: Garante longa vida \u00fatil, seguran\u00e7a e ampla faixa de temperatura.<\/li>\n<li><strong>Densidade de alta energia<\/strong>: Fornece alta pot\u00eancia em um design pequeno e leve, sem polui\u00e7\u00e3o.<\/li>\n<li><strong>Carregamento r\u00e1pido<\/strong>: Alta efici\u00eancia para reposi\u00e7\u00e3o r\u00e1pida de energia.<\/li>\n<li><strong>BMS integrado<\/strong>: Protege tens\u00e3o, corrente e temperatura durante toda a vida \u00fatil.<\/li>\n<li><strong>Interface de comunica\u00e7\u00e3o integrada<\/strong>: Permite comunica\u00e7\u00e3o cont\u00ednua com o controlador do inversor.<\/li>\n<li><strong>Indicador LED<\/strong>: Exibe o estado de carga (SOC) e o status operacional.<\/li>\n<li><strong>M\u00f3dulo Padronizado<\/strong>: Suporta design paralelo e compatibilidade com uma variedade de inversores.<\/li>\n<li><strong>Longa vida \u00fatil do projeto<\/strong>: Oferece 15 anos de desempenho est\u00e1vel e n\u00e3o necessita de manuten\u00e7\u00e3o.<\/li>\n<\/ul>\n<h2>Especifica\u00e7\u00f5es:<\/h2>\n<table style=\"border-collapse: collapse; width: 548.42pt;\" border=\"0\" width=\"914\" cellspacing=\"0\" cellpadding=\"0\">\n<tbody>\n<tr style=\"height: 50.00pt;\">\n<td class=\"et4\" style=\"height: 50.00pt; width: 548.40pt;\" colspan=\"2\" width=\"914\" height=\"83\">Especifica\u00e7\u00f5es b\u00e1sicas<\/td>\n<\/tr>\n<tr style=\"height: 30.00pt;\">\n<td class=\"et5\" style=\"height: 30.00pt; width: 228.00pt;\" width=\"380\" height=\"50\">\u2022 Tens\u00e3o nominal<\/td>\n<td class=\"et5\" style=\"width: 320.40pt;\" width=\"534\">51,2V (16S)<\/td>\n<\/tr>\n<tr style=\"height: 30.00pt;\">\n<td class=\"et6\" style=\"height: 30.00pt; width: 228.00pt;\" width=\"380\" height=\"50\">\u2022 Capacidade Nominal<\/td>\n<td class=\"et6\" style=\"width: 320.40pt;\" width=\"534\">200 Ah<\/td>\n<\/tr>\n<tr style=\"height: 30.00pt;\">\n<td class=\"et5\" style=\"height: 30.00pt; width: 228.00pt;\" width=\"380\" height=\"50\">\u2022 Energia Nominal<\/td>\n<td class=\"et5\" style=\"width: 320.40pt;\" width=\"534\">10240Wh<\/td>\n<\/tr>\n<tr style=\"height: 30.00pt;\">\n<td class=\"et6\" style=\"height: 30.00pt; width: 228.00pt;\" width=\"380\" height=\"50\">\u2022 Ciclo da vida<\/td>\n<td class=\"et6\" style=\"width: 320.40pt;\" width=\"534\">6000 (0,5\u00b0C a 25\u00b0C, 80% DOD)<\/td>\n<\/tr>\n<tr style=\"height: 30.00pt;\">\n<td class=\"et5\" style=\"height: 30.00pt; width: 228.00pt;\" width=\"380\" height=\"50\">\u2022 Vida \u00fatil do projeto<\/td>\n<td class=\"et5\" style=\"width: 320.40pt;\" width=\"534\">15 anos<\/td>\n<\/tr>\n<tr style=\"height: 50.00pt;\">\n<td class=\"et7\" style=\"height: 50.00pt; width: 228.00pt;\" width=\"380\" height=\"83\">Especifica\u00e7\u00f5es F\u00edsicas<\/td>\n<td class=\"et6\" style=\"width: 320.40pt;\" width=\"534\"><\/td>\n<\/tr>\n<tr style=\"height: 30.00pt;\">\n<td class=\"et5\" style=\"height: 30.00pt; width: 228.00pt;\" width=\"380\" height=\"50\">\u2022 Dimens\u00f5es (C x L x A)<\/td>\n<td class=\"et5\" style=\"width: 320.40pt;\" width=\"534\">460*442*250mm<\/td>\n<\/tr>\n<tr style=\"height: 30.00pt;\">\n<td class=\"et6\" style=\"height: 30.00pt; width: 228.00pt;\" width=\"380\" height=\"50\">\u2022 Peso<\/td>\n<td class=\"et6\" style=\"width: 320.40pt;\" width=\"534\">85kg<\/td>\n<\/tr>\n<tr style=\"height: 30.00pt;\">\n<td class=\"et5\" style=\"height: 30.00pt; width: 228.00pt;\" width=\"380\" height=\"50\">\u2022 Material Cat\u00f3dico<\/td>\n<td class=\"et5\" style=\"width: 320.40pt;\" width=\"534\">Fosfato de ferro-l\u00edtio (LiFePo\u2084)<\/td>\n<\/tr>\n<tr style=\"height: 30.00pt;\">\n<td class=\"et6\" style=\"height: 30.00pt; width: 228.00pt;\" width=\"380\" height=\"50\">\u2022 Material da caixa<\/td>\n<td class=\"et6\" style=\"width: 320.40pt;\" width=\"534\">Metal<\/td>\n<\/tr>\n<tr style=\"height: 30.00pt;\">\n<td class=\"et5\" style=\"height: 30.00pt; width: 228.00pt;\" width=\"380\" height=\"50\">\u2022 Cor da caixa<\/td>\n<td class=\"et5\" style=\"width: 320.40pt;\" width=\"534\">Preto<\/td>\n<\/tr>\n<tr style=\"height: 30.00pt;\">\n<td class=\"et6\" style=\"height: 30.00pt; width: 228.00pt;\" width=\"380\" height=\"50\">\u2022 M\u00e9todo de exibi\u00e7\u00e3o<\/td>\n<td class=\"et6\" style=\"width: 320.40pt;\" width=\"534\">Tela LED+LCD<\/td>\n<\/tr>\n<tr style=\"height: 50.00pt;\">\n<td class=\"et8\" style=\"height: 50.00pt; width: 548.40pt;\" colspan=\"2\" width=\"914\" height=\"83\">Especifica\u00e7\u00f5es operacionais<\/td>\n<\/tr>\n<tr style=\"height: 30.00pt;\">\n<td class=\"et6\" style=\"height: 30.00pt; width: 228.00pt;\" width=\"380\" height=\"50\">\u2022 Alcance de voltagem<\/td>\n<td class=\"et6\" style=\"width: 320.40pt;\" width=\"534\">44,8-56V<\/td>\n<\/tr>\n<tr style=\"height: 30.00pt;\">\n<td class=\"et5\" style=\"height: 30.00pt; width: 228.00pt;\" width=\"380\" height=\"50\">\u2022 Tens\u00e3o de Corte<\/td>\n<td class=\"et5\" style=\"width: 320.40pt;\" width=\"534\">44,8 V<\/td>\n<\/tr>\n<tr style=\"height: 30.00pt;\">\n<td class=\"et6\" style=\"height: 30.00pt; width: 228.00pt;\" width=\"380\" height=\"50\">\u2022 Corrente de carga recomendada<\/td>\n<td class=\"et6\" style=\"width: 320.40pt;\" width=\"534\">\u2264100 A<\/td>\n<\/tr>\n<tr style=\"height: 30.00pt;\">\n<td class=\"et5\" style=\"height: 30.00pt; width: 228.00pt;\" width=\"380\" height=\"50\">\u2022 Corrente m\u00e1xima de carga<\/td>\n<td class=\"et5\" style=\"width: 320.40pt;\" width=\"534\">100A<\/td>\n<\/tr>\n<tr style=\"height: 30.00pt;\">\n<td class=\"et6\" style=\"height: 30.00pt; width: 228.00pt;\" width=\"380\" height=\"50\">\u2022 Corrente M\u00e1xima de Descarga<\/td>\n<td class=\"et6\" style=\"width: 320.40pt;\" width=\"534\">100A<\/td>\n<\/tr>\n<tr style=\"height: 50.00pt;\">\n<td class=\"et8\" style=\"height: 50.00pt; width: 548.40pt;\" colspan=\"2\" width=\"914\" height=\"83\">Especifica\u00e7\u00f5es Ambientais<\/td>\n<\/tr>\n<tr style=\"height: 30.00pt;\">\n<td class=\"et6\" style=\"height: 30.00pt; width: 228.00pt;\" width=\"380\" height=\"50\">\u2022 Humidade relativa<\/td>\n<td class=\"et6\" style=\"width: 320.40pt;\" width=\"534\">5-95%<\/td>\n<\/tr>\n<tr style=\"height: 30.00pt;\">\n<td class=\"et5\" style=\"height: 30.00pt; width: 228.00pt;\" width=\"380\" height=\"50\">\u2022 Temperatura de carregamento<\/td>\n<td class=\"et5\" style=\"width: 320.40pt;\" width=\"534\">-20 a 45\u00b0C \/ -4 a 113\u00b0F (aquecimento ativo quando abaixo de 0\u00b0C\/32\u00b0F)<\/td>\n<\/tr>\n<tr style=\"height: 30.00pt;\">\n<td class=\"et6\" style=\"height: 30.00pt; width: 228.00pt;\" width=\"380\" height=\"50\">\u2022 Faixa de temperatura de descarga<\/td>\n<td class=\"et6\" style=\"width: 320.40pt;\" width=\"534\">-20 a 55\u00b0C \/ -4 a 131\u00b0F<\/td>\n<\/tr>\n<tr style=\"height: 30.00pt;\">\n<td class=\"et5\" style=\"height: 30.00pt; width: 228.00pt;\" width=\"380\" height=\"50\">\u2022 Amplitude T\u00e9rmica de armazenamento<\/td>\n<td class=\"et5\" style=\"width: 320.40pt;\" width=\"534\">-20 a 55\u00b0C \/ -4 a 131\u00b0F<\/td>\n<\/tr>\n<tr style=\"height: 50.00pt;\">\n<td class=\"et7\" style=\"height: 50.00pt; width: 228.00pt;\" width=\"380\" height=\"83\">Certifica\u00e7\u00f5es<\/td>\n<td class=\"et6\" style=\"width: 320.40pt;\" width=\"534\"><\/td>\n<\/tr>\n<tr style=\"height: 30.00pt;\">\n<td class=\"et5\" style=\"height: 30.00pt; width: 228.00pt;\" width=\"380\" height=\"50\">\u2022 Seguran\u00e7a<\/td>\n<td class=\"et5\" style=\"width: 320.40pt;\" width=\"534\">Marca\u00e7\u00e3o, compatibilidade electr\u00f3nica, TUV (IEC62619)<\/td>\n<\/tr>\n<tr style=\"height: 30.00pt;\">\n<td class=\"et6\" style=\"height: 30.00pt; width: 228.00pt;\" width=\"380\" height=\"50\">\u2022 Transporte<\/td>\n<td class=\"et6\" style=\"width: 320.40pt;\" width=\"534\">ONU38.3<\/td>\n<\/tr>\n<\/tbody>\n<\/table>","protected":false},"excerpt":{"rendered":"<p>The Amp Nova 51.2V Lithium Ion Battery 200Ah is a robust energy storage solution offering high capacity for applications demanding reliable and efficient power supply. Its rack-mounted design facilitates easy installation and scalability, making it an excellent choice for data centers, telecom systems, and various commercial and industrial environments. This 200Ah model ensures consistent performance and power supply, meeting the rigorous demands of your power needs.<\/p>","protected":false},"featured_media":5015,"comment_status":"open","ping_status":"closed","template":"","meta":[],"product_cat":[66],"product_tag":[],"class_list":["post-5014","product","type-product","status-publish","has-post-thumbnail","hentry","product_cat-server-rack-battery"],"acf":[],"_links":{"self":[{"href":"https:\/\/solarbatterymanufacturer.com\/pt\/wp-json\/wp\/v2\/product\/5014","targetHints":{"allow":["GET"]}}],"collection":[{"href":"https:\/\/solarbatterymanufacturer.com\/pt\/wp-json\/wp\/v2\/product"}],"about":[{"href":"https:\/\/solarbatterymanufacturer.com\/pt\/wp-json\/wp\/v2\/types\/product"}],"replies":[{"embeddable":true,"href":"https:\/\/solarbatterymanufacturer.com\/pt\/wp-json\/wp\/v2\/comments?post=5014"}],"version-history":[{"count":1,"href":"https:\/\/solarbatterymanufacturer.com\/pt\/wp-json\/wp\/v2\/product\/5014\/revisions"}],"predecessor-version":[{"id":5018,"href":"https:\/\/solarbatterymanufacturer.com\/pt\/wp-json\/wp\/v2\/product\/5014\/revisions\/5018"}],"wp:featuredmedia":[{"embeddable":true,"href":"https:\/\/solarbatterymanufacturer.com\/pt\/wp-json\/wp\/v2\/media\/5015"}],"wp:attachment":[{"href":"https:\/\/solarbatterymanufacturer.com\/pt\/wp-json\/wp\/v2\/media?parent=5014"}],"wp:term":[{"taxonomy":"product_cat","embeddable":true,"href":"https:\/\/solarbatterymanufacturer.com\/pt\/wp-json\/wp\/v2\/product_cat?post=5014"},{"taxonomy":"product_tag","embeddable":true,"href":"https:\/\/solarbatterymanufacturer.com\/pt\/wp-json\/wp\/v2\/product_tag?post=5014"}],"curies":[{"name":"wp","href":"https:\/\/api.w.org\/{rel}","templated":true}]}}