{"id":1015,"date":"2021-10-27T12:14:03","date_gmt":"2021-10-27T12:14:03","guid":{"rendered":"http:\/\/bsmthemes.com\/electra\/?post_type=product&#038;p=1015"},"modified":"2023-05-06T03:34:19","modified_gmt":"2023-05-06T03:34:19","slug":"solar-module","status":"publish","type":"product","link":"https:\/\/solarbatterymanufacturer.com\/vi\/amp-nova-12.8v-100ah-lead-acid-replacement-battery","title":{"rendered":"Pin thay th\u1ebf axit ch\u00ec Amp Nova 12.8V 100Ah"},"content":{"rendered":"<div data-elementor-type=\"product-post\" data-elementor-id=\"1015\" class=\"elementor elementor-1015\">\n\t\t\t\t\t\t\t\t\t<section class=\"elementor-section elementor-top-section elementor-element elementor-element-5c873225 elementor-section-boxed elementor-section-height-default elementor-section-height-default\" data-id=\"5c873225\" data-element_type=\"section\">\n\t\t\t\t\t\t<div class=\"elementor-container elementor-column-gap-default\">\n\t\t\t\t\t<div class=\"elementor-column elementor-col-100 elementor-top-column elementor-element elementor-element-121529e3\" data-id=\"121529e3\" data-element_type=\"column\">\n\t\t\t<div class=\"elementor-widget-wrap elementor-element-populated\">\n\t\t\t\t\t\t\t\t<div class=\"elementor-element elementor-element-12fe4546 elementor-widget elementor-widget-text-editor\" data-id=\"12fe4546\" data-element_type=\"widget\" data-widget_type=\"text-editor.default\">\n\t\t\t\t<div class=\"elementor-widget-container\">\n\t\t\t<style>\/*! elementor - v3.12.1 - 02-04-2023 *\/\n.elementor-widget-text-editor.elementor-drop-cap-view-stacked .elementor-drop-cap{background-color:#69727d;color:#fff}.elementor-widget-text-editor.elementor-drop-cap-view-framed .elementor-drop-cap{color:#69727d;border:3px solid;background-color:transparent}.elementor-widget-text-editor:not(.elementor-drop-cap-view-default) .elementor-drop-cap{margin-top:8px}.elementor-widget-text-editor:not(.elementor-drop-cap-view-default) .elementor-drop-cap-letter{width:1em;height:1em}.elementor-widget-text-editor .elementor-drop-cap{float:left;text-align:center;line-height:1;font-size:50px}.elementor-widget-text-editor .elementor-drop-cap-letter{display:inline-block}<\/style>\t\t\t\t<h2>M\u00f4 t\u1ea3:<\/h2><p>M\u00f4-\u0111un pin lithium iron phosphate (LFP) 12V100Ah \u0111\u01b0\u1ee3c Amp Nova thi\u1ebft k\u1ebf \u0111\u1eb7c bi\u1ec7t cho nhi\u1ec1u \u1ee9ng d\u1ee5ng. C\u00e1c m\u00f4-\u0111un pin n\u00e0y s\u1eed d\u1ee5ng thi\u1ebft k\u1ebf v\u1ecf ABS v\u00e0 c\u00f3 th\u1ec3 s\u1eed d\u1ee5ng 24\/7. C\u00e1c m\u00f4-\u0111un pin s\u1edf h\u1eefu BMS th\u00f4ng minh \u0111\u01b0\u1ee3c t\u00edch h\u1ee3p b\u00ean trong, mang l\u1ea1i nh\u1eefng l\u1ee3i th\u1ebf l\u1edbn v\u1ec1 \u0111\u1ed9 an to\u00e0n, v\u00f2ng \u0111\u1eddi, m\u1eadt \u0111\u1ed9 n\u0103ng l\u01b0\u1ee3ng v\u00e0 ph\u1ea1m vi nhi\u1ec7t \u0111\u1ed9.<\/p><h2>\u0110\u1eb7c tr\u01b0ng:<\/h2><ul><li><p style=\"-webkit-font-smoothing: antialiased; --tw-border-spacing-x: 0; --tw-border-spacing-y: 0; --tw-translate-x: 0; --tw-translate-y: 0; --tw-rotate: 0; --tw-skew-x: 0; --tw-skew-y: 0; --tw-scale-x: 1; --tw-scale-y: 1; --tw-scroll-snap-strictness: proximity; --tw-ring-offset-width: 0px; --tw-ring-offset-color: #fff; --tw-ring-color: rgb(59 130 246 \/ 0.5); --tw-ring-offset-shadow: 0 0 #0000; --tw-ring-shadow: 0 0 #0000; --tw-shadow: 0 0 #0000; --tw-shadow-colored: 0 0 #0000; margin-top: 24px; color: #282828; font-family: 'Ridley Grotesk Medium'; font-size: 14px;\"><strong><span style=\"-webkit-font-smoothing: antialiased; --tw-border-spacing-x: 0; --tw-border-spacing-y: 0; --tw-translate-x: 0; --tw-translate-y: 0; --tw-rotate: 0; --tw-skew-x: 0; --tw-skew-y: 0; --tw-scale-x: 1; --tw-scale-y: 1; --tw-scroll-snap-strictness: proximity; --tw-ring-offset-width: 0px; --tw-ring-offset-color: #fff; --tw-ring-color: rgb(59 130 246 \/ 0.5); --tw-ring-offset-shadow: 0 0 #0000; --tw-ring-shadow: 0 0 #0000; --tw-shadow: 0 0 #0000; --tw-shadow-colored: 0 0 #0000;\" data-mce-fragment=\"1\">[S\u01b0\u1edfi nhi\u1ec7t \u0111\u1ed9 th\u1ea5p] <\/span><\/strong>Khi k\u1ebft n\u1ed1i v\u1edbi ngu\u1ed3n \u0111i\u1ec7n b\u00ean ngo\u00e0i, t\u1ea5t c\u1ea3 c\u00e1c lo\u1ea1i pin \u0111a n\u0103ng c\u1ee7a ch\u00fang t\u00f4i \u0111\u1ec1u c\u00f3 th\u1ec3 \u0111\u01b0\u1ee3c l\u00e0m n\u00f3ng \u0111\u1ec3 \u0111\u1ea3m b\u1ea3o ho\u1ea1t \u0111\u1ed9ng b\u00ecnh th\u01b0\u1eddng v\u00e0 s\u1ea1c \u1edf nhi\u1ec7t \u0111\u1ed9 th\u1ea5p \u0111\u1ebfn -\u00a0<span style=\"-webkit-font-smoothing: antialiased; --tw-border-spacing-x: 0; --tw-border-spacing-y: 0; --tw-translate-x: 0; --tw-translate-y: 0; --tw-rotate: 0; --tw-skew-x: 0; --tw-skew-y: 0; --tw-scale-x: 1; --tw-scale-y: 1; --tw-scroll-snap-strictness: proximity; --tw-ring-offset-width: 0px; --tw-ring-offset-color: #fff; --tw-ring-color: rgb(59 130 246 \/ 0.5); --tw-ring-offset-shadow: 0 0 #0000; --tw-ring-shadow: 0 0 #0000; --tw-shadow: 0 0 #0000; --tw-shadow-colored: 0 0 #0000;\" data-mce-fragment=\"1\">20\u00b0C (-5\u00b0F)<\/span>.<\/p><p style=\"-webkit-font-smoothing: antialiased; --tw-border-spacing-x: 0; --tw-border-spacing-y: 0; --tw-translate-x: 0; --tw-translate-y: 0; --tw-rotate: 0; --tw-skew-x: 0; --tw-skew-y: 0; --tw-scale-x: 1; --tw-scale-y: 1; --tw-scroll-snap-strictness: proximity; --tw-ring-offset-width: 0px; --tw-ring-offset-color: #fff; --tw-ring-color: rgb(59 130 246 \/ 0.5); --tw-ring-offset-shadow: 0 0 #0000; --tw-ring-shadow: 0 0 #0000; --tw-shadow: 0 0 #0000; --tw-shadow-colored: 0 0 #0000; margin-top: 24px; color: #282828; font-family: 'Ridley Grotesk Medium'; font-size: 14px;\"><strong><span style=\"-webkit-font-smoothing: antialiased; --tw-border-spacing-x: 0; --tw-border-spacing-y: 0; --tw-translate-x: 0; --tw-translate-y: 0; --tw-rotate: 0; --tw-skew-x: 0; --tw-skew-y: 0; --tw-scale-x: 1; --tw-scale-y: 1; --tw-scroll-snap-strictness: proximity; --tw-ring-offset-width: 0px; --tw-ring-offset-color: #fff; --tw-ring-color: rgb(59 130 246 \/ 0.5); --tw-ring-offset-shadow: 0 0 #0000; --tw-ring-shadow: 0 0 #0000; --tw-shadow: 0 0 #0000; --tw-shadow-colored: 0 0 #0000;\" data-mce-fragment=\"1\">[Bluetooth]<\/span><\/strong>\u00a0K\u1ebft n\u1ed1i v\u1edbi pin c\u1ee7a b\u1ea1n qua Bluetooth b\u1eb1ng \u1ee9ng d\u1ee5ng di \u0111\u1ed9ng c\u1ee7a ch\u00fang t\u00f4i \u0111\u1ec3 theo d\u00f5i li\u00ean t\u1ee5c, theo th\u1eddi gian th\u1ef1c v\u1ec1 tr\u1ea1ng th\u00e1i s\u1ea1c, nhi\u1ec7t \u0111\u1ed9 v\u00e0 t\u00ecnh tr\u1ea1ng c\u1ee7a pin.<\/p><p>\u00a0<\/p><p class=\"ace-line ace-line old-record-id-doxcnyygeqa2i20q84BXrkmJ9tb\" style=\"-webkit-font-smoothing: antialiased; --tw-border-spacing-x: 0; --tw-border-spacing-y: 0; --tw-translate-x: 0; --tw-translate-y: 0; --tw-rotate: 0; --tw-skew-x: 0; --tw-skew-y: 0; --tw-scale-x: 1; --tw-scale-y: 1; --tw-scroll-snap-strictness: proximity; --tw-ring-offset-width: 0px; --tw-ring-offset-color: #fff; --tw-ring-color: rgb(59 130 246 \/ 0.5); --tw-ring-offset-shadow: 0 0 #0000; --tw-ring-shadow: 0 0 #0000; --tw-shadow: 0 0 #0000; --tw-shadow-colored: 0 0 #0000;\" data-mce-fragment=\"1\"><strong><span style=\"-webkit-font-smoothing: antialiased; --tw-border-spacing-x: 0; --tw-border-spacing-y: 0; --tw-translate-x: 0; --tw-translate-y: 0; --tw-rotate: 0; --tw-skew-x: 0; --tw-skew-y: 0; --tw-scale-x: 1; --tw-scale-y: 1; --tw-scroll-snap-strictness: proximity; --tw-ring-offset-width: 0px; --tw-ring-offset-color: #fff; --tw-ring-color: rgb(59 130 246 \/ 0.5); --tw-ring-offset-shadow: 0 0 #0000; --tw-ring-shadow: 0 0 #0000; --tw-shadow: 0 0 #0000; --tw-shadow-colored: 0 0 #0000;\" data-mce-fragment=\"1\">[IP65]<\/span><\/strong>\u00a0<span style=\"-webkit-font-smoothing: antialiased; --tw-border-spacing-x: 0; --tw-border-spacing-y: 0; --tw-translate-x: 0; --tw-translate-y: 0; --tw-rotate: 0; --tw-skew-x: 0; --tw-skew-y: 0; --tw-scale-x: 1; --tw-scale-y: 1; --tw-scroll-snap-strictness: proximity; --tw-ring-offset-width: 0px; --tw-ring-offset-color: #fff; --tw-ring-color: rgb(59 130 246 \/ 0.5); --tw-ring-offset-shadow: 0 0 #0000; --tw-ring-shadow: 0 0 #0000; --tw-shadow: 0 0 #0000; --tw-shadow-colored: 0 0 #0000;\" data-mce-fragment=\"1\">\u0110\u1ea3m b\u1ea3o s\u1ef1 an t\u00e2m trong chuy\u1ebfn phi\u00eau l\u01b0u c\u00e2u c\u00e1 ho\u1eb7c th\u1ec3 thao d\u01b0\u1edbi n\u01b0\u1edbc ti\u1ebfp theo c\u1ee7a b\u1ea1n. Pin c\u1ee7a ch\u00fang t\u00f4i \u0111\u01b0\u1ee3c b\u1ea3o v\u1ec7 ho\u00e0n to\u00e0n theo ti\u00eau chu\u1ea9n IP65 ch\u1ed1ng b\u1ee5i v\u00e0 c\u00f3 kh\u1ea3 n\u0103ng b\u1ea3o v\u1ec7 \u0111\u00e1ng k\u1ec3 ch\u1ed1ng l\u1ea1i tia n\u01b0\u1edbc v\u00e0 tia n\u01b0\u1edbc, khi\u1ebfn ch\u00fang ph\u00f9 h\u1ee3p v\u1edbi h\u1ea7u h\u1ebft m\u1ecdi \u1ee9ng d\u1ee5ng.<\/span><\/p><p class=\"ace-line ace-line old-record-id-doxcnyygeqa2i20q84BXrkmJ9tb\" style=\"-webkit-font-smoothing: antialiased; --tw-border-spacing-x: 0; --tw-border-spacing-y: 0; --tw-translate-x: 0; --tw-translate-y: 0; --tw-rotate: 0; --tw-skew-x: 0; --tw-skew-y: 0; --tw-scale-x: 1; --tw-scale-y: 1; --tw-scroll-snap-strictness: proximity; --tw-ring-offset-width: 0px; --tw-ring-offset-color: #fff; --tw-ring-color: rgb(59 130 246 \/ 0.5); --tw-ring-offset-shadow: 0 0 #0000; --tw-ring-shadow: 0 0 #0000; --tw-shadow: 0 0 #0000; --tw-shadow-colored: 0 0 #0000; margin-top: 24px;\" data-mce-fragment=\"1\"><span style=\"-webkit-font-smoothing: antialiased; --tw-border-spacing-x: 0; --tw-border-spacing-y: 0; --tw-translate-x: 0; --tw-translate-y: 0; --tw-rotate: 0; --tw-skew-x: 0; --tw-skew-y: 0; --tw-scale-x: 1; --tw-scale-y: 1; --tw-scroll-snap-strictness: proximity; --tw-ring-offset-width: 0px; --tw-ring-offset-color: #fff; --tw-ring-color: rgb(59 130 246 \/ 0.5); --tw-ring-offset-shadow: 0 0 #0000; --tw-ring-shadow: 0 0 #0000; --tw-shadow: 0 0 #0000; --tw-shadow-colored: 0 0 #0000;\" data-mce-fragment=\"1\"><strong><span style=\"-webkit-font-smoothing: antialiased; --tw-border-spacing-x: 0; --tw-border-spacing-y: 0; --tw-translate-x: 0; --tw-translate-y: 0; --tw-rotate: 0; --tw-skew-x: 0; --tw-skew-y: 0; --tw-scale-x: 1; --tw-scale-y: 1; --tw-scroll-snap-strictness: proximity; --tw-ring-offset-width: 0px; --tw-ring-offset-color: #fff; --tw-ring-color: rgb(59 130 246 \/ 0.5); --tw-ring-offset-shadow: 0 0 #0000; --tw-ring-shadow: 0 0 #0000; --tw-shadow: 0 0 #0000; --tw-shadow-colored: 0 0 #0000;\" data-mce-fragment=\"1\">[Thi\u1ebft k\u1ebf c\u00f3 th\u1ec3 th\u00e1o r\u1eddi]<\/span><\/strong> Thi\u1ebft k\u1ebf c\u00f3 th\u1ec3 th\u00e1o r\u1eddi \u0111\u1ea3m b\u1ea3o kh\u1ea3 n\u0103ng b\u1ea3o tr\u00ec t\u1ed1t c\u1ee7a pin v\u00e0 tr\u00e1nh h\u01b0 h\u1ecfng v\u1ecf trong qu\u00e1 tr\u00ecnh s\u1eeda ch\u1eefa c\u00f3 th\u1ec3. (Vi\u1ec7c s\u1eeda ch\u1eefa c\u1ea7n c\u00f3 k\u1ef9 s\u01b0 \u0111\u01b0\u1ee3c \u0111\u00e0o t\u1ea1o v\u00e0 thi\u1ebft b\u1ecb chuy\u00ean nghi\u1ec7p, \u0111\u1ed3ng th\u1eddi vi\u1ec7c v\u1eadn h\u00e0nh kh\u00f4ng chuy\u00ean nghi\u1ec7p c\u00f3 th\u1ec3 d\u1eabn \u0111\u1ebfn x\u1ebfp h\u1ea1ng b\u1ea3o v\u1ec7 IP th\u1ea5p h\u01a1n, cu\u1ed1i c\u00f9ng \u1ea3nh h\u01b0\u1edfng \u0111\u1ebfn ch\u1ebf \u0111\u1ed9 b\u1ea3o h\u00e0nh s\u1ea3n ph\u1ea9m c\u1ee7a b\u1ea1n).<\/span><\/p><p class=\"ace-line ace-line old-record-id-doxcn80cGMMqK4Kig0WiWDlgBDc\" style=\"-webkit-font-smoothing: antialiased; --tw-border-spacing-x: 0; --tw-border-spacing-y: 0; --tw-translate-x: 0; --tw-translate-y: 0; --tw-rotate: 0; --tw-skew-x: 0; --tw-skew-y: 0; --tw-scale-x: 1; --tw-scale-y: 1; --tw-scroll-snap-strictness: proximity; --tw-ring-offset-width: 0px; --tw-ring-offset-color: #fff; --tw-ring-color: rgb(59 130 246 \/ 0.5); --tw-ring-offset-shadow: 0 0 #0000; --tw-ring-shadow: 0 0 #0000; --tw-shadow: 0 0 #0000; --tw-shadow-colored: 0 0 #0000; margin-top: 24px;\" data-mce-fragment=\"1\"><strong><span style=\"-webkit-font-smoothing: antialiased; --tw-border-spacing-x: 0; --tw-border-spacing-y: 0; --tw-translate-x: 0; --tw-translate-y: 0; --tw-rotate: 0; --tw-skew-x: 0; --tw-skew-y: 0; --tw-scale-x: 1; --tw-scale-y: 1; --tw-scroll-snap-strictness: proximity; --tw-ring-offset-width: 0px; --tw-ring-offset-color: #fff; --tw-ring-color: rgb(59 130 246 \/ 0.5); --tw-ring-offset-shadow: 0 0 #0000; --tw-ring-shadow: 0 0 #0000; --tw-shadow: 0 0 #0000; --tw-shadow-colored: 0 0 #0000;\">[BMS \u0111\u00e1ng tin c\u1eady]<\/span><\/strong>\u00a0BMS th\u00f4ng minh c\u1ee7a ch\u00fang t\u00f4i (h\u1ec7 th\u1ed1ng qu\u1ea3n l\u00fd pin) cung c\u1ea5p kh\u1ea3 n\u0103ng ng\u0103n ng\u1eeba \u0111o\u1ea3n m\u1ea1ch v\u00e0 qu\u00e1\/th\u1ea5p \u0111i\u1ec7n \u00e1p lu\u00f4n b\u1eadt c\u0169ng nh\u01b0 theo d\u00f5i nhi\u1ec7t \u0111\u1ed9.<\/p><p class=\"ace-line ace-line old-record-id-doxcn80cGMMqK4Kig0WiWDlgBDc\" style=\"-webkit-font-smoothing: antialiased; --tw-border-spacing-x: 0; --tw-border-spacing-y: 0; --tw-translate-x: 0; --tw-translate-y: 0; --tw-rotate: 0; --tw-skew-x: 0; --tw-skew-y: 0; --tw-scale-x: 1; --tw-scale-y: 1; --tw-scroll-snap-strictness: proximity; --tw-ring-offset-width: 0px; --tw-ring-offset-color: #fff; --tw-ring-color: rgb(59 130 246 \/ 0.5); --tw-ring-offset-shadow: 0 0 #0000; --tw-ring-shadow: 0 0 #0000; --tw-shadow: 0 0 #0000; --tw-shadow-colored: 0 0 #0000; margin-top: 24px; margin-bottom: 0px !important;\" data-mce-fragment=\"1\"><strong><span style=\"-webkit-font-smoothing: antialiased; --tw-border-spacing-x: 0; --tw-border-spacing-y: 0; --tw-translate-x: 0; --tw-translate-y: 0; --tw-rotate: 0; --tw-skew-x: 0; --tw-skew-y: 0; --tw-scale-x: 1; --tw-scale-y: 1; --tw-scroll-snap-strictness: proximity; --tw-ring-offset-width: 0px; --tw-ring-offset-color: #fff; --tw-ring-color: rgb(59 130 246 \/ 0.5); --tw-ring-offset-shadow: 0 0 #0000; --tw-ring-shadow: 0 0 #0000; --tw-shadow: 0 0 #0000; --tw-shadow-colored: 0 0 #0000;\">[C\u00e2n b\u1eb1ng th\u00f4ng minh]<\/span><\/strong>\u00a0M\u1ea1ch c\u00e2n b\u1eb1ng t\u00edch h\u1ee3p c\u1ee7a ch\u00fang t\u00f4i gi\u00fap k\u00e9o d\u00e0i tu\u1ed5i th\u1ecd ho\u1ea1t \u0111\u1ed9ng c\u1ee7a pin b\u1eb1ng c\u00e1ch \u0111\u1ea3m b\u1ea3o t\u1ea5t c\u1ea3 c\u00e1c cell pin \u0111\u1ec1u \u0111\u01b0\u1ee3c s\u1eed d\u1ee5ng nh\u01b0 nhau.<\/p><p>\u00a0<\/p><\/li><\/ul><h2>Th\u00f4ng s\u1ed1 k\u1ef9 thu\u1eadt<\/h2><div><table style=\"width: 745px; height: 1327px;\" border=\"0\" width=\"645\" cellspacing=\"0\" cellpadding=\"0\"><colgroup><col style=\"width: 251.40pt;\" width=\"419\" \/> <col style=\"width: 135.60pt;\" width=\"226\" \/> <\/colgroup><tbody><tr style=\"height: 30.00pt;\"><td class=\"et3\" style=\"height: 30.00pt; width: 387.00pt;\" colspan=\"2\" width=\"645\" height=\"50\"><h4>Th\u00f4ng s\u1ed1 k\u1ef9 thu\u1eadt c\u01a1 b\u1ea3n<\/h4><\/td><\/tr><tr style=\"height: 30.00pt;\"><td class=\"et4\" style=\"height: 30.00pt; width: 251.40pt;\" width=\"419\" height=\"50\">\u2022 \u0110i\u1ec7n \u00e1p \u0111\u1ecbnh m\u1ee9c<\/td><td class=\"et4\" style=\"width: 135.60pt;\" width=\"226\">12,8 V<\/td><\/tr><tr style=\"height: 30.00pt;\"><td class=\"et5\" style=\"height: 30.00pt; width: 251.40pt;\" width=\"419\" height=\"50\">\u2022 C\u00f4ng su\u1ea5t \u0111\u1ecbnh m\u1ee9c<\/td><td class=\"et5\" style=\"width: 135.60pt;\" width=\"226\">100 gi\u1edd<\/td><\/tr><tr style=\"height: 30.00pt;\"><td class=\"et4\" style=\"height: 30.00pt; width: 251.40pt;\" width=\"419\" height=\"50\">\u2022 N\u0103ng l\u01b0\u1ee3ng \u0111\u1ecbnh m\u1ee9c<\/td><td class=\"et4\" style=\"width: 135.60pt;\" width=\"226\">1280 Wh<\/td><\/tr><tr style=\"height: 30.00pt;\"><td class=\"et5\" style=\"height: 30.00pt; width: 251.40pt;\" width=\"419\" height=\"50\">\u2022 Chu k\u1ef3 cu\u1ed9c s\u1ed1ng<\/td><td class=\"et5\" style=\"width: 135.60pt;\" width=\"226\">6000 (0,5C@25\u00b0C, 80% DOD)<\/td><\/tr><tr style=\"height: 30.00pt;\"><td class=\"et4\" style=\"height: 30.00pt; width: 251.40pt;\" width=\"419\" height=\"50\">\u2022 Tu\u1ed5i th\u1ecd thi\u1ebft k\u1ebf<\/td><td class=\"et4\" style=\"width: 135.60pt;\" width=\"226\">15 n\u0103m<\/td><\/tr><tr style=\"height: 46.00pt;\"><td class=\"et3\" style=\"height: 46.00pt; width: 387.00pt;\" colspan=\"2\" width=\"645\" height=\"76\"><h4>th\u00f4ng s\u1ed1 v\u1eadt l\u00fd<\/h4><\/td><\/tr><tr style=\"height: 30.00pt;\"><td class=\"et4\" style=\"height: 30.00pt; width: 251.40pt;\" width=\"419\" height=\"50\">\u2022 K\u00edch th\u01b0\u1edbc (L x W x H)<\/td><td class=\"et4\" style=\"width: 135.60pt;\" width=\"226\">12,99 x 6,77 x 8,66 inch \/ 330 x 172 x 220 mm<\/td><\/tr><tr style=\"height: 30.00pt;\"><td class=\"et5\" style=\"height: 30.00pt; width: 251.40pt;\" width=\"419\" height=\"50\">\u2022 C\u00e2n n\u1eb7ng<\/td><td class=\"et5\" style=\"width: 135.60pt;\" width=\"226\">24,64 pound \/ 11,2 kg<\/td><\/tr><tr style=\"height: 30.00pt;\"><td class=\"et4\" style=\"height: 30.00pt; width: 251.40pt;\" width=\"419\" height=\"50\">\u2022 V\u1eadt li\u1ec7u cat\u00f4t<\/td><td class=\"et4\" style=\"width: 135.60pt;\" width=\"226\">Liti S\u1eaft Phosphate (LiFePo\u2084)<\/td><\/tr><tr style=\"height: 30.00pt;\"><td class=\"et5\" style=\"height: 30.00pt; width: 251.40pt;\" width=\"419\" height=\"50\">\u2022 Ch\u1ea5t li\u1ec7u v\u1ecf<\/td><td class=\"et5\" style=\"width: 135.60pt;\" width=\"226\">ABS (Acrylonitrile butadiene styrene)<\/td><\/tr><tr style=\"height: 30.00pt;\"><td class=\"et4\" style=\"height: 30.00pt; width: 251.40pt;\" width=\"419\" height=\"50\">\u2022 M\u00e0u v\u1ecf<\/td><td class=\"et4\" style=\"width: 135.60pt;\" width=\"226\">\u0110en<\/td><\/tr><tr style=\"height: 30.00pt;\"><td class=\"et5\" style=\"height: 30.00pt; width: 251.40pt;\" width=\"419\" height=\"50\">\u2022 K\u1ebft n\u1ed1i<\/td><td class=\"et5\" style=\"width: 135.60pt;\" width=\"226\">Bluetooth<\/td><\/tr><tr style=\"height: 30.00pt;\"><td class=\"et3\" style=\"height: 30.00pt; width: 387.00pt;\" colspan=\"2\" width=\"645\" height=\"50\"><strong>Th\u00f4ng s\u1ed1 v\u1eadn h\u00e0nh<\/strong><\/td><\/tr><tr style=\"height: 30.00pt;\"><td class=\"et5\" style=\"height: 30.00pt; width: 251.40pt;\" width=\"419\" height=\"50\">\u2022 D\u1ea3i \u0111i\u1ec7n \u00e1p<\/td><td class=\"et5\" style=\"width: 135.60pt;\" width=\"226\">10-14 V<\/td><\/tr><tr style=\"height: 30.00pt;\"><td class=\"et4\" style=\"height: 30.00pt; width: 251.40pt;\" width=\"419\" height=\"50\">\u2022 \u0110i\u1ec7n \u00e1p c\u1eaft<\/td><td class=\"et4\" style=\"width: 135.60pt;\" width=\"226\">10 V<\/td><\/tr><tr style=\"height: 30.00pt;\"><td class=\"et5\" style=\"height: 30.00pt; width: 251.40pt;\" width=\"419\" height=\"50\">\u2022 D\u00f2ng s\u1ea1c khuy\u1ebfn ngh\u1ecb<\/td><td class=\"et5\" style=\"width: 135.60pt;\" width=\"226\">30 A<\/td><\/tr><tr style=\"height: 30.00pt;\"><td class=\"et4\" style=\"height: 30.00pt; width: 251.40pt;\" width=\"419\" height=\"50\">\u2022 D\u00f2ng \u0111i\u1ec7n s\u1ea1c t\u1ed1i \u0111a<\/td><td class=\"et4\" style=\"width: 135.60pt;\" width=\"226\">100 A<\/td><\/tr><tr style=\"height: 30.00pt;\"><td class=\"et5\" style=\"height: 30.00pt; width: 251.40pt;\" width=\"419\" height=\"50\">\u2022 D\u00f2ng x\u1ea3 t\u1ed1i \u0111a<\/td><td class=\"et5\" style=\"width: 135.60pt;\" width=\"226\">100 A (kh\u00f4ng \u0111\u1ed5i), 150 A (xung 30 gi\u00e2y)<\/td><\/tr><tr style=\"height: 30.00pt;\"><td class=\"et3\" style=\"height: 30.00pt; width: 387.00pt;\" colspan=\"2\" width=\"645\" height=\"50\"><h4>Th\u00f4ng s\u1ed1 k\u1ef9 thu\u1eadt m\u00f4i tr\u01b0\u1eddng<\/h4><\/td><\/tr><tr style=\"height: 30.00pt;\"><td class=\"et5\" style=\"height: 30.00pt; width: 251.40pt;\" width=\"419\" height=\"50\">\u2022 \u0110\u1ed9 \u1ea9m t\u01b0\u01a1ng \u0111\u1ed1i<\/td><td class=\"et5\" style=\"width: 135.60pt;\" width=\"226\">5-95%<\/td><\/tr><tr style=\"height: 30.00pt;\"><td class=\"et4\" style=\"height: 30.00pt; width: 251.40pt;\" width=\"419\" height=\"50\">\u2022 Nhi\u1ec7t \u0111\u1ed9 s\u1ea1c<\/td><td class=\"et4\" style=\"width: 135.60pt;\" width=\"226\">-20 \u0111\u1ebfn 45\u00b0C \/ -4 \u0111\u1ebfn 113\u00b0F (ho\u1ea1t \u0111\u1ed9ng s\u01b0\u1edfi \u1ea5m khi nhi\u1ec7t \u0111\u1ed9 d\u01b0\u1edbi 0\u00b0C \/ 32\u00b0F)<\/td><\/tr><tr style=\"height: 30.00pt;\"><td class=\"et5\" style=\"height: 30.00pt; width: 251.40pt;\" width=\"419\" height=\"50\">\u2022 Ph\u1ea1m vi nhi\u1ec7t \u0111\u1ed9 x\u1ea3<\/td><td class=\"et5\" style=\"width: 135.60pt;\" width=\"226\">-20 \u0111\u1ebfn 55\u00b0C \/ -4 \u0111\u1ebfn 131\u00b0F<\/td><\/tr><tr style=\"height: 30.00pt;\"><td class=\"et4\" style=\"height: 30.00pt; width: 251.40pt;\" width=\"419\" height=\"50\">\u2022 Ph\u1ea1m vi nhi\u1ec7t \u0111\u1ed9 b\u1ea3o qu\u1ea3n<\/td><td class=\"et4\" style=\"width: 135.60pt;\" width=\"226\">-20 \u0111\u1ebfn 55\u00b0C \/ -4 \u0111\u1ebfn 131\u00b0F<\/td><\/tr><tr style=\"height: 30.00pt;\"><td class=\"et3\" style=\"height: 30.00pt; width: 387.00pt;\" colspan=\"2\" width=\"645\" height=\"50\"><h4>Ch\u1ee9ng nh\u1eadn<\/h4><\/td><\/tr><tr style=\"height: 30.00pt;\"><td class=\"et4\" style=\"height: 30.00pt; width: 251.40pt;\" width=\"419\" height=\"50\">\u2022 S\u1ef1 an to\u00e0n<\/td><td class=\"et4\" style=\"width: 135.60pt;\" width=\"226\">UL1973<\/td><\/tr><tr style=\"height: 30.00pt;\"><td class=\"et6\" style=\"height: 30.00pt; width: 251.40pt;\" width=\"419\" height=\"50\">\u2022 V\u1eadn t\u1ea3i<\/td><td class=\"et6\" style=\"width: 135.60pt;\" width=\"226\">UN38.3<\/td><\/tr><\/tbody><\/table><\/div><div>\u00a0<\/div>\t\t\t\t\t\t<\/div>\n\t\t\t\t<\/div>\n\t\t\t\t\t<\/div>\n\t\t<\/div>\n\t\t\t\t\t\t\t<\/div>\n\t\t<\/section>\n\t\t\t\t\t\t\t<\/div>","protected":false},"excerpt":{"rendered":"<p>M\u00f4-\u0111un pin lithium iron phosphate (LFP) 12V100Ah \u0111\u01b0\u1ee3c Amp Nova thi\u1ebft k\u1ebf \u0111\u1eb7c bi\u1ec7t cho nhi\u1ec1u \u1ee9ng d\u1ee5ng. C\u00e1c m\u00f4-\u0111un pin n\u00e0y s\u1eed d\u1ee5ng thi\u1ebft k\u1ebf v\u1ecf ABS v\u00e0 c\u00f3 th\u1ec3 s\u1eed d\u1ee5ng 24\/7. C\u00e1c m\u00f4-\u0111un pin s\u1edf h\u1eefu BMS th\u00f4ng minh \u0111\u01b0\u1ee3c t\u00edch h\u1ee3p b\u00ean trong, mang l\u1ea1i nh\u1eefng l\u1ee3i th\u1ebf l\u1edbn v\u1ec1 \u0111\u1ed9 an to\u00e0n, v\u00f2ng \u0111\u1eddi, m\u1eadt \u0111\u1ed9 n\u0103ng l\u01b0\u1ee3ng v\u00e0 ph\u1ea1m vi nhi\u1ec7t \u0111\u1ed9.<\/p>","protected":false},"featured_media":2159,"comment_status":"open","ping_status":"closed","template":"","meta":[],"product_cat":[65],"product_tag":[],"class_list":["post-1015","product","type-product","status-publish","has-post-thumbnail","hentry","product_cat-lead-acid-replacement-battery"],"acf":[],"_links":{"self":[{"href":"https:\/\/solarbatterymanufacturer.com\/vi\/wp-json\/wp\/v2\/product\/1015","targetHints":{"allow":["GET"]}}],"collection":[{"href":"https:\/\/solarbatterymanufacturer.com\/vi\/wp-json\/wp\/v2\/product"}],"about":[{"href":"https:\/\/solarbatterymanufacturer.com\/vi\/wp-json\/wp\/v2\/types\/product"}],"replies":[{"embeddable":true,"href":"https:\/\/solarbatterymanufacturer.com\/vi\/wp-json\/wp\/v2\/comments?post=1015"}],"version-history":[{"count":0,"href":"https:\/\/solarbatterymanufacturer.com\/vi\/wp-json\/wp\/v2\/product\/1015\/revisions"}],"wp:featuredmedia":[{"embeddable":true,"href":"https:\/\/solarbatterymanufacturer.com\/vi\/wp-json\/wp\/v2\/media\/2159"}],"wp:attachment":[{"href":"https:\/\/solarbatterymanufacturer.com\/vi\/wp-json\/wp\/v2\/media?parent=1015"}],"wp:term":[{"taxonomy":"product_cat","embeddable":true,"href":"https:\/\/solarbatterymanufacturer.com\/vi\/wp-json\/wp\/v2\/product_cat?post=1015"},{"taxonomy":"product_tag","embeddable":true,"href":"https:\/\/solarbatterymanufacturer.com\/vi\/wp-json\/wp\/v2\/product_tag?post=1015"}],"curies":[{"name":"wp","href":"https:\/\/api.w.org\/{rel}","templated":true}]}}