{"id":1016,"date":"2021-10-27T12:14:03","date_gmt":"2021-10-27T12:14:03","guid":{"rendered":"http:\/\/bsmthemes.com\/electra\/?post_type=product&#038;p=1016"},"modified":"2023-10-10T03:45:55","modified_gmt":"2023-10-10T03:45:55","slug":"low-voltage-stackable-battery-storage","status":"publish","type":"product","link":"https:\/\/solarbatterymanufacturer.com\/vi\/stackable-battery-storage","title":{"rendered":"B\u1ed9 l\u01b0u tr\u1eef pin c\u00f3 th\u1ec3 x\u1ebfp ch\u1ed3ng \u0111i\u1ec7n \u00e1p th\u1ea5p Amp Nova"},"content":{"rendered":"<h2>M\u00f4 t\u1ea3:<\/h2>\n<p>B\u1ed9 l\u01b0u tr\u1eef pin c\u00f3 th\u1ec3 x\u1ebfp ch\u1ed3ng \u0111i\u1ec7n \u00e1p th\u1ea5p Amp Nova \u0111\u01b0\u1ee3c Amp Nova thi\u1ebft k\u1ebf \u0111\u1eb7c bi\u1ec7t cho c\u00e1c \u1ee9ng d\u1ee5ng d\u00e2n d\u1ee5ng v\u1eeba v\u00e0 nh\u1ecf. M\u1ed7i m\u00f4-\u0111un c\u00f3 m\u1ed9t BMS th\u00f4ng minh b\u00ean trong, cung c\u1ea5p kh\u1ea3 n\u0103ng b\u1ea3o v\u1ec7 qu\u00e1 \u0111i\u1ec7n \u00e1p, th\u1ea5p \u00e1p, qu\u00e1 d\u00f2ng, ng\u1eafn m\u1ea1ch, qu\u00e1 nhi\u1ec7t v\u00e0 nhi\u1ec7t \u0111\u1ed9 th\u1ea5p. Trong khi \u0111\u00f3, thi\u1ebft k\u1ebf an to\u00e0n nhi\u1ec1u l\u1edbp (v\u1eadt li\u1ec7u, t\u1ebf b\u00e0o, c\u1ea5u tr\u00fac, b\u00ecnh x\u1ecbt ch\u1eefa ch\u00e1y, v.v.) c\u0169ng s\u1ebd n\u00e2ng cao \u0111\u00e1ng k\u1ec3 hi\u1ec7u su\u1ea5t an to\u00e0n c\u1ee7a s\u1ea3n ph\u1ea9m. N\u00f3 c\u00f2n c\u00f3 ID trang nh\u00e3 v\u00e0 thi\u1ebft k\u1ebf c\u1ea5u tr\u00fac th\u00f4ng minh, d\u1ec5 c\u00e0i \u0111\u1eb7t v\u00e0 c\u0169ng c\u00f3 th\u1ec3 m\u1edf r\u1ed9ng linh ho\u1ea1t theo nhu c\u1ea7u c\u1ee7a b\u1ea1n.<\/p>\n<h2>\u0110\u1eb7c tr\u01b0ng:<\/h2>\n<p class=\"ace-line ace-line old-record-id-doxcn80cGMMqK4Kig0WiWDlgBDc\"><strong>[D\u1ec5 d\u00e0ng c\u00e0i \u0111\u1eb7t]<\/strong>\u00a0 L\u1eafp r\u00e1p x\u1ebfp ch\u1ed3ng ki\u1ec3u Lego &amp; thi\u1ebft k\u1ebf kh\u00f3a nhanh gi\u1eefa c\u00e1c m\u00f4-\u0111un, l\u1eafp \u0111\u1eb7t d\u1ec5 d\u00e0ng v\u00e0 hi\u1ec7u qu\u1ea3.<\/p>\n<p class=\"ace-line ace-line old-record-id-doxcn80cGMMqK4Kig0WiWDlgBDc\"><strong>[M\u1edf r\u1ed9ng linh ho\u1ea1t]<\/strong> B\u1ed9 l\u01b0u tr\u1eef pin c\u00f3 th\u1ec3 x\u1ebfp ch\u1ed3ng l\u00ean nhau c\u00f3 th\u1ec3 \u0111\u01b0\u1ee3c c\u1ea5u h\u00ecnh linh ho\u1ea1t theo<br \/>\nv\u1edbi nhu c\u1ea7u th\u1ef1c t\u1ebf. H\u1ec7 th\u1ed1ng h\u1ed7 tr\u1ee3 song song t\u1ed1i \u0111a 16 m\u00f4-\u0111un (80kWh) v\u00e0 c\u1ea7n c\u00f3 b\u1ed9 k\u1ebft h\u1ee3p khi d\u00f2ng \u0111i\u1ec7n h\u1ec7 th\u1ed1ng v\u01b0\u1ee3t qu\u00e1 100A.<\/p>\n<p class=\"ace-line ace-line old-record-id-doxcn2YCu2wEgSsM842tJEuIXjd\"><strong>[Thi\u1ebft k\u1ebf an to\u00e0n h\u1ec7 th\u1ed1ng v\u00e0 t\u1ebf b\u00e0o LFP]<\/strong>\u00a0Thi\u1ebft k\u1ebf an to\u00e0n \u0111a c\u1ea5p (thi\u1ebft k\u1ebf an to\u00e0n v\u1eadt li\u1ec7u, t\u1ebf b\u00e0o, khung v\u00e0 h\u1ec7 th\u1ed1ng).<\/p>\n<p class=\"ace-line ace-line old-record-id-doxcneQCUO2ieceggcz84YcjwFg\"><strong>[C\u00e2n b\u1eb1ng th\u00f4ng minh] <\/strong>M\u1ea1ch c\u00e2n b\u1eb1ng t\u00edch h\u1ee3p s\u1ebd t\u1ef1 \u0111\u1ed9ng k\u00edch ho\u1ea1t khi \u0111\u1ea1t \u0111\u1ebfn c\u00e1c \u0111i\u1ec1u ki\u1ec7n \u0111\u00e3 \u0111\u1eb7t, \u0111i\u1ec1u n\u00e0y s\u1ebd c\u1ea3i thi\u1ec7n \u0111\u00e1ng k\u1ec3 t\u00ednh nh\u1ea5t qu\u00e1n c\u1ee7a pin v\u00e0 k\u00e9o d\u00e0i tu\u1ed5i th\u1ecd c\u1ee7a b\u1ea1n.<\/p>\n<p class=\"ace-line ace-line old-record-id-doxcn80cGMMqK4Kig0WiWDlgBDc\"><span class=\"ace-line ace-line old-record-id-doxcnmsSiYWg8wQyyaSi970mLrd\"><strong>[BMS th\u00f4ng minh]<\/strong> H\u1ec7 th\u1ed1ng qu\u1ea3n l\u00fd pin (BMS) cung c\u1ea5p b\u1ea3o v\u1ec7 ng\u1eafn m\u1ea1ch, qu\u00e1 \u0111i\u1ec7n \u00e1p, \u0111i\u1ec7n \u00e1p th\u1ea5p, qu\u00e1 nhi\u1ec7t v\u00e0 nhi\u1ec7t \u0111\u1ed9 th\u1ea5p.<\/span><span class=\"ace-line ace-line old-record-id-doxcnmsSiYWg8wQyyaSi970mLrd\"><br \/>\n<\/span><\/p>\n<p class=\"ace-line ace-line old-record-id-doxcnmsSiYWg8wQyyaSi970mLrd\"><strong>[IP55]<\/strong> IP55 \u0111\u01b0\u1ee3c thi\u1ebft k\u1ebf \u0111\u1ec3 \u0111\u00e1p \u1ee9ng h\u1ea7u h\u1ebft c\u00e1c t\u00ecnh hu\u1ed1ng \u1ee9ng d\u1ee5ng.<\/p>\n<p class=\"ace-line ace-line old-record-id-doxcnmsSiYWg8wQyyaSi970mLrd\"><strong>[Gi\u00e1m s\u00e1t v\u00e0 ki\u1ec3m so\u00e1t th\u1eddi gian th\u1ef1c]\u00a0<\/strong>Gi\u00e1m s\u00e1t tr\u1ea1ng th\u00e1i ho\u1ea1t \u0111\u1ed9ng c\u1ee7a pin (\u0110i\u1ec7n \u00e1p, Nhi\u1ec7t \u0111\u1ed9 hi\u1ec7n t\u1ea1i, SOC, v.v.) trong th\u1eddi gian th\u1ef1c.<\/p>\n<p class=\"ace-line ace-line old-record-id-doxcnmsSiYWg8wQyyaSi970mLrd\"><strong>[B\u1ea3o tr\u00ec mi\u1ec5n ph\u00ed]\u00a0<\/strong>Tu\u1ed5i th\u1ecd thi\u1ebft k\u1ebf 15 n\u0103m v\u00e0 6000 chu k\u1ef3 (0,5C, 80% DOD@25oC), kh\u00f4ng c\u1ea7n b\u1ea3o tr\u00ec trong su\u1ed1t th\u1eddi gian s\u1eed d\u1ee5ng v\u00e0 ph\u1ea1m vi nhi\u1ec7t \u0111\u1ed9 ho\u1ea1t \u0111\u1ed9ng r\u1ed9ng.<\/p>\n<p>&nbsp;<\/p>\n<h2>Th\u00f4ng s\u1ed1 k\u1ef9 thu\u1eadt<\/h2>\n<table style=\"border-collapse: collapse; width: 694px; height: 949px;\" border=\"0\" width=\"927\" cellspacing=\"0\" cellpadding=\"0\">\n<tbody>\n<tr style=\"height: 30.00pt;\">\n<td class=\"et3\" style=\"height: 30pt; width: 130.2pt;\" width=\"217\" height=\"50\">Lo\u1ea1i\/Th\u00f4ng s\u1ed1<\/td>\n<td class=\"et4\" style=\"width: 85.2pt;\" width=\"142\">ANZ-51100S2<\/td>\n<td class=\"et4\" style=\"width: 85.2pt;\" width=\"142\">ANZ-51100S3<\/td>\n<td class=\"et4\" style=\"width: 85.2pt;\" width=\"142\">ANZ-51100S4<\/td>\n<td class=\"et4\" style=\"width: 85.2pt;\" width=\"142\">ANZ-51100S5<\/td>\n<td class=\"et5\" style=\"width: 85.2pt;\" width=\"142\">ANZ-51100S6<\/td>\n<\/tr>\n<tr style=\"height: 30.00pt;\">\n<td class=\"et6\" style=\"height: 30.00pt; width: 130.20pt;\" width=\"217\" height=\"50\">Lo\u1ea1i m\u00f4-\u0111un pin<\/td>\n<td class=\"et7\" style=\"width: 426pt; text-align: center;\" colspan=\"5\" width=\"710\">ANZ-51100S<\/td>\n<\/tr>\n<tr style=\"height: 30.00pt;\">\n<td class=\"et6\" style=\"height: 30.00pt; width: 130.20pt;\" width=\"217\" height=\"50\">S\u1ed1 m\u00f4-\u0111un<\/td>\n<td class=\"et9\" style=\"width: 85.2pt; text-align: left;\" width=\"142\">2<\/td>\n<td class=\"et9\" style=\"width: 85.20pt;\" width=\"142\">3<\/td>\n<td class=\"et9\" style=\"width: 85.20pt;\" width=\"142\">4<\/td>\n<td class=\"et9\" style=\"width: 85.20pt;\" width=\"142\">5<\/td>\n<td class=\"et10\" style=\"width: 85.20pt;\" width=\"142\">6<\/td>\n<\/tr>\n<tr style=\"height: 30.00pt;\">\n<td class=\"et6\" style=\"height: 30.00pt; width: 130.20pt;\" width=\"217\" height=\"50\">\u0110i\u1ec7n \u00e1p \u0111\u1ecbnh m\u1ee9c<span class=\"font5\">\uff08<\/span><span class=\"font0\">V.<\/span><span class=\"font5\">)<\/span><\/td>\n<td class=\"et11\" style=\"width: 426.00pt;\" colspan=\"5\" width=\"710\">51.2<\/td>\n<\/tr>\n<tr style=\"height: 30.00pt;\">\n<td class=\"et6\" style=\"height: 30.00pt; width: 130.20pt;\" width=\"217\" height=\"50\">D\u1ea3i \u0111i\u1ec7n \u00e1p<span class=\"font5\">\uff08<\/span><span class=\"font0\">V.<\/span><span class=\"font5\">)<\/span><\/td>\n<td class=\"et12\" style=\"width: 426.00pt;\" colspan=\"5\" width=\"710\">44.8~56<\/td>\n<\/tr>\n<tr style=\"height: 30.00pt;\">\n<td class=\"et6\" style=\"height: 30.00pt; width: 130.20pt;\" width=\"217\" height=\"50\">N\u0103ng l\u01b0\u1ee3ng \u0111\u1ecbnh m\u1ee9c<span class=\"font5\">\uff08<\/span><span class=\"font0\">c\u00e1i g\u00ec<\/span><span class=\"font5\">)<\/span><\/td>\n<td class=\"et13\" style=\"width: 85.20pt;\" width=\"142\">10240<\/td>\n<td class=\"et13\" style=\"width: 85.20pt;\" width=\"142\">15360<\/td>\n<td class=\"et13\" style=\"width: 85.20pt;\" width=\"142\">20240<\/td>\n<td class=\"et13\" style=\"width: 85.20pt;\" width=\"142\">25600<\/td>\n<td class=\"et14\" style=\"width: 85.20pt;\" width=\"142\">30720<\/td>\n<\/tr>\n<tr style=\"height: 30.00pt;\">\n<td class=\"et6\" style=\"height: 30.00pt; width: 130.20pt;\" width=\"217\" height=\"50\">T\u1ed1i \u0111a. X\u1ea3 hi\u1ec7n t\u1ea1i<span class=\"font5\">\uff08<\/span><span class=\"font0\">M\u1ed8T<\/span><span class=\"font5\">)<\/span><\/td>\n<td class=\"et14\" style=\"width: 426.00pt;\" colspan=\"5\" width=\"710\">200<\/td>\n<\/tr>\n<tr style=\"height: 30.00pt;\">\n<td class=\"et6\" style=\"height: 30.00pt; width: 130.20pt;\" width=\"217\" height=\"50\">K\u00edch th\u01b0\u1edbc: W*H*D (mm)<\/td>\n<td class=\"et15\" style=\"width: 85.20pt;\" width=\"142\">674*170*1100<\/td>\n<td class=\"et15\" style=\"width: 85.20pt;\" width=\"142\">674*170*1520<\/td>\n<td class=\"et15\" style=\"width: 85.20pt;\" width=\"142\">1348*1170*1310<\/td>\n<td class=\"et15\" style=\"width: 85.20pt;\" width=\"142\">1348*170*1520<\/td>\n<td class=\"et12\" style=\"width: 85.20pt;\" width=\"142\">1348*170*1520<\/td>\n<\/tr>\n<tr style=\"height: 30.00pt;\">\n<td class=\"et6\" style=\"height: 30.00pt; width: 130.20pt;\" width=\"217\" height=\"50\">C\u00e2n n\u1eb7ng<span class=\"font5\">\uff08<\/span><span class=\"font0\">Kil\u00f4gam<\/span><span class=\"font5\">)<\/span><\/td>\n<td class=\"et13\" style=\"width: 85.20pt;\" width=\"142\">124<\/td>\n<td class=\"et13\" style=\"width: 85.20pt;\" width=\"142\">176<\/td>\n<td class=\"et13\" style=\"width: 85.20pt;\" width=\"142\">233<\/td>\n<td class=\"et13\" style=\"width: 85.20pt;\" width=\"142\">290<\/td>\n<td class=\"et14\" style=\"width: 85.20pt;\" width=\"142\">343<\/td>\n<\/tr>\n<tr style=\"height: 30.00pt;\">\n<td class=\"et3\" style=\"height: 30.00pt; width: 556.20pt;\" colspan=\"6\" width=\"927\" height=\"50\">Th\u00f4ng s\u1ed1 m\u00f4i tr\u01b0\u1eddng<\/td>\n<\/tr>\n<tr style=\"height: 30.00pt;\">\n<td class=\"et6\" style=\"height: 30.00pt; width: 130.20pt;\" width=\"217\" height=\"50\">IP<\/td>\n<td class=\"et12\" style=\"width: 426.00pt;\" colspan=\"5\" width=\"710\">IP55<\/td>\n<\/tr>\n<tr style=\"height: 30.00pt;\">\n<td class=\"et6\" style=\"height: 30.00pt; width: 130.20pt;\" width=\"217\" height=\"50\">Ph\u1ea1m vi nhi\u1ec7t \u0111\u1ed9 s\u1ea1c (<span class=\"font5\">oC<\/span><span class=\"font0\">)<\/span><\/td>\n<td class=\"et12\" style=\"width: 426.00pt;\" colspan=\"5\" width=\"710\">0~45<\/td>\n<\/tr>\n<tr style=\"height: 30.00pt;\">\n<td class=\"et6\" style=\"height: 30.00pt; width: 130.20pt;\" width=\"217\" height=\"50\">Ph\u1ea1m vi nhi\u1ec7t \u0111\u1ed9 x\u1ea3 (<span class=\"font5\">oC<\/span><span class=\"font0\">)<\/span><\/td>\n<td class=\"et17\" style=\"width: 426.00pt;\" colspan=\"5\" width=\"710\">-20~60<\/td>\n<\/tr>\n<tr style=\"height: 30.00pt;\">\n<td class=\"et6\" style=\"height: 30.00pt; width: 130.20pt;\" width=\"217\" height=\"50\">Ph\u01b0\u01a1ng ph\u00e1p c\u00e0i \u0111\u1eb7t<\/td>\n<td class=\"et12\" style=\"width: 426.00pt;\" colspan=\"5\" width=\"710\">T\u1ee7 \u0111\u1ee9ng<\/td>\n<\/tr>\n<tr style=\"height: 30.00pt;\">\n<td class=\"et3\" style=\"height: 30.00pt; width: 556.20pt;\" colspan=\"6\" width=\"927\" height=\"50\">Cu\u1ed9c s\u1ed1ng ph\u1ee5c v\u1ee5<\/td>\n<\/tr>\n<tr style=\"height: 30.00pt;\">\n<td class=\"et6\" style=\"height: 30.00pt; width: 130.20pt;\" width=\"217\" height=\"50\">V\u00f2ng \u0111\u1eddi (Th\u1eddi gian)<\/td>\n<td class=\"et12\" style=\"width: 426.00pt;\" colspan=\"5\" width=\"710\">&gt; 6000<span class=\"font5\">\uff08<\/span><span class=\"font0\">0,5C @25<\/span><span class=\"font5\">oC<\/span><span class=\"font0\">,80% B\u1ed9 Qu\u1ed1c ph\u00f2ng<\/span><span class=\"font5\">)<\/span><\/td>\n<\/tr>\n<tr style=\"height: 30.00pt;\">\n<td class=\"et6\" style=\"height: 30.00pt; width: 130.20pt;\" width=\"217\" height=\"50\">Tu\u1ed5i th\u1ecd thi\u1ebft k\u1ebf (N\u0103m)<\/td>\n<td class=\"et14\" style=\"width: 426.00pt;\" colspan=\"5\" width=\"710\">15<\/td>\n<\/tr>\n<tr style=\"height: 30.00pt;\">\n<td class=\"et3\" style=\"height: 30.00pt; width: 556.20pt;\" colspan=\"6\" width=\"927\" height=\"50\">Ch\u1ee9ng nh\u1eadn<\/td>\n<\/tr>\n<tr style=\"height: 30.00pt;\">\n<td class=\"et6\" style=\"height: 30.00pt; width: 130.20pt;\" width=\"217\" height=\"50\">An to\u00e0n &amp; Ch\u1ee9ng nh\u1eadn<\/td>\n<td class=\"et12\" style=\"width: 426.00pt;\" colspan=\"5\" width=\"710\">UL1973 (CE, IEC62619 S\u1eafp ra m\u1eaft)<\/td>\n<\/tr>\n<tr style=\"height: 30.00pt;\">\n<td class=\"et6\" style=\"height: 30.00pt; width: 130.20pt;\" width=\"217\" height=\"50\">V\u1eadn t\u1ea3i<\/td>\n<td class=\"et12\" style=\"width: 426.00pt;\" colspan=\"5\" width=\"710\">UN38.3<\/td>\n<\/tr>\n<\/tbody>\n<\/table>","protected":false},"excerpt":{"rendered":"<p>B\u1ed9 l\u01b0u tr\u1eef pin gia \u0111\u00ecnh c\u00f3 th\u1ec3 x\u1ebfp ch\u1ed3ng \u0111i\u1ec7n \u00e1p th\u1ea5p Amp Nova \u0111\u01b0\u1ee3c Amp Nova thi\u1ebft k\u1ebf \u0111\u1eb7c bi\u1ec7t cho c\u00e1c \u1ee9ng d\u1ee5ng d\u00e2n c\u01b0 v\u1eeba v\u00e0 nh\u1ecf. M\u1ed7i m\u00f4-\u0111un c\u00f3 m\u1ed9t BMS th\u00f4ng minh b\u00ean trong, cung c\u1ea5p kh\u1ea3 n\u0103ng b\u1ea3o v\u1ec7 qu\u00e1 \u0111i\u1ec7n \u00e1p, th\u1ea5p \u00e1p, qu\u00e1 d\u00f2ng, ng\u1eafn m\u1ea1ch, qu\u00e1 nhi\u1ec7t v\u00e0 nhi\u1ec7t \u0111\u1ed9 th\u1ea5p. Trong khi \u0111\u00f3, thi\u1ebft k\u1ebf an to\u00e0n nhi\u1ec1u l\u1edbp (v\u1eadt li\u1ec7u, t\u1ebf b\u00e0o, c\u1ea5u tr\u00fac, b\u00ecnh x\u1ecbt ch\u1eefa ch\u00e1y, v.v.) c\u0169ng s\u1ebd n\u00e2ng cao \u0111\u00e1ng k\u1ec3 hi\u1ec7u su\u1ea5t an to\u00e0n c\u1ee7a s\u1ea3n ph\u1ea9m. N\u00f3 c\u00f2n c\u00f3 ID trang nh\u00e3 v\u00e0 thi\u1ebft k\u1ebf c\u1ea5u tr\u00fac th\u00f4ng minh, d\u1ec5 c\u00e0i \u0111\u1eb7t v\u00e0 c\u0169ng c\u00f3 th\u1ec3 m\u1edf r\u1ed9ng linh ho\u1ea1t theo nhu c\u1ea7u c\u1ee7a b\u1ea1n.<\/p>","protected":false},"featured_media":2287,"comment_status":"open","ping_status":"closed","template":"","meta":[],"product_cat":[86],"product_tag":[],"class_list":["post-1016","product","type-product","status-publish","has-post-thumbnail","hentry","product_cat-stackable-lifepo4-battery"],"acf":[],"_links":{"self":[{"href":"https:\/\/solarbatterymanufacturer.com\/vi\/wp-json\/wp\/v2\/product\/1016","targetHints":{"allow":["GET"]}}],"collection":[{"href":"https:\/\/solarbatterymanufacturer.com\/vi\/wp-json\/wp\/v2\/product"}],"about":[{"href":"https:\/\/solarbatterymanufacturer.com\/vi\/wp-json\/wp\/v2\/types\/product"}],"replies":[{"embeddable":true,"href":"https:\/\/solarbatterymanufacturer.com\/vi\/wp-json\/wp\/v2\/comments?post=1016"}],"version-history":[{"count":4,"href":"https:\/\/solarbatterymanufacturer.com\/vi\/wp-json\/wp\/v2\/product\/1016\/revisions"}],"predecessor-version":[{"id":4057,"href":"https:\/\/solarbatterymanufacturer.com\/vi\/wp-json\/wp\/v2\/product\/1016\/revisions\/4057"}],"wp:featuredmedia":[{"embeddable":true,"href":"https:\/\/solarbatterymanufacturer.com\/vi\/wp-json\/wp\/v2\/media\/2287"}],"wp:attachment":[{"href":"https:\/\/solarbatterymanufacturer.com\/vi\/wp-json\/wp\/v2\/media?parent=1016"}],"wp:term":[{"taxonomy":"product_cat","embeddable":true,"href":"https:\/\/solarbatterymanufacturer.com\/vi\/wp-json\/wp\/v2\/product_cat?post=1016"},{"taxonomy":"product_tag","embeddable":true,"href":"https:\/\/solarbatterymanufacturer.com\/vi\/wp-json\/wp\/v2\/product_tag?post=1016"}],"curies":[{"name":"wp","href":"https:\/\/api.w.org\/{rel}","templated":true}]}}