{"id":1731,"date":"2023-04-05T15:10:23","date_gmt":"2023-04-05T15:10:23","guid":{"rendered":"https:\/\/solarbatterymanufacturer.com\/?post_type=product&#038;p=1731"},"modified":"2026-04-07T22:02:33","modified_gmt":"2026-04-07T22:02:33","slug":"commercial-energy-storage-systems","status":"publish","type":"product","link":"https:\/\/solarbatterymanufacturer.com\/vi\/commercial-energy-storage-systems-ac","title":{"rendered":"H\u1ec7 th\u1ed1ng l\u01b0u tr\u1eef n\u0103ng l\u01b0\u1ee3ng th\u01b0\u01a1ng m\u1ea1i pin Amp Nova (AC)"},"content":{"rendered":"<h2>M\u00f4 t\u1ea3:<\/h2>\n<p>H\u1ec7 th\u1ed1ng l\u01b0u tr\u1eef n\u0103ng l\u01b0\u1ee3ng th\u01b0\u01a1ng m\u1ea1i pin Amp Nova (AC) l\u00e0 h\u1ec7 th\u1ed1ng l\u01b0u tr\u1eef n\u0103ng l\u01b0\u1ee3ng \u0111\u01b0\u1ee3c thi\u1ebft k\u1ebf \u0111\u1eb7c bi\u1ec7t cho c\u00e1c l\u01b0\u1edbi \u0111i\u1ec7n si\u00eau nh\u1ecf trong khu v\u1ef1c nh\u01b0 khu trung t\u00e2m nh\u1ecf, trang tr\u1ea1i, \u0111\u1ea3o, nh\u00e0 m\u00e1y quang \u0111i\u1ec7n ngo\u00e0i tr\u1eddi, v.v., c\u00f3 th\u1ec3 \u0111\u1ea3m b\u1ea3o \u0111\u1ea7y \u0111\u1ee7 nhu c\u1ea7u \u0111i\u1ec7n v\u00e0 an ninh n\u0103ng l\u01b0\u1ee3ng trong nh\u1eefng t\u00ecnh hu\u1ed1ng n\u00e0y .<\/p>\n<h2>\u0110\u1eb7c tr\u01b0ng:<\/h2>\n<p style=\"-webkit-font-smoothing: antialiased; --tw-border-spacing-x: 0; --tw-border-spacing-y: 0; --tw-translate-x: 0; --tw-translate-y: 0; --tw-rotate: 0; --tw-skew-x: 0; --tw-skew-y: 0; --tw-scale-x: 1; --tw-scale-y: 1; --tw-scroll-snap-strictness: proximity; --tw-ring-offset-width: 0px; --tw-ring-offset-color: #fff; --tw-ring-color: rgb(59 130 246 \/ 0.5); --tw-ring-offset-shadow: 0 0 #0000; --tw-ring-shadow: 0 0 #0000; --tw-shadow: 0 0 #0000; --tw-shadow-colored: 0 0 #0000; margin-top: 24px; color: #282828; font-family: 'Ridley Grotesk Medium'; font-size: 14px;\"><strong>[M\u1edf r\u1ed9ng linh ho\u1ea1t]<\/strong>\u00a0H\u1ec7 th\u1ed1ng l\u01b0u tr\u1eef pin theo m\u00f4-\u0111un v\u00e0 c\u00f3 th\u1ec3 m\u1edf r\u1ed9ng linh ho\u1ea1t t\u1ea1i<br style=\"-webkit-font-smoothing: antialiased; --tw-border-spacing-x: 0; --tw-border-spacing-y: 0; --tw-translate-x: 0; --tw-translate-y: 0; --tw-rotate: 0; --tw-skew-x: 0; --tw-skew-y: 0; --tw-scale-x: 1; --tw-scale-y: 1; --tw-scroll-snap-strictness: proximity; --tw-ring-offset-width: 0px; --tw-ring-offset-color: #fff; --tw-ring-color: rgb(59 130 246 \/ 0.5); --tw-ring-offset-shadow: 0 0 #0000; --tw-ring-shadow: 0 0 #0000; --tw-shadow: 0 0 #0000; --tw-shadow-colored: 0 0 #0000;\" \/>m\u1ee9c c\u00f4ng su\u1ea5t v\u00e0 c\u00f4ng su\u1ea5t.<\/p>\n<p style=\"-webkit-font-smoothing: antialiased; --tw-border-spacing-x: 0; --tw-border-spacing-y: 0; --tw-translate-x: 0; --tw-translate-y: 0; --tw-rotate: 0; --tw-skew-x: 0; --tw-skew-y: 0; --tw-scale-x: 1; --tw-scale-y: 1; --tw-scroll-snap-strictness: proximity; --tw-ring-offset-width: 0px; --tw-ring-offset-color: #fff; --tw-ring-color: rgb(59 130 246 \/ 0.5); --tw-ring-offset-shadow: 0 0 #0000; --tw-ring-shadow: 0 0 #0000; --tw-shadow: 0 0 #0000; --tw-shadow-colored: 0 0 #0000; margin-top: 24px; color: #282828; font-family: 'Ridley Grotesk Medium'; font-size: 14px;\"><strong>[C\u1ea5u h\u00ecnh h\u1ec7 th\u1ed1ng c\u1ee7a b\u1ea1n \u0111\u01a1n gi\u1ea3n]<\/strong>\u00a0Thi\u1ebft k\u1ebf t\u1ea5t c\u1ea3 trong m\u1ed9t, gi\u1ea3i ph\u00e1p k\u1ebft n\u1ed1i AC.<\/p>\n<p style=\"-webkit-font-smoothing: antialiased; --tw-border-spacing-x: 0; --tw-border-spacing-y: 0; --tw-translate-x: 0; --tw-translate-y: 0; --tw-rotate: 0; --tw-skew-x: 0; --tw-skew-y: 0; --tw-scale-x: 1; --tw-scale-y: 1; --tw-scroll-snap-strictness: proximity; --tw-ring-offset-width: 0px; --tw-ring-offset-color: #fff; --tw-ring-color: rgb(59 130 246 \/ 0.5); --tw-ring-offset-shadow: 0 0 #0000; --tw-ring-shadow: 0 0 #0000; --tw-shadow: 0 0 #0000; --tw-shadow-colored: 0 0 #0000; margin-top: 24px; color: #282828; font-family: 'Ridley Grotesk Medium'; font-size: 14px;\"><strong>[Thi\u1ebft k\u1ebf ngo\u00e0i tr\u1eddi]\u00a0<\/strong>V\u1ecf ngo\u00e0i tr\u1eddi cho b\u1ea5t k\u1ef3 v\u1ecb tr\u00ed l\u1eafp \u0111\u1eb7t n\u00e0o.<\/p>\n<p style=\"-webkit-font-smoothing: antialiased; --tw-border-spacing-x: 0; --tw-border-spacing-y: 0; --tw-translate-x: 0; --tw-translate-y: 0; --tw-rotate: 0; --tw-skew-x: 0; --tw-skew-y: 0; --tw-scale-x: 1; --tw-scale-y: 1; --tw-scroll-snap-strictness: proximity; --tw-ring-offset-width: 0px; --tw-ring-offset-color: #fff; --tw-ring-color: rgb(59 130 246 \/ 0.5); --tw-ring-offset-shadow: 0 0 #0000; --tw-ring-shadow: 0 0 #0000; --tw-shadow: 0 0 #0000; --tw-shadow-colored: 0 0 #0000; margin-top: 24px; color: #282828; font-family: 'Ridley Grotesk Medium'; font-size: 14px;\"><strong>[B\u1ea3o tr\u00ec d\u1ec5 d\u00e0ng]\u00a0<\/strong>B\u1ea3o tr\u00ec d\u1ec5 d\u00e0ng do thi\u1ebft k\u1ebf m\u00f4-\u0111un (M\u00f4-\u0111un pin, BMS, thi\u1ebft k\u1ebf \u0111i\u1ec1u khi\u1ec3n).<\/p>\n<p style=\"-webkit-font-smoothing: antialiased; --tw-border-spacing-x: 0; --tw-border-spacing-y: 0; --tw-translate-x: 0; --tw-translate-y: 0; --tw-rotate: 0; --tw-skew-x: 0; --tw-skew-y: 0; --tw-scale-x: 1; --tw-scale-y: 1; --tw-scroll-snap-strictness: proximity; --tw-ring-offset-width: 0px; --tw-ring-offset-color: #fff; --tw-ring-color: rgb(59 130 246 \/ 0.5); --tw-ring-offset-shadow: 0 0 #0000; --tw-ring-shadow: 0 0 #0000; --tw-shadow: 0 0 #0000; --tw-shadow-colored: 0 0 #0000; margin-bottom: 0px; margin-top: 24px; color: #282828; font-family: 'Ridley Grotesk Medium'; font-size: 14px;\"><strong>[B\u1ea3o tr\u00ec mi\u1ec5n ph\u00ed]\u00a0<\/strong>Tu\u1ed5i th\u1ecd thi\u1ebft k\u1ebf 10 n\u0103m, hi\u1ec7u su\u1ea5t \u1ed5n \u0111\u1ecbnh trong su\u1ed1t th\u1eddi gian s\u1eed d\u1ee5ng.<\/p>\n<h2>th\u00f4ng s\u1ed1 k\u1ef9 thu\u1eadt:<\/h2>\n<table style=\"border-collapse: collapse; width: 584px; height: 1202px;\" border=\"0\" width=\"729\" cellspacing=\"0\" cellpadding=\"0\">\n<tbody>\n<tr style=\"height: 25.00pt;\">\n<td style=\"height: 25.00pt; width: 159.00pt;\" width=\"265\" height=\"41\">Ki\u1ec3u<\/td>\n<td style=\"width: 139.20pt;\" width=\"232\">L\u01b0u tr\u1eef (DC)<\/td>\n<td style=\"width: 139.20pt;\" width=\"232\">N\u0103ng l\u01b0\u1ee3ng m\u1eb7t tr\u1eddi + L\u01b0u tr\u1eef (AC)<\/td>\n<\/tr>\n<tr style=\"height: 34.00pt;\">\n<td style=\"height: 34.00pt; width: 437.40pt;\" colspan=\"3\" width=\"729\" height=\"56\">Th\u00f4ng s\u1ed1 pin<\/td>\n<\/tr>\n<tr style=\"height: 25.00pt;\">\n<td style=\"height: 25.00pt; width: 159.00pt;\" width=\"265\" height=\"41\">Lo\u1ea1i t\u1ebf b\u00e0o<\/td>\n<td style=\"width: 278.40pt;\" colspan=\"2\" width=\"464\">Lo\u1ea1i l\u0103ng tr\u1ee5 LFP<\/td>\n<\/tr>\n<tr style=\"height: 25.00pt;\">\n<td style=\"height: 25.00pt; width: 159.00pt;\" width=\"265\" height=\"41\">Dung l\u01b0\u1ee3ng pin<\/td>\n<td style=\"width: 139.20pt;\" width=\"232\">50kWh~200kWh<\/td>\n<td style=\"width: 139.20pt;\" width=\"232\">50kWh~200kWh<\/td>\n<\/tr>\n<tr style=\"height: 25.00pt;\">\n<td style=\"height: 25.00pt; width: 159.00pt;\" width=\"265\" height=\"41\">D\u1ea3i \u0111i\u1ec7n \u00e1p (V)<\/td>\n<td style=\"width: 139.20pt;\" width=\"232\">250~800<\/td>\n<td style=\"width: 139.20pt;\" width=\"232\">320~800<\/td>\n<\/tr>\n<tr style=\"height: 25.00pt;\">\n<td style=\"height: 25.00pt; width: 159.00pt;\" width=\"265\" height=\"41\">T\u1ed1i \u0111a. C\u00f4ng su\u1ea5t s\u1ea1c (kW)<\/td>\n<td style=\"width: 139.20pt;\" width=\"232\">50\/150<\/td>\n<td style=\"width: 139.20pt;\" width=\"232\">30\/100<\/td>\n<\/tr>\n<tr style=\"height: 25.00pt;\">\n<td style=\"height: 25.00pt; width: 437.40pt;\" colspan=\"3\" width=\"729\" height=\"41\">Th\u00f4ng s\u1ed1 AC tr\u00ean l\u01b0\u1edbi<\/td>\n<\/tr>\n<tr style=\"height: 25.00pt;\">\n<td style=\"height: 25.00pt; width: 159.00pt;\" width=\"265\" height=\"41\">Lo\u1ea1i l\u01b0\u1edbi<\/td>\n<td style=\"width: 278.40pt;\" colspan=\"2\" width=\"464\">3W+N+PE<\/td>\n<\/tr>\n<tr style=\"height: 25.00pt;\">\n<td style=\"height: 25.00pt; width: 159.00pt;\" width=\"265\" height=\"41\">\u0110\u1ea7u ra \u0111\u1ea7u v\u00e0o<\/td>\n<td style=\"width: 139.20pt;\" width=\"232\">50~150kW<\/td>\n<td style=\"width: 139.20pt;\" width=\"232\">50kW<\/td>\n<\/tr>\n<tr style=\"height: 25.00pt;\">\n<td style=\"height: 25.00pt; width: 159.00pt;\" width=\"265\" height=\"41\">\u0110i\u1ec7n xoay chi\u1ec1u<\/td>\n<td style=\"width: 278.40pt;\" colspan=\"2\" width=\"464\">320V~460V<\/td>\n<\/tr>\n<tr style=\"height: 25.00pt;\">\n<td style=\"height: 25.00pt; width: 159.00pt;\" width=\"265\" height=\"41\">T\u1ea7n s\u1ed1 l\u01b0\u1edbi \u00e1p d\u1ee5ng<\/td>\n<td style=\"width: 278.40pt;\" colspan=\"2\" width=\"464\">45~55Hz\/55~65Hz<\/td>\n<\/tr>\n<tr style=\"height: 25.00pt;\">\n<td style=\"height: 25.00pt; width: 159.00pt;\" width=\"265\" height=\"41\">THDi<\/td>\n<td style=\"width: 278.40pt;\" colspan=\"2\" width=\"464\">&lt;3% (t\u1ea3i 100%)<\/td>\n<\/tr>\n<tr style=\"height: 25.00pt;\">\n<td style=\"height: 25.00pt; width: 159.00pt;\" width=\"265\" height=\"41\">H\u1ec7 s\u1ed1 c\u00f4ng su\u1ea5t<\/td>\n<td style=\"width: 278.40pt;\" colspan=\"2\" width=\"464\">1(D\u1eabn \u0111\u1ea7u)~1(T\u1ee5t h\u1eadu)<\/td>\n<\/tr>\n<tr style=\"height: 25.00pt;\">\n<td style=\"height: 25.00pt; width: 437.40pt;\" colspan=\"3\" width=\"729\" height=\"41\">Th\u00f4ng s\u1ed1 ngo\u00e0i l\u01b0\u1edbi AC<\/td>\n<\/tr>\n<tr style=\"height: 25.00pt;\">\n<td style=\"height: 25.00pt; width: 159.00pt;\" width=\"265\" height=\"41\">C\u00f4ng su\u1ea5t s\u1ea1c\/x\u1ea3 \u0111\u1ecbnh m\u1ee9c<\/td>\n<td style=\"width: 139.20pt;\" width=\"232\">50~150kW<\/td>\n<td style=\"width: 139.20pt;\" width=\"232\">50kW<\/td>\n<\/tr>\n<tr style=\"height: 25.00pt;\">\n<td style=\"height: 25.00pt; width: 159.00pt;\" width=\"265\" height=\"41\">C\u00f4ng su\u1ea5t \u0111\u1ea7u ra t\u1ed1i \u0111a<\/td>\n<td style=\"width: 139.20pt;\" width=\"232\">50~150kVA<\/td>\n<td style=\"width: 139.20pt;\" width=\"232\">55KVA<\/td>\n<\/tr>\n<tr style=\"height: 25.00pt;\">\n<td style=\"height: 25.00pt; width: 159.00pt;\" width=\"265\" height=\"41\">\u0110i\u1ec7n \u00e1p xoay chi\u1ec1u \u0111\u1ecbnh m\u1ee9c<\/td>\n<td style=\"width: 278.40pt;\" colspan=\"2\" width=\"464\">400V<\/td>\n<\/tr>\n<tr style=\"height: 25.00pt;\">\n<td style=\"height: 25.00pt; width: 159.00pt;\" width=\"265\" height=\"41\">T\u1ea7n s\u1ed1 danh ngh\u0129a<\/td>\n<td style=\"width: 278.40pt;\" colspan=\"2\" width=\"464\">50\/60Hz<\/td>\n<\/tr>\n<tr style=\"height: 25.00pt;\">\n<td style=\"height: 25.00pt; width: 159.00pt;\" width=\"265\" height=\"41\">THDu<\/td>\n<td style=\"width: 278.40pt;\" colspan=\"2\" width=\"464\">\u2264 1% tuy\u1ebfn t\u00ednh; ho\u1eb7c 5% phi tuy\u1ebfn<\/td>\n<\/tr>\n<tr style=\"height: 25.00pt;\">\n<td style=\"height: 25.00pt; width: 437.40pt;\" colspan=\"3\" width=\"729\" height=\"41\">\u0110\u1ea7u v\u00e0o quang \u0111i\u1ec7n<\/td>\n<\/tr>\n<tr style=\"height: 25.00pt;\">\n<td style=\"height: 25.00pt; width: 159.00pt;\" width=\"265\" height=\"41\">C\u00f4ng su\u1ea5t \u0111\u1ea7u v\u00e0o t\u1ed1i \u0111a<\/td>\n<td style=\"width: 139.20pt;\" width=\"232\">&#8212;<\/td>\n<td style=\"width: 139.20pt;\" width=\"232\">50\/100kW<\/td>\n<\/tr>\n<tr style=\"height: 25.00pt;\">\n<td style=\"height: 25.00pt; width: 159.00pt;\" width=\"265\" height=\"41\">D\u1ea3i \u0111i\u1ec7n \u00e1p MPPT<\/td>\n<td style=\"width: 139.20pt;\" width=\"232\">&#8212;<\/td>\n<td style=\"width: 139.20pt;\" width=\"232\">250~850V<\/td>\n<\/tr>\n<tr style=\"height: 25.00pt;\">\n<td style=\"height: 25.00pt; width: 437.40pt;\" colspan=\"3\" width=\"729\" height=\"41\">Th\u00f4ng s\u1ed1 chung<\/td>\n<\/tr>\n<tr style=\"height: 25.00pt;\">\n<td style=\"height: 25.00pt; width: 159.00pt;\" width=\"265\" height=\"41\">K\u00edch th\u01b0\u1edbc: W*D*H (mm)<\/td>\n<td style=\"width: 278.40pt;\" colspan=\"2\" width=\"464\">2200*1100*2340<\/td>\n<\/tr>\n<tr style=\"height: 25.00pt;\">\n<td style=\"height: 25.00pt; width: 159.00pt;\" width=\"265\" height=\"41\">T\u1ed1i \u0111a. C\u00e2n n\u1eb7ng<\/td>\n<td style=\"width: 278.40pt;\" colspan=\"2\" width=\"464\">3200kg<\/td>\n<\/tr>\n<tr style=\"height: 25.00pt;\">\n<td style=\"height: 25.00pt; width: 159.00pt;\" width=\"265\" height=\"41\">Suy tho\u00e1i IP<\/td>\n<td style=\"width: 278.40pt;\" colspan=\"2\" width=\"464\">IP54<\/td>\n<\/tr>\n<tr style=\"height: 25.00pt;\">\n<td style=\"height: 25.00pt; width: 159.00pt;\" width=\"265\" height=\"41\">Nhi\u1ec7t \u0111\u1ed9 ho\u1ea1t \u0111\u1ed9ng<\/td>\n<td style=\"width: 278.40pt;\" colspan=\"2\" width=\"464\">-20 ~ 50oC<\/td>\n<\/tr>\n<tr style=\"height: 25.00pt;\">\n<td style=\"height: 25.00pt; width: 159.00pt;\" width=\"265\" height=\"41\">\u0110\u1ed9 \u1ea9m t\u01b0\u01a1ng \u0111\u1ed1i<\/td>\n<td style=\"width: 278.40pt;\" colspan=\"2\" width=\"464\">0~95%(Kh\u00f4ng ng\u01b0ng t\u1ee5)<\/td>\n<\/tr>\n<tr style=\"height: 25.00pt;\">\n<td style=\"height: 25.00pt; width: 159.00pt;\" width=\"265\" height=\"41\">Tha\u0301i \u0111\u00f4\u0323<\/td>\n<td style=\"width: 278.40pt;\" colspan=\"2\" width=\"464\">&lt;2000m<\/td>\n<\/tr>\n<tr style=\"height: 25.00pt;\">\n<td style=\"height: 25.00pt; width: 159.00pt;\" width=\"265\" height=\"41\">Ph\u01b0\u01a1ng ph\u00e1p l\u00e0m m\u00e1t<\/td>\n<td style=\"width: 278.40pt;\" colspan=\"2\" width=\"464\">\u0110i\u1ec1u h\u00f2a kh\u00f4ng kh\u00ed th\u00f4ng gi\u00f3 nhi\u1ec7t<\/td>\n<\/tr>\n<tr style=\"height: 25.00pt;\">\n<td style=\"height: 25.00pt; width: 159.00pt;\" width=\"265\" height=\"41\">Ti\u1ebfng \u1ed3n<\/td>\n<td style=\"width: 278.40pt;\" colspan=\"2\" width=\"464\">75dB<\/td>\n<\/tr>\n<tr style=\"height: 25.00pt;\">\n<td style=\"height: 25.00pt; width: 159.00pt;\" width=\"265\" height=\"41\">Hi\u1ec7u qu\u1ea3 h\u1ec7 th\u1ed1ng<\/td>\n<td style=\"width: 278.40pt;\" colspan=\"2\" width=\"464\">\u2265 85%<\/td>\n<\/tr>\n<tr style=\"height: 25.00pt;\">\n<td style=\"height: 25.00pt; width: 159.00pt;\" width=\"265\" height=\"41\">H\u1ec7 th\u1ed1ng ch\u1eefa ch\u00e1y<\/td>\n<td style=\"width: 278.40pt;\" colspan=\"2\" width=\"464\">t\u00edch h\u1ee3p<\/td>\n<\/tr>\n<tr style=\"height: 25.00pt;\">\n<td style=\"height: 25.00pt; width: 159.00pt;\" width=\"265\" height=\"41\">Giao ti\u1ebfp<\/td>\n<td style=\"width: 278.40pt;\" colspan=\"2\" width=\"464\">Ethernet, Modbus TCP\/IP<\/td>\n<\/tr>\n<\/tbody>\n<\/table>\n<h1 id=\"benefits-of-commercial-energy-storage-systems-improving-energy-efficiency-and-cost-savings\">L\u1ee3i \u00edch c\u1ee7a h\u1ec7 th\u1ed1ng l\u01b0u tr\u1eef n\u0103ng l\u01b0\u1ee3ng th\u01b0\u01a1ng m\u1ea1i: C\u1ea3i thi\u1ec7n hi\u1ec7u qu\u1ea3 n\u0103ng l\u01b0\u1ee3ng v\u00e0 ti\u1ebft ki\u1ec7m chi ph\u00ed<\/h1>\n<p>C\u00e1c h\u1ec7 th\u1ed1ng l\u01b0u tr\u1eef n\u0103ng l\u01b0\u1ee3ng th\u01b0\u01a1ng m\u1ea1i \u0111\u00e3 thu h\u00fat \u0111\u01b0\u1ee3c s\u1ef1 ch\u00fa \u00fd \u0111\u00e1ng k\u1ec3 trong nh\u1eefng n\u0103m g\u1ea7n \u0111\u00e2y khi c\u00e1c doanh nghi\u1ec7p c\u1ed1 g\u1eafng t\u0103ng hi\u1ec7u qu\u1ea3 s\u1eed d\u1ee5ng n\u0103ng l\u01b0\u1ee3ng, gi\u1ea3m chi ph\u00ed \u0111i\u1ec7n v\u00e0 th\u00fac \u0111\u1ea9y t\u00ednh b\u1ec1n v\u1eefng. Nh\u1eefng h\u1ec7 th\u1ed1ng n\u00e0y mang l\u1ea1i nhi\u1ec1u l\u1ee3i \u00edch gi\u00fap doanh nghi\u1ec7p qu\u1ea3n l\u00fd m\u1ee9c ti\u00eau th\u1ee5 n\u0103ng l\u01b0\u1ee3ng m\u1ed9t c\u00e1ch hi\u1ec7u qu\u1ea3. Trong b\u00e0i vi\u1ebft n\u00e0y, ch\u00fang ta s\u1ebd kh\u00e1m ph\u00e1 nh\u1eefng l\u1ee3i \u00edch kh\u00e1c nhau c\u1ee7a h\u1ec7 th\u1ed1ng l\u01b0u tr\u1eef n\u0103ng l\u01b0\u1ee3ng th\u01b0\u01a1ng m\u1ea1i v\u00e0 c\u00e1ch ch\u00fang c\u00f3 th\u1ec3 c\u1ea3i thi\u1ec7n hi\u1ec7u qu\u1ea3 s\u1eed d\u1ee5ng n\u0103ng l\u01b0\u1ee3ng v\u00e0 ti\u1ebft ki\u1ec7m chi ph\u00ed.<\/p>\n<h2 id=\"reducing-electricity-costs\">Gi\u1ea3m chi ph\u00ed \u0111i\u1ec7n<\/h2>\n<p>M\u1ed9t trong nh\u1eefng l\u1ee3i \u00edch ch\u00ednh c\u1ee7a h\u1ec7 th\u1ed1ng l\u01b0u tr\u1eef n\u0103ng l\u01b0\u1ee3ng th\u01b0\u01a1ng m\u1ea1i l\u00e0 kh\u1ea3 n\u0103ng gi\u1ea3m chi ph\u00ed \u0111i\u1ec7n cho doanh nghi\u1ec7p. C\u00e1c h\u1ec7 th\u1ed1ng n\u00e0y cho ph\u00e9p doanh nghi\u1ec7p l\u01b0u tr\u1eef n\u0103ng l\u01b0\u1ee3ng d\u01b0 th\u1eeba trong gi\u1edd th\u1ea5p \u0111i\u1ec3m khi gi\u00e1 \u0111i\u1ec7n th\u1ea5p h\u01a1n v\u00e0 sau \u0111\u00f3 s\u1eed d\u1ee5ng n\u0103ng l\u01b0\u1ee3ng d\u1ef1 tr\u1eef \u0111\u00f3 trong th\u1eddi gian c\u00f3 nhu c\u1ea7u cao \u0111i\u1ec3m khi gi\u00e1 \u0111i\u1ec7n cao h\u01a1n. B\u1eb1ng c\u00e1ch tr\u00e1nh s\u1eed d\u1ee5ng \u0111i\u1ec7n v\u00e0o gi\u1edd cao \u0111i\u1ec3m, doanh nghi\u1ec7p c\u00f3 th\u1ec3 gi\u1ea3m \u0111\u00e1ng k\u1ec3 h\u00f3a \u0111\u01a1n ti\u1ec1n \u0111i\u1ec7n v\u00e0 ti\u1ebft ki\u1ec7m m\u1ed9t kho\u1ea3n ti\u1ec1n \u0111\u00e1ng k\u1ec3 v\u1ec1 l\u00e2u d\u00e0i.<\/p>\n<h2 id=\"enhancing-energy-efficiency\">T\u0103ng c\u01b0\u1eddng hi\u1ec7u qu\u1ea3 n\u0103ng l\u01b0\u1ee3ng<\/h2>\n<p>H\u1ec7 th\u1ed1ng l\u01b0u tr\u1eef n\u0103ng l\u01b0\u1ee3ng th\u01b0\u01a1ng m\u1ea1i c\u0169ng g\u00f3p ph\u1ea7n n\u00e2ng cao hi\u1ec7u qu\u1ea3 s\u1eed d\u1ee5ng n\u0103ng l\u01b0\u1ee3ng trong t\u1ed5 ch\u1ee9c. C\u00e1c h\u1ec7 th\u1ed1ng n\u00e0y cho ph\u00e9p doanh nghi\u1ec7p t\u1ed1i \u01b0u h\u00f3a m\u1ee9c ti\u00eau th\u1ee5 n\u0103ng l\u01b0\u1ee3ng b\u1eb1ng c\u00e1ch l\u01b0u tr\u1eef n\u0103ng l\u01b0\u1ee3ng d\u01b0 th\u1eeba v\u00e0 s\u1eed d\u1ee5ng khi c\u1ea7n thi\u1ebft. \u0110i\u1ec1u n\u00e0y gi\u00fap b\u00f9 \u0111\u1eafp ph\u1ee5 t\u1ea3i trong th\u1eddi gian c\u00f3 nhu c\u1ea7u cao \u0111i\u1ec3m, t\u1eeb \u0111\u00f3 gi\u1ea3m c\u0103ng th\u1eb3ng cho l\u01b0\u1edbi \u0111i\u1ec7n. B\u1eb1ng c\u00e1ch qu\u1ea3n l\u00fd hi\u1ec7u qu\u1ea3 vi\u1ec7c s\u1eed d\u1ee5ng n\u0103ng l\u01b0\u1ee3ng, doanh nghi\u1ec7p c\u00f3 th\u1ec3 gi\u1ea3m thi\u1ec3u l\u00e3ng ph\u00ed v\u00e0 c\u1ea3i thi\u1ec7n hi\u1ec7u qu\u1ea3 s\u1eed d\u1ee5ng n\u0103ng l\u01b0\u1ee3ng t\u1ed5ng th\u1ec3.<\/p>\n<h2 id=\"ensuring-reliable-power-supply\">\u0110\u1ea3m b\u1ea3o cung c\u1ea5p \u0111i\u1ec7n \u0111\u00e1ng tin c\u1eady<\/h2>\n<p>M\u1ed9t \u01b0u \u0111i\u1ec3m quan tr\u1ecdng kh\u00e1c c\u1ee7a h\u1ec7 th\u1ed1ng l\u01b0u tr\u1eef n\u0103ng l\u01b0\u1ee3ng th\u01b0\u01a1ng m\u1ea1i l\u00e0 kh\u1ea3 n\u0103ng cung c\u1ea5p ngu\u1ed3n \u0111i\u1ec7n \u0111\u00e1ng tin c\u1eady. Vi\u1ec7c cung c\u1ea5p \u0111i\u1ec7n kh\u00f4ng \u1ed5n \u0111\u1ecbnh c\u00f3 th\u1ec3 d\u1eabn \u0111\u1ebfn s\u1ef1 gi\u00e1n \u0111o\u1ea1n trong ho\u1ea1t \u0111\u1ed9ng kinh doanh, d\u1eabn \u0111\u1ebfn m\u1ea5t n\u0103ng su\u1ea5t v\u00e0 doanh thu ti\u1ec1m n\u0103ng. H\u1ec7 th\u1ed1ng l\u01b0u tr\u1eef n\u0103ng l\u01b0\u1ee3ng ho\u1ea1t \u0111\u1ed9ng nh\u01b0 m\u1ed9t ngu\u1ed3n \u0111i\u1ec7n d\u1ef1 ph\u00f2ng khi m\u1ea5t \u0111i\u1ec7n ho\u1eb7c bi\u1ebfn \u0111\u1ed9ng \u0111i\u1ec7n, \u0111\u1ea3m b\u1ea3o ho\u1ea1t \u0111\u1ed9ng kh\u00f4ng b\u1ecb gi\u00e1n \u0111o\u1ea1n. \u0110\u1ed9 tin c\u1eady n\u00e0y mang l\u1ea1i cho doanh nghi\u1ec7p s\u1ef1 an t\u00e2m v\u00e0 gi\u1ea3m t\u00e1c \u0111\u1ed9ng t\u00e0i ch\u00ednh ti\u1ec1m \u1ea9n do m\u1ea5t \u0111i\u1ec7n.<\/p>\n<h2 id=\"promoting-sustainability\">Th\u00fac \u0111\u1ea9y s\u1ef1 b\u1ec1n v\u1eefng<\/h2>\n<p>T\u00ednh b\u1ec1n v\u1eefng \u0111\u00e3 tr\u1edf th\u00e0nh tr\u1ecdng t\u00e2m ch\u00ednh c\u1ee7a c\u00e1c doanh nghi\u1ec7p trong c\u00e1c ng\u00e0nh c\u00f4ng nghi\u1ec7p. H\u1ec7 th\u1ed1ng l\u01b0u tr\u1eef n\u0103ng l\u01b0\u1ee3ng th\u01b0\u01a1ng m\u1ea1i \u0111\u00f3ng m\u1ed9t vai tr\u00f2 quan tr\u1ecdng trong vi\u1ec7c th\u00fac \u0111\u1ea9y t\u00ednh b\u1ec1n v\u1eefng b\u1eb1ng c\u00e1ch cho ph\u00e9p c\u00e1c doanh nghi\u1ec7p \u00edt ph\u1ee5 thu\u1ed9c h\u01a1n v\u00e0o c\u00e1c ngu\u1ed3n n\u0103ng l\u01b0\u1ee3ng d\u1ef1a tr\u00ean nhi\u00ean li\u1ec7u h\u00f3a th\u1ea1ch th\u00f4ng th\u01b0\u1eddng. B\u1eb1ng c\u00e1ch l\u01b0u tr\u1eef v\u00e0 s\u1eed d\u1ee5ng c\u00e1c ngu\u1ed3n n\u0103ng l\u01b0\u1ee3ng t\u00e1i t\u1ea1o nh\u01b0 n\u0103ng l\u01b0\u1ee3ng m\u1eb7t tr\u1eddi ho\u1eb7c n\u0103ng l\u01b0\u1ee3ng gi\u00f3, c\u00e1c doanh nghi\u1ec7p c\u00f3 th\u1ec3 gi\u1ea3m \u0111\u00e1ng k\u1ec3 l\u01b0\u1ee3ng kh\u00ed th\u1ea3i carbon c\u1ee7a m\u00ecnh. \u0110i\u1ec1u n\u00e0y kh\u00f4ng ch\u1ec9 mang l\u1ea1i l\u1ee3i \u00edch cho m\u00f4i tr\u01b0\u1eddng m\u00e0 c\u00f2n n\u00e2ng cao danh ti\u1ebfng c\u1ee7a t\u1ed5 ch\u1ee9c nh\u01b0 m\u1ed9t th\u1ef1c th\u1ec3 c\u00f3 tr\u00e1ch nhi\u1ec7m v\u1edbi m\u00f4i tr\u01b0\u1eddng.<\/p>\n<h2 id=\"unlocking-the-potential-for-renewable-energy\">Khai ph\u00e1 ti\u1ec1m n\u0103ng n\u0103ng l\u01b0\u1ee3ng t\u00e1i t\u1ea1o<\/h2>\n<p>H\u1ec7 th\u1ed1ng l\u01b0u tr\u1eef n\u0103ng l\u01b0\u1ee3ng th\u01b0\u01a1ng m\u1ea1i gi\u00fap gi\u1ea3i ph\u00f3ng ti\u1ec1m n\u0103ng th\u1ef1c s\u1ef1 c\u1ee7a c\u00e1c ngu\u1ed3n n\u0103ng l\u01b0\u1ee3ng t\u00e1i t\u1ea1o. Vi\u1ec7c s\u1ea3n xu\u1ea5t n\u0103ng l\u01b0\u1ee3ng t\u00e1i t\u1ea1o, nh\u01b0 n\u0103ng l\u01b0\u1ee3ng m\u1eb7t tr\u1eddi v\u00e0 gi\u00f3, ph\u1ee5 thu\u1ed9c v\u00e0o \u0111i\u1ec1u ki\u1ec7n th\u1eddi ti\u1ebft v\u00e0 t\u00ednh ch\u1ea5t kh\u00f4ng li\u00ean t\u1ee5c. V\u1edbi vi\u1ec7c l\u01b0u tr\u1eef n\u0103ng l\u01b0\u1ee3ng, doanh nghi\u1ec7p c\u00f3 th\u1ec3 l\u01b0u tr\u1eef n\u0103ng l\u01b0\u1ee3ng t\u00e1i t\u1ea1o d\u01b0 th\u1eeba \u0111\u01b0\u1ee3c t\u1ea1o ra trong \u0111i\u1ec1u ki\u1ec7n thu\u1eadn l\u1ee3i v\u00e0 s\u1eed d\u1ee5ng n\u00f3 trong th\u1eddi gian n\u0103ng l\u01b0\u1ee3ng t\u00e1i t\u1ea1o \u0111\u01b0\u1ee3c s\u1ea3n xu\u1ea5t \u1edf m\u1ee9c th\u1ea5p. \u0110i\u1ec1u n\u00e0y cho ph\u00e9p cung c\u1ea5p n\u0103ng l\u01b0\u1ee3ng t\u00e1i t\u1ea1o \u1ed5n \u0111\u1ecbnh v\u00e0 \u0111\u00e1ng tin c\u1eady h\u01a1n, lo\u1ea1i b\u1ecf s\u1ef1 ph\u1ee5 thu\u1ed9c v\u00e0o c\u00e1c ngu\u1ed3n n\u0103ng l\u01b0\u1ee3ng truy\u1ec1n th\u1ed1ng.<\/p>\n<h2 id=\"conclusion\">Ph\u1ea7n k\u1ebft lu\u1eadn<\/h2>\n<p>H\u1ec7 th\u1ed1ng l\u01b0u tr\u1eef n\u0103ng l\u01b0\u1ee3ng th\u01b0\u01a1ng m\u1ea1i mang l\u1ea1i nhi\u1ec1u l\u1ee3i \u00edch cho doanh nghi\u1ec7p, t\u1eeb gi\u1ea3m chi ph\u00ed \u0111i\u1ec7n v\u00e0 n\u00e2ng cao hi\u1ec7u qu\u1ea3 s\u1eed d\u1ee5ng n\u0103ng l\u01b0\u1ee3ng \u0111\u1ebfn \u0111\u1ea3m b\u1ea3o ngu\u1ed3n cung c\u1ea5p \u0111i\u1ec7n \u0111\u00e1ng tin c\u1eady v\u00e0 th\u00fac \u0111\u1ea9y t\u00ednh b\u1ec1n v\u1eefng. B\u1eb1ng c\u00e1ch \u0111\u1ea7u t\u01b0 v\u00e0o c\u00e1c h\u1ec7 th\u1ed1ng n\u00e0y, doanh nghi\u1ec7p c\u00f3 th\u1ec3 th\u1ef1c hi\u1ec7n c\u00e1c b\u01b0\u1edbc ch\u1ee7 \u0111\u1ed9ng \u0111\u1ec3 \u0111\u1ea1t \u0111\u01b0\u1ee3c m\u1ee5c ti\u00eau n\u0103ng l\u01b0\u1ee3ng, gi\u1ea3m t\u00e1c \u0111\u1ed9ng \u0111\u1ebfn m\u00f4i tr\u01b0\u1eddng v\u00e0 c\u1ea3i thi\u1ec7n l\u1ee3i nhu\u1eadn c\u1ee7a m\u00ecnh. Khi c\u00f4ng ngh\u1ec7 ti\u1ebfp t\u1ee5c ph\u00e1t tri\u1ec3n, c\u00e1c h\u1ec7 th\u1ed1ng l\u01b0u tr\u1eef n\u0103ng l\u01b0\u1ee3ng ng\u00e0y c\u00e0ng tr\u1edf n\u00ean d\u1ec5 ti\u1ebfp c\u1eadn v\u00e0 ti\u1ebft ki\u1ec7m chi ph\u00ed, khi\u1ebfn ch\u00fang tr\u1edf th\u00e0nh kho\u1ea3n \u0111\u1ea7u t\u01b0 \u0111\u00e1ng gi\u00e1 cho c\u00e1c doanh nghi\u1ec7p thu\u1ed9c m\u1ecdi quy m\u00f4.<\/p>","protected":false},"excerpt":{"rendered":"<p>B\u1ed9 l\u01b0u tr\u1eef pin m\u1eb7t tr\u1eddi th\u01b0\u01a1ng m\u1ea1i Amp Nova l\u00e0 h\u1ec7 th\u1ed1ng l\u01b0u tr\u1eef n\u0103ng l\u01b0\u1ee3ng \u0111\u01b0\u1ee3c thi\u1ebft k\u1ebf \u0111\u1eb7c bi\u1ec7t cho c\u00e1c l\u01b0\u1edbi \u0111i\u1ec7n si\u00eau nh\u1ecf trong khu v\u1ef1c nh\u01b0 khu trung t\u00e2m nh\u1ecf, trang tr\u1ea1i, \u0111\u1ea3o, nh\u00e0 m\u00e1y quang \u0111i\u1ec7n ngo\u00e0i tr\u1eddi, v.v., c\u00f3 th\u1ec3 \u0111\u1ea3m b\u1ea3o \u0111\u1ea7y \u0111\u1ee7 nhu c\u1ea7u \u0111i\u1ec7n v\u00e0 an ninh n\u0103ng l\u01b0\u1ee3ng trong nh\u1eefng t\u00ecnh hu\u1ed1ng n\u00e0y.<\/p>","protected":false},"featured_media":2436,"comment_status":"open","ping_status":"closed","template":"","meta":[],"product_cat":[74],"product_tag":[],"class_list":["post-1731","product","type-product","status-publish","has-post-thumbnail","hentry","product_cat-commercial-and-industrial-ci-storage-systems"],"acf":[],"_links":{"self":[{"href":"https:\/\/solarbatterymanufacturer.com\/vi\/wp-json\/wp\/v2\/product\/1731","targetHints":{"allow":["GET"]}}],"collection":[{"href":"https:\/\/solarbatterymanufacturer.com\/vi\/wp-json\/wp\/v2\/product"}],"about":[{"href":"https:\/\/solarbatterymanufacturer.com\/vi\/wp-json\/wp\/v2\/types\/product"}],"replies":[{"embeddable":true,"href":"https:\/\/solarbatterymanufacturer.com\/vi\/wp-json\/wp\/v2\/comments?post=1731"}],"version-history":[{"count":4,"href":"https:\/\/solarbatterymanufacturer.com\/vi\/wp-json\/wp\/v2\/product\/1731\/revisions"}],"predecessor-version":[{"id":4206,"href":"https:\/\/solarbatterymanufacturer.com\/vi\/wp-json\/wp\/v2\/product\/1731\/revisions\/4206"}],"wp:featuredmedia":[{"embeddable":true,"href":"https:\/\/solarbatterymanufacturer.com\/vi\/wp-json\/wp\/v2\/media\/2436"}],"wp:attachment":[{"href":"https:\/\/solarbatterymanufacturer.com\/vi\/wp-json\/wp\/v2\/media?parent=1731"}],"wp:term":[{"taxonomy":"product_cat","embeddable":true,"href":"https:\/\/solarbatterymanufacturer.com\/vi\/wp-json\/wp\/v2\/product_cat?post=1731"},{"taxonomy":"product_tag","embeddable":true,"href":"https:\/\/solarbatterymanufacturer.com\/vi\/wp-json\/wp\/v2\/product_tag?post=1731"}],"curies":[{"name":"wp","href":"https:\/\/api.w.org\/{rel}","templated":true}]}}