{"id":3838,"date":"2023-08-17T08:14:14","date_gmt":"2023-08-17T08:14:14","guid":{"rendered":"https:\/\/solarbatterymanufacturer.com\/?post_type=product&#038;p=3838"},"modified":"2023-08-17T08:25:12","modified_gmt":"2023-08-17T08:25:12","slug":"wheel-design-solar-battery","status":"publish","type":"product","link":"https:\/\/solarbatterymanufacturer.com\/vi\/amp-nova-51.2v-200ah-wheel-design-solar-battery","title":{"rendered":"Pin N\u0103ng L\u01b0\u1ee3ng M\u1eb7t Tr\u1eddi Thi\u1ebft K\u1ebf B\u00e1nh Xe Amp Nova 51.2V 200Ah"},"content":{"rendered":"<h2>M\u00f4 t\u1ea3:<\/h2>\n<div class=\"relative flex w-[calc(100%-50px)] flex-col gap-1 md:gap-3 lg:w-[calc(100%-115px)]\">\n<div class=\"flex flex-grow flex-col gap-3\">\n<div class=\"min-h-[20px] flex items-start overflow-x-auto whitespace-pre-wrap break-words flex-col gap-4\">\n<div class=\"markdown prose w-full break-words dark:prose-invert light\">\n<p>M\u00f4-\u0111un pin lithium s\u1eaft phosphate (LFP) thi\u1ebft k\u1ebf d\u1ea1ng b\u00e1nh xe \u0111\u01b0\u1ee3c thi\u1ebft k\u1ebf d\u00e0nh ri\u00eang cho c\u00e1c gi\u1ea3i ph\u00e1p n\u0103ng l\u01b0\u1ee3ng di \u0111\u1ed9ng v\u00e0 x\u00e1ch tay. M\u1ed7i m\u00f4-\u0111un \u0111\u01b0\u1ee3c trang b\u1ecb H\u1ec7 th\u1ed1ng qu\u1ea3n l\u00fd pin th\u00f4ng minh (BMS), \u0111\u1ea3m b\u1ea3o ho\u1ea1t \u0111\u1ed9ng \u1ed5n \u0111\u1ecbnh trong nhi\u1ec1u m\u00f4i tr\u01b0\u1eddng l\u00e0m vi\u1ec7c kh\u00e1c nhau, cung c\u1ea5p kh\u1ea3 n\u0103ng b\u1ea3o v\u1ec7 ch\u1ed1ng l\u1ea1i t\u00ecnh tr\u1ea1ng qu\u00e1 \u00e1p, d\u01b0\u1edbi \u00e1p, qu\u00e1 d\u00f2ng, \u0111o\u1ea3n m\u1ea1ch v\u00e0 \u0111i\u1ec1u ki\u1ec7n nhi\u1ec7t \u0111\u1ed9 kh\u1eafc nghi\u1ec7t. Ngo\u00e0i ra, t\u00ednh an to\u00e0n c\u1ee7a s\u1ea3n ph\u1ea9m \u0111\u01b0\u1ee3c t\u0103ng c\u01b0\u1eddng \u0111\u00e1ng k\u1ec3 nh\u1edd thi\u1ebft k\u1ebf nhi\u1ec1u l\u1edbp k\u1ebft h\u1ee3p c\u00e1c bi\u1ec7n ph\u00e1p b\u1ea3o v\u1ec7 v\u1eadt li\u1ec7u, cell, c\u1ea5u tr\u00fac v\u00e0 kh\u00ed dung ch\u1ed1ng ch\u00e1y.<\/p>\n<p>Thi\u1ebft k\u1ebf b\u00e1nh xe cho ph\u00e9p m\u00f4-\u0111un pin d\u1ec5 d\u00e0ng di chuy\u1ec3n v\u00e0 \u0111\u1ecbnh v\u1ecb, khi\u1ebfn n\u00f3 \u0111\u1eb7c bi\u1ec7t ph\u00f9 h\u1ee3p v\u1edbi c\u00e1c \u1ee9ng d\u1ee5ng \u0111\u00f2i h\u1ecfi ph\u1ea3i di chuy\u1ec3n th\u01b0\u1eddng xuy\u00ean b\u1ed9 l\u01b0u tr\u1eef n\u0103ng l\u01b0\u1ee3ng. C\u1ea5u tr\u00fac c\u1ee7a b\u00e1nh xe ch\u1eafc ch\u1eafn, c\u00f3 kh\u1ea3 n\u0103ng x\u1eed l\u00fd c\u00e1c th\u00e1ch th\u1ee9c c\u1ee7a nhi\u1ec1u \u0111\u1ecba h\u00ecnh kh\u00e1c nhau, \u0111\u1ed3ng th\u1eddi cung c\u1ea5p h\u1ec7 th\u1ed1ng treo v\u00e0 h\u1ea5p th\u1ee5 s\u1ed1c v\u01b0\u1ee3t tr\u1ed9i \u0111\u1ec3 \u0111\u1ea3m b\u1ea3o t\u00ednh to\u00e0n v\u1eb9n v\u00e0 an to\u00e0n c\u1ee7a pin trong qu\u00e1 tr\u00ecnh v\u1eadn chuy\u1ec3n. Thi\u1ebft k\u1ebf b\u00e1nh xe c\u0169ng cho ph\u00e9p b\u1ed1 tr\u00ed v\u00e0 tri\u1ec3n khai linh ho\u1ea1t h\u01a1n, khi\u1ebfn n\u00f3 tr\u1edf th\u00e0nh l\u1ef1a ch\u1ecdn l\u00fd t\u01b0\u1edfng cho c\u00e1c thi\u1ebft l\u1eadp t\u1ea1m th\u1eddi ho\u1eb7c c\u00e1c \u0111\u1ecba \u0111i\u1ec3m xa x\u00f4i.<\/p>\n<p>T\u00f3m l\u1ea1i, m\u00f4-\u0111un pin lithium s\u1eaft phosphate (LFP) \u0111\u01b0\u1ee3c thi\u1ebft k\u1ebf d\u1ea1ng b\u00e1nh xe k\u1ebft h\u1ee3p c\u00f4ng ngh\u1ec7 pin ti\u00ean ti\u1ebfn v\u1edbi thi\u1ebft k\u1ebf di \u0111\u1ed9ng linh ho\u1ea1t, mang \u0111\u1ebfn gi\u1ea3i ph\u00e1p hi\u1ec7u qu\u1ea3, \u0111\u00e1ng tin c\u1eady v\u00e0 an to\u00e0n cho nhi\u1ec1u nhu c\u1ea7u n\u0103ng l\u01b0\u1ee3ng di \u0111\u1ed9ng v\u00e0 t\u1ea1m th\u1eddi.<\/p>\n<h2>\u0110\u1eb7c tr\u01b0ng:<\/h2>\n<\/div>\n<\/div>\n<\/div>\n<\/div>\n<ul>\n<li><strong>Tu\u1ed5i th\u1ecd \u0111\u01b0\u1ee3c c\u1ea3i thi\u1ec7n<\/strong>: Lithium s\u1eaft phosphate (LiFePO4) \u0111\u1ea3m b\u1ea3o k\u00e9o d\u00e0i tu\u1ed5i th\u1ecd chu k\u1ef3.<\/li>\n<li><strong>An to\u00e0n v\u01b0\u1ee3t tr\u1ed9i<\/strong>:LiFePO4 mang l\u1ea1i hi\u1ec7u su\u1ea5t an to\u00e0n m\u1ea1nh m\u1ebd.<\/li>\n<li><strong>B\u1ea3o v\u1ec7 th\u00f4ng minh<\/strong>:H\u1ec7 th\u1ed1ng BMS th\u00f4ng minh cung c\u1ea5p kh\u1ea3 n\u0103ng b\u1ea3o v\u1ec7 \u0111i\u1ec7n \u00e1p, d\u00f2ng \u0111i\u1ec7n v\u00e0 nhi\u1ec7t \u0111\u1ed9.<\/li>\n<li><strong>T\u1ef1 cung t\u1ef1 c\u1ea5p<\/strong>: L\u01b0u tr\u1eef \u0111i\u1ec7n \u0111\u1ec3 s\u1eed d\u1ee5ng v\u00e0o ban \u0111\u00eam, th\u00fac \u0111\u1ea9y t\u00ednh t\u1ef1 ch\u1ee7.<\/li>\n<li><strong>An ninh ngu\u1ed3n \u0111i\u1ec7n<\/strong>: Lo\u1ea1i b\u1ecf t\u00ecnh tr\u1ea1ng m\u1ea5t \u0111i\u1ec7n nh\u1edd h\u1ec7 th\u1ed1ng l\u01b0u tr\u1eef n\u0103ng l\u01b0\u1ee3ng \u0111\u00e1ng tin c\u1eady.<\/li>\n<li><strong>C\u00e0i \u0111\u1eb7t d\u1ec5 d\u00e0ng<\/strong>: Qu\u00e1 tr\u00ecnh thi\u1ebft l\u1eadp nhanh ch\u00f3ng v\u00e0 d\u1ec5 d\u00e0ng.<\/li>\n<li><strong>M\u00f4-\u0111un v\u00e0 c\u00f3 th\u1ec3 m\u1edf r\u1ed9ng<\/strong>: K\u1ebft n\u1ed1i song song t\u1ed1i \u0111a 15 thi\u1ebft b\u1ecb \u0111\u1ec3 qu\u1ea3n l\u00fd ngu\u1ed3n \u0111i\u1ec7n linh ho\u1ea1t.<\/li>\n<li><strong>Nhi\u1ec1u l\u1ef1a ch\u1ecdn<\/strong>: C\u00f3 nhi\u1ec1u l\u1ef1a ch\u1ecdn ngu\u1ed3n n\u0103ng l\u01b0\u1ee3ng kh\u00e1c nhau \u0111\u1ec3 ph\u00f9 h\u1ee3p v\u1edbi nhi\u1ec1u nhu c\u1ea7u kh\u00e1c nhau.<\/li>\n<\/ul>\n<h2>th\u00f4ng s\u1ed1 k\u1ef9 thu\u1eadt:<\/h2>\n<table style=\"border-collapse: collapse; width: 548.42pt;\" border=\"0\" width=\"914\" cellspacing=\"0\" cellpadding=\"0\">\n<tbody>\n<tr style=\"height: 50.00pt;\">\n<td class=\"et4\" style=\"height: 50.00pt; width: 228.00pt;\" width=\"380\" height=\"83\">Th\u00f4ng s\u1ed1 k\u1ef9 thu\u1eadt c\u01a1 b\u1ea3n<\/td>\n<td class=\"et5\" style=\"width: 320.40pt;\" width=\"534\"><\/td>\n<\/tr>\n<tr style=\"height: 30.00pt;\">\n<td class=\"et6\" style=\"height: 30.00pt; width: 228.00pt;\" width=\"380\" height=\"50\">\u2022 \u0110i\u1ec7n \u00e1p \u0111\u1ecbnh m\u1ee9c<\/td>\n<td class=\"et6\" style=\"width: 320.40pt;\" width=\"534\">51,2 V<\/td>\n<\/tr>\n<tr style=\"height: 30.00pt;\">\n<td class=\"et7\" style=\"height: 30.00pt; width: 228.00pt;\" width=\"380\" height=\"50\">\u2022 C\u00f4ng su\u1ea5t \u0111\u1ecbnh m\u1ee9c<\/td>\n<td class=\"et7\" style=\"width: 320.40pt;\" width=\"534\">200 gi\u1edd<\/td>\n<\/tr>\n<tr style=\"height: 30.00pt;\">\n<td class=\"et6\" style=\"height: 30.00pt; width: 228.00pt;\" width=\"380\" height=\"50\">\u2022 N\u0103ng l\u01b0\u1ee3ng \u0111\u1ecbnh m\u1ee9c<\/td>\n<td class=\"et6\" style=\"width: 320.40pt;\" width=\"534\">10240 Wh<\/td>\n<\/tr>\n<tr style=\"height: 30.00pt;\">\n<td class=\"et7\" style=\"height: 30.00pt; width: 228.00pt;\" width=\"380\" height=\"50\">\u2022 Chu k\u1ef3 cu\u1ed9c s\u1ed1ng<\/td>\n<td class=\"et7\" style=\"width: 320.40pt;\" width=\"534\">6000 (0,5C@25\u00b0C, 80% DOD)<\/td>\n<\/tr>\n<tr style=\"height: 30.00pt;\">\n<td class=\"et6\" style=\"height: 30.00pt; width: 228.00pt;\" width=\"380\" height=\"50\">\u2022 Tu\u1ed5i th\u1ecd thi\u1ebft k\u1ebf<\/td>\n<td class=\"et6\" style=\"width: 320.40pt;\" width=\"534\">15 n\u0103m<\/td>\n<\/tr>\n<tr style=\"height: 50.00pt;\">\n<td class=\"et8\" style=\"height: 50.00pt; width: 228.00pt;\" width=\"380\" height=\"83\">th\u00f4ng s\u1ed1 v\u1eadt l\u00fd<\/td>\n<td class=\"et7\" style=\"width: 320.40pt;\" width=\"534\"><\/td>\n<\/tr>\n<tr style=\"height: 30.00pt;\">\n<td class=\"et6\" style=\"height: 30.00pt; width: 228.00pt;\" width=\"380\" height=\"50\">\u2022 K\u00edch th\u01b0\u1edbc (L x W x H)<\/td>\n<td class=\"et6\" style=\"width: 320.40pt;\" width=\"534\">420*570*740mm<\/td>\n<\/tr>\n<tr style=\"height: 30.00pt;\">\n<td class=\"et7\" style=\"height: 30.00pt; width: 228.00pt;\" width=\"380\" height=\"50\">\u2022 Tr\u1ecdng l\u01b0\u1ee3ng<\/td>\n<td class=\"et7\" style=\"width: 320.40pt;\" width=\"534\">85 KG<\/td>\n<\/tr>\n<tr style=\"height: 30.00pt;\">\n<td class=\"et6\" style=\"height: 30.00pt; width: 228.00pt;\" width=\"380\" height=\"50\">\u2022 V\u1eadt li\u1ec7u cat\u00f4t<\/td>\n<td class=\"et6\" style=\"width: 320.40pt;\" width=\"534\">Liti S\u1eaft Phosphate (LiFePo\u2084)<\/td>\n<\/tr>\n<tr style=\"height: 30.00pt;\">\n<td class=\"et7\" style=\"height: 30.00pt; width: 228.00pt;\" width=\"380\" height=\"50\">\u2022 Ch\u1ea5t li\u1ec7u v\u1ecf<\/td>\n<td class=\"et7\" style=\"width: 320.40pt;\" width=\"534\">ABS (Acrylonitrile butadiene styrene)<\/td>\n<\/tr>\n<tr style=\"height: 30.00pt;\">\n<td class=\"et6\" style=\"height: 30.00pt; width: 228.00pt;\" width=\"380\" height=\"50\">\u2022 M\u00e0u v\u1ecf<\/td>\n<td class=\"et6\" style=\"width: 320.40pt;\" width=\"534\">Tr\u1eafng<\/td>\n<\/tr>\n<tr style=\"height: 30.00pt;\">\n<td class=\"et7\" style=\"height: 30.00pt; width: 228.00pt;\" width=\"380\" height=\"50\">\u2022 Ph\u01b0\u01a1ng ph\u00e1p hi\u1ec3n th\u1ecb<\/td>\n<td class=\"et7\" style=\"width: 320.40pt;\" width=\"534\">M\u00e0n h\u00ecnh LED + LCD<\/td>\n<\/tr>\n<tr style=\"height: 50.00pt;\">\n<td class=\"et10\" style=\"height: 50.00pt; width: 548.40pt;\" colspan=\"2\" width=\"914\" height=\"83\">Th\u00f4ng s\u1ed1 v\u1eadn h\u00e0nh<\/td>\n<\/tr>\n<tr style=\"height: 30.00pt;\">\n<td class=\"et7\" style=\"height: 30.00pt; width: 228.00pt;\" width=\"380\" height=\"50\">\u2022 D\u1ea3i \u0111i\u1ec7n \u00e1p<\/td>\n<td class=\"et7\" style=\"width: 320.40pt;\" width=\"534\">44,8-56 V<\/td>\n<\/tr>\n<tr style=\"height: 30.00pt;\">\n<td class=\"et6\" style=\"height: 30.00pt; width: 228.00pt;\" width=\"380\" height=\"50\">\u2022 \u0110i\u1ec7n \u00e1p c\u1eaft<\/td>\n<td class=\"et6\" style=\"width: 320.40pt;\" width=\"534\">44,8 V<\/td>\n<\/tr>\n<tr style=\"height: 30.00pt;\">\n<td class=\"et7\" style=\"height: 30.00pt; width: 228.00pt;\" width=\"380\" height=\"50\">\u2022 D\u00f2ng s\u1ea1c khuy\u1ebfn ngh\u1ecb<\/td>\n<td class=\"et7\" style=\"width: 320.40pt;\" width=\"534\">100 A<\/td>\n<\/tr>\n<tr style=\"height: 30.00pt;\">\n<td class=\"et6\" style=\"height: 30.00pt; width: 228.00pt;\" width=\"380\" height=\"50\">\u2022 D\u00f2ng \u0111i\u1ec7n s\u1ea1c t\u1ed1i \u0111a<\/td>\n<td class=\"et6\" style=\"width: 320.40pt;\" width=\"534\">100 A<\/td>\n<\/tr>\n<tr style=\"height: 30.00pt;\">\n<td class=\"et7\" style=\"height: 30.00pt; width: 228.00pt;\" width=\"380\" height=\"50\">\u2022 D\u00f2ng x\u1ea3 t\u1ed1i \u0111a<\/td>\n<td class=\"et7\" style=\"width: 320.40pt;\" width=\"534\">200 A<\/td>\n<\/tr>\n<tr style=\"height: 50.00pt;\">\n<td class=\"et10\" style=\"height: 50.00pt; width: 548.40pt;\" colspan=\"2\" width=\"914\" height=\"83\">Th\u00f4ng s\u1ed1 k\u1ef9 thu\u1eadt m\u00f4i tr\u01b0\u1eddng<\/td>\n<\/tr>\n<tr style=\"height: 30.00pt;\">\n<td class=\"et7\" style=\"height: 30.00pt; width: 228.00pt;\" width=\"380\" height=\"50\">\u2022 \u0110\u1ed9 \u1ea9m t\u01b0\u01a1ng \u0111\u1ed1i<\/td>\n<td class=\"et7\" style=\"width: 320.40pt;\" width=\"534\">5-95%<\/td>\n<\/tr>\n<tr style=\"height: 30.00pt;\">\n<td class=\"et6\" style=\"height: 30.00pt; width: 228.00pt;\" width=\"380\" height=\"50\">\u2022 Nhi\u1ec7t \u0111\u1ed9 s\u1ea1c<\/td>\n<td class=\"et6\" style=\"width: 320.40pt;\" width=\"534\">-20 \u0111\u1ebfn 45\u00b0C \/ -4 \u0111\u1ebfn 113\u00b0F (ho\u1ea1t \u0111\u1ed9ng s\u01b0\u1edfi \u1ea5m khi nhi\u1ec7t \u0111\u1ed9 d\u01b0\u1edbi 0\u00b0C \/ 32\u00b0F)<\/td>\n<\/tr>\n<tr style=\"height: 30.00pt;\">\n<td class=\"et7\" style=\"height: 30.00pt; width: 228.00pt;\" width=\"380\" height=\"50\">\u2022 Ph\u1ea1m vi nhi\u1ec7t \u0111\u1ed9 x\u1ea3<\/td>\n<td class=\"et7\" style=\"width: 320.40pt;\" width=\"534\">-20 \u0111\u1ebfn 55\u00b0C \/ -4 \u0111\u1ebfn 131\u00b0F<\/td>\n<\/tr>\n<tr style=\"height: 30.00pt;\">\n<td class=\"et6\" style=\"height: 30.00pt; width: 228.00pt;\" width=\"380\" height=\"50\">\u2022 Ph\u1ea1m vi nhi\u1ec7t \u0111\u1ed9 b\u1ea3o qu\u1ea3n<\/td>\n<td class=\"et6\" style=\"width: 320.40pt;\" width=\"534\">-20 \u0111\u1ebfn 55\u00b0C \/ -4 \u0111\u1ebfn 131\u00b0F<\/td>\n<\/tr>\n<tr style=\"height: 50.00pt;\">\n<td class=\"et8\" style=\"height: 50.00pt; width: 228.00pt;\" width=\"380\" height=\"83\">Ch\u1ee9ng nh\u1eadn<\/td>\n<td class=\"et7\" style=\"width: 320.40pt;\" width=\"534\"><\/td>\n<\/tr>\n<tr style=\"height: 30.00pt;\">\n<td class=\"et6\" style=\"height: 30.00pt; width: 228.00pt;\" width=\"380\" height=\"50\">\u2022 S\u1ef1 an to\u00e0n<\/td>\n<td class=\"et6\" style=\"width: 320.40pt;\" width=\"534\">\u00a0Tu\u00e2n th\u1ee7 CE v\u00e0 IEC62619<\/td>\n<\/tr>\n<tr style=\"height: 30.00pt;\">\n<td class=\"et7\" style=\"height: 30.00pt; width: 228.00pt;\" width=\"380\" height=\"50\">\u2022 V\u1eadn t\u1ea3i<\/td>\n<td class=\"et7\" style=\"width: 320.40pt;\" width=\"534\">UN38.3<\/td>\n<\/tr>\n<\/tbody>\n<\/table>\n<div id=\"shopify-section-template--16532101234919__166366565650412e45\" class=\"shopify-section shopify-section--apps\">\n<div class=\"container vertical-breather\">\n<div id=\"shopify-block-6cc0a491-8313-4fe7-9d7f-4ca4b875af59\" class=\"shopify-block shopify-app-block\">\n<div id=\"wc_review_section\" class=\"wc_review_main_content\" data-url=\"https:\/\/voltgopower.com\" data-handle=\"voltgo-51-2v-100ah-lifepo-wall-mounted-battery\" data-product_id=\"8206075887847\" data-limit=\"0\">\n<div class=\"wc_review_top_title wc_wf_cls\" data-bind=\"voltgo-51-2v-100ah-lifepo-wall-mounted-battery\"><\/div>\n<\/div>\n<\/div>\n<\/div>\n<\/div>","protected":false},"excerpt":{"rendered":"<p>Pin m\u1eb7t tr\u1eddi thi\u1ebft k\u1ebf d\u1ea1ng b\u00e1nh xe \u0111\u01b0\u1ee3c thi\u1ebft k\u1ebf d\u00e0nh ri\u00eang cho c\u00e1c gi\u1ea3i ph\u00e1p n\u0103ng l\u01b0\u1ee3ng di \u0111\u1ed9ng v\u00e0 x\u00e1ch tay. M\u1ed7i m\u00f4-\u0111un \u0111\u01b0\u1ee3c trang b\u1ecb H\u1ec7 th\u1ed1ng qu\u1ea3n l\u00fd pin th\u00f4ng minh (BMS), \u0111\u1ea3m b\u1ea3o ho\u1ea1t \u0111\u1ed9ng \u1ed5n \u0111\u1ecbnh trong nhi\u1ec1u m\u00f4i tr\u01b0\u1eddng l\u00e0m vi\u1ec7c kh\u00e1c nhau, cung c\u1ea5p kh\u1ea3 n\u0103ng b\u1ea3o v\u1ec7 ch\u1ed1ng l\u1ea1i t\u00ecnh tr\u1ea1ng qu\u00e1 \u00e1p, d\u01b0\u1edbi \u00e1p, qu\u00e1 d\u00f2ng, \u0111o\u1ea3n m\u1ea1ch v\u00e0 \u0111i\u1ec1u ki\u1ec7n nhi\u1ec7t \u0111\u1ed9 kh\u1eafc nghi\u1ec7t. Ngo\u00e0i ra, t\u00ednh an to\u00e0n c\u1ee7a s\u1ea3n ph\u1ea9m \u0111\u01b0\u1ee3c t\u0103ng c\u01b0\u1eddng \u0111\u00e1ng k\u1ec3 nh\u1edd thi\u1ebft k\u1ebf nhi\u1ec1u l\u1edbp k\u1ebft h\u1ee3p c\u00e1c bi\u1ec7n ph\u00e1p b\u1ea3o v\u1ec7 v\u1eadt li\u1ec7u, t\u1ebf b\u00e0o, c\u1ea5u tr\u00fac v\u00e0 kh\u00ed dung ch\u1ed1ng ch\u00e1y.<\/p>","protected":false},"featured_media":3759,"comment_status":"open","ping_status":"closed","template":"","meta":[],"product_cat":[87],"product_tag":[],"class_list":["post-3838","product","type-product","status-publish","has-post-thumbnail","hentry","product_cat-wheel-design-solar-battery"],"acf":[],"_links":{"self":[{"href":"https:\/\/solarbatterymanufacturer.com\/vi\/wp-json\/wp\/v2\/product\/3838","targetHints":{"allow":["GET"]}}],"collection":[{"href":"https:\/\/solarbatterymanufacturer.com\/vi\/wp-json\/wp\/v2\/product"}],"about":[{"href":"https:\/\/solarbatterymanufacturer.com\/vi\/wp-json\/wp\/v2\/types\/product"}],"replies":[{"embeddable":true,"href":"https:\/\/solarbatterymanufacturer.com\/vi\/wp-json\/wp\/v2\/comments?post=3838"}],"version-history":[{"count":2,"href":"https:\/\/solarbatterymanufacturer.com\/vi\/wp-json\/wp\/v2\/product\/3838\/revisions"}],"predecessor-version":[{"id":3840,"href":"https:\/\/solarbatterymanufacturer.com\/vi\/wp-json\/wp\/v2\/product\/3838\/revisions\/3840"}],"wp:featuredmedia":[{"embeddable":true,"href":"https:\/\/solarbatterymanufacturer.com\/vi\/wp-json\/wp\/v2\/media\/3759"}],"wp:attachment":[{"href":"https:\/\/solarbatterymanufacturer.com\/vi\/wp-json\/wp\/v2\/media?parent=3838"}],"wp:term":[{"taxonomy":"product_cat","embeddable":true,"href":"https:\/\/solarbatterymanufacturer.com\/vi\/wp-json\/wp\/v2\/product_cat?post=3838"},{"taxonomy":"product_tag","embeddable":true,"href":"https:\/\/solarbatterymanufacturer.com\/vi\/wp-json\/wp\/v2\/product_tag?post=3838"}],"curies":[{"name":"wp","href":"https:\/\/api.w.org\/{rel}","templated":true}]}}