{"id":4212,"date":"2023-11-15T06:21:57","date_gmt":"2023-11-15T06:21:57","guid":{"rendered":"https:\/\/solarbatterymanufacturer.com\/?post_type=product&#038;p=4212"},"modified":"2026-04-14T05:50:08","modified_gmt":"2026-04-14T05:50:08","slug":"amp-nova-50-kwh-battery","status":"publish","type":"product","link":"https:\/\/solarbatterymanufacturer.com\/vi\/san-pham\/amp-nova-50-kwh-pin\/","title":{"rendered":"Ampe Nova 50 KWh Pin 512V 100Ah"},"content":{"rendered":"<style>\/*! elementor - v3.12.1 - 02-04-2023 *\/<br \/>\n.elementor-heading-title{padding:0;margin:0;line-height:1}.elementor-widget-heading .elementor-heading-title[class*=elementor-size-]>a{color:inherit;font-size:inherit;line-height:inherit}.elementor-widget-heading .elementor-heading-title.elementor-size-small{font-size:15px}.elementor-widget-heading .elementor-heading-title.elementor-size-medium{font-size:19px}.elementor-widget-heading .elementor-heading-title.elementor-size-large{font-size:29px}.elementor-widget-heading .elementor-heading-title.elementor-size-xl{font-size:39px}.elementor-widget-heading .elementor-heading-title.elementor-size-xxl{font-size:59px}<\/style>\n<h3>Th\u00f4ng tin s\u1ea3n ph\u1ea9m<\/h3>\n<style>\/*! elementor - v3.12.1 - 02-04-2023 *\/<br \/>\n.elementor-widget-image{text-align:center}.elementor-widget-image a{display:inline-block}.elementor-widget-image a img[src$=\".svg\"]{width:48px}.elementor-widget-image img{vertical-align:middle;display:inline-block}<\/style>\n<p><img decoding=\"async\" src=\"https:\/\/solarbatterymanufacturer.com\/wp-content\/uploads\/2023\/11\/494a8de7-2af9-4672-99f5-28613f9a4101-712x1024.png\" sizes=\"auto, (max-width: 712px) 100vw, 712px\" srcset=\"https:\/\/solarbatterymanufacturer.com\/wp-content\/uploads\/2023\/11\/494a8de7-2af9-4672-99f5-28613f9a4101-712x1024.png 712w, https:\/\/solarbatterymanufacturer.com\/wp-content\/uploads\/2023\/11\/494a8de7-2af9-4672-99f5-28613f9a4101-209x300.png 209w, https:\/\/solarbatterymanufacturer.com\/wp-content\/uploads\/2023\/11\/494a8de7-2af9-4672-99f5-28613f9a4101-8x12.png 8w, https:\/\/solarbatterymanufacturer.com\/wp-content\/uploads\/2023\/11\/494a8de7-2af9-4672-99f5-28613f9a4101-600x863.png 600w, https:\/\/solarbatterymanufacturer.com\/wp-content\/uploads\/2023\/11\/494a8de7-2af9-4672-99f5-28613f9a4101.png 751w\" alt=\"Pin 50 KWH\" width=\"712\" height=\"1024\" \/><br \/>\n<img decoding=\"async\" src=\"https:\/\/solarbatterymanufacturer.com\/wp-content\/uploads\/2023\/11\/b8bbb35b-766c-4f6a-b1a8-0bb31442f718-1024x621.png\" sizes=\"auto, (max-width: 1024px) 100vw, 1024px\" srcset=\"https:\/\/solarbatterymanufacturer.com\/wp-content\/uploads\/2023\/11\/b8bbb35b-766c-4f6a-b1a8-0bb31442f718-1024x621.png 1024w, https:\/\/solarbatterymanufacturer.com\/wp-content\/uploads\/2023\/11\/b8bbb35b-766c-4f6a-b1a8-0bb31442f718-300x182.png 300w, https:\/\/solarbatterymanufacturer.com\/wp-content\/uploads\/2023\/11\/b8bbb35b-766c-4f6a-b1a8-0bb31442f718-768x466.png 768w, https:\/\/solarbatterymanufacturer.com\/wp-content\/uploads\/2023\/11\/b8bbb35b-766c-4f6a-b1a8-0bb31442f718-18x12.png 18w, https:\/\/solarbatterymanufacturer.com\/wp-content\/uploads\/2023\/11\/b8bbb35b-766c-4f6a-b1a8-0bb31442f718-600x364.png 600w, https:\/\/solarbatterymanufacturer.com\/wp-content\/uploads\/2023\/11\/b8bbb35b-766c-4f6a-b1a8-0bb31442f718.png 1280w\" alt=\"50 KWH\" width=\"1024\" height=\"621\" \/><br \/>\n<img decoding=\"async\" src=\"https:\/\/solarbatterymanufacturer.com\/wp-content\/uploads\/2023\/11\/534b47f4-4a2d-4de7-b49c-d44aa2aaf18a-1024x760.png\" sizes=\"auto, (max-width: 1024px) 100vw, 1024px\" srcset=\"https:\/\/solarbatterymanufacturer.com\/wp-content\/uploads\/2023\/11\/534b47f4-4a2d-4de7-b49c-d44aa2aaf18a-1024x760.png 1024w, https:\/\/solarbatterymanufacturer.com\/wp-content\/uploads\/2023\/11\/534b47f4-4a2d-4de7-b49c-d44aa2aaf18a-300x223.png 300w, https:\/\/solarbatterymanufacturer.com\/wp-content\/uploads\/2023\/11\/534b47f4-4a2d-4de7-b49c-d44aa2aaf18a-768x570.png 768w, https:\/\/solarbatterymanufacturer.com\/wp-content\/uploads\/2023\/11\/534b47f4-4a2d-4de7-b49c-d44aa2aaf18a-16x12.png 16w, https:\/\/solarbatterymanufacturer.com\/wp-content\/uploads\/2023\/11\/534b47f4-4a2d-4de7-b49c-d44aa2aaf18a-600x445.png 600w, https:\/\/solarbatterymanufacturer.com\/wp-content\/uploads\/2023\/11\/534b47f4-4a2d-4de7-b49c-d44aa2aaf18a.png 1280w\" alt=\"Ng\u00e2n h\u00e0ng pin 50 kwh\" width=\"1024\" height=\"760\" \/><br \/>\n<img decoding=\"async\" src=\"https:\/\/solarbatterymanufacturer.com\/wp-content\/uploads\/2023\/11\/e83fa8ed-8513-4a80-ab40-e820424771a8-1024x862.png\" sizes=\"auto, (max-width: 1024px) 100vw, 1024px\" srcset=\"https:\/\/solarbatterymanufacturer.com\/wp-content\/uploads\/2023\/11\/e83fa8ed-8513-4a80-ab40-e820424771a8-1024x862.png 1024w, https:\/\/solarbatterymanufacturer.com\/wp-content\/uploads\/2023\/11\/e83fa8ed-8513-4a80-ab40-e820424771a8-300x252.png 300w, https:\/\/solarbatterymanufacturer.com\/wp-content\/uploads\/2023\/11\/e83fa8ed-8513-4a80-ab40-e820424771a8-768x646.png 768w, https:\/\/solarbatterymanufacturer.com\/wp-content\/uploads\/2023\/11\/e83fa8ed-8513-4a80-ab40-e820424771a8-14x12.png 14w, https:\/\/solarbatterymanufacturer.com\/wp-content\/uploads\/2023\/11\/e83fa8ed-8513-4a80-ab40-e820424771a8-600x505.png 600w, https:\/\/solarbatterymanufacturer.com\/wp-content\/uploads\/2023\/11\/e83fa8ed-8513-4a80-ab40-e820424771a8.png 1280w\" alt=\"H\u1ec7 th\u1ed1ng n\u0103ng l\u01b0\u1ee3ng m\u1eb7t tr\u1eddi 50 kwh\" width=\"1024\" height=\"862\" \/><\/p>\n<table id=\"tablepress-101\" style=\"height: 1355px;\" width=\"635\">\n<tbody>\n<tr>\n<td colspan=\"4\">\n<h3>Th\u00f4ng s\u1ed1 k\u1ef9 thu\u1eadt<\/h3>\n<\/td>\n<\/tr>\n<tr>\n<td colspan=\"3\">\u0110\u1ecbnh m\u1ee9c \u0111i\u1ec7n \u00e1p<\/td>\n<td>512V<\/td>\n<\/tr>\n<tr>\n<td colspan=\"3\">S\u1ee9c ch\u1ee9a gi\u1ea3 \u0111\u1ecbnh<\/td>\n<td>100ah<\/td>\n<\/tr>\n<tr>\n<td rowspan=\"4\">K\u00edch th\u01b0\u1edbc<\/td>\n<td colspan=\"2\">Chi\u1ec1u d\u00e0i<\/td>\n<td>600\u00b12mm (23,62 inch)<\/td>\n<\/tr>\n<tr>\n<td colspan=\"2\">Chi\u1ec1u r\u1ed9ng<\/td>\n<td>600\u00b12mm (23,62 inch)<\/td>\n<\/tr>\n<tr>\n<td colspan=\"2\">Chi\u1ec1u cao<\/td>\n<td>1800\u00b12mm (70,87 inch)<\/td>\n<\/tr>\n<tr>\n<td colspan=\"2\">T\u1ed5ng chi\u1ec1u cao<\/td>\n<td>1870\u00b12mm (73,62 inch)<\/td>\n<\/tr>\n<tr>\n<td colspan=\"3\">X\u1ea5p x\u1ec9. c\u00e2n n\u1eb7ng<\/td>\n<td>986,0kg (2173,74lbs)\u00b135kg<\/td>\n<\/tr>\n<tr>\n<td colspan=\"4\">\n<h3>\u0110\u1eb7c tr\u01b0ng<\/h3>\n<\/td>\n<\/tr>\n<tr>\n<td rowspan=\"6\">\u0110i\u1ec7n<br \/>\nTh\u00f4ng s\u1ed1<br \/>\n(25\u00b0C)<\/td>\n<td colspan=\"2\">\u0110i\u1ec7n \u00e1p \u0111\u1ecbnh m\u1ee9c<\/td>\n<td>512V<\/td>\n<\/tr>\n<tr>\n<td colspan=\"2\">C\u00f4ng su\u1ea5t \u0111\u1ecbnh m\u1ee9c (C5)<\/td>\n<td>100Ah@25\u00b0C<\/td>\n<\/tr>\n<tr>\n<td colspan=\"2\">N\u0103ng l\u01b0\u1ee3ng<\/td>\n<td>51200Wh<\/td>\n<\/tr>\n<tr>\n<td colspan=\"2\">Th\u00e1ng T\u1ef1 X\u1ea3<\/td>\n<td>&lt;3%<\/td>\n<\/tr>\n<tr>\n<td colspan=\"2\">Hi\u1ec7u qu\u1ea3 s\u1ea1c<\/td>\n<td>99,5%@ 0,2C<\/td>\n<\/tr>\n<tr>\n<td colspan=\"2\">Hi\u1ec7u su\u1ea5t x\u1ea3<\/td>\n<td>96-99%@ 1C<\/td>\n<\/tr>\n<tr>\n<td colspan=\"3\">\u0110\u01b0\u1eddng k\u00ednh \u0111\u1ea7u cu\u1ed1i<\/td>\n<td>M8<\/td>\n<\/tr>\n<tr>\n<td colspan=\"3\">\u0110i\u1ec7n tr\u1edf trong (\u0110\u00e3 s\u1ea1c \u0111\u1ea7y, 25\u00b0C)<\/td>\n<td>280m\u03a9<\/td>\n<\/tr>\n<tr>\n<td colspan=\"3\">Chu k\u1ef3 cu\u1ed9c s\u1ed1ng<\/td>\n<td>&gt;3000 chu k\u1ef3 @ 0,2C 100%D.OD<\/td>\n<\/tr>\n<tr>\n<td colspan=\"2\" rowspan=\"4\">Dung t\u00edch<br \/>\nb\u1ecb \u1ea3nh h\u01b0\u1edfng b\u1edfi<br \/>\nnhi\u1ec7t \u0111\u1ed9<\/td>\n<td>40\u00b0C<\/td>\n<td>101%<\/td>\n<\/tr>\n<tr>\n<td>25\u00b0C<\/td>\n<td>100%<\/td>\n<\/tr>\n<tr>\n<td>0\u00b0C<\/td>\n<td>90%<\/td>\n<\/tr>\n<tr>\n<td>-10\u00b0C<\/td>\n<td>75%<\/td>\n<\/tr>\n<tr>\n<td colspan=\"3\">Nhi\u1ec7t \u0111\u1ed9 ho\u1ea1t \u0111\u1ed9ng danh ngh\u0129a<\/td>\n<td>25\u00b0C\u00b1 3\u00b0C (77\u00b0F\u00b1 5\u00b0F)<\/td>\n<\/tr>\n<tr>\n<td colspan=\"2\" rowspan=\"3\">\u0110i\u1ec1u h\u00e0nh<br \/>\nnhi\u1ec7t \u0111\u1ed9<br \/>\nph\u1ea1m vi<\/td>\n<td>Ph\u00f3ng \u0111i\u1ec7n<\/td>\n<td>\u2013 20\u00b0C~ 60\u00b0C (-4\u00b0F ~ 140\u00b0F)<\/td>\n<\/tr>\n<tr>\n<td>Th\u00f9 lao<\/td>\n<td>0\u00b0C~ 45\u00b0C (32\u00b0F ~ 113\u00b0F)<\/td>\n<\/tr>\n<tr>\n<td>Kho<\/td>\n<td>0\u00b0C~ 40\u00b0C (32\u00b0F ~ 104\u00b0F)<\/td>\n<\/tr>\n<tr>\n<td colspan=\"3\">Ch\u1ed1ng b\u1ee5i n\u01b0\u1edbc<\/td>\n<td>IP50<\/td>\n<\/tr>\n<tr>\n<td colspan=\"3\">\u0110i\u1ec7n \u00e1p s\u1ea1c<\/td>\n<td>584V<\/td>\n<\/tr>\n<tr>\n<td colspan=\"3\">Ch\u1ebf \u0111\u1ed9 s\u1ea1c ti\u00eau chu\u1ea9n<br \/>\n(25\u00b0C\u00b12\u00b0C, &lt;75%RH)<\/td>\n<td>D\u00f2ng \u0111i\u1ec7n kh\u00f4ng \u0111\u1ed5i 0,2CA \u0111\u1ebfn 584V,<br \/>\nsau \u0111\u00f3 \u0110i\u1ec7n \u00e1p kh\u00f4ng \u0111\u1ed5i 584V<br \/>\ncho \u0111\u1ebfn khi d\u00f2ng \u0111i\u1ec7n gi\u1ea3m xu\u1ed1ng 0,02CA,<br \/>\ntr\u01b0\u1edbc khi s\u1eed d\u1ee5ng, ngh\u1ec9 ng\u01a1i 30 ph\u00fat<\/td>\n<\/tr>\n<tr>\n<td colspan=\"3\">D\u00f2ng \u0111i\u1ec7n t\u00edch \u0111i\u1ec7n<\/td>\n<td>20A<\/td>\n<\/tr>\n<tr>\n<td colspan=\"3\">D\u00f2ng \u0111i\u1ec7n s\u1ea1c t\u1ed1i \u0111a<\/td>\n<td>50A<\/td>\n<\/tr>\n<tr>\n<td colspan=\"3\">\u0110i\u1ec7n \u00e1p c\u1eaft \u0111i\u1ec7n<\/td>\n<td>584V<\/td>\n<\/tr>\n<tr>\n<td colspan=\"3\">D\u00f2ng x\u1ea3 li\u00ean t\u1ee5c<\/td>\n<td>100A<\/td>\n<\/tr>\n<tr>\n<td colspan=\"3\">D\u00f2ng xung t\u1ed1i \u0111a<\/td>\n<td>200A (&lt;2S, C\u00f3 th\u1ec3 \u0111i\u1ec1u ch\u1ec9nh)<\/td>\n<\/tr>\n<tr>\n<td colspan=\"3\">X\u1ea3 c\u1eaft \u0111i\u1ec7n \u00e1p<\/td>\n<td>448V<\/td>\n<\/tr>\n<tr>\n<td colspan=\"3\">Giao th\u1ee9c giao ti\u1ebfp (t\u00f9y ch\u1ecdn)<\/td>\n<td>RS485\/RS232\/C\u00d3 TH\u1ec2<\/td>\n<\/tr>\n<tr>\n<td colspan=\"3\">SOC (t\u00f9y ch\u1ecdn)<\/td>\n<td>Ph\u1ea7n m\u1ec1m m\u00e0n h\u00ecnh\/LED\/PC<\/td>\n<\/tr>\n<tr>\n<td colspan=\"3\">K\u1ebft n\u1ed1i \u1ee9ng d\u1ee5ng<\/td>\n<td>1 chu\u1ed7i 1 song song<\/td>\n<\/tr>\n<tr>\n<td colspan=\"2\" rowspan=\"2\">C\u01a1 kh\u00ed<\/td>\n<td>S\u1ed1 l\u01b0\u1ee3ng t\u1ebf b\u00e0o<\/td>\n<td>160 d\u00e2y<\/td>\n<\/tr>\n<tr>\n<td>Th\u00f9ng \u0111\u1ef1ng h\u00e0ng<\/td>\n<td>Kim lo\u1ea1i<\/td>\n<\/tr>\n<\/tbody>\n<\/table>\n<h1 id=\"exploring-the-features-and-performance-of-a-50-kwh-battery\">Ampe Nova 50 KWh Pin 512V 100Ah<\/h1>\n<ul>\n<li>Gi\u1edbi thi\u1ec7u<\/li>\n<li>T\u00ecm hi\u1ec3u h\u1ec7 th\u1ed1ng n\u0103ng l\u01b0\u1ee3ng m\u1eb7t tr\u1eddi<\/li>\n<li>T\u1ea7m quan tr\u1ecdng c\u1ee7a dung l\u01b0\u1ee3ng pin<\/li>\n<li>\u01afu \u0111i\u1ec3m c\u1ee7a \u1eaec quy 50 kWh<\/li>\n<li>Khai th\u00e1c t\u1ed1i \u0111a ti\u1ec1m n\u0103ng n\u0103ng l\u01b0\u1ee3ng m\u1eb7t tr\u1eddi<\/li>\n<li>Ph\u1ea7n k\u1ebft lu\u1eadn<\/li>\n<\/ul>\n<h2 id=\"introduction\">Gi\u1edbi thi\u1ec7u<\/h2>\n<p>Pin 50 KWh: Trao quy\u1ec1n cho c\u00e1c h\u1ec7 th\u1ed1ng n\u0103ng l\u01b0\u1ee3ng m\u1eb7t tr\u1eddi cho m\u1ed9t t\u01b0\u01a1ng lai b\u1ec1n v\u1eefng. Khi th\u1ebf gi\u1edbi ng\u00e0y c\u00e0ng t\u1eadp trung v\u00e0o c\u00e1c gi\u1ea3i ph\u00e1p n\u0103ng l\u01b0\u1ee3ng b\u1ec1n v\u1eefng, n\u0103ng l\u01b0\u1ee3ng m\u1eb7t tr\u1eddi n\u1ed5i l\u00ean nh\u01b0 m\u1ed9t gi\u1ea3i ph\u00e1p thay th\u1ebf \u0111\u1ea7y h\u1ee9a h\u1eb9n cho c\u00e1c ngu\u1ed3n n\u0103ng l\u01b0\u1ee3ng truy\u1ec1n th\u1ed1ng. H\u1ec7 th\u1ed1ng n\u0103ng l\u01b0\u1ee3ng m\u1eb7t tr\u1eddi khai th\u00e1c s\u1ee9c m\u1ea1nh c\u1ee7a m\u1eb7t tr\u1eddi \u0111\u1ec3 t\u1ea1o ra \u0111i\u1ec7n, gi\u1ea3m s\u1ef1 ph\u1ee5 thu\u1ed9c v\u00e0o nhi\u00ean li\u1ec7u h\u00f3a th\u1ea1ch v\u00e0 gi\u1ea3m thi\u1ec3u l\u01b0\u1ee3ng kh\u00ed th\u1ea3i carbon. \u0110\u1ec3 t\u1ed1i \u0111a h\u00f3a ti\u1ec1m n\u0103ng c\u1ee7a n\u0103ng l\u01b0\u1ee3ng m\u1eb7t tr\u1eddi, \u0111i\u1ec1u c\u1ea7n thi\u1ebft l\u00e0 ph\u1ea3i c\u00f3 m\u1ed9t h\u1ec7 th\u1ed1ng pin hi\u1ec7u qu\u1ea3 v\u00e0 \u0111\u00e1ng tin c\u1eady. Trong b\u00e0i vi\u1ebft n\u00e0y, ch\u00fang ta s\u1ebd \u0111i s\u00e2u v\u00e0o nh\u1eefng \u01b0u \u0111i\u1ec3m c\u1ee7a pin 50 kWh \u0111\u1ed1i v\u1edbi c\u00e1c h\u1ec7 th\u1ed1ng n\u0103ng l\u01b0\u1ee3ng m\u1eb7t tr\u1eddi v\u00e0 c\u00e1ch n\u00f3 c\u00f3 th\u1ec3 n\u00e2ng cao hi\u1ec7u qu\u1ea3 c\u0169ng nh\u01b0 ch\u1ee9c n\u0103ng t\u1ed5ng th\u1ec3 c\u1ee7a c\u00e1c h\u1ec7 th\u1ed1ng \u0111\u00f3.<\/p>\n<h2 id=\"understanding-solar-energy-systems\">T\u00ecm hi\u1ec3u h\u1ec7 th\u1ed1ng n\u0103ng l\u01b0\u1ee3ng m\u1eb7t tr\u1eddi<\/h2>\n<p>Tr\u01b0\u1edbc khi \u0111i s\u00e2u v\u00e0o l\u1ee3i \u00edch c\u1ee7a pin 50 kWh, \u0111i\u1ec1u quan tr\u1ecdng l\u00e0 ph\u1ea3i hi\u1ec3u nh\u1eefng \u0111i\u1ec1u c\u01a1 b\u1ea3n v\u1ec1 h\u1ec7 th\u1ed1ng n\u0103ng l\u01b0\u1ee3ng m\u1eb7t tr\u1eddi. H\u1ec7 th\u1ed1ng n\u0103ng l\u01b0\u1ee3ng m\u1eb7t tr\u1eddi bao g\u1ed3m c\u00e1c t\u1ea5m pin m\u1eb7t tr\u1eddi, b\u1ed9 bi\u1ebfn t\u1ea7n v\u00e0 pin. C\u00e1c t\u1ea5m pin m\u1eb7t tr\u1eddi thu \u00e1nh s\u00e1ng m\u1eb7t tr\u1eddi v\u00e0 chuy\u1ec3n \u0111\u1ed5i n\u00f3 th\u00e0nh d\u00f2ng \u0111i\u1ec7n m\u1ed9t chi\u1ec1u (DC). Sau \u0111\u00f3, b\u1ed9 bi\u1ebfn t\u1ea7n chuy\u1ec3n \u0111\u1ed5i \u0111i\u1ec7n DC n\u00e0y th\u00e0nh d\u00f2ng \u0111i\u1ec7n xoay chi\u1ec1u (AC), c\u00f3 th\u1ec3 \u0111\u01b0\u1ee3c s\u1eed d\u1ee5ng \u0111\u1ec3 c\u1ea5p ngu\u1ed3n cho c\u00e1c thi\u1ebft b\u1ecb v\u00e0 d\u1ee5ng c\u1ee5. Tuy nhi\u00ean, c\u00e1c t\u1ea5m pin m\u1eb7t tr\u1eddi ch\u1ec9 t\u1ea1o ra \u0111i\u1ec7n khi ti\u1ebfp x\u00fac v\u1edbi \u00e1nh s\u00e1ng m\u1eb7t tr\u1eddi, \u0111i\u1ec1u n\u00e0y \u0111\u00f2i h\u1ecfi ph\u1ea3i c\u00f3 m\u1ed9t h\u1ec7 th\u1ed1ng pin \u0111\u00e1ng tin c\u1eady.<\/p>\n<h2 id=\"the-importance-of-battery-capacity\">T\u1ea7m quan tr\u1ecdng c\u1ee7a dung l\u01b0\u1ee3ng pin<\/h2>\n<p>Dung l\u01b0\u1ee3ng pin \u0111\u00f3ng vai tr\u00f2 quan tr\u1ecdng trong h\u1ec7 th\u1ed1ng n\u0103ng l\u01b0\u1ee3ng m\u1eb7t tr\u1eddi. N\u00f3 x\u00e1c \u0111\u1ecbnh l\u01b0\u1ee3ng \u0111i\u1ec7n c\u00f3 th\u1ec3 \u0111\u01b0\u1ee3c l\u01b0u tr\u1eef v\u00e0 s\u1eed d\u1ee5ng khi m\u1eb7t tr\u1eddi kh\u00f4ng chi\u1ebfu s\u00e1ng ho\u1eb7c trong th\u1eddi gian c\u00f3 nhu c\u1ea7u cao. Dung l\u01b0\u1ee3ng pin cao h\u01a1n cho ph\u00e9p l\u01b0u tr\u1eef l\u01b0\u1ee3ng \u0111i\u1ec7n l\u1edbn h\u01a1n, \u0111\u1ea3m b\u1ea3o cung c\u1ea5p \u0111i\u1ec7n \u1ed5n \u0111\u1ecbnh v\u00e0 \u0111\u00e1ng tin c\u1eady.<\/p>\n<h2 id=\"advantages-of-a-50-kwh-battery\">\u01afu \u0111i\u1ec3m c\u1ee7a \u1eaec quy 50 kWh<\/h2>\n<ol>\n<li><strong>T\u0103ng c\u01b0\u1eddng l\u01b0u tr\u1eef n\u0103ng l\u01b0\u1ee3ng<\/strong>: M\u1ed9t trong nh\u1eefng l\u1ee3i \u00edch ch\u00ednh c\u1ee7a pin 50 kWh l\u00e0 kh\u1ea3 n\u0103ng l\u01b0u tr\u1eef n\u0103ng l\u01b0\u1ee3ng t\u0103ng l\u00ean. V\u1edbi b\u1ed9 l\u01b0u tr\u1eef 50 kWh, ch\u1ee7 nh\u00e0 v\u00e0 doanh nghi\u1ec7p c\u00f3 th\u1ec3 l\u01b0u tr\u1eef m\u1ed9t l\u01b0\u1ee3ng \u0111\u00e1ng k\u1ec3 n\u0103ng l\u01b0\u1ee3ng m\u1eb7t tr\u1eddi d\u01b0 th\u1eeba \u0111\u01b0\u1ee3c t\u1ea1o ra trong ng\u00e0y \u0111\u1ec3 s\u1eed d\u1ee5ng v\u00e0o ban \u0111\u00eam ho\u1eb7c trong th\u1eddi gian \u00edt \u00e1nh s\u00e1ng m\u1eb7t tr\u1eddi. \u0110i\u1ec1u n\u00e0y \u0111\u1ea3m b\u1ea3o ngu\u1ed3n cung c\u1ea5p \u0111i\u1ec7n \u1ed5n \u0111\u1ecbnh v\u00e0 \u0111\u00e1ng tin c\u1eady h\u01a1n, gi\u1ea3m s\u1ef1 ph\u1ee5 thu\u1ed9c v\u00e0o l\u01b0\u1edbi \u0111i\u1ec7n v\u00e0 gi\u1ea3m thi\u1ec3u h\u00f3a \u0111\u01a1n ti\u1ec7n \u00edch.<\/li>\n<li><strong>Qu\u1ea3n l\u00fd n\u0103ng l\u01b0\u1ee3ng linh ho\u1ea1t<\/strong>: Pin 50 kWh cho ph\u00e9p qu\u1ea3n l\u00fd n\u0103ng l\u01b0\u1ee3ng linh ho\u1ea1t h\u01a1n. Ng\u01b0\u1eddi d\u00f9ng c\u00f3 quy\u1ec1n t\u1ef1 do l\u1ef1a ch\u1ecdn th\u1eddi \u0111i\u1ec3m gi\u1ea3i ph\u00f3ng n\u0103ng l\u01b0\u1ee3ng d\u1ef1 tr\u1eef, t\u1ed1i \u01b0u h\u00f3a vi\u1ec7c s\u1eed d\u1ee5ng n\u0103ng l\u01b0\u1ee3ng d\u1ef1a tr\u00ean nhu c\u1ea7u c\u1ee5 th\u1ec3 v\u00e0 ki\u1ec3u ti\u00eau th\u1ee5 c\u1ee7a h\u1ecd. T\u00ednh linh ho\u1ea1t n\u00e0y \u0111\u1ea3m b\u1ea3o n\u0103ng l\u01b0\u1ee3ng \u0111\u01b0\u1ee3c s\u1eed d\u1ee5ng hi\u1ec7u qu\u1ea3, t\u1ed1i \u0111a h\u00f3a l\u1ee3i \u00edch c\u1ee7a h\u1ec7 th\u1ed1ng n\u0103ng l\u01b0\u1ee3ng m\u1eb7t tr\u1eddi.<\/li>\n<li><strong>L\u01b0\u1edbi \u0111\u1ed9c l\u1eadp<\/strong>: V\u1edbi pin 50 kWh, ch\u1ee7 s\u1edf h\u1eefu h\u1ec7 th\u1ed1ng n\u0103ng l\u01b0\u1ee3ng m\u1eb7t tr\u1eddi c\u00f3 th\u1ec3 \u0111\u1ea1t \u0111\u01b0\u1ee3c m\u1ee9c \u0111\u1ed9 t\u1ef1 cung c\u1ea5p cao h\u01a1n v\u00e0 gi\u1ea3m s\u1ef1 ph\u1ee5 thu\u1ed9c v\u00e0o l\u01b0\u1edbi \u0111i\u1ec7n. Trong th\u1eddi gian m\u1ea5t \u0111i\u1ec7n ho\u1eb7c m\u1ea5t \u0111i\u1ec7n l\u01b0\u1edbi, \u1eafc quy c\u00f3 th\u1ec3 cung c\u1ea5p ngu\u1ed3n \u0111i\u1ec7n d\u1ef1 ph\u00f2ng, \u0111\u1ea3m b\u1ea3o ngu\u1ed3n \u0111i\u1ec7n kh\u00f4ng b\u1ecb gi\u00e1n \u0111o\u1ea1n. S\u1ef1 \u0111\u1ed9c l\u1eadp c\u1ee7a l\u01b0\u1edbi \u0111i\u1ec7n n\u00e0y mang l\u1ea1i s\u1ef1 an t\u00e2m v\u00e0 t\u0103ng \u0111\u1ed9 tin c\u1eady c\u1ee7a h\u1ec7 th\u1ed1ng n\u0103ng l\u01b0\u1ee3ng t\u1ed5ng th\u1ec3.<\/li>\n<li><strong>C\u1ea1o \u0111\u1ec9nh \u0111i\u1ec3m<\/strong>: C\u00f4ng su\u1ea5t cao c\u1ee7a pin 50 kWh cho ph\u00e9p c\u1ea1o r\u00e2u t\u1ed1i \u0111a. \u0110i\u1ec1u n\u00e0y c\u00f3 ngh\u0129a l\u00e0 trong th\u1eddi gian nhu c\u1ea7u \u0111i\u1ec7n cao, pin c\u00f3 th\u1ec3 x\u1ea3 n\u0103ng l\u01b0\u1ee3ng d\u1ef1 tr\u1eef \u0111\u1ec3 \u0111\u00e1p \u1ee9ng t\u1ea3i t\u0103ng l\u00ean, gi\u1ea3m c\u0103ng th\u1eb3ng cho l\u01b0\u1edbi \u0111i\u1ec7n. B\u1eb1ng c\u00e1ch t\u1eadn d\u1ee5ng n\u0103ng l\u01b0\u1ee3ng d\u1ef1 tr\u1eef trong gi\u1edd cao \u0111i\u1ec3m khi gi\u00e1 \u0111i\u1ec7n th\u01b0\u1eddng cao, ng\u01b0\u1eddi d\u00f9ng c\u00f3 th\u1ec3 qu\u1ea3n l\u00fd v\u00e0 gi\u1ea3m chi ph\u00ed n\u0103ng l\u01b0\u1ee3ng m\u1ed9t c\u00e1ch hi\u1ec7u qu\u1ea3.<\/li>\n<li><strong>Kh\u1ea3 n\u0103ng ph\u1ee5c h\u1ed3i v\u00e0 b\u1ec1n v\u1eefng<\/strong>: \u0110\u1ea7u t\u01b0 pin 50 kWh gi\u00fap t\u0103ng c\u01b0\u1eddng kh\u1ea3 n\u0103ng ph\u1ee5c h\u1ed3i c\u1ee7a h\u1ec7 th\u1ed1ng n\u0103ng l\u01b0\u1ee3ng m\u1eb7t tr\u1eddi. Pin cung c\u1ea5p ngu\u1ed3n \u0111i\u1ec7n d\u1ef1 ph\u00f2ng trong tr\u01b0\u1eddng h\u1ee3p kh\u1ea9n c\u1ea5p ho\u1eb7c thi\u00ean tai khi ngu\u1ed3n \u0111i\u1ec7n truy\u1ec1n th\u1ed1ng c\u00f3 th\u1ec3 kh\u00f4ng c\u00f3. Ngo\u00e0i ra, b\u1eb1ng c\u00e1ch d\u1ef1a v\u00e0o n\u0103ng l\u01b0\u1ee3ng m\u1eb7t tr\u1eddi v\u00e0 b\u1ed9 l\u01b0u tr\u1eef pin, ng\u01b0\u1eddi d\u00f9ng g\u00f3p ph\u1ea7n t\u1ea1o ra h\u1ec7 th\u1ed1ng n\u0103ng l\u01b0\u1ee3ng b\u1ec1n v\u1eefng v\u00e0 th\u00e2n thi\u1ec7n v\u1edbi m\u00f4i tr\u01b0\u1eddng h\u01a1n.<\/li>\n<\/ol>\n<h2 id=\"maximizing-the-potential-of-solar-energy\">Khai th\u00e1c t\u1ed1i \u0111a ti\u1ec1m n\u0103ng n\u0103ng l\u01b0\u1ee3ng m\u1eb7t tr\u1eddi<\/h2>\n<p>\u0110\u1ec3 khai th\u00e1c tri\u1ec7t \u0111\u1ec3 l\u1ee3i \u00edch c\u1ee7a pin 50 kWh trong h\u1ec7 th\u1ed1ng n\u0103ng l\u01b0\u1ee3ng m\u1eb7t tr\u1eddi, \u0111i\u1ec1u quan tr\u1ecdng l\u00e0 ph\u1ea3i xem x\u00e9t m\u1ed9t s\u1ed1 y\u1ebfu t\u1ed1:<\/p>\n<ol>\n<li><strong>\u0110\u1ecbnh c\u1ee1 ph\u00f9 h\u1ee3p<\/strong>: \u0110i\u1ec1u quan tr\u1ecdng l\u00e0 ph\u1ea3i \u0111\u1ea3m b\u1ea3o r\u1eb1ng pin c\u00f3 k\u00edch th\u01b0\u1edbc ph\u00f9 h\u1ee3p \u0111\u1ec3 \u0111\u00e1p \u1ee9ng nhu c\u1ea7u n\u0103ng l\u01b0\u1ee3ng c\u1ee7a h\u1ed9 gia \u0111\u00ecnh ho\u1eb7c doanh nghi\u1ec7p. Vi\u1ec7c t\u01b0 v\u1ea5n v\u1edbi c\u00e1c chuy\u00ean gia c\u00f3 th\u1ec3 gi\u00fap x\u00e1c \u0111\u1ecbnh dung l\u01b0\u1ee3ng pin t\u1ed1i \u01b0u d\u1ef1a tr\u00ean m\u00f4 h\u00ecnh ti\u00eau th\u1ee5 n\u0103ng l\u01b0\u1ee3ng v\u00e0 c\u00e1c y\u00eau c\u1ea7u c\u1ee5 th\u1ec3.<\/li>\n<li><strong>S\u1eed d\u1ee5ng hi\u1ec7u qu\u1ea3 n\u0103ng l\u01b0\u1ee3ng d\u1ef1 tr\u1eef<\/strong>: \u0110\u1ec3 t\u1ed1i \u0111a h\u00f3a l\u1ee3i \u00edch c\u1ee7a vi\u1ec7c l\u01b0u tr\u1eef n\u0103ng l\u01b0\u1ee3ng m\u1eb7t tr\u1eddi v\u00e0 pin, vi\u1ec7c th\u1ef1c hi\u1ec7n c\u00e1c bi\u1ec7n ph\u00e1p ti\u1ebft ki\u1ec7m n\u0103ng l\u01b0\u1ee3ng v\u00e0 s\u1eed d\u1ee5ng c\u00e1c thi\u1ebft b\u1ecb ti\u1ebft ki\u1ec7m n\u0103ng l\u01b0\u1ee3ng l\u00e0 r\u1ea5t quan tr\u1ecdng. \u0110i\u1ec1u n\u00e0y \u0111\u1ea3m b\u1ea3o r\u1eb1ng n\u0103ng l\u01b0\u1ee3ng d\u1ef1 tr\u1eef \u0111\u01b0\u1ee3c s\u1eed d\u1ee5ng hi\u1ec7u qu\u1ea3, gi\u1ea3m ch\u1ea5t th\u1ea3i v\u00e0 gi\u1ea3m thi\u1ec3u h\u01a1n n\u1eefa s\u1ef1 ph\u1ee5 thu\u1ed9c v\u00e0o l\u01b0\u1edbi \u0111i\u1ec7n.<\/li>\n<li><strong>B\u1ea3o tr\u00ec v\u00e0 gi\u00e1m s\u00e1t th\u01b0\u1eddng xuy\u00ean<\/strong>: Vi\u1ec7c b\u1ea3o tr\u00ec v\u00e0 gi\u00e1m s\u00e1t th\u01b0\u1eddng xuy\u00ean h\u1ec7 th\u1ed1ng \u1eafc quy l\u00e0 r\u1ea5t c\u1ea7n thi\u1ebft \u0111\u1ec3 \u0111\u1ea3m b\u1ea3o tu\u1ed5i th\u1ecd v\u00e0 hi\u1ec7u qu\u1ea3 c\u1ee7a \u1eafc quy. \u0110i\u1ec1u n\u00e0y bao g\u1ed3m ki\u1ec3m tra pin \u0111\u1ec3 t\u00ecm d\u1ea5u hi\u1ec7u hao m\u00f2n, t\u1ed1i \u01b0u h\u00f3a chu k\u1ef3 s\u1ea1c v\u00e0 x\u1ea3 c\u0169ng nh\u01b0 gi\u00e1m s\u00e1t hi\u1ec7u su\u1ea5t c\u1ee7a pin \u0111\u1ec3 x\u00e1c \u0111\u1ecbnh b\u1ea5t k\u1ef3 v\u1ea5n \u0111\u1ec1 ti\u1ec1m \u1ea9n n\u00e0o.<\/li>\n<\/ol>\n<h2 id=\"conclusion\">Ph\u1ea7n k\u1ebft lu\u1eadn<\/h2>\n<p>\u01afu \u0111i\u1ec3m c\u1ee7a pin 50 kWh \u0111\u1ed1i v\u1edbi h\u1ec7 th\u1ed1ng n\u0103ng l\u01b0\u1ee3ng m\u1eb7t tr\u1eddi l\u00e0 r\u1ea5t nhi\u1ec1u, t\u1eeb vi\u1ec7c t\u0103ng kh\u1ea3 n\u0103ng l\u01b0u tr\u1eef n\u0103ng l\u01b0\u1ee3ng v\u00e0 t\u00ednh linh ho\u1ea1t cho \u0111\u1ebfn kh\u1ea3 n\u0103ng ph\u1ee5c h\u1ed3i v\u00e0 \u0111\u1ed9c l\u1eadp c\u1ee7a l\u01b0\u1edbi \u0111i\u1ec7n. B\u1eb1ng c\u00e1ch \u0111\u1ea7u t\u01b0 v\u00e0o pin 50 kWh, ch\u1ee7 s\u1edf h\u1eefu h\u1ec7 th\u1ed1ng n\u0103ng l\u01b0\u1ee3ng m\u1eb7t tr\u1eddi c\u00f3 th\u1ec3 t\u1ed1i \u01b0u h\u00f3a vi\u1ec7c s\u1eed d\u1ee5ng n\u0103ng l\u01b0\u1ee3ng, gi\u1ea3m s\u1ef1 ph\u1ee5 thu\u1ed9c v\u00e0o l\u01b0\u1edbi \u0111i\u1ec7n v\u00e0 g\u00f3p ph\u1ea7n t\u1ea1o ra m\u1ed9t t\u01b0\u01a1ng lai n\u0103ng l\u01b0\u1ee3ng b\u1ec1n v\u1eefng v\u00e0 th\u00e2n thi\u1ec7n v\u1edbi m\u00f4i tr\u01b0\u1eddng h\u01a1n. L\u1eadp k\u1ebf ho\u1ea1ch c\u1ea9n th\u1eadn, qu\u1ea3n l\u00fd n\u0103ng l\u01b0\u1ee3ng hi\u1ec7u qu\u1ea3 v\u00e0 b\u1ea3o tr\u00ec th\u01b0\u1eddng xuy\u00ean l\u00e0 ch\u00eca kh\u00f3a \u0111\u1ec3 khai th\u00e1c t\u1ed1i \u0111a ti\u1ec1m n\u0103ng c\u1ee7a pin 50 kWh v\u00e0 t\u1ed1i \u0111a h\u00f3a l\u1ee3i \u00edch c\u1ee7a h\u1ec7 th\u1ed1ng n\u0103ng l\u01b0\u1ee3ng m\u1eb7t tr\u1eddi.<\/p>","protected":false},"excerpt":{"rendered":"<ul>\n<li><strong>V\u00f2ng \u0111\u1eddi d\u00e0i h\u01a1n:\u00a0<\/strong>Cung c\u1ea5p t\u1edbi 6000 chu k\u1ef3.<\/li>\n<li><strong>Tr\u1ecdng l\u01b0\u1ee3ng nh\u1eb9 h\u01a1n:\u00a0<\/strong>Tr\u1ecdng l\u01b0\u1ee3ng kho\u1ea3ng 40% c\u1ee7a pin axit ch\u00ec t\u01b0\u01a1ng \u0111\u01b0\u01a1ng, ti\u1ebft ki\u1ec7m tr\u1ecdng l\u01b0\u1ee3ng l\u00ean t\u1edbi 60%.<\/li>\n<li><strong>S\u1ea1c nhanh:\u00a0<\/strong>Th\u1eddi gian s\u1ea1c ng\u1eafn so v\u1edbi pin axit ch\u00ec.<\/li>\n<li><strong>T\u1ef1 x\u1ea3 th\u1ea5p:\u00a0<\/strong>Kh\u1ea3 n\u0103ng t\u1ef1 x\u1ea3 th\u1ea5p (2%\/th\u00e1ng) so v\u1edbi \u1eafc quy axit ch\u00ec, th\u1eddi gian l\u01b0u tr\u1eef l\u00e2u h\u01a1n m\u00e0 kh\u00f4ng c\u1ea7n s\u1ea1c l\u1ea1i.<\/li>\n<li><strong>An to\u00e0n v\u01b0\u1ee3t tr\u1ed9i:\u00a0<\/strong>C\u00e1c ph\u01b0\u01a1ng ph\u00e1p \u0111a b\u1ea3o v\u1ec7 \u0111\u01b0\u1ee3c t\u00edch h\u1ee3p b\u00ean trong \u0111\u1ec3 b\u1ea3o v\u1ec7 pin kh\u1ecfi c\u00e1c t\u00ecnh hu\u1ed1ng s\u1ea1c qu\u00e1 m\u1ee9c, x\u1ea3 qu\u00e1 m\u1ee9c v\u00e0 \u0111o\u1ea3n m\u1ea1ch.<\/li>\n<li><strong>Hi\u1ec7u qu\u1ea3 cao:\u00a0<\/strong>Hi\u1ec7u su\u1ea5t s\u1eed d\u1ee5ng n\u0103ng l\u01b0\u1ee3ng kh\u1ee9 h\u1ed3i trung b\u00ecnh (92%) cao h\u01a1n so v\u1edbi pin axit ch\u00ec 80% (ph\u00f3ng \u0111i\u1ec7n t\u1eeb 100% xu\u1ed1ng 0% v\u00e0 s\u1ea1c ng\u01b0\u1ee3c l\u1ea1i 100%).<\/li>\n<li><strong>Ch\u1ee9ng ch\u1ec9: UM38.3, MSDS, CE<\/strong><\/li>\n<\/ul>","protected":false},"featured_media":4919,"comment_status":"open","ping_status":"closed","template":"","meta":[],"product_cat":[74],"product_tag":[],"class_list":["post-4212","product","type-product","status-publish","has-post-thumbnail","hentry","product_cat-commercial-and-industrial-ci-storage-systems"],"acf":[],"_links":{"self":[{"href":"https:\/\/solarbatterymanufacturer.com\/vi\/wp-json\/wp\/v2\/product\/4212","targetHints":{"allow":["GET"]}}],"collection":[{"href":"https:\/\/solarbatterymanufacturer.com\/vi\/wp-json\/wp\/v2\/product"}],"about":[{"href":"https:\/\/solarbatterymanufacturer.com\/vi\/wp-json\/wp\/v2\/types\/product"}],"replies":[{"embeddable":true,"href":"https:\/\/solarbatterymanufacturer.com\/vi\/wp-json\/wp\/v2\/comments?post=4212"}],"version-history":[{"count":7,"href":"https:\/\/solarbatterymanufacturer.com\/vi\/wp-json\/wp\/v2\/product\/4212\/revisions"}],"predecessor-version":[{"id":4922,"href":"https:\/\/solarbatterymanufacturer.com\/vi\/wp-json\/wp\/v2\/product\/4212\/revisions\/4922"}],"wp:featuredmedia":[{"embeddable":true,"href":"https:\/\/solarbatterymanufacturer.com\/vi\/wp-json\/wp\/v2\/media\/4919"}],"wp:attachment":[{"href":"https:\/\/solarbatterymanufacturer.com\/vi\/wp-json\/wp\/v2\/media?parent=4212"}],"wp:term":[{"taxonomy":"product_cat","embeddable":true,"href":"https:\/\/solarbatterymanufacturer.com\/vi\/wp-json\/wp\/v2\/product_cat?post=4212"},{"taxonomy":"product_tag","embeddable":true,"href":"https:\/\/solarbatterymanufacturer.com\/vi\/wp-json\/wp\/v2\/product_tag?post=4212"}],"curies":[{"name":"wp","href":"https:\/\/api.w.org\/{rel}","templated":true}]}}