{"id":5014,"date":"2025-09-28T01:53:42","date_gmt":"2025-09-28T01:53:42","guid":{"rendered":"https:\/\/solarbatterymanufacturer.com\/?post_type=product&#038;p=5014"},"modified":"2025-09-28T01:59:19","modified_gmt":"2025-09-28T01:59:19","slug":"amp-nova-51-2v-200ah-lithium-battery","status":"publish","type":"product","link":"https:\/\/solarbatterymanufacturer.com\/vi\/51.2v-200ah-lithium-battery","title":{"rendered":"Pin Lithium Amp Nova 51.2V 200Ah"},"content":{"rendered":"<h2>M\u00f4 t\u1ea3:<\/h2>\n<p>Pin Lithium Amp Nova 51.2V 200Ah l\u00e0 gi\u1ea3i ph\u00e1p l\u01b0u tr\u1eef n\u0103ng l\u01b0\u1ee3ng hi\u1ec7u su\u1ea5t cao \u0111\u01b0\u1ee3c thi\u1ebft k\u1ebf ri\u00eang cho c\u00e1c \u1ee9ng d\u1ee5ng d\u00e2n d\u1ee5ng. M\u00f4-\u0111un pin n\u00e0y, \u0111\u01b0\u1ee3c t\u00edch h\u1ee3p H\u1ec7 th\u1ed1ng Qu\u1ea3n l\u00fd Pin th\u00f4ng minh (BMS), s\u1edf h\u1eefu c\u00e1c \u01b0u \u0111i\u1ec3m v\u01b0\u1ee3t tr\u1ed9i v\u1ec1 \u0111\u1ed9 an to\u00e0n, tu\u1ed5i th\u1ecd, m\u1eadt \u0111\u1ed9 n\u0103ng l\u01b0\u1ee3ng, s\u1ea1c nhanh, ph\u1ea1m vi nhi\u1ec7t \u0111\u1ed9 v\u00e0 kh\u1ea3 n\u0103ng b\u1ea3o v\u1ec7 m\u00f4i tr\u01b0\u1eddng. Thi\u1ebft k\u1ebf hi\u1ec7n \u0111\u1ea1i v\u00e0 tinh t\u1ebf c\u1ee7a n\u00f3 kh\u00f4ng ch\u1ec9 mang \u0111\u1ebfn v\u1ebb \u0111\u1eb9p th\u1ea9m m\u1ef9 m\u00e0 c\u00f2n mang \u0111\u1ebfn nh\u1eefng l\u1ee3i \u00edch v\u1ec1 m\u1eb7t ch\u1ee9c n\u0103ng. Amp Nova cam k\u1ebft cung c\u1ea5p ngu\u1ed3n \u0111i\u1ec7n an to\u00e0n v\u00e0 \u1ed5n \u0111\u1ecbnh cho c\u00e1c h\u1ec7 th\u1ed1ng l\u01b0u tr\u1eef n\u0103ng l\u01b0\u1ee3ng d\u00e2n d\u1ee5ng, v\u00e0 m\u00f4-\u0111un pin rack m\u00e1y ch\u1ee7 200Ah n\u00e0y l\u00e0 minh ch\u1ee9ng cho cam k\u1ebft \u0111\u00f3.<\/p>\n<h2>\u0110\u1eb7c tr\u01b0ng:<\/h2>\n<ul>\n<li><strong>T\u1ebf b\u00e0o \u0111\u01a1n LFP<\/strong>: \u0110\u1ea3m b\u1ea3o tu\u1ed5i th\u1ecd cao, an to\u00e0n v\u00e0 ph\u1ea1m vi nhi\u1ec7t \u0111\u1ed9 r\u1ed9ng.<\/li>\n<li><strong>M\u1eadt \u0111\u1ed9 n\u0103ng l\u01b0\u1ee3ng cao<\/strong>: Cung c\u1ea5p n\u0103ng l\u01b0\u1ee3ng cao trong m\u1ed9t thi\u1ebft k\u1ebf nh\u1ecf, nh\u1eb9 v\u00e0 kh\u00f4ng g\u00e2y \u00f4 nhi\u1ec5m.<\/li>\n<li><strong>S\u1ea1c nhanh<\/strong>: Hi\u1ec7u qu\u1ea3 cao \u0111\u1ec3 b\u1ed5 sung n\u0103ng l\u01b0\u1ee3ng nhanh ch\u00f3ng.<\/li>\n<li><strong>BMS t\u00edch h\u1ee3p<\/strong>: B\u1ea3o v\u1ec7 \u0111i\u1ec7n \u00e1p, d\u00f2ng \u0111i\u1ec7n v\u00e0 nhi\u1ec7t \u0111\u1ed9 trong su\u1ed1t th\u1eddi gian s\u1eed d\u1ee5ng.<\/li>\n<li><strong>Giao di\u1ec7n truy\u1ec1n th\u00f4ng t\u00edch h\u1ee3p<\/strong>: Cho ph\u00e9p giao ti\u1ebfp li\u1ec1n m\u1ea1ch v\u1edbi b\u1ed9 \u0111i\u1ec1u khi\u1ec3n bi\u1ebfn t\u1ea7n.<\/li>\n<li><strong>Ch\u1ec9 d\u1eabn<\/strong>: Hi\u1ec3n th\u1ecb Tr\u1ea1ng th\u00e1i s\u1ea1c (SOC) v\u00e0 tr\u1ea1ng th\u00e1i ho\u1ea1t \u0111\u1ed9ng.<\/li>\n<li><strong>M\u00f4-\u0111un ti\u00eau chu\u1ea9n h\u00f3a<\/strong>: H\u1ed7 tr\u1ee3 thi\u1ebft k\u1ebf song song v\u00e0 t\u01b0\u01a1ng th\u00edch v\u1edbi nhi\u1ec1u lo\u1ea1i bi\u1ebfn t\u1ea7n.<\/li>\n<li><strong>Tu\u1ed5i th\u1ecd thi\u1ebft k\u1ebf d\u00e0i<\/strong>: Cung c\u1ea5p 15 n\u0103m ho\u1ea1t \u0111\u1ed9ng \u1ed5n \u0111\u1ecbnh v\u00e0 kh\u00f4ng c\u1ea7n b\u1ea3o tr\u00ec.<\/li>\n<\/ul>\n<h2>th\u00f4ng s\u1ed1 k\u1ef9 thu\u1eadt:<\/h2>\n<table style=\"border-collapse: collapse; width: 548.42pt;\" border=\"0\" width=\"914\" cellspacing=\"0\" cellpadding=\"0\">\n<tbody>\n<tr style=\"height: 50.00pt;\">\n<td class=\"et4\" style=\"height: 50.00pt; width: 548.40pt;\" colspan=\"2\" width=\"914\" height=\"83\">Th\u00f4ng s\u1ed1 k\u1ef9 thu\u1eadt c\u01a1 b\u1ea3n<\/td>\n<\/tr>\n<tr style=\"height: 30.00pt;\">\n<td class=\"et5\" style=\"height: 30.00pt; width: 228.00pt;\" width=\"380\" height=\"50\">\u2022 \u0110i\u1ec7n \u00e1p \u0111\u1ecbnh m\u1ee9c<\/td>\n<td class=\"et5\" style=\"width: 320.40pt;\" width=\"534\">51,2V (16S)<\/td>\n<\/tr>\n<tr style=\"height: 30.00pt;\">\n<td class=\"et6\" style=\"height: 30.00pt; width: 228.00pt;\" width=\"380\" height=\"50\">\u2022 C\u00f4ng su\u1ea5t \u0111\u1ecbnh m\u1ee9c<\/td>\n<td class=\"et6\" style=\"width: 320.40pt;\" width=\"534\">200 gi\u1edd<\/td>\n<\/tr>\n<tr style=\"height: 30.00pt;\">\n<td class=\"et5\" style=\"height: 30.00pt; width: 228.00pt;\" width=\"380\" height=\"50\">\u2022 N\u0103ng l\u01b0\u1ee3ng \u0111\u1ecbnh m\u1ee9c<\/td>\n<td class=\"et5\" style=\"width: 320.40pt;\" width=\"534\">10240 Wh<\/td>\n<\/tr>\n<tr style=\"height: 30.00pt;\">\n<td class=\"et6\" style=\"height: 30.00pt; width: 228.00pt;\" width=\"380\" height=\"50\">\u2022 Chu k\u1ef3 cu\u1ed9c s\u1ed1ng<\/td>\n<td class=\"et6\" style=\"width: 320.40pt;\" width=\"534\">6000 (0,5C@25\u00b0C, 80% DOD)<\/td>\n<\/tr>\n<tr style=\"height: 30.00pt;\">\n<td class=\"et5\" style=\"height: 30.00pt; width: 228.00pt;\" width=\"380\" height=\"50\">\u2022 Tu\u1ed5i th\u1ecd thi\u1ebft k\u1ebf<\/td>\n<td class=\"et5\" style=\"width: 320.40pt;\" width=\"534\">15 n\u0103m<\/td>\n<\/tr>\n<tr style=\"height: 50.00pt;\">\n<td class=\"et7\" style=\"height: 50.00pt; width: 228.00pt;\" width=\"380\" height=\"83\">th\u00f4ng s\u1ed1 v\u1eadt l\u00fd<\/td>\n<td class=\"et6\" style=\"width: 320.40pt;\" width=\"534\"><\/td>\n<\/tr>\n<tr style=\"height: 30.00pt;\">\n<td class=\"et5\" style=\"height: 30.00pt; width: 228.00pt;\" width=\"380\" height=\"50\">\u2022 K\u00edch th\u01b0\u1edbc (L x W x H)<\/td>\n<td class=\"et5\" style=\"width: 320.40pt;\" width=\"534\">460*442*250mm<\/td>\n<\/tr>\n<tr style=\"height: 30.00pt;\">\n<td class=\"et6\" style=\"height: 30.00pt; width: 228.00pt;\" width=\"380\" height=\"50\">\u2022 C\u00e2n n\u1eb7ng<\/td>\n<td class=\"et6\" style=\"width: 320.40pt;\" width=\"534\">85 kg<\/td>\n<\/tr>\n<tr style=\"height: 30.00pt;\">\n<td class=\"et5\" style=\"height: 30.00pt; width: 228.00pt;\" width=\"380\" height=\"50\">\u2022 V\u1eadt li\u1ec7u cat\u00f4t<\/td>\n<td class=\"et5\" style=\"width: 320.40pt;\" width=\"534\">Liti S\u1eaft Phosphate (LiFePo\u2084)<\/td>\n<\/tr>\n<tr style=\"height: 30.00pt;\">\n<td class=\"et6\" style=\"height: 30.00pt; width: 228.00pt;\" width=\"380\" height=\"50\">\u2022 Ch\u1ea5t li\u1ec7u v\u1ecf<\/td>\n<td class=\"et6\" style=\"width: 320.40pt;\" width=\"534\">Kim lo\u1ea1i<\/td>\n<\/tr>\n<tr style=\"height: 30.00pt;\">\n<td class=\"et5\" style=\"height: 30.00pt; width: 228.00pt;\" width=\"380\" height=\"50\">\u2022 M\u00e0u v\u1ecf<\/td>\n<td class=\"et5\" style=\"width: 320.40pt;\" width=\"534\">\u0110en<\/td>\n<\/tr>\n<tr style=\"height: 30.00pt;\">\n<td class=\"et6\" style=\"height: 30.00pt; width: 228.00pt;\" width=\"380\" height=\"50\">\u2022 Ph\u01b0\u01a1ng ph\u00e1p hi\u1ec3n th\u1ecb<\/td>\n<td class=\"et6\" style=\"width: 320.40pt;\" width=\"534\">M\u00e0n h\u00ecnh LED + LCD<\/td>\n<\/tr>\n<tr style=\"height: 50.00pt;\">\n<td class=\"et8\" style=\"height: 50.00pt; width: 548.40pt;\" colspan=\"2\" width=\"914\" height=\"83\">Th\u00f4ng s\u1ed1 v\u1eadn h\u00e0nh<\/td>\n<\/tr>\n<tr style=\"height: 30.00pt;\">\n<td class=\"et6\" style=\"height: 30.00pt; width: 228.00pt;\" width=\"380\" height=\"50\">\u2022 D\u1ea3i \u0111i\u1ec7n \u00e1p<\/td>\n<td class=\"et6\" style=\"width: 320.40pt;\" width=\"534\">44,8-56 V<\/td>\n<\/tr>\n<tr style=\"height: 30.00pt;\">\n<td class=\"et5\" style=\"height: 30.00pt; width: 228.00pt;\" width=\"380\" height=\"50\">\u2022 \u0110i\u1ec7n \u00e1p c\u1eaft<\/td>\n<td class=\"et5\" style=\"width: 320.40pt;\" width=\"534\">44,8 V<\/td>\n<\/tr>\n<tr style=\"height: 30.00pt;\">\n<td class=\"et6\" style=\"height: 30.00pt; width: 228.00pt;\" width=\"380\" height=\"50\">\u2022 D\u00f2ng s\u1ea1c khuy\u1ebfn ngh\u1ecb<\/td>\n<td class=\"et6\" style=\"width: 320.40pt;\" width=\"534\">100 A<\/td>\n<\/tr>\n<tr style=\"height: 30.00pt;\">\n<td class=\"et5\" style=\"height: 30.00pt; width: 228.00pt;\" width=\"380\" height=\"50\">\u2022 D\u00f2ng \u0111i\u1ec7n s\u1ea1c t\u1ed1i \u0111a<\/td>\n<td class=\"et5\" style=\"width: 320.40pt;\" width=\"534\">100 A<\/td>\n<\/tr>\n<tr style=\"height: 30.00pt;\">\n<td class=\"et6\" style=\"height: 30.00pt; width: 228.00pt;\" width=\"380\" height=\"50\">\u2022 D\u00f2ng x\u1ea3 t\u1ed1i \u0111a<\/td>\n<td class=\"et6\" style=\"width: 320.40pt;\" width=\"534\">100 A<\/td>\n<\/tr>\n<tr style=\"height: 50.00pt;\">\n<td class=\"et8\" style=\"height: 50.00pt; width: 548.40pt;\" colspan=\"2\" width=\"914\" height=\"83\">Th\u00f4ng s\u1ed1 k\u1ef9 thu\u1eadt m\u00f4i tr\u01b0\u1eddng<\/td>\n<\/tr>\n<tr style=\"height: 30.00pt;\">\n<td class=\"et6\" style=\"height: 30.00pt; width: 228.00pt;\" width=\"380\" height=\"50\">\u2022 \u0110\u1ed9 \u1ea9m t\u01b0\u01a1ng \u0111\u1ed1i<\/td>\n<td class=\"et6\" style=\"width: 320.40pt;\" width=\"534\">5-95%<\/td>\n<\/tr>\n<tr style=\"height: 30.00pt;\">\n<td class=\"et5\" style=\"height: 30.00pt; width: 228.00pt;\" width=\"380\" height=\"50\">\u2022 Nhi\u1ec7t \u0111\u1ed9 s\u1ea1c<\/td>\n<td class=\"et5\" style=\"width: 320.40pt;\" width=\"534\">-20 \u0111\u1ebfn 45\u00b0C \/ -4 \u0111\u1ebfn 113\u00b0F (ho\u1ea1t \u0111\u1ed9ng s\u01b0\u1edfi \u1ea5m khi nhi\u1ec7t \u0111\u1ed9 d\u01b0\u1edbi 0\u00b0C \/ 32\u00b0F)<\/td>\n<\/tr>\n<tr style=\"height: 30.00pt;\">\n<td class=\"et6\" style=\"height: 30.00pt; width: 228.00pt;\" width=\"380\" height=\"50\">\u2022 Ph\u1ea1m vi nhi\u1ec7t \u0111\u1ed9 x\u1ea3<\/td>\n<td class=\"et6\" style=\"width: 320.40pt;\" width=\"534\">-20 \u0111\u1ebfn 55\u00b0C \/ -4 \u0111\u1ebfn 131\u00b0F<\/td>\n<\/tr>\n<tr style=\"height: 30.00pt;\">\n<td class=\"et5\" style=\"height: 30.00pt; width: 228.00pt;\" width=\"380\" height=\"50\">\u2022 Ph\u1ea1m vi nhi\u1ec7t \u0111\u1ed9 b\u1ea3o qu\u1ea3n<\/td>\n<td class=\"et5\" style=\"width: 320.40pt;\" width=\"534\">-20 \u0111\u1ebfn 55\u00b0C \/ -4 \u0111\u1ebfn 131\u00b0F<\/td>\n<\/tr>\n<tr style=\"height: 50.00pt;\">\n<td class=\"et7\" style=\"height: 50.00pt; width: 228.00pt;\" width=\"380\" height=\"83\">Ch\u1ee9ng nh\u1eadn<\/td>\n<td class=\"et6\" style=\"width: 320.40pt;\" width=\"534\"><\/td>\n<\/tr>\n<tr style=\"height: 30.00pt;\">\n<td class=\"et5\" style=\"height: 30.00pt; width: 228.00pt;\" width=\"380\" height=\"50\">\u2022 S\u1ef1 an to\u00e0n<\/td>\n<td class=\"et5\" style=\"width: 320.40pt;\" width=\"534\">CE, EMC, TUV (IEC62619)<\/td>\n<\/tr>\n<tr style=\"height: 30.00pt;\">\n<td class=\"et6\" style=\"height: 30.00pt; width: 228.00pt;\" width=\"380\" height=\"50\">\u2022 V\u1eadn t\u1ea3i<\/td>\n<td class=\"et6\" style=\"width: 320.40pt;\" width=\"534\">UN38.3<\/td>\n<\/tr>\n<\/tbody>\n<\/table>","protected":false},"excerpt":{"rendered":"<p>Pin Lithium-ion Amp Nova 51.2V 200Ah l\u00e0 gi\u1ea3i ph\u00e1p l\u01b0u tr\u1eef n\u0103ng l\u01b0\u1ee3ng m\u1ea1nh m\u1ebd, cung c\u1ea5p dung l\u01b0\u1ee3ng cao cho c\u00e1c \u1ee9ng d\u1ee5ng \u0111\u00f2i h\u1ecfi ngu\u1ed3n \u0111i\u1ec7n \u0111\u00e1ng tin c\u1eady v\u00e0 hi\u1ec7u qu\u1ea3. Thi\u1ebft k\u1ebf l\u1eafp tr\u00ean rack gi\u00fap d\u1ec5 d\u00e0ng l\u1eafp \u0111\u1eb7t v\u00e0 m\u1edf r\u1ed9ng, l\u00e0 l\u1ef1a ch\u1ecdn tuy\u1ec7t v\u1eddi cho c\u00e1c trung t\u00e2m d\u1eef li\u1ec7u, h\u1ec7 th\u1ed1ng vi\u1ec5n th\u00f4ng v\u00e0 nhi\u1ec1u m\u00f4i tr\u01b0\u1eddng th\u01b0\u01a1ng m\u1ea1i v\u00e0 c\u00f4ng nghi\u1ec7p kh\u00e1c nhau. Model 200Ah n\u00e0y \u0111\u1ea3m b\u1ea3o hi\u1ec7u su\u1ea5t v\u00e0 ngu\u1ed3n \u0111i\u1ec7n \u1ed5n \u0111\u1ecbnh, \u0111\u00e1p \u1ee9ng nhu c\u1ea7u n\u0103ng l\u01b0\u1ee3ng kh\u1eaft khe c\u1ee7a b\u1ea1n.<\/p>","protected":false},"featured_media":5015,"comment_status":"open","ping_status":"closed","template":"","meta":[],"product_cat":[66],"product_tag":[],"class_list":["post-5014","product","type-product","status-publish","has-post-thumbnail","hentry","product_cat-server-rack-battery"],"acf":[],"_links":{"self":[{"href":"https:\/\/solarbatterymanufacturer.com\/vi\/wp-json\/wp\/v2\/product\/5014","targetHints":{"allow":["GET"]}}],"collection":[{"href":"https:\/\/solarbatterymanufacturer.com\/vi\/wp-json\/wp\/v2\/product"}],"about":[{"href":"https:\/\/solarbatterymanufacturer.com\/vi\/wp-json\/wp\/v2\/types\/product"}],"replies":[{"embeddable":true,"href":"https:\/\/solarbatterymanufacturer.com\/vi\/wp-json\/wp\/v2\/comments?post=5014"}],"version-history":[{"count":1,"href":"https:\/\/solarbatterymanufacturer.com\/vi\/wp-json\/wp\/v2\/product\/5014\/revisions"}],"predecessor-version":[{"id":5018,"href":"https:\/\/solarbatterymanufacturer.com\/vi\/wp-json\/wp\/v2\/product\/5014\/revisions\/5018"}],"wp:featuredmedia":[{"embeddable":true,"href":"https:\/\/solarbatterymanufacturer.com\/vi\/wp-json\/wp\/v2\/media\/5015"}],"wp:attachment":[{"href":"https:\/\/solarbatterymanufacturer.com\/vi\/wp-json\/wp\/v2\/media?parent=5014"}],"wp:term":[{"taxonomy":"product_cat","embeddable":true,"href":"https:\/\/solarbatterymanufacturer.com\/vi\/wp-json\/wp\/v2\/product_cat?post=5014"},{"taxonomy":"product_tag","embeddable":true,"href":"https:\/\/solarbatterymanufacturer.com\/vi\/wp-json\/wp\/v2\/product_tag?post=5014"}],"curies":[{"name":"wp","href":"https:\/\/api.w.org\/{rel}","templated":true}]}}