{"id":3838,"date":"2023-08-17T08:14:14","date_gmt":"2023-08-17T08:14:14","guid":{"rendered":"https:\/\/solarbatterymanufacturer.com\/?post_type=product&#038;p=3838"},"modified":"2023-08-17T08:25:12","modified_gmt":"2023-08-17T08:25:12","slug":"wheel-design-solar-battery","status":"publish","type":"product","link":"https:\/\/solarbatterymanufacturer.com\/de\/amp-nova-51.2v-200ah-wheel-design-solar-battery","title":{"rendered":"Amp Nova 51,2 V 200 Ah Rad-Design-Solarbatterie"},"content":{"rendered":"<h2>Beschreibungen:<\/h2>\n<div class=\"relative flex w-[calc(100%-50px)] flex-col gap-1 md:gap-3 lg:w-[calc(100%-115px)]\">\n<div class=\"flex flex-grow flex-col gap-3\">\n<div class=\"min-h-[20px] flex items-start overflow-x-auto whitespace-pre-wrap break-words flex-col gap-4\">\n<div class=\"markdown prose w-full break-words dark:prose-invert light\">\n<p>Das radf\u00f6rmige Lithium-Eisenphosphat-Batteriemodul (LFP) wurde speziell f\u00fcr mobile und tragbare Energiel\u00f6sungen entwickelt. Jedes Modul ist mit einem intelligenten Batteriemanagementsystem (BMS) ausgestattet, das einen stabilen Betrieb in verschiedenen Arbeitsumgebungen gew\u00e4hrleistet und Schutz vor \u00dcberspannung, Unterspannung, \u00dcberstrom, Kurzschl\u00fcssen und extremen Temperaturbedingungen bietet. Dar\u00fcber hinaus wird die Sicherheit des Produkts durch ein mehrschichtiges Design erheblich verbessert, das Material-, Zell-, Struktur- und Brandaerosolschutz umfasst.<\/p>\n<p>Das Raddesign erm\u00f6glicht ein einfaches Bewegen und Positionieren des Batteriemoduls und eignet sich daher besonders f\u00fcr Anwendungen, bei denen der Energiespeicher h\u00e4ufig bewegt werden muss. Die Struktur der R\u00e4der ist robust und kann die Herausforderungen unterschiedlichen Gel\u00e4ndes bew\u00e4ltigen. Gleichzeitig bietet sie eine hervorragende Federung und Sto\u00dfd\u00e4mpfung, um die Integrit\u00e4t und Sicherheit der Batterie w\u00e4hrend des Transports zu gew\u00e4hrleisten. Das Raddesign erm\u00f6glicht au\u00dferdem eine flexiblere Gestaltung und Bereitstellung und ist daher die ideale Wahl f\u00fcr tempor\u00e4re Aufbauten oder abgelegene Standorte.<\/p>\n<p>Zusammenfassend l\u00e4sst sich sagen, dass das radbasierte Lithium-Eisenphosphat-Batteriemodul (LFP) fortschrittliche Batterietechnologie mit einem flexiblen mobilen Design kombiniert und eine effiziente, zuverl\u00e4ssige und sichere L\u00f6sung f\u00fcr verschiedene mobile und tempor\u00e4re Energieanforderungen bietet.<\/p>\n<h2>Merkmale:<\/h2>\n<\/div>\n<\/div>\n<\/div>\n<\/div>\n<ul>\n<li><strong>Verbesserte Langlebigkeit<\/strong>: Lithiumeisenphosphat (LiFePO4) sorgt f\u00fcr eine l\u00e4ngere Lebensdauer.<\/li>\n<li><strong>\u00dcberlegene Sicherheit<\/strong>: LiFePO4 bietet eine robuste Sicherheitsleistung.<\/li>\n<li><strong>Intelligenter Schutz<\/strong>: Intelligentes BMS-System bietet Schutz vor Spannung, Strom und Temperatur.<\/li>\n<li><strong>Selbstversorgung<\/strong>: Speichern Sie Strom f\u00fcr die n\u00e4chtliche Nutzung und f\u00f6rdern Sie so die Autarkie.<\/li>\n<li><strong>Energiesicherheit<\/strong>: Beseitigen Sie Stromausf\u00e4lle durch zuverl\u00e4ssige Energiespeicherung.<\/li>\n<li><strong>Einfache Installation<\/strong>: Schneller und unkomplizierter Einrichtungsprozess.<\/li>\n<li><strong>Modular und skalierbar<\/strong>: Maximale Parallelschaltung von bis zu 15 Einheiten f\u00fcr flexibles Energiemanagement.<\/li>\n<li><strong>Vielf\u00e4ltige Optionen<\/strong>: F\u00fcr unterschiedliche Anforderungen stehen unterschiedliche Energieoptionen zur Verf\u00fcgung.<\/li>\n<\/ul>\n<h2>Spezifikationen:<\/h2>\n<table style=\"border-collapse: collapse; width: 548.42pt;\" border=\"0\" width=\"914\" cellspacing=\"0\" cellpadding=\"0\">\n<tbody>\n<tr style=\"height: 50.00pt;\">\n<td class=\"et4\" style=\"height: 50.00pt; width: 228.00pt;\" width=\"380\" height=\"83\">Grundlegende Spezifikationen<\/td>\n<td class=\"et5\" style=\"width: 320.40pt;\" width=\"534\"><\/td>\n<\/tr>\n<tr style=\"height: 30.00pt;\">\n<td class=\"et6\" style=\"height: 30.00pt; width: 228.00pt;\" width=\"380\" height=\"50\">\u2022 Nennspannung<\/td>\n<td class=\"et6\" style=\"width: 320.40pt;\" width=\"534\">51,2 V<\/td>\n<\/tr>\n<tr style=\"height: 30.00pt;\">\n<td class=\"et7\" style=\"height: 30.00pt; width: 228.00pt;\" width=\"380\" height=\"50\">\u2022 Nennleistung<\/td>\n<td class=\"et7\" style=\"width: 320.40pt;\" width=\"534\">200 Ah<\/td>\n<\/tr>\n<tr style=\"height: 30.00pt;\">\n<td class=\"et6\" style=\"height: 30.00pt; width: 228.00pt;\" width=\"380\" height=\"50\">\u2022 Nennenergie<\/td>\n<td class=\"et6\" style=\"width: 320.40pt;\" width=\"534\">10240 Wh<\/td>\n<\/tr>\n<tr style=\"height: 30.00pt;\">\n<td class=\"et7\" style=\"height: 30.00pt; width: 228.00pt;\" width=\"380\" height=\"50\">\u2022 Lebensdauer<\/td>\n<td class=\"et7\" style=\"width: 320.40pt;\" width=\"534\">6000 (0,5 \u00b0C bei 25 \u00b0C, 80% DOD)<\/td>\n<\/tr>\n<tr style=\"height: 30.00pt;\">\n<td class=\"et6\" style=\"height: 30.00pt; width: 228.00pt;\" width=\"380\" height=\"50\">\u2022 Design-Lebensdauer<\/td>\n<td class=\"et6\" style=\"width: 320.40pt;\" width=\"534\">15 Jahre<\/td>\n<\/tr>\n<tr style=\"height: 50.00pt;\">\n<td class=\"et8\" style=\"height: 50.00pt; width: 228.00pt;\" width=\"380\" height=\"83\">Physikalische Spezifikationen<\/td>\n<td class=\"et7\" style=\"width: 320.40pt;\" width=\"534\"><\/td>\n<\/tr>\n<tr style=\"height: 30.00pt;\">\n<td class=\"et6\" style=\"height: 30.00pt; width: 228.00pt;\" width=\"380\" height=\"50\">\u2022 Abmessungen (L x B x H)<\/td>\n<td class=\"et6\" style=\"width: 320.40pt;\" width=\"534\">420*570*740 mm<\/td>\n<\/tr>\n<tr style=\"height: 30.00pt;\">\n<td class=\"et7\" style=\"height: 30.00pt; width: 228.00pt;\" width=\"380\" height=\"50\">\u2022 Gewichte<\/td>\n<td class=\"et7\" style=\"width: 320.40pt;\" width=\"534\">85 kg<\/td>\n<\/tr>\n<tr style=\"height: 30.00pt;\">\n<td class=\"et6\" style=\"height: 30.00pt; width: 228.00pt;\" width=\"380\" height=\"50\">\u2022 Kathodenmaterial<\/td>\n<td class=\"et6\" style=\"width: 320.40pt;\" width=\"534\">Lithiumeisenphosphat (LiFePo\u2084)<\/td>\n<\/tr>\n<tr style=\"height: 30.00pt;\">\n<td class=\"et7\" style=\"height: 30.00pt; width: 228.00pt;\" width=\"380\" height=\"50\">\u2022 Geh\u00e4usematerial<\/td>\n<td class=\"et7\" style=\"width: 320.40pt;\" width=\"534\">ABS (Acrylnitril-Butadien-Styrol)<\/td>\n<\/tr>\n<tr style=\"height: 30.00pt;\">\n<td class=\"et6\" style=\"height: 30.00pt; width: 228.00pt;\" width=\"380\" height=\"50\">\u2022 Geh\u00e4usefarbe<\/td>\n<td class=\"et6\" style=\"width: 320.40pt;\" width=\"534\">Wei\u00df<\/td>\n<\/tr>\n<tr style=\"height: 30.00pt;\">\n<td class=\"et7\" style=\"height: 30.00pt; width: 228.00pt;\" width=\"380\" height=\"50\">\u2022 Anzeigemethode<\/td>\n<td class=\"et7\" style=\"width: 320.40pt;\" width=\"534\">LED + LCD-Bildschirm<\/td>\n<\/tr>\n<tr style=\"height: 50.00pt;\">\n<td class=\"et10\" style=\"height: 50.00pt; width: 548.40pt;\" colspan=\"2\" width=\"914\" height=\"83\">Betriebsspezifikationen<\/td>\n<\/tr>\n<tr style=\"height: 30.00pt;\">\n<td class=\"et7\" style=\"height: 30.00pt; width: 228.00pt;\" width=\"380\" height=\"50\">\u2022 Spannungsbereich<\/td>\n<td class=\"et7\" style=\"width: 320.40pt;\" width=\"534\">44,8-56 V<\/td>\n<\/tr>\n<tr style=\"height: 30.00pt;\">\n<td class=\"et6\" style=\"height: 30.00pt; width: 228.00pt;\" width=\"380\" height=\"50\">\u2022 Abschaltspannung<\/td>\n<td class=\"et6\" style=\"width: 320.40pt;\" width=\"534\">44,8 V<\/td>\n<\/tr>\n<tr style=\"height: 30.00pt;\">\n<td class=\"et7\" style=\"height: 30.00pt; width: 228.00pt;\" width=\"380\" height=\"50\">\u2022 Empfohlener Ladestrom<\/td>\n<td class=\"et7\" style=\"width: 320.40pt;\" width=\"534\">\u2264100 A<\/td>\n<\/tr>\n<tr style=\"height: 30.00pt;\">\n<td class=\"et6\" style=\"height: 30.00pt; width: 228.00pt;\" width=\"380\" height=\"50\">\u2022 Maximaler Ladestrom<\/td>\n<td class=\"et6\" style=\"width: 320.40pt;\" width=\"534\">100 A<\/td>\n<\/tr>\n<tr style=\"height: 30.00pt;\">\n<td class=\"et7\" style=\"height: 30.00pt; width: 228.00pt;\" width=\"380\" height=\"50\">\u2022 Maximaler Entladestrom<\/td>\n<td class=\"et7\" style=\"width: 320.40pt;\" width=\"534\">200 A<\/td>\n<\/tr>\n<tr style=\"height: 50.00pt;\">\n<td class=\"et10\" style=\"height: 50.00pt; width: 548.40pt;\" colspan=\"2\" width=\"914\" height=\"83\">Umweltspezifikationen<\/td>\n<\/tr>\n<tr style=\"height: 30.00pt;\">\n<td class=\"et7\" style=\"height: 30.00pt; width: 228.00pt;\" width=\"380\" height=\"50\">\u2022 Relative Luftfeuchtigkeit<\/td>\n<td class=\"et7\" style=\"width: 320.40pt;\" width=\"534\">5-95%<\/td>\n<\/tr>\n<tr style=\"height: 30.00pt;\">\n<td class=\"et6\" style=\"height: 30.00pt; width: 228.00pt;\" width=\"380\" height=\"50\">\u2022 Ladetemperatur<\/td>\n<td class=\"et6\" style=\"width: 320.40pt;\" width=\"534\">-20 bis 45 \u00b0C \/ -4 bis 113 \u00b0F (Heizung aktiv, wenn unter 0 \u00b0C \/ 32 \u00b0F)<\/td>\n<\/tr>\n<tr style=\"height: 30.00pt;\">\n<td class=\"et7\" style=\"height: 30.00pt; width: 228.00pt;\" width=\"380\" height=\"50\">\u2022 Entladungstemperaturbereich<\/td>\n<td class=\"et7\" style=\"width: 320.40pt;\" width=\"534\">-20 bis 55 \u00b0C \/ -4 bis 131 \u00b0F<\/td>\n<\/tr>\n<tr style=\"height: 30.00pt;\">\n<td class=\"et6\" style=\"height: 30.00pt; width: 228.00pt;\" width=\"380\" height=\"50\">\u2022 Lagertemperaturbereich<\/td>\n<td class=\"et6\" style=\"width: 320.40pt;\" width=\"534\">-20 bis 55 \u00b0C \/ -4 bis 131 \u00b0F<\/td>\n<\/tr>\n<tr style=\"height: 50.00pt;\">\n<td class=\"et8\" style=\"height: 50.00pt; width: 228.00pt;\" width=\"380\" height=\"83\">Zertifizierungen<\/td>\n<td class=\"et7\" style=\"width: 320.40pt;\" width=\"534\"><\/td>\n<\/tr>\n<tr style=\"height: 30.00pt;\">\n<td class=\"et6\" style=\"height: 30.00pt; width: 228.00pt;\" width=\"380\" height=\"50\">\u2022 Sicherheit<\/td>\n<td class=\"et6\" style=\"width: 320.40pt;\" width=\"534\">\u00a0CE- und IEC62619-konform<\/td>\n<\/tr>\n<tr style=\"height: 30.00pt;\">\n<td class=\"et7\" style=\"height: 30.00pt; width: 228.00pt;\" width=\"380\" height=\"50\">\u2022 Transport<\/td>\n<td class=\"et7\" style=\"width: 320.40pt;\" width=\"534\">UN38.3<\/td>\n<\/tr>\n<\/tbody>\n<\/table>\n<div id=\"shopify-section-template--16532101234919__166366565650412e45\" class=\"shopify-section shopify-section--apps\">\n<div class=\"container vertical-breather\">\n<div id=\"shopify-block-6cc0a491-8313-4fe7-9d7f-4ca4b875af59\" class=\"shopify-block shopify-app-block\">\n<div id=\"wc_review_section\" class=\"wc_review_main_content\" data-url=\"https:\/\/voltgopower.com\" data-handle=\"voltgo-51-2v-100ah-lifepo-wall-mounted-battery\" data-product_id=\"8206075887847\" data-limit=\"0\">\n<div class=\"wc_review_top_title wc_wf_cls\" data-bind=\"voltgo-51-2v-100ah-lifepo-wall-mounted-battery\"><\/div>\n<\/div>\n<\/div>\n<\/div>\n<\/div>","protected":false},"excerpt":{"rendered":"<p>Die Solarbatterie im Raddesign wurde speziell f\u00fcr mobile und tragbare Energiel\u00f6sungen entwickelt. Jedes Modul ist mit einem intelligenten Batteriemanagementsystem (BMS) ausgestattet, das einen stabilen Betrieb in verschiedenen Arbeitsumgebungen gew\u00e4hrleistet und Schutz vor \u00dcberspannung, Unterspannung, \u00dcberstrom, Kurzschl\u00fcssen und extremen Temperaturbedingungen bietet. Dar\u00fcber hinaus wird die Sicherheit des Produkts durch ein mehrschichtiges Design erheblich verbessert, das Material-, Zell-, Struktur- und Brandaerosolschutz umfasst.<\/p>","protected":false},"featured_media":3759,"comment_status":"open","ping_status":"closed","template":"","meta":[],"product_cat":[87],"product_tag":[],"class_list":["post-3838","product","type-product","status-publish","has-post-thumbnail","hentry","product_cat-wheel-design-solar-battery"],"acf":[],"_links":{"self":[{"href":"https:\/\/solarbatterymanufacturer.com\/de\/wp-json\/wp\/v2\/product\/3838","targetHints":{"allow":["GET"]}}],"collection":[{"href":"https:\/\/solarbatterymanufacturer.com\/de\/wp-json\/wp\/v2\/product"}],"about":[{"href":"https:\/\/solarbatterymanufacturer.com\/de\/wp-json\/wp\/v2\/types\/product"}],"replies":[{"embeddable":true,"href":"https:\/\/solarbatterymanufacturer.com\/de\/wp-json\/wp\/v2\/comments?post=3838"}],"version-history":[{"count":2,"href":"https:\/\/solarbatterymanufacturer.com\/de\/wp-json\/wp\/v2\/product\/3838\/revisions"}],"predecessor-version":[{"id":3840,"href":"https:\/\/solarbatterymanufacturer.com\/de\/wp-json\/wp\/v2\/product\/3838\/revisions\/3840"}],"wp:featuredmedia":[{"embeddable":true,"href":"https:\/\/solarbatterymanufacturer.com\/de\/wp-json\/wp\/v2\/media\/3759"}],"wp:attachment":[{"href":"https:\/\/solarbatterymanufacturer.com\/de\/wp-json\/wp\/v2\/media?parent=3838"}],"wp:term":[{"taxonomy":"product_cat","embeddable":true,"href":"https:\/\/solarbatterymanufacturer.com\/de\/wp-json\/wp\/v2\/product_cat?post=3838"},{"taxonomy":"product_tag","embeddable":true,"href":"https:\/\/solarbatterymanufacturer.com\/de\/wp-json\/wp\/v2\/product_tag?post=3838"}],"curies":[{"name":"wp","href":"https:\/\/api.w.org\/{rel}","templated":true}]}}