{"id":1731,"date":"2023-04-05T15:10:23","date_gmt":"2023-04-05T15:10:23","guid":{"rendered":"https:\/\/solarbatterymanufacturer.com\/?post_type=product&#038;p=1731"},"modified":"2026-04-07T22:02:33","modified_gmt":"2026-04-07T22:02:33","slug":"commercial-energy-storage-systems","status":"publish","type":"product","link":"https:\/\/solarbatterymanufacturer.com\/it\/commercial-energy-storage-systems-ac","title":{"rendered":"Sistemi di accumulo di energia commerciale (AC) Amp Nova Battery"},"content":{"rendered":"<h2>Descrizioni:<\/h2>\n<p>Amp Nova Battery Commercial Energy Storage Systems (AC) \u00e8 un sistema di accumulo di energia appositamente progettato per microreti regionali come piccoli CBD, fattorie, isole, centrali fotovoltaiche all&#039;aperto, ecc., in grado di garantire pienamente la domanda di energia e la sicurezza energetica in questi scenari .<\/p>\n<h2>Caratteristiche:<\/h2>\n<p style=\"-webkit-font-smoothing: antialiased; --tw-border-spacing-x: 0; --tw-border-spacing-y: 0; --tw-translate-x: 0; --tw-translate-y: 0; --tw-rotate: 0; --tw-skew-x: 0; --tw-skew-y: 0; --tw-scale-x: 1; --tw-scale-y: 1; --tw-scroll-snap-strictness: proximity; --tw-ring-offset-width: 0px; --tw-ring-offset-color: #fff; --tw-ring-color: rgb(59 130 246 \/ 0.5); --tw-ring-offset-shadow: 0 0 #0000; --tw-ring-shadow: 0 0 #0000; --tw-shadow: 0 0 #0000; --tw-shadow-colored: 0 0 #0000; margin-top: 24px; color: #282828; font-family: 'Ridley Grotesk Medium'; font-size: 14px;\"><strong>[Espansione flessibile]<\/strong>\u00a0Sistema di accumulo della batteria modulare ed espandibile in modo flessibile<br style=\"-webkit-font-smoothing: antialiased; --tw-border-spacing-x: 0; --tw-border-spacing-y: 0; --tw-translate-x: 0; --tw-translate-y: 0; --tw-rotate: 0; --tw-skew-x: 0; --tw-skew-y: 0; --tw-scale-x: 1; --tw-scale-y: 1; --tw-scroll-snap-strictness: proximity; --tw-ring-offset-width: 0px; --tw-ring-offset-color: #fff; --tw-ring-color: rgb(59 130 246 \/ 0.5); --tw-ring-offset-shadow: 0 0 #0000; --tw-ring-shadow: 0 0 #0000; --tw-shadow: 0 0 #0000; --tw-shadow-colored: 0 0 #0000;\" \/>livello di potenza e capacit\u00e0.<\/p>\n<p style=\"-webkit-font-smoothing: antialiased; --tw-border-spacing-x: 0; --tw-border-spacing-y: 0; --tw-translate-x: 0; --tw-translate-y: 0; --tw-rotate: 0; --tw-skew-x: 0; --tw-skew-y: 0; --tw-scale-x: 1; --tw-scale-y: 1; --tw-scroll-snap-strictness: proximity; --tw-ring-offset-width: 0px; --tw-ring-offset-color: #fff; --tw-ring-color: rgb(59 130 246 \/ 0.5); --tw-ring-offset-shadow: 0 0 #0000; --tw-ring-shadow: 0 0 #0000; --tw-shadow: 0 0 #0000; --tw-shadow-colored: 0 0 #0000; margin-top: 24px; color: #282828; font-family: 'Ridley Grotesk Medium'; font-size: 14px;\"><strong>[Configurazione semplice del sistema]<\/strong>\u00a0Design all-in-one, soluzione accoppiata CA.<\/p>\n<p style=\"-webkit-font-smoothing: antialiased; --tw-border-spacing-x: 0; --tw-border-spacing-y: 0; --tw-translate-x: 0; --tw-translate-y: 0; --tw-rotate: 0; --tw-skew-x: 0; --tw-skew-y: 0; --tw-scale-x: 1; --tw-scale-y: 1; --tw-scroll-snap-strictness: proximity; --tw-ring-offset-width: 0px; --tw-ring-offset-color: #fff; --tw-ring-color: rgb(59 130 246 \/ 0.5); --tw-ring-offset-shadow: 0 0 #0000; --tw-ring-shadow: 0 0 #0000; --tw-shadow: 0 0 #0000; --tw-shadow-colored: 0 0 #0000; margin-top: 24px; color: #282828; font-family: 'Ridley Grotesk Medium'; font-size: 14px;\"><strong>[Design per esterni]\u00a0<\/strong>Custodia da esterno per qualsiasi luogo di installazione.<\/p>\n<p style=\"-webkit-font-smoothing: antialiased; --tw-border-spacing-x: 0; --tw-border-spacing-y: 0; --tw-translate-x: 0; --tw-translate-y: 0; --tw-rotate: 0; --tw-skew-x: 0; --tw-skew-y: 0; --tw-scale-x: 1; --tw-scale-y: 1; --tw-scroll-snap-strictness: proximity; --tw-ring-offset-width: 0px; --tw-ring-offset-color: #fff; --tw-ring-color: rgb(59 130 246 \/ 0.5); --tw-ring-offset-shadow: 0 0 #0000; --tw-ring-shadow: 0 0 #0000; --tw-shadow: 0 0 #0000; --tw-shadow-colored: 0 0 #0000; margin-top: 24px; color: #282828; font-family: 'Ridley Grotesk Medium'; font-size: 14px;\"><strong>[Facile manutenzione]\u00a0<\/strong>Manutenzione semplice grazie al design modulare (moduli batteria, BMS, design del controllo).<\/p>\n<p style=\"-webkit-font-smoothing: antialiased; --tw-border-spacing-x: 0; --tw-border-spacing-y: 0; --tw-translate-x: 0; --tw-translate-y: 0; --tw-rotate: 0; --tw-skew-x: 0; --tw-skew-y: 0; --tw-scale-x: 1; --tw-scale-y: 1; --tw-scroll-snap-strictness: proximity; --tw-ring-offset-width: 0px; --tw-ring-offset-color: #fff; --tw-ring-color: rgb(59 130 246 \/ 0.5); --tw-ring-offset-shadow: 0 0 #0000; --tw-ring-shadow: 0 0 #0000; --tw-shadow: 0 0 #0000; --tw-shadow-colored: 0 0 #0000; margin-bottom: 0px; margin-top: 24px; color: #282828; font-family: 'Ridley Grotesk Medium'; font-size: 14px;\"><strong>[Senza manutenzione]\u00a0<\/strong>10 anni di durata di progettazione, prestazioni stabili durante l&#039;intera durata di servizio.<\/p>\n<h2>Specifiche:<\/h2>\n<table style=\"border-collapse: collapse; width: 584px; height: 1202px;\" border=\"0\" width=\"729\" cellspacing=\"0\" cellpadding=\"0\">\n<tbody>\n<tr style=\"height: 25.00pt;\">\n<td style=\"height: 25.00pt; width: 159.00pt;\" width=\"265\" height=\"41\">Tipo<\/td>\n<td style=\"width: 139.20pt;\" width=\"232\">Stoccaggio (CC)<\/td>\n<td style=\"width: 139.20pt;\" width=\"232\">Solare + Accumulo (AC)<\/td>\n<\/tr>\n<tr style=\"height: 34.00pt;\">\n<td style=\"height: 34.00pt; width: 437.40pt;\" colspan=\"3\" width=\"729\" height=\"56\">Parametri della batteria<\/td>\n<\/tr>\n<tr style=\"height: 25.00pt;\">\n<td style=\"height: 25.00pt; width: 159.00pt;\" width=\"265\" height=\"41\">Tipo di cella<\/td>\n<td style=\"width: 278.40pt;\" colspan=\"2\" width=\"464\">Tipo prismatico LFP<\/td>\n<\/tr>\n<tr style=\"height: 25.00pt;\">\n<td style=\"height: 25.00pt; width: 159.00pt;\" width=\"265\" height=\"41\">Capacit\u00e0 della batteria<\/td>\n<td style=\"width: 139.20pt;\" width=\"232\">50kWh~200kWh<\/td>\n<td style=\"width: 139.20pt;\" width=\"232\">50kWh~200kWh<\/td>\n<\/tr>\n<tr style=\"height: 25.00pt;\">\n<td style=\"height: 25.00pt; width: 159.00pt;\" width=\"265\" height=\"41\">Intervallo di tensione (V)<\/td>\n<td style=\"width: 139.20pt;\" width=\"232\">250~800<\/td>\n<td style=\"width: 139.20pt;\" width=\"232\">320~800<\/td>\n<\/tr>\n<tr style=\"height: 25.00pt;\">\n<td style=\"height: 25.00pt; width: 159.00pt;\" width=\"265\" height=\"41\">Massimo. Potenza di carica (kW)<\/td>\n<td style=\"width: 139.20pt;\" width=\"232\">50\/150<\/td>\n<td style=\"width: 139.20pt;\" width=\"232\">30\/100<\/td>\n<\/tr>\n<tr style=\"height: 25.00pt;\">\n<td style=\"height: 25.00pt; width: 437.40pt;\" colspan=\"3\" width=\"729\" height=\"41\">Parametro CA sulla rete<\/td>\n<\/tr>\n<tr style=\"height: 25.00pt;\">\n<td style=\"height: 25.00pt; width: 159.00pt;\" width=\"265\" height=\"41\">Tipo di griglia<\/td>\n<td style=\"width: 278.40pt;\" colspan=\"2\" width=\"464\">3W+N+PE<\/td>\n<\/tr>\n<tr style=\"height: 25.00pt;\">\n<td style=\"height: 25.00pt; width: 159.00pt;\" width=\"265\" height=\"41\">Input Output<\/td>\n<td style=\"width: 139.20pt;\" width=\"232\">50~150kW<\/td>\n<td style=\"width: 139.20pt;\" width=\"232\">50 kW<\/td>\n<\/tr>\n<tr style=\"height: 25.00pt;\">\n<td style=\"height: 25.00pt; width: 159.00pt;\" width=\"265\" height=\"41\">Tensione CA<\/td>\n<td style=\"width: 278.40pt;\" colspan=\"2\" width=\"464\">320 V~460 V<\/td>\n<\/tr>\n<tr style=\"height: 25.00pt;\">\n<td style=\"height: 25.00pt; width: 159.00pt;\" width=\"265\" height=\"41\">Frequenza di rete applicabile<\/td>\n<td style=\"width: 278.40pt;\" colspan=\"2\" width=\"464\">45~55Hz\/55~65Hz<\/td>\n<\/tr>\n<tr style=\"height: 25.00pt;\">\n<td style=\"height: 25.00pt; width: 159.00pt;\" width=\"265\" height=\"41\">THDi<\/td>\n<td style=\"width: 278.40pt;\" colspan=\"2\" width=\"464\">&lt;3% (carico 100%)<\/td>\n<\/tr>\n<tr style=\"height: 25.00pt;\">\n<td style=\"height: 25.00pt; width: 159.00pt;\" width=\"265\" height=\"41\">Fattore di potenza<\/td>\n<td style=\"width: 278.40pt;\" colspan=\"2\" width=\"464\">1(In anticipo)~1(In ritardo)<\/td>\n<\/tr>\n<tr style=\"height: 25.00pt;\">\n<td style=\"height: 25.00pt; width: 437.40pt;\" colspan=\"3\" width=\"729\" height=\"41\">Parametro CA off-grid<\/td>\n<\/tr>\n<tr style=\"height: 25.00pt;\">\n<td style=\"height: 25.00pt; width: 159.00pt;\" width=\"265\" height=\"41\">Potenza di carica\/scarica nominale<\/td>\n<td style=\"width: 139.20pt;\" width=\"232\">50~150kW<\/td>\n<td style=\"width: 139.20pt;\" width=\"232\">50 kW<\/td>\n<\/tr>\n<tr style=\"height: 25.00pt;\">\n<td style=\"height: 25.00pt; width: 159.00pt;\" width=\"265\" height=\"41\">Potenza di uscita massima<\/td>\n<td style=\"width: 139.20pt;\" width=\"232\">50~150kVA<\/td>\n<td style=\"width: 139.20pt;\" width=\"232\">55KVA<\/td>\n<\/tr>\n<tr style=\"height: 25.00pt;\">\n<td style=\"height: 25.00pt; width: 159.00pt;\" width=\"265\" height=\"41\">Tensione CA nominale<\/td>\n<td style=\"width: 278.40pt;\" colspan=\"2\" width=\"464\">400 V<\/td>\n<\/tr>\n<tr style=\"height: 25.00pt;\">\n<td style=\"height: 25.00pt; width: 159.00pt;\" width=\"265\" height=\"41\">Frequenza nominale<\/td>\n<td style=\"width: 278.40pt;\" colspan=\"2\" width=\"464\">50\/60Hz<\/td>\n<\/tr>\n<tr style=\"height: 25.00pt;\">\n<td style=\"height: 25.00pt; width: 159.00pt;\" width=\"265\" height=\"41\">THDu<\/td>\n<td style=\"width: 278.40pt;\" colspan=\"2\" width=\"464\">\u2264 1% lineare; o \u2264 5% non lineare<\/td>\n<\/tr>\n<tr style=\"height: 25.00pt;\">\n<td style=\"height: 25.00pt; width: 437.40pt;\" colspan=\"3\" width=\"729\" height=\"41\">Ingresso fotovoltaico<\/td>\n<\/tr>\n<tr style=\"height: 25.00pt;\">\n<td style=\"height: 25.00pt; width: 159.00pt;\" width=\"265\" height=\"41\">Potenza in ingresso massima<\/td>\n<td style=\"width: 139.20pt;\" width=\"232\">&#8212;<\/td>\n<td style=\"width: 139.20pt;\" width=\"232\">50\/100 kW<\/td>\n<\/tr>\n<tr style=\"height: 25.00pt;\">\n<td style=\"height: 25.00pt; width: 159.00pt;\" width=\"265\" height=\"41\">Gamma di tensione MPPT<\/td>\n<td style=\"width: 139.20pt;\" width=\"232\">&#8212;<\/td>\n<td style=\"width: 139.20pt;\" width=\"232\">250~850 V<\/td>\n<\/tr>\n<tr style=\"height: 25.00pt;\">\n<td style=\"height: 25.00pt; width: 437.40pt;\" colspan=\"3\" width=\"729\" height=\"41\">Parametro Generale<\/td>\n<\/tr>\n<tr style=\"height: 25.00pt;\">\n<td style=\"height: 25.00pt; width: 159.00pt;\" width=\"265\" height=\"41\">Dimensioni: L*P*A (mm)<\/td>\n<td style=\"width: 278.40pt;\" colspan=\"2\" width=\"464\">2200*1100*2340<\/td>\n<\/tr>\n<tr style=\"height: 25.00pt;\">\n<td style=\"height: 25.00pt; width: 159.00pt;\" width=\"265\" height=\"41\">Massimo. Peso<\/td>\n<td style=\"width: 278.40pt;\" colspan=\"2\" width=\"464\">3200kg<\/td>\n<\/tr>\n<tr style=\"height: 25.00pt;\">\n<td style=\"height: 25.00pt; width: 159.00pt;\" width=\"265\" height=\"41\">Degrado IP<\/td>\n<td style=\"width: 278.40pt;\" colspan=\"2\" width=\"464\">IP54<\/td>\n<\/tr>\n<tr style=\"height: 25.00pt;\">\n<td style=\"height: 25.00pt; width: 159.00pt;\" width=\"265\" height=\"41\">Intervallo operativo di temperatura<\/td>\n<td style=\"width: 278.40pt;\" colspan=\"2\" width=\"464\">-20~50\u2103<\/td>\n<\/tr>\n<tr style=\"height: 25.00pt;\">\n<td style=\"height: 25.00pt; width: 159.00pt;\" width=\"265\" height=\"41\">Umidit\u00e0 relativa<\/td>\n<td style=\"width: 278.40pt;\" colspan=\"2\" width=\"464\">0~95%(Senza condensa)<\/td>\n<\/tr>\n<tr style=\"height: 25.00pt;\">\n<td style=\"height: 25.00pt; width: 159.00pt;\" width=\"265\" height=\"41\">Atteggiamento<\/td>\n<td style=\"width: 278.40pt;\" colspan=\"2\" width=\"464\">&lt;2000 m<\/td>\n<\/tr>\n<tr style=\"height: 25.00pt;\">\n<td style=\"height: 25.00pt; width: 159.00pt;\" width=\"265\" height=\"41\">Metodo di raffreddamento<\/td>\n<td style=\"width: 278.40pt;\" colspan=\"2\" width=\"464\">Condizionatore d&#039;aria con ventilazione termica<\/td>\n<\/tr>\n<tr style=\"height: 25.00pt;\">\n<td style=\"height: 25.00pt; width: 159.00pt;\" width=\"265\" height=\"41\">Rumore<\/td>\n<td style=\"width: 278.40pt;\" colspan=\"2\" width=\"464\">\u2264 75dB<\/td>\n<\/tr>\n<tr style=\"height: 25.00pt;\">\n<td style=\"height: 25.00pt; width: 159.00pt;\" width=\"265\" height=\"41\">Efficienza del sistema<\/td>\n<td style=\"width: 278.40pt;\" colspan=\"2\" width=\"464\">\u2265 85%<\/td>\n<\/tr>\n<tr style=\"height: 25.00pt;\">\n<td style=\"height: 25.00pt; width: 159.00pt;\" width=\"265\" height=\"41\">Sistema antincendio<\/td>\n<td style=\"width: 278.40pt;\" colspan=\"2\" width=\"464\">Integrato<\/td>\n<\/tr>\n<tr style=\"height: 25.00pt;\">\n<td style=\"height: 25.00pt; width: 159.00pt;\" width=\"265\" height=\"41\">Comunicazione<\/td>\n<td style=\"width: 278.40pt;\" colspan=\"2\" width=\"464\">Ethernet, Modbus TCP\/IP<\/td>\n<\/tr>\n<\/tbody>\n<\/table>\n<h1 id=\"benefits-of-commercial-energy-storage-systems-improving-energy-efficiency-and-cost-savings\">Vantaggi dei sistemi di accumulo dell&#039;energia commerciale: miglioramento dell&#039;efficienza energetica e risparmio sui costi<\/h1>\n<p>I sistemi di stoccaggio dell\u2019energia commerciale hanno guadagnato molta attenzione negli ultimi anni poich\u00e9 le aziende si sforzano di aumentare la propria efficienza energetica, ridurre i costi dell\u2019elettricit\u00e0 e promuovere la sostenibilit\u00e0. Questi sistemi offrono una serie di vantaggi che aiutano le aziende a gestire il proprio consumo energetico in modo efficace. In questo articolo esploreremo i vari vantaggi dei sistemi di accumulo di energia commerciali e come possono migliorare l\u2019efficienza energetica e il risparmio sui costi.<\/p>\n<h2 id=\"reducing-electricity-costs\">Ridurre i costi dell&#039;energia elettrica<\/h2>\n<p>Uno dei vantaggi principali dei sistemi di accumulo dell\u2019energia commerciale \u00e8 la loro capacit\u00e0 di ridurre i costi dell\u2019elettricit\u00e0 per le imprese. Questi sistemi consentono alle aziende di immagazzinare l\u2019energia in eccesso durante le ore non di punta, quando le tariffe elettriche sono pi\u00f9 basse, e quindi di utilizzare l\u2019energia immagazzinata durante i periodi di punta della domanda, quando le tariffe elettriche sono pi\u00f9 alte. Evitando il consumo di elettricit\u00e0 nelle ore di punta, le aziende possono ridurre significativamente le bollette elettriche e risparmiare una notevole quantit\u00e0 di denaro nel lungo periodo.<\/p>\n<h2 id=\"enhancing-energy-efficiency\">Migliorare l\u2019efficienza energetica<\/h2>\n<p>I sistemi commerciali di accumulo dell\u2019energia contribuiscono anche a migliorare l\u2019efficienza energetica all\u2019interno di un\u2019organizzazione. Questi sistemi consentono alle aziende di ottimizzare il consumo energetico immagazzinando l\u2019energia in eccesso e utilizzandola quando necessario. Ci\u00f2 aiuta a compensare i carichi durante i periodi di punta della domanda, riducendo cos\u00ec la tensione sulla rete elettrica. Gestendo in modo efficiente l\u2019utilizzo dell\u2019energia, le aziende possono ridurre al minimo gli sprechi e migliorare la propria efficienza energetica complessiva.<\/p>\n<h2 id=\"ensuring-reliable-power-supply\">Garantire un&#039;alimentazione elettrica affidabile<\/h2>\n<p>Un altro vantaggio cruciale dei sistemi commerciali di accumulo dell\u2019energia \u00e8 la loro capacit\u00e0 di fornire un\u2019alimentazione elettrica affidabile. Un\u2019alimentazione elettrica inaffidabile pu\u00f2 portare a interruzioni delle operazioni aziendali, con conseguente perdita di produttivit\u00e0 e potenziali ricavi. I sistemi di accumulo dell\u2019energia fungono da fonte di alimentazione di riserva che entra in funzione durante interruzioni o fluttuazioni di corrente, garantendo operazioni ininterrotte. Questa affidabilit\u00e0 offre tranquillit\u00e0 alle aziende e riduce il potenziale impatto finanziario delle interruzioni di corrente.<\/p>\n<h2 id=\"promoting-sustainability\">Promuovere la sostenibilit\u00e0<\/h2>\n<p>La sostenibilit\u00e0 \u00e8 diventata un obiettivo chiave per le aziende di tutti i settori. I sistemi commerciali di stoccaggio dell\u2019energia svolgono un ruolo fondamentale nel promuovere la sostenibilit\u00e0 consentendo alle aziende di fare meno affidamento sulle fonti energetiche convenzionali basate sui combustibili fossili. Immagazzinando e utilizzando fonti di energia rinnovabile come l\u2019energia solare o eolica, le aziende possono ridurre significativamente la propria impronta di carbonio. Ci\u00f2 non solo avvantaggia l\u2019ambiente, ma migliora anche la reputazione dell\u2019organizzazione come entit\u00e0 responsabile nei confronti dell\u2019ambiente.<\/p>\n<h2 id=\"unlocking-the-potential-for-renewable-energy\">Sbloccare il potenziale delle energie rinnovabili<\/h2>\n<p>I sistemi commerciali di stoccaggio dell\u2019energia aiutano a sbloccare il vero potenziale delle fonti energetiche rinnovabili. La generazione di energia rinnovabile, come quella solare ed eolica, dipende dalle condizioni meteorologiche ed \u00e8 intermittente per natura. Con lo stoccaggio dell\u2019energia, le aziende possono immagazzinare l\u2019energia rinnovabile in eccesso generata in condizioni favorevoli e utilizzarla nei periodi in cui la produzione di energia rinnovabile \u00e8 bassa. Ci\u00f2 consente una fornitura di energia rinnovabile pi\u00f9 coerente e affidabile, eliminando la dipendenza dalle fonti energetiche tradizionali.<\/p>\n<h2 id=\"conclusion\">Conclusione<\/h2>\n<p>I sistemi commerciali di stoccaggio dell\u2019energia offrono numerosi vantaggi alle aziende, che vanno dalla riduzione dei costi dell\u2019elettricit\u00e0 e una maggiore efficienza energetica alla garanzia di un\u2019alimentazione elettrica affidabile e alla promozione della sostenibilit\u00e0. Investendo in questi sistemi, le aziende possono adottare misure proattive verso il raggiungimento dei propri obiettivi energetici, riducendo l\u2019impatto ambientale e migliorando i profitti. Con il continuo progresso della tecnologia, i sistemi di accumulo dell\u2019energia stanno diventando sempre pi\u00f9 accessibili ed economici, rendendoli un investimento utile per le aziende di tutte le dimensioni.<\/p>","protected":false},"excerpt":{"rendered":"<p>Amp Nova Commercial Solar Battery Storage \u00e8 un sistema di accumulo di energia appositamente progettato per microreti regionali come piccoli CBD, aziende agricole, isole, centrali fotovoltaiche all&#039;aperto, ecc., in grado di garantire pienamente la domanda di energia e la sicurezza energetica in questi scenari.<\/p>","protected":false},"featured_media":2436,"comment_status":"open","ping_status":"closed","template":"","meta":[],"product_cat":[74],"product_tag":[],"class_list":["post-1731","product","type-product","status-publish","has-post-thumbnail","hentry","product_cat-commercial-and-industrial-ci-storage-systems"],"acf":[],"_links":{"self":[{"href":"https:\/\/solarbatterymanufacturer.com\/it\/wp-json\/wp\/v2\/product\/1731","targetHints":{"allow":["GET"]}}],"collection":[{"href":"https:\/\/solarbatterymanufacturer.com\/it\/wp-json\/wp\/v2\/product"}],"about":[{"href":"https:\/\/solarbatterymanufacturer.com\/it\/wp-json\/wp\/v2\/types\/product"}],"replies":[{"embeddable":true,"href":"https:\/\/solarbatterymanufacturer.com\/it\/wp-json\/wp\/v2\/comments?post=1731"}],"version-history":[{"count":4,"href":"https:\/\/solarbatterymanufacturer.com\/it\/wp-json\/wp\/v2\/product\/1731\/revisions"}],"predecessor-version":[{"id":4206,"href":"https:\/\/solarbatterymanufacturer.com\/it\/wp-json\/wp\/v2\/product\/1731\/revisions\/4206"}],"wp:featuredmedia":[{"embeddable":true,"href":"https:\/\/solarbatterymanufacturer.com\/it\/wp-json\/wp\/v2\/media\/2436"}],"wp:attachment":[{"href":"https:\/\/solarbatterymanufacturer.com\/it\/wp-json\/wp\/v2\/media?parent=1731"}],"wp:term":[{"taxonomy":"product_cat","embeddable":true,"href":"https:\/\/solarbatterymanufacturer.com\/it\/wp-json\/wp\/v2\/product_cat?post=1731"},{"taxonomy":"product_tag","embeddable":true,"href":"https:\/\/solarbatterymanufacturer.com\/it\/wp-json\/wp\/v2\/product_tag?post=1731"}],"curies":[{"name":"wp","href":"https:\/\/api.w.org\/{rel}","templated":true}]}}