{"id":1016,"date":"2021-10-27T12:14:03","date_gmt":"2021-10-27T12:14:03","guid":{"rendered":"http:\/\/bsmthemes.com\/electra\/?post_type=product&#038;p=1016"},"modified":"2023-10-10T03:45:55","modified_gmt":"2023-10-10T03:45:55","slug":"low-voltage-stackable-battery-storage","status":"publish","type":"product","link":"https:\/\/solarbatterymanufacturer.com\/pt\/stackable-battery-storage","title":{"rendered":"Armazenamento de bateria empilh\u00e1vel de baixa tens\u00e3o Amp Nova"},"content":{"rendered":"<h2>Descri\u00e7\u00f5es:<\/h2>\n<p>O armazenamento de bateria empilh\u00e1vel de baixa tens\u00e3o Amp Nova foi especialmente projetado para aplica\u00e7\u00f5es residenciais de pequeno e m\u00e9dio porte pela Amp Nova. Cada m\u00f3dulo possui um BMS inteligente interno, que oferece prote\u00e7\u00e3o contra sobretens\u00e3o, subtens\u00e3o, sobrecorrente, curto-circuito, supertemperatura e baixa temperatura. Enquanto isso, um projeto de seguran\u00e7a multicamadas (material, c\u00e9lula, estrutura, aerossol contra inc\u00eandio, etc.) tamb\u00e9m aumentar\u00e1 muito o desempenho de seguran\u00e7a do produto. Ele tamb\u00e9m possui um ID elegante e um design estrutural inteligente, \u00e9 f\u00e1cil de instalar e tamb\u00e9m pode ser expandido de forma flex\u00edvel de acordo com suas necessidades.<\/p>\n<h2>Caracter\u00edsticas:<\/h2>\n<p class=\"ace-line ace-line old-record-id-doxcn80cGMMqK4Kig0WiWDlgBDc\"><strong>[Instala\u00e7\u00e3o f\u00e1cil]<\/strong>\u00a0 Montagem de empilhamento estilo Lego e design de bloqueio r\u00e1pido entre m\u00f3dulos, instala\u00e7\u00e3o f\u00e1cil e eficiente.<\/p>\n<p class=\"ace-line ace-line old-record-id-doxcn80cGMMqK4Kig0WiWDlgBDc\"><strong>[Expans\u00e3o Flex\u00edvel]<\/strong> O armazenamento de bateria empilh\u00e1vel pode ser configurado de forma flex\u00edvel de acordo<br \/>\n\u00e0s necessidades reais. O sistema suporta at\u00e9 16 m\u00f3dulos em paralelo (80 kWh), sendo necess\u00e1rio um combinador quando a corrente do sistema ultrapassar 100A.<\/p>\n<p class=\"ace-line ace-line old-record-id-doxcn2YCu2wEgSsM842tJEuIXjd\"><strong>[Projeto de seguran\u00e7a de c\u00e9lulas e sistemas LFP]<\/strong>\u00a0Projeto de seguran\u00e7a multin\u00edvel (design de seguran\u00e7a de material, c\u00e9lula, suporte e sistema).<\/p>\n<p class=\"ace-line ace-line old-record-id-doxcneQCUO2ieceggcz84YcjwFg\"><strong>[Balanceamento Inteligente] O <\/strong>O circuito de equil\u00edbrio integrado ser\u00e1 acionado automaticamente quando atingir as condi\u00e7\u00f5es definidas, o que melhorar\u00e1 muito a consist\u00eancia da bateria e prolongar\u00e1 sua vida \u00fatil.<\/p>\n<p class=\"ace-line ace-line old-record-id-doxcn80cGMMqK4Kig0WiWDlgBDc\"><span class=\"ace-line ace-line old-record-id-doxcnmsSiYWg8wQyyaSi970mLrd\"><strong>[BMS inteligente]<\/strong> O sistema de gerenciamento de bateria (BMS) fornece prote\u00e7\u00e3o contra curto-circuito, sobretens\u00e3o, baixa tens\u00e3o, sobretemperatura e baixa temperatura.<\/span><span class=\"ace-line ace-line old-record-id-doxcnmsSiYWg8wQyyaSi970mLrd\"><br \/>\n<\/span><\/p>\n<p class=\"ace-line ace-line old-record-id-doxcnmsSiYWg8wQyyaSi970mLrd\"><strong>[Ip55]<\/strong> O IP55 foi projetado para atender \u00e0 maioria dos cen\u00e1rios de aplica\u00e7\u00e3o.<\/p>\n<p class=\"ace-line ace-line old-record-id-doxcnmsSiYWg8wQyyaSi970mLrd\"><strong>[Monitoramento e controle em tempo real]\u00a0<\/strong>Monitorando o status de opera\u00e7\u00e3o da bateria (tens\u00e3o, temperatura atual, SOC, etc.) em tempo real.<\/p>\n<p class=\"ace-line ace-line old-record-id-doxcnmsSiYWg8wQyyaSi970mLrd\"><strong>[Livre de manuten\u00e7\u00e3o]\u00a0<\/strong>15 anos de vida \u00fatil e 6.000 ciclos (0,5C, 80% DOD @ 25 \u2103), livre de manuten\u00e7\u00e3o durante toda a vida \u00fatil e uma ampla faixa de temperatura operacional.<\/p>\n<p>&nbsp;<\/p>\n<h2>Especifica\u00e7\u00f5es<\/h2>\n<table style=\"border-collapse: collapse; width: 694px; height: 949px;\" border=\"0\" width=\"927\" cellspacing=\"0\" cellpadding=\"0\">\n<tbody>\n<tr style=\"height: 30.00pt;\">\n<td class=\"et3\" style=\"height: 30pt; width: 130.2pt;\" width=\"217\" height=\"50\">Tipo\/par\u00e2metro<\/td>\n<td class=\"et4\" style=\"width: 85.2pt;\" width=\"142\">ANZ-51100S2<\/td>\n<td class=\"et4\" style=\"width: 85.2pt;\" width=\"142\">ANZ-51100S3<\/td>\n<td class=\"et4\" style=\"width: 85.2pt;\" width=\"142\">ANZ-51100S4<\/td>\n<td class=\"et4\" style=\"width: 85.2pt;\" width=\"142\">ANZ-51100S5<\/td>\n<td class=\"et5\" style=\"width: 85.2pt;\" width=\"142\">ANZ-51100S6<\/td>\n<\/tr>\n<tr style=\"height: 30.00pt;\">\n<td class=\"et6\" style=\"height: 30.00pt; width: 130.20pt;\" width=\"217\" height=\"50\">Tipo de m\u00f3dulo de bateria<\/td>\n<td class=\"et7\" style=\"width: 426pt; text-align: center;\" colspan=\"5\" width=\"710\">ANZ-51100S<\/td>\n<\/tr>\n<tr style=\"height: 30.00pt;\">\n<td class=\"et6\" style=\"height: 30.00pt; width: 130.20pt;\" width=\"217\" height=\"50\">N\u00famero do m\u00f3dulo<\/td>\n<td class=\"et9\" style=\"width: 85.2pt; text-align: left;\" width=\"142\">2<\/td>\n<td class=\"et9\" style=\"width: 85.20pt;\" width=\"142\">3<\/td>\n<td class=\"et9\" style=\"width: 85.20pt;\" width=\"142\">4<\/td>\n<td class=\"et9\" style=\"width: 85.20pt;\" width=\"142\">5<\/td>\n<td class=\"et10\" style=\"width: 85.20pt;\" width=\"142\">6<\/td>\n<\/tr>\n<tr style=\"height: 30.00pt;\">\n<td class=\"et6\" style=\"height: 30.00pt; width: 130.20pt;\" width=\"217\" height=\"50\">Tens\u00e3o nominal<span class=\"font5\">(<\/span><span class=\"font0\">V<\/span><span class=\"font5\">\uff09<\/span><\/td>\n<td class=\"et11\" style=\"width: 426.00pt;\" colspan=\"5\" width=\"710\">51.2<\/td>\n<\/tr>\n<tr style=\"height: 30.00pt;\">\n<td class=\"et6\" style=\"height: 30.00pt; width: 130.20pt;\" width=\"217\" height=\"50\">Alcance de voltagem<span class=\"font5\">(<\/span><span class=\"font0\">V<\/span><span class=\"font5\">\uff09<\/span><\/td>\n<td class=\"et12\" style=\"width: 426.00pt;\" colspan=\"5\" width=\"710\">44.8~56<\/td>\n<\/tr>\n<tr style=\"height: 30.00pt;\">\n<td class=\"et6\" style=\"height: 30.00pt; width: 130.20pt;\" width=\"217\" height=\"50\">Energia Nominal<span class=\"font5\">(<\/span><span class=\"font0\">O que<\/span><span class=\"font5\">\uff09<\/span><\/td>\n<td class=\"et13\" style=\"width: 85.20pt;\" width=\"142\">10240<\/td>\n<td class=\"et13\" style=\"width: 85.20pt;\" width=\"142\">15360<\/td>\n<td class=\"et13\" style=\"width: 85.20pt;\" width=\"142\">20240<\/td>\n<td class=\"et13\" style=\"width: 85.20pt;\" width=\"142\">25600<\/td>\n<td class=\"et14\" style=\"width: 85.20pt;\" width=\"142\">30720<\/td>\n<\/tr>\n<tr style=\"height: 30.00pt;\">\n<td class=\"et6\" style=\"height: 30.00pt; width: 130.20pt;\" width=\"217\" height=\"50\">M\u00e1x. Corrente de descarga<span class=\"font5\">(<\/span><span class=\"font0\">A<\/span><span class=\"font5\">\uff09<\/span><\/td>\n<td class=\"et14\" style=\"width: 426.00pt;\" colspan=\"5\" width=\"710\">200<\/td>\n<\/tr>\n<tr style=\"height: 30.00pt;\">\n<td class=\"et6\" style=\"height: 30.00pt; width: 130.20pt;\" width=\"217\" height=\"50\">Dimens\u00e3o: L*A*P (mm)<\/td>\n<td class=\"et15\" style=\"width: 85.20pt;\" width=\"142\">674*170*1100<\/td>\n<td class=\"et15\" style=\"width: 85.20pt;\" width=\"142\">674*170*1520<\/td>\n<td class=\"et15\" style=\"width: 85.20pt;\" width=\"142\">1348*1170*1310<\/td>\n<td class=\"et15\" style=\"width: 85.20pt;\" width=\"142\">1348*170*1520<\/td>\n<td class=\"et12\" style=\"width: 85.20pt;\" width=\"142\">1348*170*1520<\/td>\n<\/tr>\n<tr style=\"height: 30.00pt;\">\n<td class=\"et6\" style=\"height: 30.00pt; width: 130.20pt;\" width=\"217\" height=\"50\">Peso<span class=\"font5\">(<\/span><span class=\"font0\">kg<\/span><span class=\"font5\">\uff09<\/span><\/td>\n<td class=\"et13\" style=\"width: 85.20pt;\" width=\"142\">124<\/td>\n<td class=\"et13\" style=\"width: 85.20pt;\" width=\"142\">176<\/td>\n<td class=\"et13\" style=\"width: 85.20pt;\" width=\"142\">233<\/td>\n<td class=\"et13\" style=\"width: 85.20pt;\" width=\"142\">290<\/td>\n<td class=\"et14\" style=\"width: 85.20pt;\" width=\"142\">343<\/td>\n<\/tr>\n<tr style=\"height: 30.00pt;\">\n<td class=\"et3\" style=\"height: 30.00pt; width: 556.20pt;\" colspan=\"6\" width=\"927\" height=\"50\">Par\u00e2metro Ambiental<\/td>\n<\/tr>\n<tr style=\"height: 30.00pt;\">\n<td class=\"et6\" style=\"height: 30.00pt; width: 130.20pt;\" width=\"217\" height=\"50\">PI<\/td>\n<td class=\"et12\" style=\"width: 426.00pt;\" colspan=\"5\" width=\"710\">IP55<\/td>\n<\/tr>\n<tr style=\"height: 30.00pt;\">\n<td class=\"et6\" style=\"height: 30.00pt; width: 130.20pt;\" width=\"217\" height=\"50\">Faixa de temperatura de carga (<span class=\"font5\">\u2103<\/span><span class=\"font0\">)<\/span><\/td>\n<td class=\"et12\" style=\"width: 426.00pt;\" colspan=\"5\" width=\"710\">0~45<\/td>\n<\/tr>\n<tr style=\"height: 30.00pt;\">\n<td class=\"et6\" style=\"height: 30.00pt; width: 130.20pt;\" width=\"217\" height=\"50\">Faixa de temperatura de descarga (<span class=\"font5\">\u2103<\/span><span class=\"font0\">)<\/span><\/td>\n<td class=\"et17\" style=\"width: 426.00pt;\" colspan=\"5\" width=\"710\">-20~60<\/td>\n<\/tr>\n<tr style=\"height: 30.00pt;\">\n<td class=\"et6\" style=\"height: 30.00pt; width: 130.20pt;\" width=\"217\" height=\"50\">M\u00e9todo de instala\u00e7\u00e3o<\/td>\n<td class=\"et12\" style=\"width: 426.00pt;\" colspan=\"5\" width=\"710\">Montado no ch\u00e3o<\/td>\n<\/tr>\n<tr style=\"height: 30.00pt;\">\n<td class=\"et3\" style=\"height: 30.00pt; width: 556.20pt;\" colspan=\"6\" width=\"927\" height=\"50\">Vida de servi\u00e7o<\/td>\n<\/tr>\n<tr style=\"height: 30.00pt;\">\n<td class=\"et6\" style=\"height: 30.00pt; width: 130.20pt;\" width=\"217\" height=\"50\">Ciclo de Vida (Tempo)<\/td>\n<td class=\"et12\" style=\"width: 426.00pt;\" colspan=\"5\" width=\"710\">&gt; 6.000<span class=\"font5\">(<\/span><span class=\"font0\">0,5\u00b0C @25<\/span><span class=\"font5\">\u2103<\/span><span class=\"font0\">,80%DOD<\/span><span class=\"font5\">\uff09<\/span><\/td>\n<\/tr>\n<tr style=\"height: 30.00pt;\">\n<td class=\"et6\" style=\"height: 30.00pt; width: 130.20pt;\" width=\"217\" height=\"50\">Vida \u00fatil do projeto (ano)<\/td>\n<td class=\"et14\" style=\"width: 426.00pt;\" colspan=\"5\" width=\"710\">15<\/td>\n<\/tr>\n<tr style=\"height: 30.00pt;\">\n<td class=\"et3\" style=\"height: 30.00pt; width: 556.20pt;\" colspan=\"6\" width=\"927\" height=\"50\">Certifica\u00e7\u00e3o<\/td>\n<\/tr>\n<tr style=\"height: 30.00pt;\">\n<td class=\"et6\" style=\"height: 30.00pt; width: 130.20pt;\" width=\"217\" height=\"50\">Seguran\u00e7a e Certifica\u00e7\u00e3o<\/td>\n<td class=\"et12\" style=\"width: 426.00pt;\" colspan=\"5\" width=\"710\">UL1973 (CE, IEC62619 Em breve)<\/td>\n<\/tr>\n<tr style=\"height: 30.00pt;\">\n<td class=\"et6\" style=\"height: 30.00pt; width: 130.20pt;\" width=\"217\" height=\"50\">Transporte<\/td>\n<td class=\"et12\" style=\"width: 426.00pt;\" colspan=\"5\" width=\"710\">ONU38.3<\/td>\n<\/tr>\n<\/tbody>\n<\/table>","protected":false},"excerpt":{"rendered":"<p>O armazenamento de bateria dom\u00e9stica empilh\u00e1vel de baixa tens\u00e3o Amp Nova foi especialmente projetado para aplica\u00e7\u00f5es residenciais de pequeno e m\u00e9dio porte pela Amp Nova. Cada m\u00f3dulo possui um BMS inteligente interno, que oferece prote\u00e7\u00e3o contra sobretens\u00e3o, subtens\u00e3o, sobrecorrente, curto-circuito, supertemperatura e baixa temperatura. Enquanto isso, um projeto de seguran\u00e7a multicamadas (material, c\u00e9lula, estrutura, aerossol contra inc\u00eandio, etc.) tamb\u00e9m aumentar\u00e1 muito o desempenho de seguran\u00e7a do produto. Ele tamb\u00e9m possui um ID elegante e um design estrutural inteligente, \u00e9 f\u00e1cil de instalar e tamb\u00e9m pode ser expandido de forma flex\u00edvel de acordo com suas necessidades.<\/p>","protected":false},"featured_media":2287,"comment_status":"open","ping_status":"closed","template":"","meta":[],"product_cat":[86],"product_tag":[],"class_list":["post-1016","product","type-product","status-publish","has-post-thumbnail","hentry","product_cat-stackable-lifepo4-battery"],"acf":[],"_links":{"self":[{"href":"https:\/\/solarbatterymanufacturer.com\/pt\/wp-json\/wp\/v2\/product\/1016","targetHints":{"allow":["GET"]}}],"collection":[{"href":"https:\/\/solarbatterymanufacturer.com\/pt\/wp-json\/wp\/v2\/product"}],"about":[{"href":"https:\/\/solarbatterymanufacturer.com\/pt\/wp-json\/wp\/v2\/types\/product"}],"replies":[{"embeddable":true,"href":"https:\/\/solarbatterymanufacturer.com\/pt\/wp-json\/wp\/v2\/comments?post=1016"}],"version-history":[{"count":4,"href":"https:\/\/solarbatterymanufacturer.com\/pt\/wp-json\/wp\/v2\/product\/1016\/revisions"}],"predecessor-version":[{"id":4057,"href":"https:\/\/solarbatterymanufacturer.com\/pt\/wp-json\/wp\/v2\/product\/1016\/revisions\/4057"}],"wp:featuredmedia":[{"embeddable":true,"href":"https:\/\/solarbatterymanufacturer.com\/pt\/wp-json\/wp\/v2\/media\/2287"}],"wp:attachment":[{"href":"https:\/\/solarbatterymanufacturer.com\/pt\/wp-json\/wp\/v2\/media?parent=1016"}],"wp:term":[{"taxonomy":"product_cat","embeddable":true,"href":"https:\/\/solarbatterymanufacturer.com\/pt\/wp-json\/wp\/v2\/product_cat?post=1016"},{"taxonomy":"product_tag","embeddable":true,"href":"https:\/\/solarbatterymanufacturer.com\/pt\/wp-json\/wp\/v2\/product_tag?post=1016"}],"curies":[{"name":"wp","href":"https:\/\/api.w.org\/{rel}","templated":true}]}}