{"id":4207,"date":"2023-11-15T03:32:26","date_gmt":"2023-11-15T03:32:26","guid":{"rendered":"https:\/\/solarbatterymanufacturer.com\/?post_type=product&#038;p=4207"},"modified":"2025-03-24T15:13:00","modified_gmt":"2025-03-24T15:13:00","slug":"amp-nova-100-kwh-battery-512v-200ah","status":"publish","type":"product","link":"https:\/\/solarbatterymanufacturer.com\/vi\/san-pham\/amp-nova-100-kwh-pin-512v-200ah\/","title":{"rendered":"Ampe Nova 100 KWH Pin 512V 200Ah"},"content":{"rendered":"<table id=\"tablepress-102\" class=\"tablepress tablepress-id-102\" style=\"height: 1277px;\" width=\"623\">\n<tbody class=\"row-hover\">\n<tr class=\"row-3 odd\">\n<td class=\"column-1\" colspan=\"3\">\u0110\u1ecbnh m\u1ee9c \u0111i\u1ec7n \u00e1p<\/td>\n<td class=\"column-4\">512V<\/td>\n<\/tr>\n<tr class=\"row-4 even\">\n<td class=\"column-1\" colspan=\"3\">S\u1ee9c ch\u1ee9a gi\u1ea3 \u0111\u1ecbnh<\/td>\n<td class=\"column-4\">200ah<\/td>\n<\/tr>\n<tr class=\"row-5 odd\">\n<td class=\"column-1\" rowspan=\"4\">K\u00edch th\u01b0\u1edbc<\/td>\n<td class=\"column-2\" colspan=\"2\">Chi\u1ec1u d\u00e0i<\/td>\n<td class=\"column-4\">800\u00b12 mm (31,49 inch)<\/td>\n<\/tr>\n<tr class=\"row-6 even\">\n<td class=\"column-2\" colspan=\"2\">Chi\u1ec1u r\u1ed9ng<\/td>\n<td class=\"column-4\">600\u00b12mm (23,62 inch)<\/td>\n<\/tr>\n<tr class=\"row-7 odd\">\n<td class=\"column-2\" colspan=\"2\">Chi\u1ec1u cao<\/td>\n<td class=\"column-4\">1800\u00b12mm (70,87 inch)<\/td>\n<\/tr>\n<tr class=\"row-8 even\">\n<td class=\"column-2\" colspan=\"2\">T\u1ed5ng chi\u1ec1u cao<\/td>\n<td class=\"column-4\">1870\u00b12mm (73,62 inch)<\/td>\n<\/tr>\n<tr class=\"row-9 odd\">\n<td class=\"column-1\" colspan=\"3\">X\u1ea5p x\u1ec9. c\u00e2n n\u1eb7ng<\/td>\n<td class=\"column-4\">1886,0kg (4157,88lbs)\u00b160kg<\/td>\n<\/tr>\n<tr class=\"row-10 even\">\n<td class=\"column-1\" colspan=\"4\">\n<h3>\u0110\u1eb7c tr\u01b0ng<\/h3>\n<\/td>\n<\/tr>\n<tr class=\"row-11 odd\">\n<td class=\"column-1\" rowspan=\"6\">\u0110i\u1ec7n<br \/>\nTh\u00f4ng s\u1ed1<br \/>\n(25\u00b0C)<\/td>\n<td class=\"column-2\" colspan=\"2\">\u0110i\u1ec7n \u00e1p \u0111\u1ecbnh m\u1ee9c<\/td>\n<td class=\"column-4\">512V<\/td>\n<\/tr>\n<tr class=\"row-12 even\">\n<td class=\"column-2\" colspan=\"2\">C\u00f4ng su\u1ea5t \u0111\u1ecbnh m\u1ee9c (C5)<\/td>\n<td class=\"column-4\">200Ah@25\u00b0C<\/td>\n<\/tr>\n<tr class=\"row-13 odd\">\n<td class=\"column-2\" colspan=\"2\">N\u0103ng l\u01b0\u1ee3ng<\/td>\n<td class=\"column-4\">102400Wh<\/td>\n<\/tr>\n<tr class=\"row-14 even\">\n<td class=\"column-2\" colspan=\"2\">Th\u00e1ng T\u1ef1 X\u1ea3<\/td>\n<td class=\"column-4\">&lt;3%<\/td>\n<\/tr>\n<tr class=\"row-15 odd\">\n<td class=\"column-2\" colspan=\"2\">Hi\u1ec7u qu\u1ea3 s\u1ea1c<\/td>\n<td class=\"column-4\">99,5%@ 0,2C<\/td>\n<\/tr>\n<tr class=\"row-16 even\">\n<td class=\"column-2\" colspan=\"2\">Hi\u1ec7u su\u1ea5t x\u1ea3<\/td>\n<td class=\"column-4\">96-99%@ 1C<\/td>\n<\/tr>\n<tr class=\"row-17 odd\">\n<td class=\"column-1\" colspan=\"3\">\u0110\u01b0\u1eddng k\u00ednh \u0111\u1ea7u cu\u1ed1i<\/td>\n<td class=\"column-4\">M8<\/td>\n<\/tr>\n<tr class=\"row-18 even\">\n<td class=\"column-1\" colspan=\"3\">\u0110i\u1ec7n tr\u1edf trong (\u0110\u00e3 s\u1ea1c \u0111\u1ea7y, 25\u00b0C)<\/td>\n<td class=\"column-4\">280m\u03a9<\/td>\n<\/tr>\n<tr class=\"row-19 odd\">\n<td class=\"column-1\" colspan=\"3\">Chu k\u1ef3 cu\u1ed9c s\u1ed1ng<\/td>\n<td class=\"column-4\">&gt;3000 chu k\u1ef3 @ 0,2C 100%D.OD<\/td>\n<\/tr>\n<tr class=\"row-20 even\">\n<td class=\"column-1\" colspan=\"2\" rowspan=\"4\">Dung t\u00edch<br \/>\nb\u1ecb \u1ea3nh h\u01b0\u1edfng b\u1edfi<br \/>\nnhi\u1ec7t \u0111\u1ed9<\/td>\n<td class=\"column-3\">40\u00b0C<\/td>\n<td class=\"column-4\">101%<\/td>\n<\/tr>\n<tr class=\"row-21 odd\">\n<td class=\"column-3\">25\u00b0C<\/td>\n<td class=\"column-4\">100%<\/td>\n<\/tr>\n<tr class=\"row-22 even\">\n<td class=\"column-3\">0\u00b0C<\/td>\n<td class=\"column-4\">90%<\/td>\n<\/tr>\n<tr class=\"row-23 odd\">\n<td class=\"column-3\">-10\u00b0C<\/td>\n<td class=\"column-4\">75%<\/td>\n<\/tr>\n<tr class=\"row-24 even\">\n<td class=\"column-1\" colspan=\"3\">Nhi\u1ec7t \u0111\u1ed9 ho\u1ea1t \u0111\u1ed9ng danh ngh\u0129a<\/td>\n<td class=\"column-4\">25\u00b0C\u00b1 3\u00b0C (77\u00b0F\u00b1 5\u00b0F)<\/td>\n<\/tr>\n<tr class=\"row-25 odd\">\n<td class=\"column-1\" colspan=\"2\" rowspan=\"3\">\u0110i\u1ec1u h\u00e0nh<br \/>\nnhi\u1ec7t \u0111\u1ed9<br \/>\nph\u1ea1m vi<\/td>\n<td class=\"column-3\">Ph\u00f3ng \u0111i\u1ec7n<\/td>\n<td class=\"column-4\">\u2013 20\u00b0C~ 60\u00b0C (-4\u00b0F ~ 140\u00b0F)<\/td>\n<\/tr>\n<tr class=\"row-26 even\">\n<td class=\"column-3\">Th\u00f9 lao<\/td>\n<td class=\"column-4\">0\u00b0C~ 45\u00b0C (32\u00b0F ~ 113\u00b0F)<\/td>\n<\/tr>\n<tr class=\"row-27 odd\">\n<td class=\"column-3\">Kho<\/td>\n<td class=\"column-4\">0\u00b0C~ 40\u00b0C (32\u00b0F ~ 104\u00b0F)<\/td>\n<\/tr>\n<tr class=\"row-28 even\">\n<td class=\"column-1\" colspan=\"3\">Ch\u1ed1ng b\u1ee5i n\u01b0\u1edbc<\/td>\n<td class=\"column-4\">IP50<\/td>\n<\/tr>\n<tr class=\"row-29 odd\">\n<td class=\"column-1\" colspan=\"3\">\u0110i\u1ec7n \u00e1p s\u1ea1c<\/td>\n<td class=\"column-4\">584V<\/td>\n<\/tr>\n<tr class=\"row-30 even\">\n<td class=\"column-1\" colspan=\"3\">Ch\u1ebf \u0111\u1ed9 s\u1ea1c ti\u00eau chu\u1ea9n<br \/>\n(25\u00b0C\u00b12\u00b0C, &lt;75%RH)<\/td>\n<td class=\"column-4\">D\u00f2ng \u0111i\u1ec7n kh\u00f4ng \u0111\u1ed5i 0,2CA \u0111\u1ebfn 584V,<br \/>\nsau \u0111\u00f3 \u0110i\u1ec7n \u00e1p kh\u00f4ng \u0111\u1ed5i 584V<br \/>\ncho \u0111\u1ebfn khi d\u00f2ng \u0111i\u1ec7n gi\u1ea3m xu\u1ed1ng 0,02CA,<br \/>\ntr\u01b0\u1edbc khi s\u1eed d\u1ee5ng, ngh\u1ec9 ng\u01a1i 30 ph\u00fat<\/td>\n<\/tr>\n<tr class=\"row-31 odd\">\n<td class=\"column-1\" colspan=\"3\">D\u00f2ng \u0111i\u1ec7n t\u00edch \u0111i\u1ec7n<\/td>\n<td class=\"column-4\">40A<\/td>\n<\/tr>\n<tr class=\"row-32 even\">\n<td class=\"column-1\" colspan=\"3\">D\u00f2ng \u0111i\u1ec7n s\u1ea1c t\u1ed1i \u0111a<\/td>\n<td class=\"column-4\">100A<\/td>\n<\/tr>\n<tr class=\"row-33 odd\">\n<td class=\"column-1\" colspan=\"3\">\u0110i\u1ec7n \u00e1p c\u1eaft \u0111i\u1ec7n<\/td>\n<td class=\"column-4\">584V<\/td>\n<\/tr>\n<tr class=\"row-34 even\">\n<td class=\"column-1\" colspan=\"3\">D\u00f2ng x\u1ea3 li\u00ean t\u1ee5c<\/td>\n<td class=\"column-4\">200A<\/td>\n<\/tr>\n<tr class=\"row-35 odd\">\n<td class=\"column-1\" colspan=\"3\">D\u00f2ng xung t\u1ed1i \u0111a<\/td>\n<td class=\"column-4\">400A (&lt;2S, C\u00f3 th\u1ec3 \u0111i\u1ec1u ch\u1ec9nh)<\/td>\n<\/tr>\n<tr class=\"row-36 even\">\n<td class=\"column-1\" colspan=\"3\">X\u1ea3 c\u1eaft \u0111i\u1ec7n \u00e1p<\/td>\n<td class=\"column-4\">448V<\/td>\n<\/tr>\n<tr class=\"row-37 odd\">\n<td class=\"column-1\" colspan=\"3\">Giao th\u1ee9c giao ti\u1ebfp (t\u00f9y ch\u1ecdn)<\/td>\n<td class=\"column-4\">RS485\/RS232\/C\u00d3 TH\u1ec2<\/td>\n<\/tr>\n<tr class=\"row-38 even\">\n<td class=\"column-1\" colspan=\"3\">SOC (t\u00f9y ch\u1ecdn)<\/td>\n<td class=\"column-4\">Ph\u1ea7n m\u1ec1m m\u00e0n h\u00ecnh\/LED\/PC<\/td>\n<\/tr>\n<tr class=\"row-39 odd\">\n<td class=\"column-1\" colspan=\"3\">K\u1ebft n\u1ed1i \u1ee9ng d\u1ee5ng<\/td>\n<td class=\"column-4\">1 chu\u1ed7i 1 song song<\/td>\n<\/tr>\n<tr class=\"row-40 even\">\n<td class=\"column-1\" colspan=\"2\" rowspan=\"2\">C\u01a1 kh\u00ed<\/td>\n<td class=\"column-3\">S\u1ed1 l\u01b0\u1ee3ng t\u1ebf b\u00e0o<\/td>\n<td class=\"column-4\">160 d\u00e2y<\/td>\n<\/tr>\n<tr class=\"row-41 odd\">\n<td class=\"column-3\">Th\u00f9ng \u0111\u1ef1ng h\u00e0ng<\/td>\n<td class=\"column-4\">Kim lo\u1ea1i<\/td>\n<\/tr>\n<\/tbody>\n<\/table>\n<h1 id=\"exploring-the-power-and-capacity-of-a-100-kwh-battery\">Ampe Nova 100 KWH Pin 512V 200Ah<\/h1>\n<ul>\n<li>Gi\u1edbi thi\u1ec7u<\/li>\n<li>T\u00ecm hi\u1ec3u dung l\u01b0\u1ee3ng pin<\/li>\n<li>Kh\u00e1m ph\u00e1 ti\u1ec1m n\u0103ng c\u1ee7a pin 100 KWH<\/li>\n<li>\u01afu \u0111i\u1ec3m c\u1ee7a \u1eaec quy 100 KWH<\/li>\n<li>\u1ee8ng d\u1ee5ng c\u1ee7a \u1eaec quy 100 KWH<\/li>\n<li>Nh\u1eefng th\u00e1ch th\u1ee9c v\u00e0 h\u1ea1n ch\u1ebf c\u1ee7a \u1eaec quy 100 KWH<\/li>\n<li>S\u1ef1 ph\u00e1t tri\u1ec3n trong t\u01b0\u01a1ng lai c\u1ee7a c\u00f4ng ngh\u1ec7 pin<\/li>\n<li>Ph\u1ea7n k\u1ebft lu\u1eadn<\/li>\n<\/ul>\n<h2 id=\"introduction\">Gi\u1edbi thi\u1ec7u<\/h2>\n<p>S\u1ef1 ra \u0111\u1eddi c\u1ee7a Pin 100 KWh \u0111\u00e3 m\u1edf ra m\u1ed9t k\u1ef7 nguy\u00ean bi\u1ebfn \u0111\u1ed5i trong c\u00f4ng ngh\u1ec7 pin, c\u00e1ch m\u1ea1ng h\u00f3a nhi\u1ec1u ng\u00e0nh c\u00f4ng nghi\u1ec7p v\u00e0 \u0111\u1ecbnh h\u00ecnh l\u1ea1i c\u00e1ch ti\u1ebfp c\u1eadn c\u1ee7a ch\u00fang ta trong vi\u1ec7c l\u01b0u tr\u1eef v\u00e0 s\u1eed d\u1ee5ng n\u0103ng l\u01b0\u1ee3ng. B\u00e0i vi\u1ebft n\u00e0y s\u1ebd t\u1eadp trung v\u00e0o kh\u1ea3 n\u0103ng v\u00e0 ti\u1ec1m n\u0103ng c\u1ee7a c\u00e1c lo\u1ea1i pin dung l\u01b0\u1ee3ng cao n\u00e0y, \u0111\u1ed3ng th\u1eddi kh\u00e1m ph\u00e1 nh\u1eefng \u01b0u \u0111i\u1ec3m, \u1ee9ng d\u1ee5ng, h\u1ea1n ch\u1ebf v\u00e0 tri\u1ec3n v\u1ecdng c\u1ee7a ch\u00fang trong t\u01b0\u01a1ng lai.<\/p>\n<h2 id=\"understanding-battery-capacity\">T\u00ecm hi\u1ec3u dung l\u01b0\u1ee3ng pin<\/h2>\n<p>Tr\u01b0\u1edbc khi \u0111i s\u00e2u h\u01a1n v\u00e0o th\u1ebf gi\u1edbi pin 100 KWH, c\u1ea7n ph\u1ea3i hi\u1ec3u kh\u00e1i ni\u1ec7m v\u1ec1 dung l\u01b0\u1ee3ng pin. Dung l\u01b0\u1ee3ng pin \u0111\u1ec1 c\u1eadp \u0111\u1ebfn l\u01b0\u1ee3ng n\u0103ng l\u01b0\u1ee3ng \u0111i\u1ec7n m\u00e0 pin c\u00f3 th\u1ec3 l\u01b0u tr\u1eef v\u00e0 cung c\u1ea5p. N\u00f3 th\u01b0\u1eddng \u0111\u01b0\u1ee3c \u0111o b\u1eb1ng Kilowatt-gi\u1edd (KWH), bi\u1ec3u th\u1ecb l\u01b0\u1ee3ng n\u0103ng l\u01b0\u1ee3ng m\u00e0 pin c\u00f3 th\u1ec3 cung c\u1ea5p trong m\u1ed9t gi\u1edd. X\u1ebfp h\u1ea1ng KWH c\u00e0ng cao th\u00ec pin c\u00f3 th\u1ec3 l\u01b0u tr\u1eef v\u00e0 cung c\u1ea5p c\u00e0ng nhi\u1ec1u n\u0103ng l\u01b0\u1ee3ng.<\/p>\n<h2 id=\"exploring-the-potential-of-a-100-kwh-battery\">Kh\u00e1m ph\u00e1 ti\u1ec1m n\u0103ng c\u1ee7a pin 100 KWH<\/h2>\n<p>Pin 100 KWH cung c\u1ea5p n\u0103ng l\u01b0\u1ee3ng v\u00e0 kh\u1ea3 n\u0103ng l\u01b0u tr\u1eef c\u1ef1c l\u1edbn. \u0110\u1ec3 d\u1ec5 h\u00ecnh dung, pin xe \u0111i\u1ec7n th\u00f4ng th\u01b0\u1eddng c\u00f3 c\u00f4ng su\u1ea5t t\u1eeb 20 \u0111\u1ebfn 100 KWH, ngh\u0129a l\u00e0 pin 100 KWH c\u00f3 th\u1ec3 cung c\u1ea5p n\u0103ng l\u01b0\u1ee3ng t\u01b0\u01a1ng \u0111\u01b0\u01a1ng v\u1edbi vi\u1ec7c s\u1ea1c m\u1ed9t chi\u1ebfc xe \u0111i\u1ec7n t\u1edbi b\u1ed1n l\u1ea7n trong m\u1ed9t l\u1ea7n s\u1ea1c.<\/p>\n<p>H\u01a1n n\u1eefa, m\u1ed9t c\u1ee5c pin 100 KWH c\u00f3 kh\u1ea3 n\u0103ng cung c\u1ea5p n\u0103ng l\u01b0\u1ee3ng cho m\u1ed9t h\u1ed9 gia \u0111\u00ecnh trung b\u00ecnh trong v\u00e0i ng\u00e0y, t\u00f9y thu\u1ed9c v\u00e0o m\u1ee9c ti\u00eau th\u1ee5 n\u0103ng l\u01b0\u1ee3ng. N\u00f3 c\u0169ng c\u00f3 th\u1ec3 \u0111\u00f3ng vai tr\u00f2 l\u00e0 ngu\u1ed3n \u0111i\u1ec7n d\u1ef1 ph\u00f2ng khi m\u1ea5t \u0111i\u1ec7n, \u0111\u1ea3m b\u1ea3o cung c\u1ea5p \u0111i\u1ec7n li\u00ean t\u1ee5c cho c\u00e1c thi\u1ebft b\u1ecb v\u00e0 h\u1ec7 th\u1ed1ng quan tr\u1ecdng.<\/p>\n<h2 id=\"advantages-of-a-100-kwh-battery\">\u01afu \u0111i\u1ec3m c\u1ee7a \u1eaec quy 100 KWH<\/h2>\n<p>Vi\u1ec7c s\u1eed d\u1ee5ng pin 100 KWH mang l\u1ea1i m\u1ed9t s\u1ed1 l\u1ee3i \u00edch v\u00e0 l\u1ee3i \u00edch. H\u00e3y c\u00f9ng kh\u00e1m ph\u00e1 m\u1ed9t v\u00e0i trong s\u1ed1 ch\u00fang:<\/p>\n<ol>\n<li><strong>T\u0103ng t\u00ednh \u0111\u1ed9c l\u1eadp v\u1ec1 n\u0103ng l\u01b0\u1ee3ng:<\/strong>\u00a0V\u1edbi b\u1ed9 pin 100 KWH, c\u00e1c h\u1ed9 gia \u0111\u00ecnh v\u00e0 doanh nghi\u1ec7p c\u00f3 th\u1ec3 gi\u1ea3m s\u1ef1 ph\u1ee5 thu\u1ed9c v\u00e0o l\u01b0\u1edbi \u0111i\u1ec7n. H\u1ecd c\u00f3 th\u1ec3 l\u01b0u tr\u1eef n\u0103ng l\u01b0\u1ee3ng d\u01b0 th\u1eeba \u0111\u01b0\u1ee3c t\u1ea1o ra t\u1eeb c\u00e1c ngu\u1ed3n t\u00e1i t\u1ea1o, ch\u1eb3ng h\u1ea1n nh\u01b0 t\u1ea5m pin m\u1eb7t tr\u1eddi ho\u1eb7c tua-bin gi\u00f3 v\u00e0 s\u1eed d\u1ee5ng n\u00f3 trong th\u1eddi gian c\u00f3 nhu c\u1ea7u cao ho\u1eb7c khi l\u01b0\u1edbi \u0111i\u1ec7n b\u1ecb m\u1ea5t \u0111i\u1ec7n.<\/li>\n<li><strong>M\u00f4i tr\u01b0\u1eddng b\u1ec1n v\u1eefng:<\/strong>\u00a0B\u1eb1ng c\u00e1ch t\u1eadn d\u1ee5ng pin 100 KWH, c\u00e1c c\u00e1 nh\u00e2n v\u00e0 t\u1ed5 ch\u1ee9c c\u00f3 th\u1ec3 th\u00fac \u0111\u1ea9y h\u01a1n n\u1eefa t\u00ednh b\u1ec1n v\u1eefng b\u1eb1ng c\u00e1ch \u00edt ph\u1ee5 thu\u1ed9c v\u00e0o nhi\u00ean li\u1ec7u h\u00f3a th\u1ea1ch v\u00e0 t\u1ef1 t\u1ea1o ra n\u0103ng l\u01b0\u1ee3ng s\u1ea1ch. \u0110i\u1ec1u n\u00e0y l\u00e0m gi\u1ea3m l\u01b0\u1ee3ng kh\u00ed th\u1ea3i nh\u00e0 k\u00ednh v\u00e0 g\u00f3p ph\u1ea7n v\u00e0o m\u1ed9t t\u01b0\u01a1ng lai xanh h\u01a1n.<\/li>\n<li><strong>Ti\u1ebft ki\u1ec7m chi ph\u00ed:<\/strong>\u00a0M\u1eb7c d\u00f9 kho\u1ea3n \u0111\u1ea7u t\u01b0 ban \u0111\u1ea7u v\u00e0o pin 100 KWH c\u00f3 th\u1ec3 l\u00e0 \u0111\u00e1ng k\u1ec3 nh\u01b0ng n\u00f3 c\u00f3 th\u1ec3 gi\u00fap ti\u1ebft ki\u1ec7m chi ph\u00ed v\u1ec1 l\u00e2u d\u00e0i. B\u1eb1ng c\u00e1ch l\u01b0u tr\u1eef n\u0103ng l\u01b0\u1ee3ng d\u01b0 th\u1eeba trong th\u1eddi gian nhu c\u1ea7u th\u1ea5p ho\u1eb7c khi gi\u00e1 th\u1ea5p h\u01a1n, ng\u01b0\u1eddi d\u00f9ng c\u00f3 th\u1ec3 t\u1ed1i \u01b0u h\u00f3a m\u1ee9c ti\u00eau th\u1ee5 n\u0103ng l\u01b0\u1ee3ng v\u00e0 gi\u1ea3m h\u00f3a \u0111\u01a1n ti\u1ec1n \u0111i\u1ec7n.<\/li>\n<li><strong>Chuy\u1ec3n t\u1ea3i:<\/strong>\u00a0Pin 100 KWH cho ph\u00e9p ng\u01b0\u1eddi d\u00f9ng chuy\u1ec3n m\u1ee9c ti\u00eau th\u1ee5 n\u0103ng l\u01b0\u1ee3ng sang gi\u1edd th\u1ea5p \u0111i\u1ec3m khi gi\u00e1 \u0111i\u1ec7n th\u01b0\u1eddng th\u1ea5p h\u01a1n. \u0110i\u1ec1u n\u00e0y c\u00f3 th\u1ec3 gi\u00fap l\u00e0m ph\u1eb3ng \u0111\u01b0\u1eddng c\u1ea7u v\u00e0 gi\u1ea3m b\u1edbt c\u0103ng th\u1eb3ng cho l\u01b0\u1edbi \u0111i\u1ec7n trong gi\u1edd cao \u0111i\u1ec3m.<\/li>\n<\/ol>\n<h2 id=\"applications-of-a-100-kwh-battery\">\u1ee8ng d\u1ee5ng c\u1ee7a \u1eaec quy 100 KWH<\/h2>\n<p>T\u00ednh linh ho\u1ea1t c\u1ee7a pin 100 KWH m\u1edf ra nhi\u1ec1u \u1ee9ng d\u1ee5ng trong nhi\u1ec1u ng\u00e0nh c\u00f4ng nghi\u1ec7p kh\u00e1c nhau. M\u1ed9t s\u1ed1 \u1ee9ng d\u1ee5ng \u0111\u00e1ng ch\u00fa \u00fd bao g\u1ed3m:<\/p>\n<ol>\n<li><strong>L\u01b0u tr\u1eef \u0111i\u1ec7n d\u00e2n d\u1ee5ng<\/strong>: M\u1ed9t trong nh\u1eefng \u1ee9ng d\u1ee5ng ch\u00ednh c\u1ee7a pin 100 KWH l\u00e0 l\u01b0u tr\u1eef n\u0103ng l\u01b0\u1ee3ng d\u00e2n d\u1ee5ng. Ch\u1ee7 nh\u00e0 c\u00f3 th\u1ec3 l\u01b0u tr\u1eef n\u0103ng l\u01b0\u1ee3ng d\u01b0 th\u1eeba do c\u00e1c t\u1ea5m pin m\u1eb7t tr\u1eddi ho\u1eb7c tua-bin gi\u00f3 t\u1ea1o ra v\u00e0o ban ng\u00e0y v\u00e0 s\u1eed d\u1ee5ng v\u00e0o ban \u0111\u00eam ho\u1eb7c khi m\u1ea5t \u0111i\u1ec7n.<\/li>\n<li><strong>Ngu\u1ed3n \u0111i\u1ec7n d\u1ef1 ph\u00f2ng th\u01b0\u01a1ng m\u1ea1i v\u00e0 c\u00f4ng nghi\u1ec7p<\/strong>: C\u00e1c doanh nghi\u1ec7p v\u00e0 ng\u00e0nh c\u00f4ng nghi\u1ec7p c\u00f3 th\u1ec3 h\u01b0\u1edfng l\u1ee3i t\u1eeb ngu\u1ed3n \u0111i\u1ec7n li\u00ean t\u1ee5c \u0111\u01b0\u1ee3c cung c\u1ea5p b\u1edfi pin 100 KWH trong tr\u01b0\u1eddng h\u1ee3p kh\u1ea9n c\u1ea5p ho\u1eb7c \u1edf nh\u1eefng khu v\u1ef1c th\u01b0\u1eddng xuy\u00ean b\u1ecb m\u1ea5t \u0111i\u1ec7n.<\/li>\n<li><strong>\u1ed4n \u0111\u1ecbnh l\u01b0\u1edbi \u0111i\u1ec7n<\/strong>: Vi\u1ec7c t\u00edch h\u1ee3p h\u1ec7 th\u1ed1ng pin 100 KWH quy m\u00f4 l\u1edbn v\u00e0o l\u01b0\u1edbi \u0111i\u1ec7n c\u00f3 th\u1ec3 gi\u00fap \u1ed5n \u0111\u1ecbnh t\u00ecnh tr\u1ea1ng m\u1ea5t c\u00e2n b\u1eb1ng cung c\u1ea7u, \u0111\u1ea3m b\u1ea3o cung c\u1ea5p \u0111i\u1ec7n \u1ed5n \u0111\u1ecbnh v\u00e0 \u0111\u00e1ng tin c\u1eady.<\/li>\n<li><strong>S\u1ea1c xe \u0111i\u1ec7n<\/strong>: Pin 100 KWH c\u00f3 th\u1ec3 t\u0103ng c\u01b0\u1eddng \u0111\u00e1ng k\u1ec3 kh\u1ea3 n\u0103ng s\u1ea1c cho xe \u0111i\u1ec7n, cho ph\u00e9p s\u1ea1c nhanh h\u01a1n v\u00e0 ph\u1ea1m vi l\u00e1i xe d\u00e0i h\u01a1n.<\/li>\n<\/ol>\n<h2 id=\"challenges-and-limitations-of-a-100-kwh-battery\">Nh\u1eefng th\u00e1ch th\u1ee9c v\u00e0 h\u1ea1n ch\u1ebf c\u1ee7a \u1eaec quy 100 KWH<\/h2>\n<p>M\u1eb7c d\u00f9 pin 100 KWH mang l\u1ea1i r\u1ea5t nhi\u1ec1u l\u1ee3i \u00edch nh\u01b0ng \u0111i\u1ec1u quan tr\u1ecdng l\u00e0 ph\u1ea3i th\u1eeba nh\u1eadn nh\u1eefng th\u00e1ch th\u1ee9c v\u00e0 h\u1ea1n ch\u1ebf c\u1ee7a n\u00f3. M\u1ed9t s\u1ed1 c\u00e2n nh\u1eafc ch\u00ednh bao g\u1ed3m:<\/p>\n<ol>\n<li><strong>Tr\u1ecb gi\u00e1<\/strong>: Chi ph\u00ed s\u1ea3n xu\u1ea5t v\u00e0 tri\u1ec3n khai pin 100 KWH c\u00f3 th\u1ec3 r\u1ea5t l\u1edbn. Y\u1ebfu t\u1ed1 n\u00e0y c\u00f3 th\u1ec3 c\u1ea3n tr\u1edf vi\u1ec7c \u00e1p d\u1ee5ng r\u1ed9ng r\u00e3i n\u00f3, \u0111\u1eb7c bi\u1ec7t \u0111\u1ed1i v\u1edbi ng\u01b0\u1eddi ti\u00eau d\u00f9ng c\u00e1 nh\u00e2n ho\u1eb7c c\u00e1c \u1ee9ng d\u1ee5ng quy m\u00f4 nh\u1ecf.<\/li>\n<li><strong>K\u00edch th\u01b0\u1edbc v\u00e0 tr\u1ecdng l\u01b0\u1ee3ng<\/strong>: Pin 100 KWH th\u01b0\u1eddng y\u00eau c\u1ea7u kh\u00f4ng gian v\u1eadt l\u00fd \u0111\u00e1ng k\u1ec3 v\u00e0 c\u00f3 th\u1ec3 c\u00f3 tr\u1ecdng l\u01b0\u1ee3ng \u0111\u00e1ng k\u1ec3. \u0110i\u1ec1u n\u00e0y c\u00f3 th\u1ec3 \u0111\u1eb7t ra nh\u1eefng th\u00e1ch th\u1ee9c cho vi\u1ec7c l\u1eafp \u0111\u1eb7t, \u0111\u1eb7c bi\u1ec7t \u1edf nh\u1eefng khu v\u1ef1c c\u00f3 kh\u00f4ng gian s\u1eb5n c\u00f3 h\u1ea1n ch\u1ebf.<\/li>\n<li><strong>B\u1ea2O TR\u00cc<\/strong>: Gi\u1ed1ng nh\u01b0 b\u1ea5t k\u1ef3 lo\u1ea1i pin n\u00e0o kh\u00e1c, pin 100 KWH c\u1ea7n \u0111\u01b0\u1ee3c b\u1ea3o tr\u00ec th\u01b0\u1eddng xuy\u00ean \u0111\u1ec3 \u0111\u1ea3m b\u1ea3o hi\u1ec7u su\u1ea5t v\u00e0 tu\u1ed5i th\u1ecd t\u1ed1i \u01b0u. \u0110i\u1ec1u n\u00e0y c\u00f3 th\u1ec3 li\u00ean quan \u0111\u1ebfn vi\u1ec7c theo d\u00f5i tr\u1ea1ng th\u00e1i s\u1ea1c c\u1ee7a pin, \u0111i\u1ec1u ch\u1ec9nh nhi\u1ec7t \u0111\u1ed9 v\u00e0 th\u1ec9nh tho\u1ea3ng thay th\u1ebf c\u00e1c t\u1ebf b\u00e0o b\u1ecb l\u1ed7i.<\/li>\n<li><strong>Tu\u1ed5i th\u1ecd h\u1ea1n ch\u1ebf<\/strong>: B\u1ea5t ch\u1ea5p nh\u1eefng ti\u1ebfn b\u1ed9 kh\u00f4ng ng\u1eebng trong c\u00f4ng ngh\u1ec7 pin, tu\u1ed5i th\u1ecd c\u1ee7a pin 100 KWH l\u00e0 h\u1eefu h\u1ea1n. Theo th\u1eddi gian, dung l\u01b0\u1ee3ng c\u1ee7a pin c\u00f3 th\u1ec3 gi\u1ea3m s\u00fat v\u00e0 c\u1ea7n ph\u1ea3i thay th\u1ebf.<\/li>\n<\/ol>\n<h2 id=\"future-developments-in-battery-technology\">S\u1ef1 ph\u00e1t tri\u1ec3n trong t\u01b0\u01a1ng lai c\u1ee7a c\u00f4ng ngh\u1ec7 pin<\/h2>\n<p>Khi c\u00f4ng ngh\u1ec7 ti\u1ebfp t\u1ee5c ph\u00e1t tri\u1ec3n, c\u00e1c nh\u00e0 nghi\u00ean c\u1ee9u v\u00e0 nh\u00e0 ph\u00e1t tri\u1ec3n \u0111ang t\u00edch c\u1ef1c l\u00e0m vi\u1ec7c \u0111\u1ec3 kh\u1eafc ph\u1ee5c nh\u1eefng h\u1ea1n ch\u1ebf c\u1ee7a pin 100 KWH \u0111\u1ed3ng th\u1eddi n\u00e2ng cao h\u01a1n n\u1eefa kh\u1ea3 n\u0103ng c\u1ee7a ch\u00fang. M\u1ed9t s\u1ed1 l\u0129nh v\u1ef1c ph\u00e1t tri\u1ec3n trong t\u01b0\u01a1ng lai c\u1ee7a c\u00f4ng ngh\u1ec7 pin bao g\u1ed3m:<\/p>\n<ol>\n<li><strong>M\u1eadt \u0111\u1ed9 n\u0103ng l\u01b0\u1ee3ng t\u0103ng<\/strong>: Nh\u1eefng ti\u1ebfn b\u1ed9 trong h\u00f3a h\u1ecdc pin nh\u1eb1m m\u1ee5c \u0111\u00edch t\u0103ng m\u1eadt \u0111\u1ed9 n\u0103ng l\u01b0\u1ee3ng c\u1ee7a pin, cho ph\u00e9p \u0111\u1ea1t \u0111\u01b0\u1ee3c dung l\u01b0\u1ee3ng cao h\u01a1n trong m\u1ed9t di\u1ec7n t\u00edch v\u1eadt l\u00fd nh\u1ecf h\u01a1n.<\/li>\n<li><strong>S\u1ea1c nhanh<\/strong>: C\u00e1c nh\u00e0 ph\u00e1t tri\u1ec3n \u0111ang t\u00ecm c\u00e1ch gi\u1ea3m \u0111\u00e1ng k\u1ec3 th\u1eddi gian s\u1ea1c, cho ph\u00e9p b\u1ed5 sung nhanh ch\u00f3ng n\u0103ng l\u01b0\u1ee3ng cho pin 100 KWH.<\/li>\n<li><strong>C\u1ea3i thi\u1ec7n tu\u1ed5i th\u1ecd<\/strong>: K\u00e9o d\u00e0i tu\u1ed5i th\u1ecd c\u1ee7a pin 100 KWH th\u00f4ng qua nh\u1eefng ti\u1ebfn b\u1ed9 v\u1ec1 v\u1eadt li\u1ec7u v\u00e0 quy tr\u00ecnh s\u1ea3n xu\u1ea5t l\u00e0 l\u0129nh v\u1ef1c tr\u1ecdng t\u00e2m c\u1ee7a c\u00e1c nh\u00e0 nghi\u00ean c\u1ee9u. \u0110i\u1ec1u n\u00e0y s\u1ebd l\u00e0m gi\u1ea3m t\u1ea7n su\u1ea5t thay th\u1ebf v\u00e0 chi ph\u00ed t\u1ed5ng th\u1ec3.<\/li>\n<li><strong>An to\u00e0n n\u00e2ng cao<\/strong>: An to\u00e0n pin l\u00e0 m\u1ed1i quan t\u00e2m h\u00e0ng \u0111\u1ea7u. Nh\u1eefng ph\u00e1t tri\u1ec3n trong t\u01b0\u01a1ng lai s\u1ebd t\u1eadp trung v\u00e0o vi\u1ec7c t\u0103ng c\u01b0\u1eddng c\u00e1c t\u00ednh n\u0103ng an to\u00e0n c\u1ee7a pin 100 KWH, gi\u1ea3m thi\u1ec3u r\u1ee7i ro nh\u01b0 tho\u00e1t nhi\u1ec7t v\u00e0 c\u1ea3i thi\u1ec7n \u0111\u1ed9 tin c\u1eady t\u1ed5ng th\u1ec3.<\/li>\n<\/ol>\n<h2 id=\"conclusion\">Ph\u1ea7n k\u1ebft lu\u1eadn<\/h2>\n<p>S\u1ef1 xu\u1ea5t hi\u1ec7n c\u1ee7a pin 100 KWH th\u1ec3 hi\u1ec7n b\u01b0\u1edbc nh\u1ea3y v\u1ecdt \u0111\u00e1ng k\u1ec3 trong vi\u1ec7c l\u01b0u tr\u1eef v\u00e0 ph\u00e2n ph\u1ed1i n\u0103ng l\u01b0\u1ee3ng. Nh\u1eefng lo\u1ea1i pin dung l\u01b0\u1ee3ng cao n\u00e0y mang l\u1ea1i nhi\u1ec1u l\u1ee3i \u00edch, bao g\u1ed3m t\u0103ng kh\u1ea3 n\u0103ng \u0111\u1ed9c l\u1eadp v\u1ec1 n\u0103ng l\u01b0\u1ee3ng, b\u1ec1n v\u1eefng v\u1edbi m\u00f4i tr\u01b0\u1eddng, ti\u1ebft ki\u1ec7m chi ph\u00ed v\u00e0 t\u00ednh linh ho\u1ea1t trong nhi\u1ec1u \u1ee9ng d\u1ee5ng kh\u00e1c nhau. B\u1ea5t ch\u1ea5p nh\u1eefng th\u00e1ch th\u1ee9c v\u00e0 h\u1ea1n ch\u1ebf, vi\u1ec7c nghi\u00ean c\u1ee9u v\u00e0 ph\u00e1t tri\u1ec3n li\u00ean t\u1ee5c v\u1ec1 c\u00f4ng ngh\u1ec7 pin h\u1ee9a h\u1eb9n s\u1ebd gi\u1ea3i quy\u1ebft \u0111\u01b0\u1ee3c nh\u1eefng lo ng\u1ea1i n\u00e0y v\u00e0 n\u00e2ng cao kh\u1ea3 n\u0103ng c\u1ee7a pin 100 KWH. Khi th\u1ebf gi\u1edbi ti\u1ebfp t\u1ee5c \u0111\u00f3n nh\u1eadn n\u0103ng l\u01b0\u1ee3ng t\u00e1i t\u1ea1o v\u00e0 n\u1ed7 l\u1ef1c h\u01b0\u1edbng t\u1edbi m\u1ed9t t\u01b0\u01a1ng lai b\u1ec1n v\u1eefng h\u01a1n, s\u1ee9c m\u1ea1nh v\u00e0 ti\u1ec1m n\u0103ng c\u1ee7a pin 100 KWH ch\u1eafc ch\u1eafn s\u1ebd \u0111\u00f3ng vai tr\u00f2 then ch\u1ed1t trong vi\u1ec7c \u0111\u1ecbnh h\u00ecnh b\u1ed1i c\u1ea3nh n\u0103ng l\u01b0\u1ee3ng c\u1ee7a ch\u00fang ta.<\/p>","protected":false},"excerpt":{"rendered":"<ul>\n<li><strong>V\u00f2ng \u0111\u1eddi d\u00e0i h\u01a1n:\u00a0<\/strong>Cung c\u1ea5p t\u1edbi 6000 chu k\u1ef3.<\/li>\n<li><strong>Tr\u1ecdng l\u01b0\u1ee3ng nh\u1eb9 h\u01a1n:\u00a0<\/strong>Tr\u1ecdng l\u01b0\u1ee3ng kho\u1ea3ng 40% c\u1ee7a pin axit ch\u00ec t\u01b0\u01a1ng \u0111\u01b0\u01a1ng, ti\u1ebft ki\u1ec7m tr\u1ecdng l\u01b0\u1ee3ng l\u00ean t\u1edbi 60%.<\/li>\n<li><strong>S\u1ea1c nhanh:\u00a0<\/strong>Th\u1eddi gian s\u1ea1c ng\u1eafn so v\u1edbi pin axit ch\u00ec.<\/li>\n<li><strong>T\u1ef1 x\u1ea3 th\u1ea5p:\u00a0<\/strong>Kh\u1ea3 n\u0103ng t\u1ef1 x\u1ea3 th\u1ea5p (2%\/th\u00e1ng) so v\u1edbi \u1eafc quy axit ch\u00ec, th\u1eddi gian l\u01b0u tr\u1eef l\u00e2u h\u01a1n m\u00e0 kh\u00f4ng c\u1ea7n s\u1ea1c l\u1ea1i.<\/li>\n<li><strong>An to\u00e0n v\u01b0\u1ee3t tr\u1ed9i:\u00a0<\/strong>C\u00e1c ph\u01b0\u01a1ng ph\u00e1p \u0111a b\u1ea3o v\u1ec7 \u0111\u01b0\u1ee3c t\u00edch h\u1ee3p b\u00ean trong \u0111\u1ec3 b\u1ea3o v\u1ec7 pin kh\u1ecfi c\u00e1c t\u00ecnh hu\u1ed1ng s\u1ea1c qu\u00e1 m\u1ee9c, x\u1ea3 qu\u00e1 m\u1ee9c v\u00e0 \u0111o\u1ea3n m\u1ea1ch.<\/li>\n<li><strong>Hi\u1ec7u qu\u1ea3 cao: <\/strong>Hi\u1ec7u su\u1ea5t s\u1eed d\u1ee5ng n\u0103ng l\u01b0\u1ee3ng kh\u1ee9 h\u1ed3i trung b\u00ecnh (92%) cao h\u01a1n so v\u1edbi pin axit ch\u00ec 80% (ph\u00f3ng \u0111i\u1ec7n t\u1eeb 100% xu\u1ed1ng 0% v\u00e0 s\u1ea1c ng\u01b0\u1ee3c l\u1ea1i 100%).<\/li>\n<li><strong>Ch\u1ee9ng ch\u1ec9: UM38.3, MSDS, CE<\/strong><\/li>\n<\/ul>","protected":false},"featured_media":4919,"comment_status":"open","ping_status":"closed","template":"","meta":[],"product_cat":[74],"product_tag":[],"class_list":["post-4207","product","type-product","status-publish","has-post-thumbnail","hentry","product_cat-commercial-and-industrial-ci-storage-systems"],"acf":[],"_links":{"self":[{"href":"https:\/\/solarbatterymanufacturer.com\/vi\/wp-json\/wp\/v2\/product\/4207","targetHints":{"allow":["GET"]}}],"collection":[{"href":"https:\/\/solarbatterymanufacturer.com\/vi\/wp-json\/wp\/v2\/product"}],"about":[{"href":"https:\/\/solarbatterymanufacturer.com\/vi\/wp-json\/wp\/v2\/types\/product"}],"replies":[{"embeddable":true,"href":"https:\/\/solarbatterymanufacturer.com\/vi\/wp-json\/wp\/v2\/comments?post=4207"}],"version-history":[{"count":1,"href":"https:\/\/solarbatterymanufacturer.com\/vi\/wp-json\/wp\/v2\/product\/4207\/revisions"}],"predecessor-version":[{"id":4210,"href":"https:\/\/solarbatterymanufacturer.com\/vi\/wp-json\/wp\/v2\/product\/4207\/revisions\/4210"}],"wp:featuredmedia":[{"embeddable":true,"href":"https:\/\/solarbatterymanufacturer.com\/vi\/wp-json\/wp\/v2\/media\/4919"}],"wp:attachment":[{"href":"https:\/\/solarbatterymanufacturer.com\/vi\/wp-json\/wp\/v2\/media?parent=4207"}],"wp:term":[{"taxonomy":"product_cat","embeddable":true,"href":"https:\/\/solarbatterymanufacturer.com\/vi\/wp-json\/wp\/v2\/product_cat?post=4207"},{"taxonomy":"product_tag","embeddable":true,"href":"https:\/\/solarbatterymanufacturer.com\/vi\/wp-json\/wp\/v2\/product_tag?post=4207"}],"curies":[{"name":"wp","href":"https:\/\/api.w.org\/{rel}","templated":true}]}}